{"id":2639,"date":"2022-04-07T04:17:09","date_gmt":"2022-04-07T04:17:09","guid":{"rendered":"https:\/\/chongsetbacgiang.com\/?post_type=product&#038;p=2639"},"modified":"2023-04-28T02:22:28","modified_gmt":"2023-04-28T02:22:28","slug":"kep-dong-tiep-dia-kep-qua-tram","status":"publish","type":"product","link":"https:\/\/chongsetbacgiang.com\/?product=kep-dong-tiep-dia-kep-qua-tram","title":{"rendered":"k\u1eb9p \u0111\u1ed3ng ti\u1ebfp \u0111\u1ecba( k\u1eb9p qu\u1ea3 tr\u00e1m)"},"content":{"rendered":"<p>Th\u00f4ng S\u1ed1 K\u1ef9 Thu\u1eadt:<br \/>\n\u2013 M\u00e3 H\u00e0ng: D70<br \/>\n\u2013 K\u1eb9p si\u1ebft c\u00e1p \u0111\u1ed3ng thau (c\u00e0 na \u0111\u1ed3ng).<br \/>\n\u2013 V\u1eadt li\u1ec7u: Ch\u1ebf t\u1ea1o t\u1eeb \u0111\u1ed3ng thau.<br \/>\n\u2013 K\u1eb9p c\u1ecdc ti\u1ebfp \u0111\u1ecba phi \u00d816 v\u1edbi c\u00e1p C-50 mm2 ho\u1eb7c C-70 mm2.<br \/>\n\u2013 Bulong : M12<br \/>\nCh\u1ee9c N\u0103ng S\u1eed D\u1ee5ng:<br \/>\n\u2013 Si\u1ebft n\u1ed1i d\u00e2y c\u00e1p \u0111\u1ed3ng tr\u1ea7n v\u1edbi c\u1ecdc ti\u1ebfp \u0111\u1ecba.<br \/>\n\u2013 S\u1eed d\u1ee5ng cho h\u1ec7 th\u1ed1ng n\u1ed1i \u0111\u1ea5t ti\u1ebfp \u0111\u1ecba, h\u1ec7 th\u1ed1ng ch\u1ed1ng s\u00e9t.<br \/>\nXu\u1ea5t x\u1ee9:<br \/>\n\u2013 S\u1ea3n xu\u1ea5t t\u1ea1i Vi\u1ec7t Nam.<\/p>\n<p>H\u00ecnh \u1ea2nh S\u1ea3n Ph\u1ea9m:<\/p>\n","protected":false},"excerpt":{"rendered":"<p>K\u1eb8P \u0110\u1ed2NG CHUY\u00caN D\u1ee4NG CH\u1ed0NG S\u00c9T<\/p>\n<p>xu\u1ea5t s\u1ee9: Vi\u00eat Nam<\/p>\n<p><strong>Hotline:\u00a0<\/strong>0353.577.766<br \/>\n<strong>Email:<\/strong>\u00a0vnmax2@gmail.com<br \/>\n<strong>Website:<\/strong>\u00a0thicongchongset.com.vn<\/p>\n","protected":false},"featured_media":2640,"comment_status":"open","ping_status":"closed","template":"","meta":{"om_disable_all_campaigns":false,"_mi_skip_tracking":false},"aioseo_notices":[],"_links":{"self":[{"href":"https:\/\/chongsetbacgiang.com\/index.php?rest_route=\/wp\/v2\/product\/2639"}],"collection":[{"href":"https:\/\/chongsetbacgiang.com\/index.php?rest_route=\/wp\/v2\/product"}],"about":[{"href":"https:\/\/chongsetbacgiang.com\/index.php?rest_route=\/wp\/v2\/types\/product"}],"replies":[{"embeddable":true,"href":"https:\/\/chongsetbacgiang.com\/index.php?rest_route=%2Fwp%2Fv2%2Fcomments&post=2639"}],"wp:featuredmedia":[{"embeddable":true,"href":"https:\/\/chongsetbacgiang.com\/index.php?rest_route=\/wp\/v2\/media\/2640"}],"wp:attachment":[{"href":"https:\/\/chongsetbacgiang.com\/index.php?rest_route=%2Fwp%2Fv2%2Fmedia&parent=2639"}],"curies":[{"name":"wp","href":"https:\/\/api.w.org\/{rel}","templated":true}]}}