{"id":2637,"date":"2022-04-07T04:11:35","date_gmt":"2022-04-07T04:11:35","guid":{"rendered":"https:\/\/chongsetbacgiang.com\/?post_type=product&#038;p=2637"},"modified":"2023-06-24T13:15:07","modified_gmt":"2023-06-24T13:15:07","slug":"den-bao-khong-nang-luong-mat-troi-qlight","status":"publish","type":"product","link":"https:\/\/chongsetbacgiang.com\/?product=den-bao-khong-nang-luong-mat-troi-qlight","title":{"rendered":"\u0110\u00e8n B\u00e1o Kh\u00f4ng n\u0103ng l\u01b0\u1ee3ng m\u1eb7t tr\u1eddi Qlight"},"content":{"rendered":"<div class=\"kk-star-ratings kksr-valign-top kksr-align-left kksr-disabled\" data-id=\"1653\" data-slug=\"\">\n<div class=\"kksr-stars\">\n<div class=\"kksr-stars-inactive\">\n<div class=\"kksr-star\" data-star=\"5\">\n<div class=\"kksr-icon\">\u0110\u00e8n b\u00e1o kh\u00f4ng l\u00e0 thi\u1ebft b\u1ecb chuy\u00ean d\u1ee5ng \u0111\u01b0\u1ee3c d\u00f9ng \u0111\u1ec3 c\u1ea3nh b\u00e1o, \u0111\u00e1nh d\u1ea5u s\u1ef1 hi\u1ec7n di\u1ec7n c\u1ee7a c\u00e1c c\u00f4ng tr\u00ecnh cao t\u1ea7ng v\u00e0 c\u00e1c ki\u1ebfn tr\u00fac tr\u00ean cao.<\/div>\n<\/div>\n<\/div>\n<\/div>\n<\/div>\n<p><b><i>T\u00ecm hi\u1ec3u th\u00eam<\/i><\/b>:\u00a0Thi\u1ebft b\u1ecb ch\u1ed1ng s\u00e9t<\/p>\n<h2><b>Ph\u00e2n Lo\u1ea1i \u0110\u00e8n B\u00e1o Kh\u00f4ng<\/b><\/h2>\n<p>T\u00f9y theo ngu\u1ed3n n\u0103ng l\u01b0\u1ee3ng \u0111\u01b0\u1ee3c s\u1eed d\u1ee5ng m\u00e0 \u0111\u00e8n b\u00e1o kh\u00f4ng c\u00f3 th\u1ec3 \u0111\u01b0\u1ee3c chia th\u00e0nh c\u00e1c lo\u1ea1i sau, bao g\u1ed3m:<\/p>\n<ul>\n<li>\u0110\u00e8n b\u00e1o kh\u00f4ng s\u1eed d\u1ee5ng \u0111i\u1ec7n m\u1ed9t chi\u1ec1u.<\/li>\n<li>\u0110\u00e8n b\u00e1o kh\u00f4ng s\u1eed d\u1ee5ng \u0111i\u1ec7n xoay chi\u1ec1u.<\/li>\n<li>\u0110\u00e8n b\u00e1o kh\u00f4ng s\u1eed d\u1ee5ng n\u0103ng l\u01b0\u1ee3ng m\u1eb7t tr\u1eddi.<\/li>\n<\/ul>\n<p>M\u1ed7i lo\u1ea1i \u0111\u1ec1u c\u00f3 nh\u1eefng \u0111i\u1ec3m m\u1ea1nh v\u00e0 \u0111i\u1ec3m y\u1ebfu ri\u00eang. Ch\u1eb3ng h\u1ea1n nh\u01b0 \u0111\u00e8n s\u1eed d\u1ee5ng ngu\u1ed3n nu\u00f4i l\u1eafp \u0111\u1eb7t ph\u1ee9c t\u1ea1p h\u01a1n so v\u1edbi lo\u1ea1i\u00a0\u0111\u00e8n b\u00e1o kh\u00f4ng s\u1eed d\u1ee5ng n\u0103ng l\u01b0\u1ee3ng m\u1eb7t tr\u1eddi nh\u01b0ng \u0111\u1ed9 b\u1ec1n t\u1ed1t h\u01a1n, \u00edt ph\u1ea3i b\u1ea3o tr\u00ec h\u01a1n.<\/p>\n<h2><b>\u0110\u00e8n B\u00e1o Kh\u00f4ng Qlight<\/b><\/h2>\n<p>C\u00e1c\u00a0\u0111\u00e8n b\u00e1o kh\u00f4ng\u00a0hi\u1ec7n nay \u0111\u1ec1u s\u1eed d\u1ee5ng c\u00f4ng ngh\u1ec7 LED ti\u1ebft ki\u1ec7m \u0111i\u1ec7n n\u0103ng ti\u00eau th\u1ee5, \u0111\u1ed9 b\u1ec1n cao d\u1ec5 d\u00e0ng l\u1eafp \u0111\u1eb7t v\u00e0 g\u1ea7n nh\u01b0 \u0111\u00e3 t\u00edch h\u1ee3p s\u1eb5n t\u1ebf b\u00e0o quang \u0111i\u1ec7n s\u1ebd t\u1ef1 \u0111\u1ed9ng b\u1eadt m\u1edf. Tuy nhi\u00ean, Ph\u00f2ng ch\u00e1y Ph\u00fac Th\u00e0nh khuy\u00ean b\u1ea1n n\u00ean t\u00ecm hi\u1ec3u, l\u1ef1a ch\u1ecdn v\u00e0 s\u1eed d\u1ee5ng \u0111\u00e8n b\u00e1o kh\u00f4ng Qlight v\u1edbi ch\u1ea5t l\u01b0\u1ee3ng cao, m\u1eabu m\u00e3 \u0111\u1eb9p v\u1edbi gi\u00e1 th\u00e0nh c\u1ea1nh tranh nh\u1ea5t.<\/p>\n<h3>Xu\u1ea5t X\u1ee9 \u0110\u00e8n B\u00e1o Kh\u00f4ng Qlight<\/h3>\n<p>\u0110\u00e8n b\u00e1o kh\u00f4ng Qlight l\u00e0 s\u1ea3n ph\u1ea9m \u0111\u1ebfn t\u1eeb C\u00f4ng ty\u00a0<a href=\"https:\/\/www.qlight.com\/en\/\" target=\"_blank\" rel=\"nofollow noopener\">Qlight<\/a>\u00a0(M\u1ef9) m\u1ed9t trong nh\u1eefng \u0111\u01a1n v\u1ecb h\u00e0ng \u0111\u1ea7u trong l\u0129nh v\u1ef1c thi\u1ebft b\u1ecb t\u00edn hi\u1ec7u \u0111i\u1ec7n \u0111\u01b0\u1ee3c th\u00e0nh l\u1eadp t\u1eeb n\u0103m 1986. Hi\u1ec7n nay, Qlight \u0111\u00e3 c\u00f3 nh\u00e0 m\u00e1y s\u1ea3n xu\u1ea5t t\u1ea1i H\u00e0n Qu\u1ed1c, Trung Qu\u1ed1c v\u00e0 nhi\u1ec1u n\u01a1i kh\u00e1c tr\u00ean th\u1ebf gi\u1edbi. Tuy nhi\u00ean, s\u1ea3n ph\u1ea9m \u0111\u00e8n b\u00e1o kh\u00f4ng Qlight \u0111\u01b0\u1ee3c b\u00e1n tr\u00ean tr\u1ecb tr\u01b0\u1eddng Vi\u1ec7t Nam ch\u1ee7 y\u1ebfu c\u00f3 ngu\u1ed3n g\u1ed1c t\u1eeb H\u00e0n v\u00e0 Trung.<\/p>\n<p>Qlight \u0111\u00e3 cung c\u1ea5p ra th\u1ecb tr\u01b0\u1eddng r\u1ea5t nhi\u1ec1u s\u1ea3n ph\u1ea9m v\u1edbi c\u00f4ng ngh\u1ec7 v\u00e0 ch\u1ea5t l\u01b0\u1ee3ng v\u01b0\u1ee3t tr\u1ed9i. C\u00e1c s\u1ea3n ph\u1ea9m mang th\u01b0\u01a1ng hi\u1ec7u Qlight \u0111\u00e3 \u0111\u01b0\u1ee3c ch\u1ee9ng nh\u1eadn b\u1edfi nhi\u1ec1u t\u1ed5 ch\u1ee9c l\u1edbn tr\u00ean th\u1ebf gi\u1edbi nh\u01b0\u00a0<a href=\"https:\/\/www.iecex.com\/\" target=\"_blank\" rel=\"nofollow noopener\">IECEx<\/a>,\u00a0<a href=\"http:\/\/www.hse.gov.uk\/fireandexplosion\/atex.htm\" target=\"_blank\" rel=\"nofollow noopener\">ATEX<\/a>,\u00a0<a href=\"http:\/\/nepsi.com\/about\/certifications\/\" target=\"_blank\" rel=\"nofollow noopener\">NEPSI<\/a>, CCS,\u00a0<a href=\"http:\/\/www.ce-marking.org\/what-is-ce-marking.html\" target=\"_blank\" rel=\"nofollow noopener\">CE<\/a>\u00a0v\u00e0\u00a0<a href=\"https:\/\/ulstandards.ul.com\/\" target=\"_blank\" rel=\"nofollow noopener\">UL<\/a>,\u2026<\/p>\n<p>Nh\u1edd c\u00f4ng ngh\u1ec7 n\u1ed5i b\u1eadt v\u00e0 d\u1ecbch v\u1ee5 kh\u00e1ch h\u00e0ng tuy\u1ec7t v\u1eddi, c\u00e1c s\u1ea3n ph\u1ea9m \u0111\u00e8n b\u00e1o kh\u00f4ng Qlight \u0111\u00e3 \u0111\u01b0\u1ee3c b\u00e0y b\u00e1n t\u1ea1i h\u01a1n 40 qu\u1ed1c gia tr\u00ean th\u1ebf gi\u1edbi trong \u0111\u00f3 bao g\u1ed3m c\u1ea3 Vi\u1ec7t Nam.<\/p>\n<h3>C\u00e1c Model \u0110\u00e8n B\u00e1o Kh\u00f4ng Qlight Ph\u1ed5 Bi\u1ebfn<\/h3>\n<p><img loading=\"lazy\" class=\"alignnone size-full wp-image-2627\" src=\"https:\/\/thicongchongset.com.vn\/wp-content\/uploads\/2022\/04\/Den-bao-khong-Qlight-S100SOL.jpg\" sizes=\"(max-width: 355px) 100vw, 355px\" srcset=\"https:\/\/thicongchongset.com.vn\/wp-content\/uploads\/2022\/04\/Den-bao-khong-Qlight-S100SOL.jpg 355w, https:\/\/thicongchongset.com.vn\/wp-content\/uploads\/2022\/04\/Den-bao-khong-Qlight-S100SOL-100x100.jpg 100w\" alt=\"\" width=\"355\" height=\"360\" \/><\/p>\n<p><b><i>\u0110\u00e8n b\u00e1o kh\u00f4ng Qlight S100SOL<\/i><\/b><\/p>\n<p>\u0110\u00e8n b\u00e1o kh\u00f4ng Qlight c\u00f3 r\u1ea5t nhi\u1ec1u model kh\u00e1c nhau, ph\u1ed5 bi\u1ebfn nh\u1ea5t l\u00e0 c\u00e1c d\u00f2ng s\u1ea3n ph\u1ea9m nh\u01b0:<\/p>\n<h4><b>\u0110\u00e8n B\u00e1o Kh\u00f4ng Qlight D\u00f2ng Q<\/b><\/h4>\n<ul>\n<li>\u0110\u00e8n led t\u0129nh\/ lo\u1ea1i nh\u1ea5p nh\u00e1y<\/li>\n<li>DC: 12V \u0111\u1ebfn 24V<\/li>\n<li>AC: 110V \u0111\u1ebfn 220V<\/li>\n<li>\u0110\u01b0\u1eddng k\u00ednh: ~ \u00d860mm<\/li>\n<li>Chi\u1ec1u cao: 100mm<\/li>\n<li>\u0110\u1ea1t ti\u00eau chu\u1ea9n: CE, UL<\/li>\n<li>M\u00e0u s\u1eafc: M\u00e0u \u0111\u01a1n (nhi\u1ec1u m\u00e0u s\u1eafc)<\/li>\n<\/ul>\n<h4><b>\u0110\u00e8n B\u00e1o Kh\u00f4ng Qlight D\u00f2ng S (\u00d850-80)<\/b><\/h4>\n<ul>\n<li>\u0110\u00e8n led t\u0129nh\/ lo\u1ea1i nh\u1ea5p nh\u00e1y<\/li>\n<li>DC: 12V \u0111\u1ebfn 24V<\/li>\n<li>AC: 110V \u0111\u1ebfn 220V<\/li>\n<li>\u0110\u01b0\u1eddng k\u00ednh: ~ \u00d850mm<\/li>\n<li>Chi\u1ec1u cao: 60mm \u0111\u1ebfn 155mm t\u00f9y t\u1eebng model<\/li>\n<li>M\u00e0u s\u1eafc: M\u00e0u \u0111\u01a1n (nhi\u1ec1u m\u00e0u s\u1eafc)<\/li>\n<\/ul>\n<h4><b>\u0110\u00e8n B\u00e1o Kh\u00f4ng Qlight D\u00f2ng S (\u00d8100-125)<\/b><\/h4>\n<ul>\n<li>\u0110\u00e8n led lo\u1ea1i quay tr\u00f2n\/ t\u0129nh\/ nh\u1ea5p nh\u00e1y<\/li>\n<li>DC: 12V \u0111\u1ebfn 24V<\/li>\n<li>AC: 110V \u0111\u1ebfn 220V<\/li>\n<li>\u0110\u01b0\u1eddng k\u00ednh: ~ \u00d8100mm- 125mm<\/li>\n<li>Chi\u1ec1u cao: 98mm- 135mm (t\u00f9y t\u1eebng model)<\/li>\n<li>M\u00e0u s\u1eafc: M\u00e0u \u0111\u01a1n (cam\/ v\u00e0ng\/ xanh l\u00e1)<\/li>\n<\/ul>\n<h4><b>\u0110\u00e8n B\u00e1o Kh\u00f4ng Qlight D\u00f2ng S (\u00d8150-180)<\/b><\/h4>\n<ul>\n<li>\u0110\u00e8n quay trong\/ \u1ed5n \u0111\u1ecbnh\/ nh\u1ea5p nh\u00e1y\/ \u0111\u00e8n Xenon<\/li>\n<li>DC: 12V \u0111\u1ebfn 24V<\/li>\n<li>AC: 110V \u0111\u1ebfn 220V<\/li>\n<li>\u0110\u01b0\u1eddng k\u00ednh: ~ \u00d8150mm- 180mm<\/li>\n<li>Chi\u1ec1u cao: 189- 216mm (t\u00f9y t\u1eebng model)<\/li>\n<li>M\u00e0u s\u1eafc: M\u00e0u \u0111\u01a1n (\u0111\u1ecf\/ cam\/ xanh bi\u1ec3n\/ xanh l\u00e1)<\/li>\n<\/ul>\n<h4><b>\u0110\u00e8n B\u00e1o Kh\u00f4ng Qlight D\u00f2ng SOL<\/b><\/h4>\n<ul>\n<li>\u0110\u00e8n led nh\u1ea5p nh\u00e1y<\/li>\n<li>DC: 2.4V<\/li>\n<li>\u0110\u01b0\u1eddng k\u00ednh: ~ \u00d880mm- 125mm<\/li>\n<li>Chi\u1ec1u cao: 133\/ 152\/ 158mm<\/li>\n<li>M\u00e0u s\u1eafc: \u0110\u1ecf<\/li>\n<li>\u0110\u1ea1t ti\u00eau chu\u1ea9n: CE<\/li>\n<\/ul>\n","protected":false},"excerpt":{"rendered":"<table>\n<tbody>\n<tr>\n<td class=\"product-label\">Th\u01b0\u01a1ng hi\u1ec7u:<\/td>\n<td>Qlight<\/td>\n<\/tr>\n<tr>\n<td class=\"product-label\">Xu\u1ea5t x\u1ee9:<\/td>\n<td>Trung Qu\u1ed1c\/H\u00e0n Qu\u1ed1c<\/td>\n<\/tr>\n<tr>\n<td class=\"product-label\">B\u1ea3o h\u00e0nh:<\/td>\n<td>12 th\u00e1ng<\/td>\n<\/tr>\n<tr>\n<td class=\"product-label\">Tr\u1ea1ng th\u00e1i:<\/td>\n<td>C\u00f2n h\u00e0ng; M\u1edbi 100%<\/td>\n<\/tr>\n<tr>\n<td class=\"product-label\">V\u1eadn chuy\u1ec3n:<\/td>\n<td>V\u1eadn chuy\u1ec3n v\u00e0 g\u1eedi h\u00e0ng to\u00e0n qu\u1ed1c<\/td>\n<\/tr>\n<tr>\n<td class=\"product-label\" colspan=\"2\">Download catalogue:<\/td>\n<\/tr>\n<tr>\n<td class=\"download\" colspan=\"2\"><a href=\"https:\/\/phongchayphucthanh.com\/den-bao-khong\/#\" target=\"_blank\" rel=\"noopener\">File Catalogue \u0110\u00e8n B\u00e1o Kh\u00f4ng Qlight<\/a><\/td>\n<\/tr>\n<\/tbody>\n<\/table>\n","protected":false},"featured_media":2638,"comment_status":"open","ping_status":"closed","template":"","meta":{"om_disable_all_campaigns":false,"_mi_skip_tracking":false},"aioseo_notices":[],"_links":{"self":[{"href":"https:\/\/chongsetbacgiang.com\/index.php?rest_route=\/wp\/v2\/product\/2637"}],"collection":[{"href":"https:\/\/chongsetbacgiang.com\/index.php?rest_route=\/wp\/v2\/product"}],"about":[{"href":"https:\/\/chongsetbacgiang.com\/index.php?rest_route=\/wp\/v2\/types\/product"}],"replies":[{"embeddable":true,"href":"https:\/\/chongsetbacgiang.com\/index.php?rest_route=%2Fwp%2Fv2%2Fcomments&post=2637"}],"wp:featuredmedia":[{"embeddable":true,"href":"https:\/\/chongsetbacgiang.com\/index.php?rest_route=\/wp\/v2\/media\/2638"}],"wp:attachment":[{"href":"https:\/\/chongsetbacgiang.com\/index.php?rest_route=%2Fwp%2Fv2%2Fmedia&parent=2637"}],"curies":[{"name":"wp","href":"https:\/\/api.w.org\/{rel}","templated":true}]}}