{"id":2492,"date":"2021-08-31T10:58:15","date_gmt":"2021-08-31T10:58:15","guid":{"rendered":"https:\/\/thicongchongset.com.vn\/?post_type=product&#038;p=2492"},"modified":"2023-12-06T12:08:53","modified_gmt":"2023-12-06T12:08:53","slug":"kim-thu-set-star","status":"publish","type":"product","link":"https:\/\/chongsetbacgiang.com\/?product=kim-thu-set-star","title":{"rendered":"Kim thu s\u00e9t STAR"},"content":{"rendered":"<p><img loading=\"lazy\" class=\"alignnone size-full wp-image-2494\" src=\"https:\/\/thicongchongset.com.vn\/wp-content\/uploads\/2021\/08\/tai-xuong.jpg\" alt=\"\" width=\"194\" height=\"187\" \/><\/p>\n<p>Kim thu s\u00e9t\u00a0Star l\u00e0 d\u00f2ng kim thu s\u00e9t, thi\u1ebft b\u1ecb ch\u1ed1ng s\u00e9t \u00a0hi\u1ec7n \u0111\u1ea1i th\u1ebf h\u1ec7 m\u1edbi, ch\u1ee7 \u0111\u1ed9ng ph\u00e1t tia ti\u00ean \u0111\u1ea1o s\u1edbm.<br \/>\nThi\u1ebft k\u1ebf theo ti\u1ec7u chu\u1ea9n NFC 102 c\u1ee7a Ph\u00e1p<br \/>\nC\u00e1c Model \u0111ang b\u00e1n:<br \/>\nS.T.A.R 2.10 : b\u00e1n k\u00ednh b\u1ea3o v\u1ec7 43 m\u00e9t v\u1edbi h=5 m\u00e9t ( chi\u1ec1u cao c\u1ed9t \u0111\u1ee1)<br \/>\nS.T.A.R 3.25 : b\u00e1n k\u00ednh b\u1ea3o v\u1ec7 65 m\u00e9t v\u1edbi h=5 m\u00e9t ( chi\u1ec1u cao c\u1ed9t \u0111\u1ee1)<br \/>\nS.T.A.R 6.45 : b\u00e1n k\u00ednh b\u1ea3o v\u1ec7 90 m\u00e9t v\u1edbi h=5 m\u00e9t ( chi\u1ec1u cao c\u1ed9t \u0111\u1ee1)<br \/>\nS.T.A.R 6.60 : b\u00e1n k\u00ednh b\u1ea3o v\u1ec7 107 m\u00e9t v\u1edbi h=5 m\u00e9t ( chi\u1ec1u cao c\u1ed9t \u0111\u1ee1)<\/p>\n<p><img loading=\"lazy\" class=\"alignnone size-medium wp-image-2501\" src=\"https:\/\/thicongchongset.com.vn\/wp-content\/uploads\/2021\/08\/i13dwF9-746x400.jpg\" alt=\"\" width=\"746\" height=\"400\" srcset=\"https:\/\/chongsetbacgiang.com\/wp-content\/uploads\/2021\/08\/i13dwF9-746x400.jpg 746w, https:\/\/chongsetbacgiang.com\/wp-content\/uploads\/2021\/08\/i13dwF9.jpg 761w\" sizes=\"(max-width: 746px) 100vw, 746px\" \/><\/p>\n<p><img loading=\"lazy\" class=\"alignnone size-medium wp-image-2496\" src=\"https:\/\/thicongchongset.com.vn\/wp-content\/uploads\/2021\/08\/z2725069691613_548105db588e1b9e6a7498c2d001e2b5-300x400.jpg\" alt=\"\" width=\"300\" height=\"400\" srcset=\"https:\/\/chongsetbacgiang.com\/wp-content\/uploads\/2021\/08\/z2725069691613_548105db588e1b9e6a7498c2d001e2b5-300x400.jpg 300w, https:\/\/chongsetbacgiang.com\/wp-content\/uploads\/2021\/08\/z2725069691613_548105db588e1b9e6a7498c2d001e2b5-600x800.jpg 600w, https:\/\/chongsetbacgiang.com\/wp-content\/uploads\/2021\/08\/z2725069691613_548105db588e1b9e6a7498c2d001e2b5-768x1024.jpg 768w, https:\/\/chongsetbacgiang.com\/wp-content\/uploads\/2021\/08\/z2725069691613_548105db588e1b9e6a7498c2d001e2b5-800x1067.jpg 800w, https:\/\/chongsetbacgiang.com\/wp-content\/uploads\/2021\/08\/z2725069691613_548105db588e1b9e6a7498c2d001e2b5.jpg 960w\" sizes=\"(max-width: 300px) 100vw, 300px\" \/> <img loading=\"lazy\" class=\"alignnone size-medium wp-image-2497\" src=\"https:\/\/thicongchongset.com.vn\/wp-content\/uploads\/2021\/08\/z2725070086137_bb5c6b5891bb30b16ce1a9a0271ddfca-300x400.jpg\" alt=\"\" width=\"300\" height=\"400\" srcset=\"https:\/\/chongsetbacgiang.com\/wp-content\/uploads\/2021\/08\/z2725070086137_bb5c6b5891bb30b16ce1a9a0271ddfca-300x400.jpg 300w, https:\/\/chongsetbacgiang.com\/wp-content\/uploads\/2021\/08\/z2725070086137_bb5c6b5891bb30b16ce1a9a0271ddfca-600x800.jpg 600w, https:\/\/chongsetbacgiang.com\/wp-content\/uploads\/2021\/08\/z2725070086137_bb5c6b5891bb30b16ce1a9a0271ddfca-768x1024.jpg 768w, https:\/\/chongsetbacgiang.com\/wp-content\/uploads\/2021\/08\/z2725070086137_bb5c6b5891bb30b16ce1a9a0271ddfca-800x1067.jpg 800w, https:\/\/chongsetbacgiang.com\/wp-content\/uploads\/2021\/08\/z2725070086137_bb5c6b5891bb30b16ce1a9a0271ddfca.jpg 960w\" sizes=\"(max-width: 300px) 100vw, 300px\" \/><\/p>\n<p><img loading=\"lazy\" class=\"alignnone wp-image-2495\" src=\"https:\/\/thicongchongset.com.vn\/wp-content\/uploads\/2021\/08\/27db0d9f0becfdb2a4fd-533x400.jpg\" alt=\"\" width=\"381\" height=\"286\" srcset=\"https:\/\/chongsetbacgiang.com\/wp-content\/uploads\/2021\/08\/27db0d9f0becfdb2a4fd-533x400.jpg 533w, https:\/\/chongsetbacgiang.com\/wp-content\/uploads\/2021\/08\/27db0d9f0becfdb2a4fd-1067x800.jpg 1067w, https:\/\/chongsetbacgiang.com\/wp-content\/uploads\/2021\/08\/27db0d9f0becfdb2a4fd-768x576.jpg 768w, https:\/\/chongsetbacgiang.com\/wp-content\/uploads\/2021\/08\/27db0d9f0becfdb2a4fd-800x600.jpg 800w, https:\/\/chongsetbacgiang.com\/wp-content\/uploads\/2021\/08\/27db0d9f0becfdb2a4fd.jpg 1280w\" sizes=\"(max-width: 381px) 100vw, 381px\" \/><img loading=\"lazy\" class=\"alignnone wp-image-2498\" src=\"https:\/\/thicongchongset.com.vn\/wp-content\/uploads\/2021\/08\/b237c826cf55390b6044-300x400.jpg\" alt=\"\" width=\"215\" height=\"287\" srcset=\"https:\/\/chongsetbacgiang.com\/wp-content\/uploads\/2021\/08\/b237c826cf55390b6044-300x400.jpg 300w, https:\/\/chongsetbacgiang.com\/wp-content\/uploads\/2021\/08\/b237c826cf55390b6044-600x800.jpg 600w, https:\/\/chongsetbacgiang.com\/wp-content\/uploads\/2021\/08\/b237c826cf55390b6044-768x1024.jpg 768w, https:\/\/chongsetbacgiang.com\/wp-content\/uploads\/2021\/08\/b237c826cf55390b6044-800x1067.jpg 800w, https:\/\/chongsetbacgiang.com\/wp-content\/uploads\/2021\/08\/b237c826cf55390b6044.jpg 960w\" sizes=\"(max-width: 215px) 100vw, 215px\" \/><\/p>\n<h4><span style=\"color: #ff6600;\">H\u00c3Y G\u1eccI NGAY 03535.777.66 &#8211; (MR TR\u1eccNG) \u0110\u1ec2 \u0110\u01af\u1ee2C T\u01af V\u1ea4N V\u00c0O B\u00c1O GI\u00c1 T\u1ed0T NH\u1ea4T!<\/span><\/h4>\n<p>&nbsp;<\/p>\n<p>&nbsp;<\/p>\n","protected":false},"excerpt":{"rendered":"<p>Kim thu s\u00e9t STAR\u00a0 nh\u1eadp kh\u1ea9u ch\u00ednh h\u00e3ng xu\u1ea5t x\u1ee9 PH\u00c1P. Kim thu s\u00e9t star \u0111\u01b0\u1ee3c s\u1ea3n xu\u1ea5t v\u00e0 \u0111\u00e1p \u1ee9ng nh\u1eefng ti\u00eau chu\u1ea9n kh\u1eaft khe nh\u1ea5t c\u1ee7a Ph\u00e1p v\u00e0 Ch\u00e2u \u00c2u. Kim thu s\u00e9t\u00a0Star l\u00e0 d\u00f2ng kim thu s\u00e9t, thi\u1ebft b\u1ecb ch\u1ed1ng s\u00e9t \u00a0hi\u1ec7n \u0111\u1ea1i th\u1ebf h\u1ec7 m\u1edbi, ch\u1ee7 \u0111\u1ed9ng ph\u00e1t tia ti\u00ean \u0111\u1ea1o s\u1edbm.<br \/>\nThi\u1ebft k\u1ebf theo ti\u1ec7u chu\u1ea9n NFC 102 c\u1ee7a Ph\u00e1p<\/p>\n","protected":false},"featured_media":2499,"comment_status":"open","ping_status":"closed","template":"","meta":{"om_disable_all_campaigns":false,"_mi_skip_tracking":false},"aioseo_notices":[],"_links":{"self":[{"href":"https:\/\/chongsetbacgiang.com\/index.php?rest_route=\/wp\/v2\/product\/2492"}],"collection":[{"href":"https:\/\/chongsetbacgiang.com\/index.php?rest_route=\/wp\/v2\/product"}],"about":[{"href":"https:\/\/chongsetbacgiang.com\/index.php?rest_route=\/wp\/v2\/types\/product"}],"replies":[{"embeddable":true,"href":"https:\/\/chongsetbacgiang.com\/index.php?rest_route=%2Fwp%2Fv2%2Fcomments&post=2492"}],"wp:featuredmedia":[{"embeddable":true,"href":"https:\/\/chongsetbacgiang.com\/index.php?rest_route=\/wp\/v2\/media\/2499"}],"wp:attachment":[{"href":"https:\/\/chongsetbacgiang.com\/index.php?rest_route=%2Fwp%2Fv2%2Fmedia&parent=2492"}],"curies":[{"name":"wp","href":"https:\/\/api.w.org\/{rel}","templated":true}]}}