{"id":2314,"date":"2021-03-10T00:43:31","date_gmt":"2021-03-10T00:43:31","guid":{"rendered":"https:\/\/thicongchongset.com.vn\/?post_type=product&#038;p=2314"},"modified":"2023-04-28T02:17:17","modified_gmt":"2023-04-28T02:17:17","slug":"kim-thu-set-sigma","status":"publish","type":"product","link":"https:\/\/chongsetbacgiang.com\/?product=kim-thu-set-sigma","title":{"rendered":"Kim thu s\u00e9t SIGMA"},"content":{"rendered":"<div><img loading=\"lazy\" class=\"alignnone size-medium wp-image-2316\" src=\"https:\/\/thicongchongset.com.vn\/wp-content\/uploads\/2021\/03\/unnamed-298x400.jpg\" alt=\"\" width=\"298\" height=\"400\" srcset=\"https:\/\/chongsetbacgiang.com\/wp-content\/uploads\/2021\/03\/unnamed-298x400.jpg 298w, https:\/\/chongsetbacgiang.com\/wp-content\/uploads\/2021\/03\/unnamed.jpg 382w\" sizes=\"(max-width: 298px) 100vw, 298px\" \/><\/div>\n<div>Kim thu s\u00e9t ch\u1ee7 \u0111\u1ed9ng ph\u00f3ng tia ti\u00ean \u0111\u1ea1o th\u1ebf h\u1ec7 m\u1edbi SIGMA \u00a0( T\u00c2Y BAN NHA ). H\u00e3ng s\u1ea3n xu\u1ea5t AIDITEC, b\u00e1n k\u00ednh b\u1ea3o v\u1ec7 an to\u00e0n \u00a059 m\u00e9t(t\u1eb7ng k\u00e8m kh\u1edbp n\u1ed1i) .<\/div>\n<div>Model: Sigma S-25P<\/div>\n<div>&#8211; Kim thu s\u00e9t ch\u1ee7 \u0111\u1ed9ng ph\u00f3ng tia ti\u00ean \u0111\u1ea1o th\u1ebf h\u1ec7 m\u1edbi SIGMA \u00a0( T\u00c2Y BAN NHA ). H\u00e3ng s\u1ea3n xu\u1ea5t AIDITEC, b\u00e1n k\u00ednh b\u1ea3o v\u1ec7 an to\u00e0n \u00a084 m\u00e9t(t\u1eb7ng k\u00e8m kh\u1edbp n\u1ed1i) .<\/div>\n<div>Model: Sigma S-25<\/div>\n<div>\n<div>\n<div>&#8211; Kim thu s\u00e9t ch\u1ee7 \u0111\u1ed9ng ph\u00f3ng tia ti\u00ean \u0111\u1ea1o th\u1ebf h\u1ec7 m\u1edbi SIGMA \u00a0( T\u00c2Y BAN NHA ). H\u00e3ng s\u1ea3n xu\u1ea5t AIDITEC, b\u00e1n k\u00ednh b\u1ea3o v\u1ec7 an to\u00e0n \u00a084 m\u00e9t(t\u1eb7ng k\u00e8m kh\u1edbp n\u1ed1i) .<\/div>\n<div>Model: Sigma R-40<\/div>\n<div>&#8211; Kim thu s\u00e9t ch\u1ee7 \u0111\u1ed9ng ph\u00f3ng tia ti\u00ean \u0111\u1ea1o th\u1ebf h\u1ec7 m\u1edbi SIGMA \u00a0( T\u00c2Y BAN NHA ). H\u00e3ng s\u1ea3n xu\u1ea5t AIDITEC, b\u00e1n k\u00ednh b\u1ea3o v\u1ec7 an to\u00e0n \u00a0101 m\u00e9t(t\u1eb7ng k\u00e8m kh\u1edbp n\u1ed1i) .<\/div>\n<div>Model: Sigma R-55<\/div>\n<\/div>\n<div>&#8211; Kim thu s\u00e9t ch\u1ee7 \u0111\u1ed9ng ph\u00f3ng tia ti\u00ean \u0111\u1ea1o th\u1ebf h\u1ec7 m\u1edbi SIGMA \u00a0( T\u00c2Y BAN NHA ). H\u00e3ng s\u1ea3n xu\u1ea5t AIDITEC, b\u00e1n k\u00ednh b\u1ea3o v\u1ec7 an to\u00e0n \u00a0112 m\u00e9t(t\u1eb7ng k\u00e8m kh\u1edbp n\u1ed1i) .<\/div>\n<div>Model: Sigma R-65<\/div>\n<\/div>\n<div>&#8211; Kim thu s\u00e9t ch\u1ee7 \u0111\u1ed9ng ph\u00f3ng tia ti\u00ean \u0111\u1ea1o th\u1ebf h\u1ec7 m\u1edbi SIGMA ( T\u00c2Y BAN NHA ). H\u00e3ng s\u1ea3n xu\u1ea5t AIDITEC, b\u00e1n k\u00ednh b\u1ea3o v\u1ec7 an to\u00e0n \u00a0123 m\u00e9t(t\u1eb7ng k\u00e8m kh\u1edbp n\u1ed1i) .<\/div>\n<div>Model: Sigma R-75<\/div>\n","protected":false},"excerpt":{"rendered":"<p><strong>Hotline:\u00a0<\/strong>0353.577.766<br \/>\n<strong>Email:<\/strong>\u00a0vnmax2@gmail.com<br \/>\n<strong>Website:<\/strong>\u00a0thicongchongset.com.vn<\/p>\n","protected":false},"featured_media":2315,"comment_status":"open","ping_status":"closed","template":"","meta":{"om_disable_all_campaigns":false,"_mi_skip_tracking":false},"aioseo_notices":[],"_links":{"self":[{"href":"https:\/\/chongsetbacgiang.com\/index.php?rest_route=\/wp\/v2\/product\/2314"}],"collection":[{"href":"https:\/\/chongsetbacgiang.com\/index.php?rest_route=\/wp\/v2\/product"}],"about":[{"href":"https:\/\/chongsetbacgiang.com\/index.php?rest_route=\/wp\/v2\/types\/product"}],"replies":[{"embeddable":true,"href":"https:\/\/chongsetbacgiang.com\/index.php?rest_route=%2Fwp%2Fv2%2Fcomments&post=2314"}],"wp:featuredmedia":[{"embeddable":true,"href":"https:\/\/chongsetbacgiang.com\/index.php?rest_route=\/wp\/v2\/media\/2315"}],"wp:attachment":[{"href":"https:\/\/chongsetbacgiang.com\/index.php?rest_route=%2Fwp%2Fv2%2Fmedia&parent=2314"}],"curies":[{"name":"wp","href":"https:\/\/api.w.org\/{rel}","templated":true}]}}