{"id":2309,"date":"2021-03-09T16:12:09","date_gmt":"2021-03-09T16:12:09","guid":{"rendered":"https:\/\/thicongchongset.com.vn\/?post_type=product&#038;p=2309"},"modified":"2023-04-28T02:17:46","modified_gmt":"2023-04-28T02:17:46","slug":"kep-dong-tiep-dia-chu-u","status":"publish","type":"product","link":"https:\/\/chongsetbacgiang.com\/?product=kep-dong-tiep-dia-chu-u","title":{"rendered":"K\u1eb9p \u0111\u1ed3ng ti\u1ebfp \u0111\u1ecba ch\u1eef U"},"content":{"rendered":"<p><img loading=\"lazy\" class=\"alignnone size-full wp-image-2311\" src=\"https:\/\/thicongchongset.com.vn\/wp-content\/uploads\/2021\/03\/tai-xuong.png\" alt=\"\" width=\"267\" height=\"267\" srcset=\"https:\/\/chongsetbacgiang.com\/wp-content\/uploads\/2021\/03\/tai-xuong.png 267w, https:\/\/chongsetbacgiang.com\/wp-content\/uploads\/2021\/03\/tai-xuong-100x100.png 100w\" sizes=\"(max-width: 267px) 100vw, 267px\" \/><\/p>\n<p>K\u1eb9p \u0111\u1ed3ng hay c\u00f2n g\u1ecdi l\u00e0 k\u1eb9p ti\u1ebfp \u0111\u1ecba c\u00f3 t\u00e1c d\u1ee5ng xi\u1ebft n\u1ed1i b\u0103ng \u0111\u1ed3ng v\u1edbi c\u1ecdc ti\u1ebfp \u0111\u1ecba. C\u00f3 bao nhi\u00eau c\u1ecdc ti\u1ebfp \u0111\u1ecba th\u00ec s\u1ebd c\u1ea7n b\u1ea5y nhi\u00eau k\u1eb9p ti\u1ebfp \u0111\u1ecba \u0111\u1ed3ng. D\u00f9 ch\u1ec9 l\u00e0 v\u1eadt t\u01b0 ph\u1ee5 nh\u01b0ng k\u1eb9p ti\u1ebfp \u0111\u1ecba \u0111\u00f3ng vai tr\u00f2 r\u1ea5t quan tr\u1ecdng, y\u00eau c\u1ea7u ph\u1ea3i xi\u1ebft \u1ed1c th\u1eadt ch\u1eb7t khi c\u1ecdc \u0111\u00e3 \u0111\u00f3ng xu\u1ed1ng ph\u00eda d\u01b0\u1edbi \u0111\u1ea5t. V\u00ec n\u1eb1m \u1edf d\u01b0\u1edbi \u0111\u1ea5t, \u0111\u00f3ng vai tr\u00f2 k\u1ebft n\u1ed1i, k\u1eb9p ti\u1ebfp \u0111\u1ecba \u0111\u01b0\u1ee3c l\u00e0m t\u1eeb \u0111\u1ed3ng v\u00e0ng \u0111\u1ea3m b\u1ea3o \u0111\u1ed9 b\u1ec1n, kh\u00f4ng han g\u1ec9. Kh\u00e1ch h\u00e0ng c\u00f3 nhu c\u1ea7u l\u1eafp \u0111\u1eb7t ch\u1ed1ng s\u00e9t, \u0111o \u0111i\u1ec7n tr\u1edf ho\u1eb7c ra gi\u1ea5y x\u00e1c nh\u1eadn c\u1ee7a b\u00ean th\u1ee9 3, vui l\u00f2ng li\u00ean h\u1ec7 shop<\/p>\n","protected":false},"excerpt":{"rendered":"<h4><strong>Hotline:\u00a0<\/strong>0353.577.766<br \/>\n<strong>Email:<\/strong>\u00a0vnmax2@gmail.com<br \/>\n<strong>Website:<\/strong>\u00a0thicongchongset.com.vn<\/h4>\n","protected":false},"featured_media":2310,"comment_status":"open","ping_status":"closed","template":"","meta":{"om_disable_all_campaigns":false,"_mi_skip_tracking":false},"aioseo_notices":[],"_links":{"self":[{"href":"https:\/\/chongsetbacgiang.com\/index.php?rest_route=\/wp\/v2\/product\/2309"}],"collection":[{"href":"https:\/\/chongsetbacgiang.com\/index.php?rest_route=\/wp\/v2\/product"}],"about":[{"href":"https:\/\/chongsetbacgiang.com\/index.php?rest_route=\/wp\/v2\/types\/product"}],"replies":[{"embeddable":true,"href":"https:\/\/chongsetbacgiang.com\/index.php?rest_route=%2Fwp%2Fv2%2Fcomments&post=2309"}],"wp:featuredmedia":[{"embeddable":true,"href":"https:\/\/chongsetbacgiang.com\/index.php?rest_route=\/wp\/v2\/media\/2310"}],"wp:attachment":[{"href":"https:\/\/chongsetbacgiang.com\/index.php?rest_route=%2Fwp%2Fv2%2Fmedia&parent=2309"}],"curies":[{"name":"wp","href":"https:\/\/api.w.org\/{rel}","templated":true}]}}