{"id":2105,"date":"2021-02-26T03:41:42","date_gmt":"2021-02-26T03:41:42","guid":{"rendered":"https:\/\/thicongchongset.com.vn\/?post_type=product&#038;p=2105"},"modified":"2023-04-28T02:18:24","modified_gmt":"2023-04-28T02:18:24","slug":"bo%cc%a3-day-giang-tang-do-moc-neo","status":"publish","type":"product","link":"https:\/\/chongsetbacgiang.com\/?product=bo%cc%a3-day-giang-tang-do-moc-neo","title":{"rendered":"B\u00f4\u0323 D\u00e2y Gi\u0103\u0300ng T\u0103ng \u0110\u01a1 M\u00f3c N\u00e9o"},"content":{"rendered":"<h3><b><strong>Th\u00f4ng tin s\u1ea3n ph\u1ea9m<\/strong><\/b><\/h3>\n<h4><span style=\"font-size: 110%;\">&#8211;\u00a0B\u1ed9 D\u00e2y Gi\u1eb1ng T\u0103ng \u0110\u01a1 M\u00f3c N\u00e9o\u00a0c\u00f3 t\u00e1c d\u1ee5ng d\u00f9ng \u0111\u1ec3 c\u00e2n ch\u1ec9nh c\u1ed9t \u0111\u1ee1 kim thu s\u00e9t trong\u00a0H\u1ec7 Th\u1ed1ng Ch\u1ed1ng S\u00e9t Tr\u1ef1c Ti\u1ebfp.<\/span><\/h4>\n<h4><span style=\"font-size: 110%;\"><img src=\"https:\/\/chongsettrangia.com\/Upload\/Viet%20Nam\/Bo%20Day%20Giang.jpg\" alt=\"Bo Day Giang.jpg\" \/><\/span><\/h4>\n<h4><span style=\"font-size: 110%;\"><em>H\u00ecnh \u1ea3nh: C\u00e1p l\u1ee5a d\u00f9ng l\u00e0 d\u00e2y gi\u1eb1ng<\/em>&#8211;\u00a0B\u1ed9 D\u00e2y Gi\u1eb1ng\u00a0T\u0103ng \u0110\u01a1 M\u00f3c N\u00e9o\u00a0th\u01b0\u1eddng \u0111\u01b0\u1ee3c s\u1eed d\u1ee5ng v\u1edbi c\u1ed9t d\u00e2y co. Nh\u1eb1m m\u1ee5c \u0111\u00edch cho\u00a0C\u1ed9t \u0110\u1ee1 Kim<em>\u00a0<\/em>\u0111\u01b0\u1ee3c \u1ed5n \u0111\u1ecbnh, v\u1eefng ch\u1eafc tr\u01b0\u1edbc nh\u1eefng c\u01a1n b\u00e3o to, gi\u00f3 l\u1edbn.<\/span><br \/>\n<span style=\"font-size: 110%;\">&#8211;\u00a0B\u1ed9 D\u00e2y Gi\u1eb1ng T\u0103ng \u0110\u01a1 M\u00f3c N\u00e9o\u00a0c\u00f3 th\u1ec3 d\u00f9ng 03 nh\u00e1nh ho\u1eb7c 04 nh\u00e1nh t\u00f9y v\u00e0o y\u00eau c\u1ea7u c\u1ee7a thi\u1ebft k\u1ebf.<\/span><br \/>\n<span style=\"font-size: 110%;\">&#8211; C\u1ea5u t\u1ea1o bao g\u1ed3m:<\/span><\/h4>\n<h4><span style=\"font-size: 110%;\">+ D\u00e2y c\u00e1p l\u1ee5a 4 ho\u1eb7c 5ly b\u1ecdc ho\u1eb7c kh\u00f4ng b\u1ecdc nh\u1ef1a.<\/span><\/h4>\n<h4><span style=\"font-size: 110%;\">+ \u1ed0c si\u1ebft c\u00e1p ph\u00f9 h\u1ee3p \u0111\u1ec3 b\u1eaft c\u00e1p l\u1ee5a.<\/span><\/h4>\n<h4><span style=\"font-size: 110%;\"><img src=\"https:\/\/chongsettrangia.com\/Upload\/Oc%20Xiet%20Cap.png\" alt=\"Oc Xiet Cap.png\" \/><\/span><\/h4>\n<h4><span style=\"font-size: 110%;\"><em>H\u00ecnh \u1ea3nh: \u1ed0c si\u1ebft c\u00e1p<\/em><\/span><\/h4>\n<h4><span style=\"font-size: 110%;\">+ T\u0103ng \u0111\u01a1 th\u00f4ng th\u01b0\u1eddng trong c\u1ed9t \u0111\u1ee1\u00a0Kim Thu S\u00e9t Stormaster\u00a0s\u1eed d\u1ee5ng t\u0103ng \u0111\u01a1 10;<\/span><\/h4>\n<h4><span style=\"font-size: 110%;\"><img src=\"https:\/\/chongsettrangia.com\/Upload\/Tang%20do.png\" alt=\"Tang do.png\" \/><\/span><\/h4>\n<h4><span style=\"font-size: 110%;\"><em>H\u00ecnh \u1ea3nh: T\u0103ng \u0111\u01a1, m\u00f3c n\u00e9o<\/em><\/span><\/h4>\n<h4><span style=\"font-size: 110%;\">+ M\u00f3c n\u00e9o t\u01b0\u01a1ng \u1ee9ng v\u1edbi s\u1ed1 t\u0103ng \u0111\u01a1.<\/span><\/h4>\n<h4><span style=\"font-size: 110%;\"><u>Ch\u00fa \u00fd<\/u>: Theo ti\u00eau chu\u1ea9n NFC 17-102 (2011) c\u1ee7a Ph\u00e1p th\u00ec ph\u1ea3i n\u1ed1i\u00a0H\u1ec7 Th\u1ed1ng Ti\u1ebfp \u0110\u1ecba\u00a0cho b\u1ed9 d\u00e2y gi\u1eb1ng t\u0103ng \u0111\u01a1 m\u00f3c n\u00e9o.<\/span><\/h4>\n","protected":false},"excerpt":{"rendered":"<p><strong>Hotline:\u00a0<\/strong>0353.577.766<br \/>\n<strong>Email:<\/strong>\u00a0vnmax2@gmail.com<br \/>\n<strong>Website:<\/strong>\u00a0thicongchongset.com.vn<\/p>\n","protected":false},"featured_media":2118,"comment_status":"open","ping_status":"closed","template":"","meta":{"om_disable_all_campaigns":false,"_mi_skip_tracking":false},"aioseo_notices":[],"_links":{"self":[{"href":"https:\/\/chongsetbacgiang.com\/index.php?rest_route=\/wp\/v2\/product\/2105"}],"collection":[{"href":"https:\/\/chongsetbacgiang.com\/index.php?rest_route=\/wp\/v2\/product"}],"about":[{"href":"https:\/\/chongsetbacgiang.com\/index.php?rest_route=\/wp\/v2\/types\/product"}],"replies":[{"embeddable":true,"href":"https:\/\/chongsetbacgiang.com\/index.php?rest_route=%2Fwp%2Fv2%2Fcomments&post=2105"}],"wp:featuredmedia":[{"embeddable":true,"href":"https:\/\/chongsetbacgiang.com\/index.php?rest_route=\/wp\/v2\/media\/2118"}],"wp:attachment":[{"href":"https:\/\/chongsetbacgiang.com\/index.php?rest_route=%2Fwp%2Fv2%2Fmedia&parent=2105"}],"curies":[{"name":"wp","href":"https:\/\/api.w.org\/{rel}","templated":true}]}}