{"id":2036,"date":"2021-02-14T01:50:57","date_gmt":"2021-02-14T01:50:57","guid":{"rendered":"https:\/\/thicongchongset.com.vn\/?post_type=product&#038;p=2036"},"modified":"2021-07-24T06:59:14","modified_gmt":"2021-07-24T06:59:14","slug":"may-do-dien-tro-dat-kyoritsu-4105a-20-200-2000%cf%89","status":"publish","type":"product","link":"https:\/\/chongsetbacgiang.com\/?product=may-do-dien-tro-dat-kyoritsu-4105a-20-200-2000%cf%89","title":{"rendered":"M\u00e1y \u0111o \u0111i\u1ec7n tr\u1edf \u0111\u1ea5t Kyoritsu 4105A (20\/200\/2000\u03a9)"},"content":{"rendered":"<div class=\"prod-Specifications\">\n<div class=\"prod-Spec-main\">\n<div class=\"title-specs\">\n<h2>Th\u00f4ng s\u1ed1 k\u1ef9 thu\u1eadt<\/h2>\n<\/div>\n<div class=\"body-specs\">\n<ul>\n<li><span class=\"specs-left block\">Lo\u1ea1i Pin<\/span><span class=\"specs-right block\">6 pin\u00a0<i class=\"spec-tip\">(Pin R6P(AA))<\/i><\/span><\/li>\n<li><span class=\"specs-left block\">K\u00edch th\u01b0\u1edbc<\/span><span class=\"specs-right block\">105mm x 158mm x 70mm<\/span><\/li>\n<li><span class=\"specs-left block\">Tr\u1ecdng l\u01b0\u1ee3ng s\u1ea3n ph\u1ea9m<\/span><span class=\"specs-right block\">550g<\/span><\/li>\n<li><span class=\"specs-left block\">S\u1ea3n xu\u1ea5t t\u1ea1i<\/span><span class=\"specs-right block\">Th\u00e1i Lan<\/span><\/li>\n<li><span class=\"specs-left block\">B\u1ea3o h\u00e0nh<\/span><span class=\"specs-right block\">12 th\u00e1ng<\/span><\/li>\n<li><span class=\"specs-left block\">Th\u01b0\u01a1ng hi\u1ec7u<\/span><span class=\"specs-right block\">Nh\u1eadt B\u1ea3n<\/span><\/li>\n<\/ul>\n<\/div>\n<\/div>\n<\/div>\n<div><a id=\"box-intro\" name=\"box-intro\"><\/a><\/div>\n<article class=\"show-content-main\">\n<h2>M\u00e1y \u0111o \u0111i\u1ec7n tr\u1edf \u0111\u1ea5t Kyoritsu 4105A (20\/200\/2000\u03a9) \u0111em \u0111\u1ebfn s\u1ef1 ch\u00ednh x\u00e1c cao<\/h2>\n<p><strong>M\u00e1y \u0111o \u0111i\u1ec7n tr\u1edf \u0111\u1ea5t Kyoritsu 4105A<\/strong>\u00a0l\u00e0\u00a0\u0111\u1ed3ng h\u1ed3 \u0111o \u0111i\u1ec7n\u00a0b\u1eb1ng k\u1ef9 thu\u1eadt s\u1ed1 \u0111i\u1ec7n t\u1eed cho ph\u00e9p \u0111o v\u00e0 ki\u1ec3m tra d\u00f2ng \u0111i\u1ec7n 20\u03a9\/200\u03a9\/2000\u03a9 c\u00f3 \u0111\u1ed9 ch\u00ednh x\u00e1c cao:<\/p>\n<ul>\n<li>Trong kho\u1ea3ng \u0111o\u00a020\u03a9 v\u1edbi \u0111\u1ed9 ch\u00ednh x\u00e1c trong kho\u1ea3ng sai s\u1ed1\u00a0\u00b12 % rdg \u00b1 0.1\u03a9<\/li>\n<li>Trong kho\u1ea3ng \u0111o 200\u03a9\/2000\u03a9\u00a0v\u1edbi \u0111\u1ed9 ch\u00ednh x\u00e1c trong kho\u1ea3ng sai s\u1ed1\u00a0\u00b12 % rdg \u00b1 3\u03a9<\/li>\n<\/ul>\n<p class=\"_ilcss0_\"><img loading=\"lazy\" class=\"lightbox\" title=\"H\u00ecnh \u1ea3nh m\u00e1y \u0111o \u0111i\u1ec7n tr\u1edf \u0111\u1ea5t Kyoritsu 4105A\" src=\"https:\/\/s.meta.com.vn\/Data\/image\/2021\/01\/18\/may-do-dien-tro-dat-kyoritsu-4105a-20-200-2000nd.jpg\" alt=\"H\u00ecnh \u1ea3nh m\u00e1y \u0111o \u0111i\u1ec7n tr\u1edf \u0111\u1ea5t Kyoritsu 4105A\" width=\"700\" height=\"525\" data-xsrc=\"\/Data\/image\/2021\/01\/18\/may-do-dien-tro-dat-kyoritsu-4105a-20-200-2000nd.jpg\" data-i=\"0\" \/><\/p>\n<p class=\"_ilcss0_\"><span class=\"_ilcss2_\">H\u00ecnh \u1ea3nh m\u00e1y \u0111o \u0111i\u1ec7n tr\u1edf \u0111\u1ea5t Kyoritsu 4105A<\/span><\/p>\n<p class=\"_ilcss3_\">M\u00e1y \u0111\u01b0\u1ee3c b\u1ed5 sung c\u00e1c ch\u1ee9c n\u0103ng v\u00e0 nhi\u1ec1u t\u00ednh n\u0103ng h\u1eefu hi\u1ec7u, \u0111em l\u1ea1i s\u1ef1 ch\u00ednh x\u00e1c cao.<\/p>\n<p>D\u1ee5ng c\u1ee5 \u0111o v\u00e0 ki\u1ec3m tra \u0111i\u1ec7n\u00a0Kyoritsu 4105A\u00a0c\u00f3 thi\u1ebft k\u1ebf ch\u1eafc ch\u1eafn, ch\u1ecbu \u0111\u01b0\u1ee3c l\u1ef1c r\u01a1i 1m xu\u1ed1ng b\u00ea t\u00f4ng v\u00e0 th\u1eadt kh\u00f3 \u0111\u1ec3 h\u01b0 h\u1ecfng do s\u1ef1 va \u0111\u1eadp. M\u00e1y nh\u1ecf g\u1ecdn d\u1ec5 d\u00e0ng s\u1eed d\u1ee5ng v\u00e0 mang theo.\u00a0<strong>Kyoritsu 4105A<\/strong>\u00a0l\u00e0 s\u1ea3n ph\u1ea9m l\u00fd t\u01b0\u1edfng \u0111\u1ec3 s\u1eed d\u1ee5ng\u00a0\u0111o \u0111i\u1ec7n tr\u1edf \u0111\u1ea5t\u00a0t\u1ea1i c\u00f4ng tr\u01b0\u1eddng&#8230;\u00a0M\u00e1y \u0111o \u0111i\u1ec7n tr\u1edf c\u00e1ch \u0111i\u1ec7n\u00a0\u0111em l\u1ea1i s\u1ef1 ch\u00ednh x\u00e1c v\u00e0 nhanh ch\u00f3ng, cho ng\u01b0\u1eddi d\u00f9ng m\u1ed9t phong c\u00e1ch l\u00e0m vi\u1ec7c \u0111\u1ea7y chuy\u00ean nghi\u1ec7p, h\u1ed7 tr\u1ee3 m\u1ea1nh m\u1ebd trong vi\u1ec7c ch\u1ebf t\u1ea1o s\u1eeda ch\u1eefa v\u00e0 s\u1ea3n xu\u1ea5t,&#8230;<span class=\"_ilcss0_\">\u00a0<\/span><\/p>\n<p class=\"_ilcss0_\"><span class=\"_ilcss0_\"><img loading=\"lazy\" class=\"lightbox\" title=\"B\u1ed9 ph\u1ee5 ki\u1ec7n \u0111i k\u00e8m\" src=\"https:\/\/s.meta.com.vn\/Data\/image\/2018\/06\/29\/may-do-dien-tro-dat-kyoritsu-4105a-20-200-2000-anh.jpg\" alt=\"B\u1ed9 ph\u1ee5 ki\u1ec7n \u0111i k\u00e8m\" width=\"615\" height=\"396\" data-xsrc=\"\/Data\/image\/2018\/06\/29\/may-do-dien-tro-dat-kyoritsu-4105a-20-200-2000-anh.jpg\" data-i=\"1\" \/><\/span><\/p>\n<p class=\"_ilcss0_\"><span class=\"_ilcss0_\">B\u1ed9 ph\u1ee5 ki\u1ec7n \u0111i k\u00e8m<\/span><\/p>\n<\/article>\n","protected":false},"excerpt":{"rendered":"<h4 title=\"M\u00e1y \u0111o \u0111i\u1ec7n tr\u1edf \u0111\u1ea5t Kyoritsu 4105A (20\/200\/2000\u03a9)\">M\u00e1y \u0111o \u0111i\u1ec7n tr\u1edf \u0111\u1ea5t Kyoritsu 4105A<\/h4>\n<p>xu\u1ea5t s\u1ee9: T\u00e2y Ban Nha<\/p>\n<p><strong>Hotline:\u00a0<\/strong>0353.577.766<br \/>\n<strong>Email:<\/strong>\u00a0vnmax2@gmail.com<br \/>\n<strong>Website:<\/strong>\u00a0thicongchongset.com.vn<\/p>\n","protected":false},"featured_media":2037,"comment_status":"open","ping_status":"closed","template":"","meta":{"om_disable_all_campaigns":false,"_mi_skip_tracking":false},"aioseo_notices":[],"_links":{"self":[{"href":"https:\/\/chongsetbacgiang.com\/index.php?rest_route=\/wp\/v2\/product\/2036"}],"collection":[{"href":"https:\/\/chongsetbacgiang.com\/index.php?rest_route=\/wp\/v2\/product"}],"about":[{"href":"https:\/\/chongsetbacgiang.com\/index.php?rest_route=\/wp\/v2\/types\/product"}],"replies":[{"embeddable":true,"href":"https:\/\/chongsetbacgiang.com\/index.php?rest_route=%2Fwp%2Fv2%2Fcomments&post=2036"}],"wp:featuredmedia":[{"embeddable":true,"href":"https:\/\/chongsetbacgiang.com\/index.php?rest_route=\/wp\/v2\/media\/2037"}],"wp:attachment":[{"href":"https:\/\/chongsetbacgiang.com\/index.php?rest_route=%2Fwp%2Fv2%2Fmedia&parent=2036"}],"curies":[{"name":"wp","href":"https:\/\/api.w.org\/{rel}","templated":true}]}}