{"id":2033,"date":"2021-02-14T01:36:35","date_gmt":"2021-02-14T01:36:35","guid":{"rendered":"https:\/\/thicongchongset.com.vn\/?post_type=product&#038;p=2033"},"modified":"2022-04-08T15:41:55","modified_gmt":"2022-04-08T15:41:55","slug":"hop-kiem-tra-dien-tro","status":"publish","type":"product","link":"https:\/\/chongsetbacgiang.com\/?product=hop-kiem-tra-dien-tro","title":{"rendered":"H\u1ed8P KI\u1ec2M TRA \u0110I\u1ec6N TR\u1ede"},"content":{"rendered":"<p>H\u1ed8P KI\u1ec2M TRA \u0110I\u1ec6N TR\u1ede<\/p>\n<p>H\u1ed9p ki\u1ec3m tra \u0111i\u1ec7n tr\u1edf hay c\u00f2n g\u1ecdi l\u00e0 h\u1ed9p n\u1ed1i \u0111\u1ea5t. H\u1ed9p ki\u1ec3m tra \u0111i\u1ec7n tr\u1edf th\u01b0\u1eddng \u0111\u01b0\u1ee3c l\u00e0m b\u1eb1ng nh\u1ef1a ho\u1eb7c h\u1ed9p th\u00e9p s\u01a1n t\u0129nh \u0111i\u1ec7n k\u00edch th\u01b0\u1edbc 210x160x100. C\u00f3 nhi\u1ec7m v\u1ee5 l\u00e0 v\u1ecb tr\u00ed \u0111\u1ec3\u00a0ki\u1ec3m tra \u0111i\u1ec7n tr\u1edf h\u1ec7 th\u1ed1ng ti\u1ebfp \u0111\u1ecba\u00a0khi c\u1ea7n thi\u1ebft. H\u1ed9p ki\u1ec3m tra \u0111i\u1ec7n tr\u1edf s\u1ebd l\u00e0 con dao hai l\u01b0\u1ee1i n\u1ebfu l\u1eafp \u0111\u1eb7t kh\u00f4ng \u0111\u1ea3m b\u1ea3o k\u1ef9 thu\u1eadt l\u00e0m gi\u1ea3m t\u00e1c d\u1ee5ng c\u1ee7a h\u1ec7 th\u1ed1ng ch\u1ed1ng s\u00e9t. \u0110\u1ed1i v\u1edbi nh\u1eefng c\u00f4ng tr\u00ecnh nh\u00e0 d\u00e2n kh\u00f4ng n\u00ean l\u1eafp h\u1ed9p ki\u1ec3m tra \u0111i\u1ec7n tr\u1edf.<\/p>\n<p>H\u1ed9p ki\u1ec3m tra \u0111i\u1ec7n tr\u1edf s\u01a1n t\u0129nh \u0111i\u1ec7n 210 x 160\u00d7100<a href=\"https:\/\/chongsettoanquoc.com\/wp-content\/uploads\/2019\/12\/80793351_2588405708054509_6756417313945157632_n.jpg\"><img loading=\"lazy\" class=\"wp-image-1643 aligncenter lazy-loaded\" src=\"https:\/\/chongsettoanquoc.com\/wp-content\/uploads\/2019\/12\/80793351_2588405708054509_6756417313945157632_n-300x225.jpg\" alt=\"\" width=\"375\" height=\"281\" data-lazy-type=\"image\" data-src=\"https:\/\/chongsettoanquoc.com\/wp-content\/uploads\/2019\/12\/80793351_2588405708054509_6756417313945157632_n-300x225.jpg\" \/><\/a><\/p>\n<p><a href=\"https:\/\/chongsettoanquoc.com\/wp-content\/uploads\/2020\/04\/84696801_2627556400806106_7416553564002058240_n.jpg\"><img loading=\"lazy\" class=\"wp-image-1830 aligncenter lazy-loaded\" src=\"https:\/\/chongsettoanquoc.com\/wp-content\/uploads\/2020\/04\/84696801_2627556400806106_7416553564002058240_n.jpg\" alt=\"\" width=\"371\" height=\"495\" data-lazy-type=\"image\" data-src=\"https:\/\/chongsettoanquoc.com\/wp-content\/uploads\/2020\/04\/84696801_2627556400806106_7416553564002058240_n.jpg\" \/><\/a><\/p>\n<p>&nbsp;<\/p>\n<p>B\u1ed9 \u0111\u1ebfm s\u00e9t l\u1eafp trong h\u1ed9p ki\u1ec3m tra \u0111i\u1ec7n tr\u1edf<\/p>\n<p><a href=\"https:\/\/chongsettoanquoc.com\/wp-content\/uploads\/2019\/12\/81516903_2588405754721171_520858513711300608_n.jpg\"><img loading=\"lazy\" class=\"alignnone wp-image-1646 lazy-loaded\" src=\"https:\/\/chongsettoanquoc.com\/wp-content\/uploads\/2019\/12\/81516903_2588405754721171_520858513711300608_n-225x300.jpg\" alt=\"\" width=\"375\" height=\"501\" data-lazy-type=\"image\" data-src=\"https:\/\/chongsettoanquoc.com\/wp-content\/uploads\/2019\/12\/81516903_2588405754721171_520858513711300608_n-225x300.jpg\" \/><\/a><br \/>\n<a href=\"https:\/\/chongsettoanquoc.com\/wp-content\/uploads\/2019\/12\/80785103_2588405628054517_2670834307894870016_n.jpg\"><img loading=\"lazy\" class=\"wp-image-1645 aligncenter lazy-loaded\" src=\"https:\/\/chongsettoanquoc.com\/wp-content\/uploads\/2019\/12\/80785103_2588405628054517_2670834307894870016_n.jpg\" alt=\"\" width=\"381\" height=\"507\" data-lazy-type=\"image\" data-src=\"https:\/\/chongsettoanquoc.com\/wp-content\/uploads\/2019\/12\/80785103_2588405628054517_2670834307894870016_n.jpg\" \/><\/a><\/p>\n","protected":false},"excerpt":{"rendered":"<p>H\u1ed8P KI\u1ec2M TRA \u0110I\u1ec6N TR\u1ede<\/p>\n<p>xu\u1ea5t s\u1ee9: Vi\u00eat Nam<\/p>\n<p><strong>Hotline:\u00a0<\/strong>0353.577.766<br \/>\n<strong>Email:<\/strong>\u00a0vnmax2@gmail.com<br \/>\n<strong>Website:<\/strong>\u00a0thicongchongset.com.vn<\/p>\n","protected":false},"featured_media":2034,"comment_status":"open","ping_status":"closed","template":"","meta":{"om_disable_all_campaigns":false,"_mi_skip_tracking":false},"aioseo_notices":[],"_links":{"self":[{"href":"https:\/\/chongsetbacgiang.com\/index.php?rest_route=\/wp\/v2\/product\/2033"}],"collection":[{"href":"https:\/\/chongsetbacgiang.com\/index.php?rest_route=\/wp\/v2\/product"}],"about":[{"href":"https:\/\/chongsetbacgiang.com\/index.php?rest_route=\/wp\/v2\/types\/product"}],"replies":[{"embeddable":true,"href":"https:\/\/chongsetbacgiang.com\/index.php?rest_route=%2Fwp%2Fv2%2Fcomments&post=2033"}],"wp:featuredmedia":[{"embeddable":true,"href":"https:\/\/chongsetbacgiang.com\/index.php?rest_route=\/wp\/v2\/media\/2034"}],"wp:attachment":[{"href":"https:\/\/chongsetbacgiang.com\/index.php?rest_route=%2Fwp%2Fv2%2Fmedia&parent=2033"}],"curies":[{"name":"wp","href":"https:\/\/api.w.org\/{rel}","templated":true}]}}