{"id":2031,"date":"2021-02-14T01:32:41","date_gmt":"2021-02-14T01:32:41","guid":{"rendered":"https:\/\/thicongchongset.com.vn\/?post_type=product&#038;p=2031"},"modified":"2023-12-06T12:54:59","modified_gmt":"2023-12-06T12:54:59","slug":"coc-tiep-dia","status":"publish","type":"product","link":"https:\/\/chongsetbacgiang.com\/?product=coc-tiep-dia","title":{"rendered":"C\u1eccC TI\u1ebeP \u0110\u1ecaA"},"content":{"rendered":"<p><strong>C\u1eccC TI\u1ebeP \u0110\u1ecaA<\/strong><\/p>\n<p>C\u1ecdc ti\u1ebfp \u0111\u1ecba tr\u00ean th\u1ecb tr\u01b0\u1eddng c\u00f3 r\u1ea5t nhi\u1ec1u lo\u1ea1i. \u0110\u1ec3 l\u1ef1a ch\u1ecdn \u0111\u01b0\u1ee3c lo\u1ea1i c\u1ecdc ti\u1ebfp \u0111\u1ecba ph\u00f9 h\u1ee3p v\u1edbi c\u00f4ng tr\u00ecnh, ch\u00fang ta c\u1ea7n n\u1eafm qua m\u1ed9t s\u1ed1 \u0111\u1eb7c t\u00ednh c\u01a1 b\u1ea3n c\u1ee7a t\u1eebng lo\u1ea1i c\u1ecdc, \u0111\u1ec3 t\u1eeb \u0111\u00f3 l\u1ef1a ch\u1ecdn v\u00e0 \u0111\u01b0a ra ph\u01b0\u01a1ng \u00e1n thi c\u00f4ng ph\u00f9 h\u1ee3p h\u01a1n<\/p>\n<p><strong>1. C\u1ecdc ti\u1ebfp \u0111\u1ecba m\u1ea1 k\u1ebdm.<\/strong><\/p>\n<p>C\u1ecdc ti\u1ebfp \u0111\u1ecba m\u1ea1 k\u1ebdm th\u01b0\u1eddng \u0111\u01b0\u1ee3c l\u00e0m b\u1eb1ng th\u00e9p V5, V63, k\u00edch th\u01b0\u1edbc chi\u1ec1u d\u00e0i L=2.5M. \u0110\u01b0\u1ee3c m\u1ea1 k\u1ebdm nh\u00fang n\u00f3ng b\u00ean ngo\u00e0i nh\u1eafm b\u1ea3o v\u1ec7 thanh th\u00e9p kh\u00f4ng b\u1ecb r\u1ec9 s\u00e9t. \u01afu \u0111i\u1ec3m, \u0111\u01b0\u1ee3c b\u00e1n ph\u1ed5 bi\u1ebfn \u1edf nh\u1eefng c\u1eeda h\u00e0ng v\u1eadt li\u1ec7u x\u00e2y d\u1ef1ng, nh\u1eefng c\u00f4ng ty ch\u1ed1ng s\u00e9t. Nh\u01b0\u1ee3c \u0111i\u1ec3m, c\u00f3 ti\u1ebft di\u1ec7n l\u1edbn n\u00ean th\u01b0\u1eddng d\u00f9ng tay r\u1ea5t kh\u00f3 khi \u0111\u00f3ng xu\u1ed1ng \u0111\u1ea5t.<\/p>\n<p>C\u00f3 gi\u00e1 b\u00e1n t\u1eeb 200000 \u0111 \u0111\u1ebfn 380000 \u0111 t\u00f9y kh\u1ed1i l\u01b0\u1ee3ng v\u00e0 c\u1eeda h\u00e0ng.<\/p>\n<p><a href=\"https:\/\/chongsettoanquoc.com\/wp-content\/uploads\/2019\/12\/46035939_2279936755568074_3234038390236119040_n-1.jpg\"><img loading=\"lazy\" class=\"alignnone size-medium wp-image-1701 lazy-loaded\" src=\"https:\/\/chongsettoanquoc.com\/wp-content\/uploads\/2019\/12\/46035939_2279936755568074_3234038390236119040_n-1-223x300.jpg\" alt=\"\" width=\"223\" height=\"300\" data-lazy-type=\"image\" data-src=\"https:\/\/chongsettoanquoc.com\/wp-content\/uploads\/2019\/12\/46035939_2279936755568074_3234038390236119040_n-1-223x300.jpg\" \/><\/a><\/p>\n<p><strong>2. C\u1ecdc ti\u1ebfp \u0111\u1ecba th\u00e9p m\u1ea1 \u0111\u1ed3ng \u1ea5n \u0111\u1ed9.<\/strong><\/p>\n<p>C\u1ecdc ti\u1ebfp \u0111\u1ecba th\u00e9p m\u1ea1 \u0111\u1ed3ng \u1ea5n \u0111\u1ed9 \u0111\u01b0\u1ee3c m\u1ea1 v\u1edbi 2 l\u1edbp m\u1ea1 ti\u00eau chu\u1ea9n, l\u1edbp trong m\u1ea1 k\u1ebdm v\u00e0 l\u1edbp ngo\u00e0i m\u1ea1 \u0111\u1ed3ng, l\u1edbp m\u1ea1 d\u00e0y kho\u1ea3ng 50 Micron. Sau khi m\u1ea1 c\u1ecdc b\u00f3ng \u0111\u1eb9p.c\u1ecdc c\u00f3 kich th\u01b0\u1edbc D14, D16, D18, D20 chi\u1ec1u d\u00e0i L=2.4m. C\u1ecdc ti\u1ebfp \u0111\u1ecba th\u00e9p m\u1ea1 \u0111\u1ed3ng \u0111\u01b0\u1ee3c s\u1eed d\u1ee5ng nhi\u1ec1u \u1edf c\u00e1c c\u00f4ng tr\u00ecnh x\u00e2y d\u1ef1ng b\u1edfi, gi\u00e1 th\u00e0nh th\u1ea5p, d\u1eabn \u0111i\u1ec7n t\u1ed1t, d\u1ec3 \u0111\u00f3ng xu\u1ed1ng \u0111\u1ea5t.<\/p>\n<p>C\u00f3 gi\u00e1 b\u00e1n t\u1eeb 125000\u0111 \u0111\u1ebfn 250000\u0111 c\u1ecdc.<\/p>\n<p><img loading=\"lazy\" class=\"alignnone size-full wp-image-1690\" src=\"https:\/\/thicongchongset.com.vn\/wp-content\/uploads\/2020\/10\/unnamed-1.png\" alt=\"\" width=\"499\" height=\"336\" \/><\/p>\n<p>&nbsp;<\/p>\n<p>&nbsp;<\/p>\n<p>&nbsp;<\/p>\n<p><strong>3. C\u1ecdc ti\u1ebfp \u0111\u1ecba \u0111\u1ed3ng v\u00e0ng.<\/strong><\/p>\n<p>C\u1ecdc ti\u1ebfp \u0111\u1ecba \u0111\u1ed3ng v\u00e0ng, k\u00edch th\u01b0\u1edbc ch\u1ee7 y\u1ebfu D14, D16, D18 c\u00f3 chi\u1ec1u d\u00e0i L=2.4m. c\u00f3 t\u00ednh d\u1eabn \u0111i\u1ec7n t\u1ed1t, kh\u00f4ng b\u1ecb r\u1ec9 s\u00e9t \u0103n m\u00f2n. Nh\u01b0\u1ee3c \u0111i\u1ec3m,c\u1ecdc c\u00f3 \u0111\u1ed9 d\u1ebdo n\u00ean khi \u0111\u00f3ng xu\u1ed1ng \u0111\u1ea5t th\u01b0\u1eddng hay b\u1ecb cong v\u00e0 kh\u00f3 \u0111\u00f3ng.<\/p>\n<p>C\u00f3 g\u00ed\u00e1 b\u00e1n t\u1eeb 400000\u0111 \u0111\u1ebfn 600000 \u0111<\/p>\n<p>&nbsp;<\/p>\n<p><a href=\"https:\/\/chongsettoanquoc.com\/wp-content\/uploads\/2019\/12\/brass-rod-250x250.jpg\"><img loading=\"lazy\" class=\"alignnone size-full wp-image-1705 lazy-loaded\" src=\"https:\/\/chongsettoanquoc.com\/wp-content\/uploads\/2019\/12\/brass-rod-250x250.jpg\" alt=\"\" width=\"250\" height=\"250\" data-lazy-type=\"image\" data-src=\"https:\/\/chongsettoanquoc.com\/wp-content\/uploads\/2019\/12\/brass-rod-250x250.jpg\" \/><\/a><\/p>\n","protected":false},"excerpt":{"rendered":"<h4>C\u1eccC TI\u1ebeP \u0110\u1ecaA<\/h4>\n<p>xu\u1ea5t s\u1ee9:<\/p>\n<p><strong>Hotline:\u00a0<\/strong>0353.577.766<br \/>\n<strong>Email:<\/strong>\u00a0vnmax2@gmail.com<br \/>\n<strong>Website:<\/strong>\u00a0thicongchongset.com.vn<\/p>\n","protected":false},"featured_media":2032,"comment_status":"open","ping_status":"closed","template":"","meta":{"om_disable_all_campaigns":false,"_mi_skip_tracking":false},"aioseo_notices":[],"_links":{"self":[{"href":"https:\/\/chongsetbacgiang.com\/index.php?rest_route=\/wp\/v2\/product\/2031"}],"collection":[{"href":"https:\/\/chongsetbacgiang.com\/index.php?rest_route=\/wp\/v2\/product"}],"about":[{"href":"https:\/\/chongsetbacgiang.com\/index.php?rest_route=\/wp\/v2\/types\/product"}],"replies":[{"embeddable":true,"href":"https:\/\/chongsetbacgiang.com\/index.php?rest_route=%2Fwp%2Fv2%2Fcomments&post=2031"}],"wp:featuredmedia":[{"embeddable":true,"href":"https:\/\/chongsetbacgiang.com\/index.php?rest_route=\/wp\/v2\/media\/2032"}],"wp:attachment":[{"href":"https:\/\/chongsetbacgiang.com\/index.php?rest_route=%2Fwp%2Fv2%2Fmedia&parent=2031"}],"curies":[{"name":"wp","href":"https:\/\/api.w.org\/{rel}","templated":true}]}}