{"id":2027,"date":"2021-02-14T00:58:20","date_gmt":"2021-02-14T00:58:20","guid":{"rendered":"https:\/\/thicongchongset.com.vn\/?post_type=product&#038;p=2027"},"modified":"2023-12-06T12:56:39","modified_gmt":"2023-12-06T12:56:39","slug":"vat-tu-phu-chong-set","status":"publish","type":"product","link":"https:\/\/chongsetbacgiang.com\/?product=vat-tu-phu-chong-set","title":{"rendered":"V\u1eadt t\u01b0 ph\u1ee5 ch\u1ed1ng s\u00e9t"},"content":{"rendered":"<h2><strong>K\u1eb8P \u0110\u1ed2NG TI\u1ebeP \u0110\u1ecaA<\/strong><\/h2>\n<p>Ch\u00fang t\u00f4i s\u1ea3n xu\u1ea5t v\u00e0 cung c\u1ea5p \u0111\u1ea7y \u0111\u1ee7 c\u00e1c lo\u1ea1i v\u1eadt t\u01b0 ph\u1ee5 ch\u1ed1ng s\u00e9t. K\u1eb9p \u0111\u1ed3ng ti\u1ebfp \u0111\u1ecba, k\u1eb9p ch\u1eef U, k\u1eb9p qu\u1ea3 tr\u00e1m, k\u1eb9p ch\u1eef C, k\u1eb9p \u0111\u1ecbnh v\u1ecb c\u00e1p, k\u1eb9p \u0111\u1ecbnh v\u1ecb b\u0103ng \u0111\u1ed3ng, \u0111ai \u00f4m \u2026vv.<\/p>\n<p>B\u1ea1n h\u00e3y g\u1ecdi ngay 0353577766 \u0111\u1ec3 \u0111\u01b0\u1ee3c t\u01b0 v\u1ea5n v\u00e0 b\u00e1o gi\u00e1 t\u1ed1t. C\u1ea3m \u01a1n b\u1ea1n<br \/>\n<a href=\"https:\/\/chongsettoanquoc.com\/wp-content\/uploads\/2019\/12\/40448914_235263823824845_4649964145653841920_n.jpg\" target=\"_blank\" rel=\"noopener noreferrer\"><img loading=\"lazy\" class=\"wp-image-1395 aligncenter lazy-loaded\" title=\"Chong-set-toan-quoc\" src=\"https:\/\/chongsettoanquoc.com\/wp-content\/uploads\/2019\/12\/40448914_235263823824845_4649964145653841920_n.jpg\" alt=\"Chong-set-toan-quoc\" width=\"496\" height=\"661\" data-lazy-type=\"image\" data-src=\"https:\/\/chongsettoanquoc.com\/wp-content\/uploads\/2019\/12\/40448914_235263823824845_4649964145653841920_n.jpg\" \/><\/a><\/p>\n<p><img loading=\"lazy\" class=\"alignnone size-medium wp-image-2028\" src=\"https:\/\/thicongchongset.com.vn\/wp-content\/uploads\/2021\/02\/81325238_2588436894718057_6323867579857240064_n-800x363.jpg\" alt=\"\" width=\"800\" height=\"363\" srcset=\"https:\/\/chongsetbacgiang.com\/wp-content\/uploads\/2021\/02\/81325238_2588436894718057_6323867579857240064_n-800x363.jpg 800w, https:\/\/chongsetbacgiang.com\/wp-content\/uploads\/2021\/02\/81325238_2588436894718057_6323867579857240064_n-768x348.jpg 768w, https:\/\/chongsetbacgiang.com\/wp-content\/uploads\/2021\/02\/81325238_2588436894718057_6323867579857240064_n.jpg 960w\" sizes=\"(max-width: 800px) 100vw, 800px\" \/><\/p>\n","protected":false},"excerpt":{"rendered":"<h4>V\u1eadt t\u01b0 ph\u1ee5 ch\u1ed1ng s\u00e9t<\/h4>\n<p>xu\u1ea5t s\u1ee9: Vi\u1ec7t Nam<\/p>\n<p><strong>Hotline:\u00a0<\/strong>0353.577.766<br \/>\n<strong>Email:<\/strong>\u00a0vnmax2@gmail.com<br \/>\n<strong>Website:<\/strong>\u00a0thicongchongset.com.vn<\/p>\n","protected":false},"featured_media":2028,"comment_status":"open","ping_status":"closed","template":"","meta":{"om_disable_all_campaigns":false,"_mi_skip_tracking":false},"aioseo_notices":[],"_links":{"self":[{"href":"https:\/\/chongsetbacgiang.com\/index.php?rest_route=\/wp\/v2\/product\/2027"}],"collection":[{"href":"https:\/\/chongsetbacgiang.com\/index.php?rest_route=\/wp\/v2\/product"}],"about":[{"href":"https:\/\/chongsetbacgiang.com\/index.php?rest_route=\/wp\/v2\/types\/product"}],"replies":[{"embeddable":true,"href":"https:\/\/chongsetbacgiang.com\/index.php?rest_route=%2Fwp%2Fv2%2Fcomments&post=2027"}],"wp:featuredmedia":[{"embeddable":true,"href":"https:\/\/chongsetbacgiang.com\/index.php?rest_route=\/wp\/v2\/media\/2028"}],"wp:attachment":[{"href":"https:\/\/chongsetbacgiang.com\/index.php?rest_route=%2Fwp%2Fv2%2Fmedia&parent=2027"}],"curies":[{"name":"wp","href":"https:\/\/api.w.org\/{rel}","templated":true}]}}