{"id":2024,"date":"2021-02-14T00:37:51","date_gmt":"2021-02-14T00:37:51","guid":{"rendered":"https:\/\/thicongchongset.com.vn\/?post_type=product&#038;p=2024"},"modified":"2023-12-06T13:04:13","modified_gmt":"2023-12-06T13:04:13","slug":"kim-thu-set-pulsar","status":"publish","type":"product","link":"https:\/\/chongsetbacgiang.com\/?product=kim-thu-set-pulsar","title":{"rendered":"KIM THU S\u00c9T PULSAR"},"content":{"rendered":"<p>\u0110\u01b0\u1ee3c s\u1ea3n xu\u1ea5t t\u1eeb nh\u1eefng n\u0103m 1984,\u00a0<em>kim thu s\u00e9t Pulsar\u00a0<\/em>v\u1eabn gi\u1eef \u0111\u01b0\u1ee3c \u0111\u1eb3ng c\u1ea5p v\u00e0 th\u01b0\u01a1ng hi\u1ec7u s\u1ed1 1 c\u1ee7a m\u00ecnh trong l\u1ec9nh v\u1ef1c ch\u1ed1ng s\u00e9t. Hi\u1ec7n nay, th\u01b0\u01a1ng hi\u1ec7u n\u1ed5i ti\u1ebfng b\u1eadc nh\u1ea5t th\u1ec3 gi\u1edbi n\u00e0y \u0111ang thu\u1ed9c v\u1ec1 t\u1eadp \u0111o\u00e0n h\u00e0ng \u0111\u1ea7u trong l\u0129nh v\u1ef1c n\u0103ng l\u01b0\u1ee3ng v\u00e0 t\u1ef1 \u0111\u1ed9ng h\u00f3a ABB. Kim thu s\u00e9t Pulsar l\u00e0 d\u00f2ng s\u1ea3n ph\u1ea9m thi\u1ebft b\u1ecb ch\u1ed1ng s\u00e9t c\u1ee7a Ph\u00e1p. V\u1edbi nhi\u1ec1u \u01b0u \u0111i\u1ec3m ch\u1ed1ng s\u00e9t hi\u1ec7u qu\u1ea3, ch\u1ea5t l\u01b0\u1ee3ng cao b\u1ec1n v\u1eefng, gi\u00e1 c\u1ea3 ph\u00f9 h\u1ee3p n\u00ean r\u1ea5t \u0111\u01b0\u1ee3c nhi\u1ec1u kh\u00e1ch h\u00e0ng l\u1ef1a ch\u1ecdn \u0111\u1ec3 l\u1eafp \u0111\u1eb7t t\u00edch h\u1ee3p v\u00e0o h\u1ec7 th\u1ed1ng nh\u00e0 c\u1eeda, c\u00f4ng tr\u00ecnh, \u2026\u0111\u1ec3 b\u1ea3o v\u1ec7 con ng\u01b0\u1eddi v\u00e0 t\u00e0i s\u1ea3n.<\/p>\n<ul>\n<li><em>1 kim thu s\u00e9t tia ti\u00ean \u0111\u1ea1o ESE PULSAR 18 H\u00e3ng HELITA ( ph\u00e1p) b\u00e1n k\u00ednh b\u1ea3o v\u1ec7 55m 26.900.000 \u0110<\/em><\/li>\n<li><em>2 kim thu s\u00e9t tia ti\u00ean \u0111\u1ea1o ESE PULSAR 30 H\u00e3ng HELITA ( ph\u00e1p) b\u00e1n k\u00ednh b\u1ea3o v\u1ec7 71m 29.900.000 \u0110<\/em><\/li>\n<li><em>3 kim thu s\u00e9t tia ti\u00ean \u0111\u1ea1o ESE PULSAR 45 H\u1ea3ng HELITA ( ph\u00e1p) b\u00e1n k\u00ednh b\u1ea3o v\u1ec7 95m 36.500.000 \u0110<\/em><\/li>\n<li><em>4 kim thu s\u00e9t tia ti\u00ean \u0111\u1ea1o ESE PULSAR 60 H\u1ea3ng HELITA ( ph\u00e1p) b\u00e1n k\u00ednh b\u1ea3o v\u1ec7 107m 49.800.000 \u0110<\/em><\/li>\n<\/ul>\n<div class=\"panel-info\">\n<div class=\"panel-heading\">\n<h2 id=\"h_59915325111575512157776\"><strong>Th\u00f4ng s\u1ed1 k\u0129 thu\u1eadt<\/strong><\/h2>\n<\/div>\n<div class=\"panel-body\">\n<h3><strong>1. KIM THU S\u00c9T PULSAR 18 \u2013 IMH 1812<\/strong><\/h3>\n<p>\u2013 Kim thu s\u00e9t lo\u1ea1i ti\u00ean \u0111\u1ea1o s\u1edbm ESE<br \/>\n\u2013 Thi\u1ebft b\u1ecb ph\u00f2ng ch\u1ed1ng s\u00e9t tr\u1ef1c ti\u1ebfp<br \/>\n\u2013 B\u00e1n k\u00ednh b\u1ea3o v\u1ec7: 55 m\u00e9t<br \/>\n\u2013 S\u1ea3n xu\u1ea5t theo ti\u00eau chu\u1ea9n NF C 17 102<br \/>\n\u2013 Hi\u1ec7u: PULSAR. Model: PULSAR 18 (IMH 1812). Xu\u1ea5t x\u1ee9: France \u2013 Ph\u00e1p<\/p>\n<h3><strong>2. KIM THU S\u00c9T PULSAR 30 \u2013 IMH 3012<\/strong><\/h3>\n<p>\u2013 Kim thu s\u00e9t lo\u1ea1i ti\u00ean \u0111\u1ea1o s\u1edbm ESE<br \/>\n\u2013 Thi\u1ebft b\u1ecb ph\u00f2ng ch\u1ed1ng s\u00e9t tr\u1ef1c ti\u1ebfp<br \/>\n\u2013 B\u00e1n k\u00ednh b\u1ea3o v\u1ec7: 71 m\u00e9t<br \/>\n\u2013 S\u1ea3n xu\u1ea5t theo ti\u00eau chu\u1ea9n NF C 17 102<br \/>\n\u2013 Hi\u1ec7u: PULSAR. Model: PULSAR 30 (IMH 3012). Xu\u1ea5t x\u1ee9: France \u2013 Ph\u00e1p<\/p>\n<h3><strong>3. KIM THU S\u00c9T PULSAR 45 \u2013 IMH 4512<\/strong><\/h3>\n<p>\u2013 Kim thu s\u00e9t lo\u1ea1i ti\u00ean \u0111\u1ea1o s\u1edbm ESE<br \/>\n\u2013 Thi\u1ebft b\u1ecb ph\u00f2ng ch\u1ed1ng s\u00e9t tr\u1ef1c ti\u1ebfp<br \/>\n\u2013 B\u00e1n k\u00ednh b\u1ea3o v\u1ec7: 89 m\u00e9t<br \/>\n\u2013 S\u1ea3n xu\u1ea5t theo ti\u00eau chu\u1ea9n NF C 17 102<br \/>\n\u2013 Hi\u1ec7u: PULSAR. Model: PULSAR 45 (IMH 4512). Xu\u1ea5t x\u1ee9: France \u2013 Ph\u00e1p<\/p>\n<h3><strong>4. KIM THU S\u00c9T PULSAR 60 \u2013 IMH 6012<\/strong><\/h3>\n<p>\u2013 Kim thu s\u00e9t lo\u1ea1i ti\u00ean \u0111\u1ea1o s\u1edbm ESE<br \/>\n\u2013 Thi\u1ebft b\u1ecb ph\u00f2ng ch\u1ed1ng s\u00e9t tr\u1ef1c ti\u1ebfp<br \/>\n\u2013 B\u00e1n k\u00ednh b\u1ea3o v\u1ec7: 107 m\u00e9t<br \/>\n\u2013 S\u1ea3n xu\u1ea5t theo ti\u00eau chu\u1ea9n NF C 17 102<br \/>\n\u2013 Hi\u1ec7u: PULSAR. Model: PULSAR 60 (IMH 6012). Xu\u1ea5t x\u1ee9: France \u2013 Ph\u00e1p<\/p>\n<p><a href=\"https:\/\/chongsettoanquoc.com\/wp-content\/uploads\/2017\/11\/84586769_2627556364139443_3179345804242452480_n.jpg\"><img loading=\"lazy\" class=\"wp-image-1733 aligncenter lazy-loaded\" src=\"https:\/\/chongsettoanquoc.com\/wp-content\/uploads\/2017\/11\/84586769_2627556364139443_3179345804242452480_n.jpg\" alt=\"\" width=\"520\" height=\"391\" data-lazy-type=\"image\" data-src=\"https:\/\/chongsettoanquoc.com\/wp-content\/uploads\/2017\/11\/84586769_2627556364139443_3179345804242452480_n.jpg\" \/><\/a><\/p>\n<\/div>\n<\/div>\n<p><strong>H\u00e3y g\u1ecdi\u00a00971763554\u00a0\u0111\u1ec3 \u0111\u01b0\u1ee3c ch\u00fang t\u00f4i t\u01b0 v\u1ea5n v\u00e0 b\u00e1o gi\u00e1 t\u1ed1t nh\u1ea5t nh\u00e9!<\/strong><\/p>\n<p><a href=\"https:\/\/chongsettoanquoc.com\/wp-content\/uploads\/2017\/11\/50986834_2328627530698996_2561434803601670144_n.jpg\"><img loading=\"lazy\" class=\"aligncenter wp-image-1341 lazy-loaded\" src=\"https:\/\/chongsettoanquoc.com\/wp-content\/uploads\/2017\/11\/50986834_2328627530698996_2561434803601670144_n.jpg\" alt=\"\" width=\"522\" height=\"696\" data-lazy-type=\"image\" data-src=\"https:\/\/chongsettoanquoc.com\/wp-content\/uploads\/2017\/11\/50986834_2328627530698996_2561434803601670144_n.jpg\" \/><\/a><\/p>\n<p><a href=\"https:\/\/chongsettoanquoc.com\/wp-content\/uploads\/2017\/11\/84679192_2627556437472769_913382210617212928_n.jpg\"><img loading=\"lazy\" class=\"wp-image-1734 aligncenter lazy-loaded\" src=\"https:\/\/chongsettoanquoc.com\/wp-content\/uploads\/2017\/11\/84679192_2627556437472769_913382210617212928_n.jpg\" alt=\"\" width=\"530\" height=\"707\" data-lazy-type=\"image\" data-src=\"https:\/\/chongsettoanquoc.com\/wp-content\/uploads\/2017\/11\/84679192_2627556437472769_913382210617212928_n.jpg\" \/><\/a><\/p>\n<p><a href=\"https:\/\/chongsettoanquoc.com\/wp-content\/uploads\/2017\/11\/79227779_2567645800130500_3932131954937298944_n.jpg\"><img loading=\"lazy\" class=\"wp-image-1735 aligncenter lazy-loaded\" src=\"https:\/\/chongsettoanquoc.com\/wp-content\/uploads\/2017\/11\/79227779_2567645800130500_3932131954937298944_n.jpg\" alt=\"\" width=\"513\" height=\"385\" data-lazy-type=\"image\" data-src=\"https:\/\/chongsettoanquoc.com\/wp-content\/uploads\/2017\/11\/79227779_2567645800130500_3932131954937298944_n.jpg\" \/><\/a><a href=\"https:\/\/chongsettoanquoc.com\/wp-content\/uploads\/2017\/11\/Pulsar-Lightning-Protection-LOGO3.pdf.jpg\"><img loading=\"lazy\" class=\"aligncenter wp-image-1340 lazy-loaded\" src=\"https:\/\/chongsettoanquoc.com\/wp-content\/uploads\/2017\/11\/Pulsar-Lightning-Protection-LOGO3.pdf.jpg\" alt=\"\" width=\"800\" height=\"1132\" data-lazy-type=\"image\" data-src=\"https:\/\/chongsettoanquoc.com\/wp-content\/uploads\/2017\/11\/Pulsar-Lightning-Protection-LOGO3.pdf.jpg\" \/><\/a><\/p>\n","protected":false},"excerpt":{"rendered":"<h4>KIM THU S\u00c9T PULSAR<\/h4>\n<p>xu\u1ea5t s\u1ee9: Ph\u00e1p<\/p>\n<p><strong>Hotline:\u00a0<\/strong>0353.577.766<br \/>\n<strong>Email:<\/strong>\u00a0vnmax2@gmail.com<br \/>\n<strong>Website:<\/strong>\u00a0thicongchongset.com.vn<\/p>\n","protected":false},"featured_media":2025,"comment_status":"open","ping_status":"closed","template":"","meta":{"om_disable_all_campaigns":false,"_mi_skip_tracking":false},"aioseo_notices":[],"_links":{"self":[{"href":"https:\/\/chongsetbacgiang.com\/index.php?rest_route=\/wp\/v2\/product\/2024"}],"collection":[{"href":"https:\/\/chongsetbacgiang.com\/index.php?rest_route=\/wp\/v2\/product"}],"about":[{"href":"https:\/\/chongsetbacgiang.com\/index.php?rest_route=\/wp\/v2\/types\/product"}],"replies":[{"embeddable":true,"href":"https:\/\/chongsetbacgiang.com\/index.php?rest_route=%2Fwp%2Fv2%2Fcomments&post=2024"}],"wp:featuredmedia":[{"embeddable":true,"href":"https:\/\/chongsetbacgiang.com\/index.php?rest_route=\/wp\/v2\/media\/2025"}],"wp:attachment":[{"href":"https:\/\/chongsetbacgiang.com\/index.php?rest_route=%2Fwp%2Fv2%2Fmedia&parent=2024"}],"curies":[{"name":"wp","href":"https:\/\/api.w.org\/{rel}","templated":true}]}}