{"id":2022,"date":"2021-02-14T00:31:40","date_gmt":"2021-02-14T00:31:40","guid":{"rendered":"https:\/\/thicongchongset.com.vn\/?post_type=product&#038;p=2022"},"modified":"2023-12-06T13:05:24","modified_gmt":"2023-12-06T13:05:24","slug":"kim-thu-set-obr-hang-abb","status":"publish","type":"product","link":"https:\/\/chongsetbacgiang.com\/?product=kim-thu-set-obr-hang-abb","title":{"rendered":"KIM THU S\u00c9T OBR H\u00c3NG ABB"},"content":{"rendered":"<h5>KIM THU S\u00c9T OPR<\/h5>\n<h5>1. Kim thu s\u00e9t ph\u00e1t tia ti\u00ean \u0111\u1ea1o s\u1edbm OPR30 \u2013 B\u00e1n k\u00ednh b\u1ea3o v\u1ec7 ti\u00eau chu\u1ea9n 71m<br \/>\n2. Kim thu s\u00e9t ph\u00e1t tia ti\u00ean \u0111\u1ea1o s\u1edbm OPR45 \u2013 B\u00e1n k\u00ednh b\u1ea3o v\u1ec7 ti\u00eau chu\u1ea9n 89m<br \/>\n3. Kim thu s\u00e9t ph\u00e1t tia ti\u00ean \u0111\u1ea1o s\u1edbm OPR60 \u2013 B\u00e1n k\u00ednh b\u1ea3o v\u1ec7 ti\u00eau chu\u1ea9n 107m.<\/h5>\n<ul class=\"_all_feature clearfix\">\n<li>Nh\u00e0 s\u1ea3n xu\u1ea5t:\u00a0ABB<\/li>\n<li>Xu\u1ea5t x\u1ee9:\u00a0Ph\u00e1p<\/li>\n<li>Ti\u00eau chu\u1ea9n: NFC 17-102<\/li>\n<li>\u00a0 <img loading=\"lazy\" class=\"alignnone size-medium wp-image-2023\" src=\"https:\/\/thicongchongset.com.vn\/wp-content\/uploads\/2021\/02\/91612333_2672575302970882_6926860479746801664_n-1-300x400.jpg\" alt=\"\" width=\"300\" height=\"400\" srcset=\"https:\/\/chongsetbacgiang.com\/wp-content\/uploads\/2021\/02\/91612333_2672575302970882_6926860479746801664_n-1-300x400.jpg 300w, https:\/\/chongsetbacgiang.com\/wp-content\/uploads\/2021\/02\/91612333_2672575302970882_6926860479746801664_n-1-600x800.jpg 600w, https:\/\/chongsetbacgiang.com\/wp-content\/uploads\/2021\/02\/91612333_2672575302970882_6926860479746801664_n-1.jpg 720w\" sizes=\"(max-width: 300px) 100vw, 300px\" \/>\u00a0 \u00a0 \u00a0 \u00a0 \u00a0 \u00a0 \u00a0 \u00a0 \u00a0 \u00a0 \u00a0 \u00a0 \u00a0 \u00a0 \u00a0 \u00a0 \u00a0 \u00a0 \u00a0 \u00a0 \u00a0 \u00a0 \u00a0 \u00a0 \u00a0 \u00a0 \u00a0 \u00a0 \u00a0 \u00a0 \u00a0 \u00a0 \u00a0 \u00a0 \u00a0 \u00a0 \u00a0 \u00a0 \u00a0 \u00a0 \u00a0 \u00a0 \u00a0 \u00a0 \u00a0 \u00a0 \u00a0 \u00a0 \u00a0 \u00a0 \u00a0 \u00a0 \u00a0 \u00a0 \u00a0 \u00a0 \u00a0 \u00a0 \u00a0 \u00a0 \u00a0 \u00a0 \u00a0 \u00a0 \u00a0 \u00a0 \u00a0 \u00a0 \u00a0 \u00a0 \u00a0 \u00a0 \u00a0 \u00a0\u00a0 \u00a0 \u00a0 \u00a0 \u00a0 \u00a0 \u00a0 \u00a0 \u00a0 \u00a0 \u00a0 \u00a0 \u00a0 \u00a0 \u00a0 \u00a0 \u00a0 \u00a0 \u00a0 \u00a0 \u00a0 \u00a0 \u00a0 \u00a0 \u00a0 \u00a0 \u00a0 \u00a0 \u00a0 \u00a0 \u00a0 \u00a0 \u00a0 \u00a0 \u00a0 \u00a0 \u00a0 \u00a0 \u00a0 \u00a0 \u00a0 \u00a0 \u00a0 \u00a0 \u00a0 \u00a0 \u00a0 \u00a0 \u00a0 \u00a0 \u00a0 \u00a0 \u00a0 \u00a0 \u00a0 \u00a0 \u00a0 \u00a0 \u00a0 \u00a0 \u00a0 \u00a0 \u00a0 \u00a0<a href=\"https:\/\/chongsettoanquoc.com\/wp-content\/uploads\/2020\/04\/90669286_2668175056744240_2062869274690584576_n.jpg\"><img loading=\"lazy\" class=\"wp-image-1827 aligncenter lazy-loaded\" src=\"https:\/\/chongsettoanquoc.com\/wp-content\/uploads\/2020\/04\/90669286_2668175056744240_2062869274690584576_n.jpg\" alt=\"\" width=\"419\" height=\"315\" data-lazy-type=\"image\" data-src=\"https:\/\/chongsettoanquoc.com\/wp-content\/uploads\/2020\/04\/90669286_2668175056744240_2062869274690584576_n.jpg\" \/>\u00a0\u00a0<\/a><\/li>\n<li><\/li>\n<li><a href=\"https:\/\/chongsettoanquoc.com\/wp-content\/uploads\/2020\/04\/90787923_2668174996744246_4241142336349798400_n.jpg\"><img loading=\"lazy\" class=\"wp-image-1828 aligncenter lazy-loaded\" src=\"https:\/\/chongsettoanquoc.com\/wp-content\/uploads\/2020\/04\/90787923_2668174996744246_4241142336349798400_n.jpg\" alt=\"\" width=\"426\" height=\"568\" data-lazy-type=\"image\" data-src=\"https:\/\/chongsettoanquoc.com\/wp-content\/uploads\/2020\/04\/90787923_2668174996744246_4241142336349798400_n.jpg\" \/>\u00a0<\/a><\/li>\n<li><a href=\"https:\/\/chongsettoanquoc.com\/wp-content\/uploads\/2020\/04\/91310842_2668174823410930_3344624954770456576_n.jpg\"><img loading=\"lazy\" class=\"wp-image-1829 aligncenter lazy-loaded\" src=\"https:\/\/chongsettoanquoc.com\/wp-content\/uploads\/2020\/04\/91310842_2668174823410930_3344624954770456576_n.jpg\" alt=\"\" width=\"424\" height=\"567\" data-lazy-type=\"image\" data-src=\"https:\/\/chongsettoanquoc.com\/wp-content\/uploads\/2020\/04\/91310842_2668174823410930_3344624954770456576_n.jpg\" \/><\/a><\/li>\n<li><a href=\"https:\/\/chongsettoanquoc.com\/wp-content\/uploads\/2020\/04\/84696801_2627556400806106_7416553564002058240_n.jpg\"><img loading=\"lazy\" class=\"wp-image-1830 aligncenter lazy-loaded\" src=\"https:\/\/chongsettoanquoc.com\/wp-content\/uploads\/2020\/04\/84696801_2627556400806106_7416553564002058240_n.jpg\" alt=\"\" width=\"425\" height=\"569\" data-lazy-type=\"image\" data-src=\"https:\/\/chongsettoanquoc.com\/wp-content\/uploads\/2020\/04\/84696801_2627556400806106_7416553564002058240_n.jpg\" \/>\u00a0\u00a0<\/a><\/li>\n<li><a href=\"https:\/\/chongsettoanquoc.com\/wp-content\/uploads\/2020\/04\/90743348_2668175306744215_2815877707122868224_n.jpg\"><img loading=\"lazy\" class=\"wp-image-1831 aligncenter lazy-loaded\" src=\"https:\/\/chongsettoanquoc.com\/wp-content\/uploads\/2020\/04\/90743348_2668175306744215_2815877707122868224_n.jpg\" alt=\"\" width=\"433\" height=\"579\" data-lazy-type=\"image\" data-src=\"https:\/\/chongsettoanquoc.com\/wp-content\/uploads\/2020\/04\/90743348_2668175306744215_2815877707122868224_n.jpg\" \/><\/a><\/li>\n<\/ul>\n","protected":false},"excerpt":{"rendered":"<h4>KIM THU S\u00c9T OBR H\u00c3NG ABB<\/h4>\n<p>xu\u1ea5t s\u1ee9: Ph\u00e1p<\/p>\n<p><strong>Hotline:\u00a0<\/strong>0353.577.766<br \/>\n<strong>Email:<\/strong>\u00a0vnmax2@gmail.com<br \/>\n<strong>Website:<\/strong>\u00a0thicongchongset.com.vn<\/p>\n","protected":false},"featured_media":2023,"comment_status":"open","ping_status":"closed","template":"","meta":{"om_disable_all_campaigns":false,"_mi_skip_tracking":false},"aioseo_notices":[],"_links":{"self":[{"href":"https:\/\/chongsetbacgiang.com\/index.php?rest_route=\/wp\/v2\/product\/2022"}],"collection":[{"href":"https:\/\/chongsetbacgiang.com\/index.php?rest_route=\/wp\/v2\/product"}],"about":[{"href":"https:\/\/chongsetbacgiang.com\/index.php?rest_route=\/wp\/v2\/types\/product"}],"replies":[{"embeddable":true,"href":"https:\/\/chongsetbacgiang.com\/index.php?rest_route=%2Fwp%2Fv2%2Fcomments&post=2022"}],"wp:featuredmedia":[{"embeddable":true,"href":"https:\/\/chongsetbacgiang.com\/index.php?rest_route=\/wp\/v2\/media\/2023"}],"wp:attachment":[{"href":"https:\/\/chongsetbacgiang.com\/index.php?rest_route=%2Fwp%2Fv2%2Fmedia&parent=2022"}],"curies":[{"name":"wp","href":"https:\/\/api.w.org\/{rel}","templated":true}]}}