{"id":2020,"date":"2021-02-14T00:25:26","date_gmt":"2021-02-14T00:25:26","guid":{"rendered":"https:\/\/thicongchongset.com.vn\/?post_type=product&#038;p=2020"},"modified":"2023-12-06T13:06:18","modified_gmt":"2023-12-06T13:06:18","slug":"kim-thu-set-aiditec-sigma","status":"publish","type":"product","link":"https:\/\/chongsetbacgiang.com\/?product=kim-thu-set-aiditec-sigma","title":{"rendered":"KIM THU S\u00c9T AIDITEC SIGMA"},"content":{"rendered":"<p>Kim thu s\u00e9t SIGMA l\u00e0 d\u00f2ng kim thu s\u00e9t hi\u1ec7n \u0111\u1ea1i ph\u00e1t x\u1ea1 s\u1edbm tia ti\u00ean \u0111\u1ea1o, l\u00e0 s\u1ea3n ph\u1ea9m c\u1ee7a h\u00e3ng AIDITEC danh ti\u1ebfng \u0111\u1ebfn t\u1eeb T\u00e2y Ban Nha.<\/p>\n<p>S\u1ea3n ph\u1ea9m \u0111\u01b0\u1ee3c nh\u1eadp kh\u1ea9u ch\u00ednh h\u00e3ng c\u00f3 \u0111\u1ea7y \u0111\u1ee7 CO, CQ k\u00e8m theo<\/p>\n<p>Kim thu s\u00e9t SIGMA \u0111\u01b0\u1ee3c s\u1ea3n xu\u1ea5t theo c\u00e1c ti\u00eau chu\u1ea9n kh\u1eaft khe t\u1eeb Ch\u00e2u \u00c2u: UNE 21186 \u2013 UNE EN 62305 \u2013 NFC 17102 \u2013 NP 4426 \u2013 CTE \u2013 REBT.<\/p>\n<p>V\u00e0 th\u1eed nghi\u1ec7m Nh\u1eefng th\u1eed nghi\u1ec7m \u0111\u00e3 \u0111\u01b0\u1ee3c th\u1ef1c hi\u1ec7n b\u1edfi Vi\u1ec7n C\u00f4ng ngh\u1ec7 N\u0103ng l\u01b0\u1ee3ng (ITE) \u0111\u00e1p \u1ee9ng c\u00e1c ti\u00eau chu\u1ea9n :<\/p>\n<p>+\u00a0UNE 21.186, NP NFC 1702 v\u00e0 4426<\/p>\n<p>+\u00a0IEC-60060-1 v\u00e0 IEC-61083-1<\/p>\n<h3><strong>KIM THU S\u00c9T SIGMA (AIDITEC \u2013 T\u00c2Y BAN NHA)\u00a0<\/strong>c\u00f3 c\u00e1c Model v\u1edbi c\u00e1c b\u00e1n k\u00ednh b\u1ea3o v\u1ec7 nh\u01b0 sau:<\/h3>\n<ul>\n<li><strong>Kim thu s\u00e9t<\/strong>\u00a0 SIGMA \u00a0( T\u00c2Y BAN NHA ). Model:\u00a0<strong>Sigma S-25P<\/strong>, b\u00e1n k\u00ednh b\u1ea3o v\u1ec7 an to\u00e0n \u00a0<strong>59 m\u00e9t<\/strong><\/li>\n<li><strong>Kim thu s\u00e9t\u00a0<\/strong>\u00a0SIGMA \u00a0( T\u00c2Y BAN NHA ). Model:\u00a0<strong>Sigma R-25<\/strong>, b\u00e1n k\u00ednh b\u1ea3o v\u1ec7 an to\u00e0n \u00a0<strong>65 m\u00e9t<\/strong><\/li>\n<li><strong>Kim thu s\u00e9t<\/strong>\u00a0SIGMA \u00a0( T\u00c2Y BAN NHA ). Model:\u00a0<strong>Sigma R-40<\/strong>, b\u00e1n k\u00ednh b\u1ea3o v\u1ec7 an to\u00e0n \u00a0<strong>92 m\u00e9t<\/strong><\/li>\n<li><strong>Kim thu s\u00e9t\u00a0<\/strong>SIGMA \u00a0( T\u00c2Y BAN NHA ). Model:\u00a0<strong>Sigma R-55<\/strong>, b\u00e1n k\u00ednh b\u1ea3o v\u1ec7 an to\u00e0n \u00a0<strong>102 m\u00e9t<\/strong><\/li>\n<li><strong>Kim thu s\u00e9t\u00a0<\/strong>SIGMA \u00a0( T\u00c2Y BAN NHA ). Model:\u00a0<strong>Sigma R-65<\/strong>, b\u00e1n k\u00ednh b\u1ea3o v\u1ec7 an to\u00e0n \u00a0<strong>111 m\u00e9t<\/strong><\/li>\n<li><strong>Kim thu s\u00e9t<\/strong>\u00a0SIGMA \u00a0( T\u00c2Y BAN NHA ). Model:\u00a0<strong>Sigma R-75<\/strong>, b\u00e1n k\u00ednh b\u1ea3o v\u1ec7 an to\u00e0n \u00a0<strong>121 m\u00e9t<\/strong><\/li>\n<li><strong>Thi\u1ebft b\u1ecb \u0111\u1ebfm s\u00e9t SIGMA Model: 600920<\/strong><\/li>\n<\/ul>\n<p><a href=\"https:\/\/chongsettoanquoc.com\/wp-content\/uploads\/2019\/12\/56cbc31a85c3d-Kim-Sigma-Copy.jpg\"><img loading=\"lazy\" class=\"aligncenter wp-image-1351 lazy-loaded\" src=\"https:\/\/chongsettoanquoc.com\/wp-content\/uploads\/2019\/12\/56cbc31a85c3d-Kim-Sigma-Copy.jpg\" alt=\"\" width=\"800\" height=\"800\" data-lazy-type=\"image\" data-src=\"https:\/\/chongsettoanquoc.com\/wp-content\/uploads\/2019\/12\/56cbc31a85c3d-Kim-Sigma-Copy.jpg\" \/><\/a>\u00a0 \u00a0 \u00a0 \u00a0<a href=\"https:\/\/chongsettoanquoc.com\/wp-content\/uploads\/2019\/12\/56428445_2373944829500599_5293799607547985920_n.jpg\"><img loading=\"lazy\" class=\"aligncenter wp-image-1353 lazy-loaded\" src=\"https:\/\/chongsettoanquoc.com\/wp-content\/uploads\/2019\/12\/56428445_2373944829500599_5293799607547985920_n.jpg\" alt=\"\" width=\"800\" height=\"600\" data-lazy-type=\"image\" data-src=\"https:\/\/chongsettoanquoc.com\/wp-content\/uploads\/2019\/12\/56428445_2373944829500599_5293799607547985920_n.jpg\" \/><\/a><\/p>\n<h3><strong>H\u00ecnh \u1ea3nh thi c\u00f4ng\u00a0<\/strong><a href=\"https:\/\/chongsettoanquoc.com\/wp-content\/uploads\/2019\/12\/56205151_2373689259526156_6184861242495074304_n-1.jpg\"><img loading=\"lazy\" class=\"aligncenter wp-image-1349 size-full lazy-loaded\" src=\"https:\/\/chongsettoanquoc.com\/wp-content\/uploads\/2019\/12\/56205151_2373689259526156_6184861242495074304_n-1.jpg\" alt=\"\" width=\"720\" height=\"960\" data-lazy-type=\"image\" data-src=\"https:\/\/chongsettoanquoc.com\/wp-content\/uploads\/2019\/12\/56205151_2373689259526156_6184861242495074304_n-1.jpg\" \/><\/a><\/h3>\n<h4><strong>Ki\u1ebfn th\u1ee9c chung v\u1ec1 kim thu s\u00e9t<\/strong><\/h4>\n<p>\u2013 Kim thu s\u00e9t hay c\u1ed9t thu l\u00f4i\/c\u1ed9t ch\u1ed1ng s\u00e9t l\u00e0 m\u1ed9t thanh kim lo\u1ea1i ho\u1eb7c m\u1ed9t v\u1eadt b\u1eb1ng kim lo\u1ea1i \u0111\u01b0\u1ee3c g\u1eafn tr\u00ean \u0111\u1ec9nh c\u1ee7a m\u1ed9t t\u00f2a nh\u00e0, \u0111i\u1ec7n ngo\u1ea1i quan b\u1eb1ng c\u00e1ch s\u1eed d\u1ee5ng m\u1ed9t d\u00e2y d\u1eabn \u0111i\u1ec7n \u0111\u1ec3 giao ti\u1ebfp v\u1edbi m\u1eb7t \u0111\u1ea5t ho\u1eb7c \u201c\u0111\u1ea5t\u201d th\u00f4ng qua m\u1ed9t \u0111i\u1ec7n c\u1ef1c, thi\u1ebft k\u1ebf \u0111\u1ec3 b\u1ea3o v\u1ec7 t\u00f2a nh\u00e0 trong tr\u01b0\u1eddng h\u1ee3p b\u1ecb s\u00e9t t\u1ea5n c\u00f4ng (<a href=\"https:\/\/vi.wikipedia.org\/wiki\/C%E1%BB%99t_thu_l%C3%B4i\" target=\"_blank\" rel=\"nofollow noopener noreferrer\">wikipedia.org<\/a>).<\/p>\n<p>\u2013 Khi s\u00e9t \u0111\u00e1nh t\u1ea5n c\u00f4ng t\u00f2a nh\u00e0 c\u00f3 kim thu s\u00e9t, s\u00e9t th\u01b0\u1eddng \u0111\u00e1nh v\u00e0o kim thu s\u00e9t r\u1ed3i \u0111\u01b0\u1ee3c truy\u1ec1n xu\u1ed1ng m\u1eb7t \u0111\u1ea5t th\u00f4ng qua d\u00e2y d\u1eabn, thay v\u00ec \u0111i qua t\u00f2a nh\u00e0. \u0110i\u1ec1u n\u00e0y gi\u00fap t\u00f2a nh\u00e0 tr\u00e1nh kh\u1ecfi nguy c\u01a1 h\u1ecfa ho\u1ea1n ho\u1eb7c \u0111i\u1ec7n gi\u1eadt.<\/p>\n","protected":false},"excerpt":{"rendered":"<h4>KIM THU S\u00c9T AIDITEC SIGMA<\/h4>\n<p>xu\u1ea5t s\u1ee9: T\u00e2y Ban Nha<\/p>\n<p><strong>Hotline:\u00a0<\/strong>0353.577.766<br \/>\n<strong>Email:<\/strong>\u00a0vnmax2@gmail.com<br \/>\n<strong>Website:<\/strong>\u00a0thicongchongset.com.vn<\/p>\n","protected":false},"featured_media":2021,"comment_status":"open","ping_status":"closed","template":"","meta":{"om_disable_all_campaigns":false,"_mi_skip_tracking":false},"aioseo_notices":[],"_links":{"self":[{"href":"https:\/\/chongsetbacgiang.com\/index.php?rest_route=\/wp\/v2\/product\/2020"}],"collection":[{"href":"https:\/\/chongsetbacgiang.com\/index.php?rest_route=\/wp\/v2\/product"}],"about":[{"href":"https:\/\/chongsetbacgiang.com\/index.php?rest_route=\/wp\/v2\/types\/product"}],"replies":[{"embeddable":true,"href":"https:\/\/chongsetbacgiang.com\/index.php?rest_route=%2Fwp%2Fv2%2Fcomments&post=2020"}],"wp:featuredmedia":[{"embeddable":true,"href":"https:\/\/chongsetbacgiang.com\/index.php?rest_route=\/wp\/v2\/media\/2021"}],"wp:attachment":[{"href":"https:\/\/chongsetbacgiang.com\/index.php?rest_route=%2Fwp%2Fv2%2Fmedia&parent=2020"}],"curies":[{"name":"wp","href":"https:\/\/api.w.org\/{rel}","templated":true}]}}