{"id":2018,"date":"2021-02-14T00:21:33","date_gmt":"2021-02-14T00:21:33","guid":{"rendered":"https:\/\/thicongchongset.com.vn\/?post_type=product&#038;p=2018"},"modified":"2023-12-06T13:07:22","modified_gmt":"2023-12-06T13:07:22","slug":"kim-thu-set-nimbus","status":"publish","type":"product","link":"https:\/\/chongsetbacgiang.com\/?product=kim-thu-set-nimbus","title":{"rendered":"KIM THU S\u00c9T NIMBUS"},"content":{"rendered":"<p>KIM THU S\u00c9T NIMBUS<\/p>\n<p>Nimbus 15 b\u00e1n k\u00ednh b\u1ea3o v\u1ec7 51M<\/p>\n<p>Nimbus 30 b\u00e1n k\u00ednh b\u1ea3o v\u1ec7 71M<\/p>\n<p>Nimbus 45 b\u00e1n k\u00ednh b\u1ea3o v\u1ec7 89M<\/p>\n<p>Nimbus 60 b\u00e1n k\u00ednh b\u1ea3o v\u1ec7107M<\/p>\n<p>Kim NLP 1100-15 b\u00e1n k\u00ednh b\u1ea3o v\u1ec7 R=51M<\/p>\n<p>NLP 1100-44b\u00e1n k\u00ednh b\u1ea3o v\u1ec7 88M<\/p>\n<p>NLP 2200 b\u00e1n k\u00ednh b\u1ea3o v\u1ec7 107M<\/p>\n<p>B\u1ed9 \u0111\u1ebfm s\u00e9t CDR-401<\/p>\n<p>B\u1ed9 \u0111\u1ebfm s\u00e9t CDI-250<\/p>\n<h3><strong>Kim thu s\u00e9t\u00a0Nimbus 15 s\u1ea3n xu\u1ea5t theo c\u00f4ng ngh\u1ec7 ph\u00f3ng \u0111i\u1ec7n s\u1edbm ESE \u0111\u00e1p \u1ee9ng ti\u00eau chu\u1ea9n\u00a0 NFC 17-102: 2011 PH\u00c1P. V\u1edbi th\u1eddi gian ph\u00f3ng \u0111i\u1ec7n s\u1edbm 15\u00b5s.<\/strong><br \/>\n<strong>\u2013 Kim ch\u1ed1ng s\u00e9t CPT Nimbus \u0111\u01b0\u1ee3c\u00a0<\/strong><strong>s\u1ea3n xu\u1ea5t t\u1eeb<\/strong><strong>\u00a0h\u00e3ng Cirprotec \u2013 T\u00e2y Ban Nha, \u0111\u00e2y l\u00e0 m\u1ed9t trong nh\u1eefng th\u01b0\u01a1ng hi\u1ec7u\u00a0<\/strong><strong>n\u1ed5i ti\u1ebfng \u0111\u01b0\u1ee3c s\u1eed dung nhi\u1ec1u tr\u00ean th\u1ebf gi\u1edbi.<\/strong><\/h3>\n<h2><strong><a href=\"https:\/\/chongsettoanquoc.com\/wp-content\/uploads\/2020\/04\/83119922_1155489094621309_800912728125341696_n.jpg\"><img loading=\"lazy\" class=\"wp-image-1838 aligncenter lazy-loaded\" src=\"https:\/\/chongsettoanquoc.com\/wp-content\/uploads\/2020\/04\/83119922_1155489094621309_800912728125341696_n.jpg\" alt=\"\" width=\"434\" height=\"245\" data-lazy-type=\"image\" data-src=\"https:\/\/chongsettoanquoc.com\/wp-content\/uploads\/2020\/04\/83119922_1155489094621309_800912728125341696_n.jpg\" \/><\/a>\u00a0<\/strong><a href=\"https:\/\/chongsettoanquoc.com\/wp-content\/uploads\/2020\/04\/71307242_2488669361361478_512108656012034048_n.jpg\"><img loading=\"lazy\" class=\"wp-image-1839 aligncenter lazy-loaded\" src=\"https:\/\/chongsettoanquoc.com\/wp-content\/uploads\/2020\/04\/71307242_2488669361361478_512108656012034048_n.jpg\" alt=\"\" width=\"441\" height=\"590\" data-lazy-type=\"image\" data-src=\"https:\/\/chongsettoanquoc.com\/wp-content\/uploads\/2020\/04\/71307242_2488669361361478_512108656012034048_n.jpg\" \/><\/a><\/h2>\n<p>&nbsp;<\/p>\n<p><a href=\"https:\/\/chongsettoanquoc.com\/wp-content\/uploads\/2020\/04\/70380394_2488669281361486_2858164580729749504_n.jpg\"><img loading=\"lazy\" class=\"wp-image-1841 aligncenter lazy-loaded\" src=\"https:\/\/chongsettoanquoc.com\/wp-content\/uploads\/2020\/04\/70380394_2488669281361486_2858164580729749504_n.jpg\" alt=\"\" width=\"433\" height=\"577\" data-lazy-type=\"image\" data-src=\"https:\/\/chongsettoanquoc.com\/wp-content\/uploads\/2020\/04\/70380394_2488669281361486_2858164580729749504_n.jpg\" \/><\/a><\/p>\n<p><a href=\"https:\/\/chongsettoanquoc.com\/wp-content\/uploads\/2020\/04\/70351810_2488669244694823_5247642495961006080_n.jpg\"><img loading=\"lazy\" class=\"wp-image-1842 aligncenter lazy-loaded\" src=\"https:\/\/chongsettoanquoc.com\/wp-content\/uploads\/2020\/04\/70351810_2488669244694823_5247642495961006080_n.jpg\" alt=\"\" width=\"437\" height=\"583\" data-lazy-type=\"image\" data-src=\"https:\/\/chongsettoanquoc.com\/wp-content\/uploads\/2020\/04\/70351810_2488669244694823_5247642495961006080_n.jpg\" \/><\/a><\/p>\n<p>&nbsp;<\/p>\n","protected":false},"excerpt":{"rendered":"<h4>KIM THU S\u00c9T NIMBUS<\/h4>\n<p>xu\u1ea5t s\u1ee9: T\u00e2y Ban Nha<\/p>\n<p><strong>Hotline:\u00a0<\/strong>0353.577.766<br \/>\n<strong>Email:<\/strong>\u00a0vnmax2@gmail.com<br \/>\n<strong>Website:<\/strong>\u00a0thicongchongset.com.vn<\/p>\n","protected":false},"featured_media":2019,"comment_status":"open","ping_status":"closed","template":"","meta":{"om_disable_all_campaigns":false,"_mi_skip_tracking":false},"aioseo_notices":[],"_links":{"self":[{"href":"https:\/\/chongsetbacgiang.com\/index.php?rest_route=\/wp\/v2\/product\/2018"}],"collection":[{"href":"https:\/\/chongsetbacgiang.com\/index.php?rest_route=\/wp\/v2\/product"}],"about":[{"href":"https:\/\/chongsetbacgiang.com\/index.php?rest_route=\/wp\/v2\/types\/product"}],"replies":[{"embeddable":true,"href":"https:\/\/chongsetbacgiang.com\/index.php?rest_route=%2Fwp%2Fv2%2Fcomments&post=2018"}],"wp:featuredmedia":[{"embeddable":true,"href":"https:\/\/chongsetbacgiang.com\/index.php?rest_route=\/wp\/v2\/media\/2019"}],"wp:attachment":[{"href":"https:\/\/chongsetbacgiang.com\/index.php?rest_route=%2Fwp%2Fv2%2Fmedia&parent=2018"}],"curies":[{"name":"wp","href":"https:\/\/api.w.org\/{rel}","templated":true}]}}