{"id":2014,"date":"2021-02-14T00:14:49","date_gmt":"2021-02-14T00:14:49","guid":{"rendered":"https:\/\/thicongchongset.com.vn\/?post_type=product&#038;p=2014"},"modified":"2023-04-28T02:22:59","modified_gmt":"2023-04-28T02:22:59","slug":"kim-thu-set-set-vn-8587","status":"publish","type":"product","link":"https:\/\/chongsetbacgiang.com\/?product=kim-thu-set-set-vn-8587","title":{"rendered":"KIM THU S\u00c9T SET VN-8587"},"content":{"rendered":"<p id=\"7e79\" class=\"fe ff dc bk fg b fh fi fj fk fl fm fn fo fp fq fr\" data-selectable-paragraph=\"\"><strong>KIM THU S\u00c9T VI\u1ec6T NAM<\/strong><\/p>\n<p data-selectable-paragraph=\"\"><strong>Ch\u1ed1ng s\u00e9t b\u00ecnh an chuy\u00ean nh\u1eadp kh\u1ea9u s\u1ea3n xu\u1ea5t v\u00e0 gia c\u00f4ng c\u00e1c lo\u1ea1i kim thu s\u00e9t tia ti\u00ean \u0111\u1ea1o, kim thu s\u00e9t c\u1ed5 \u0111i\u1ec3n, kim thu s\u00e9t \u0111\u1ed3ng, kim thu s\u00e9t m\u1ea1 \u0111\u1ed3ng, kim thu s\u00e9t m\u1ea1 k\u1ebdm :<\/strong><\/p>\n<ul>\n<li>Kim thu s\u00e9t \u0111\u1ed3ng v\u00e0ng D14, D16, chi\u1ec1u d\u00e0i 0.8m 1m 1.2m<\/li>\n<li>Kim thu s\u00e9t m\u1ea1 k\u1ebdm\u00a0 D14, D16, chi\u1ec1u d\u00e0i 0.8m 1m 1.2m<\/li>\n<li>Kim thu s\u00e9t m\u1ea1 \u0111\u1ed3ng D14, D16, chi\u1ec1u d\u00e0i 0.8m 1m 1.2m<\/li>\n<li>Ch\u00e2n \u0111\u1ebf ti\u1ec7n ren b\u1eaft kim thu s\u00e9t c\u00e1c lo\u1ea1i<\/li>\n<li><img loading=\"lazy\" class=\"alignnone size-medium wp-image-2015\" src=\"https:\/\/thicongchongset.com.vn\/wp-content\/uploads\/2021\/02\/79090377_2564835383744875_6398281637766889472_n-1-300x400.jpg\" alt=\"\" width=\"300\" height=\"400\" srcset=\"https:\/\/chongsetbacgiang.com\/wp-content\/uploads\/2021\/02\/79090377_2564835383744875_6398281637766889472_n-1-300x400.jpg 300w, https:\/\/chongsetbacgiang.com\/wp-content\/uploads\/2021\/02\/79090377_2564835383744875_6398281637766889472_n-1-600x800.jpg 600w, https:\/\/chongsetbacgiang.com\/wp-content\/uploads\/2021\/02\/79090377_2564835383744875_6398281637766889472_n-1.jpg 720w\" sizes=\"(max-width: 300px) 100vw, 300px\" \/><img loading=\"lazy\" class=\"alignnone size-medium wp-image-2016\" src=\"https:\/\/thicongchongset.com.vn\/wp-content\/uploads\/2021\/02\/kim_thu_set_bn-502x400.jpg\" alt=\"\" width=\"502\" height=\"400\" srcset=\"https:\/\/chongsetbacgiang.com\/wp-content\/uploads\/2021\/02\/kim_thu_set_bn-502x400.jpg 502w, https:\/\/chongsetbacgiang.com\/wp-content\/uploads\/2021\/02\/kim_thu_set_bn.jpg 600w\" sizes=\"(max-width: 502px) 100vw, 502px\" \/><\/li>\n<\/ul>\n<p data-selectable-paragraph=\"\"><a href=\"https:\/\/chongsettoanquoc.com\/wp-content\/uploads\/2019\/12\/84859103_2626308480930898_1655871864414666752_n.jpg\">\u00a0<\/a><a href=\"https:\/\/chongsettoanquoc.com\/wp-content\/uploads\/2019\/12\/78262138_2570539043174509_2346635285741174784_n-1.jpg\"><img loading=\"lazy\" class=\"alignnone wp-image-1707 lazy-loaded\" src=\"https:\/\/chongsettoanquoc.com\/wp-content\/uploads\/2019\/12\/78262138_2570539043174509_2346635285741174784_n-1-225x300.jpg\" alt=\"\" width=\"233\" height=\"311\" data-lazy-type=\"image\" data-src=\"https:\/\/chongsettoanquoc.com\/wp-content\/uploads\/2019\/12\/78262138_2570539043174509_2346635285741174784_n-1-225x300.jpg\" \/><\/a><a href=\"https:\/\/chongsettoanquoc.com\/wp-content\/uploads\/2019\/12\/84859103_2626308480930898_1655871864414666752_n.jpg\">\u00a0 \u00a0 \u00a0 \u00a0<\/a><a href=\"https:\/\/chongsettoanquoc.com\/wp-content\/uploads\/2019\/12\/84859103_2626308480930898_1655871864414666752_n-1.jpg\"><img loading=\"lazy\" class=\"alignnone wp-image-1739 lazy-loaded\" src=\"https:\/\/chongsettoanquoc.com\/wp-content\/uploads\/2019\/12\/84859103_2626308480930898_1655871864414666752_n-1.jpg\" alt=\"\" width=\"233\" height=\"310\" data-lazy-type=\"image\" data-src=\"https:\/\/chongsettoanquoc.com\/wp-content\/uploads\/2019\/12\/84859103_2626308480930898_1655871864414666752_n-1.jpg\" \/><img loading=\"lazy\" class=\"alignnone size-medium wp-image-2017\" src=\"https:\/\/thicongchongset.com.vn\/wp-content\/uploads\/2021\/02\/89461906_2655661684662244_4633984852973060096_n-1-300x400.jpg\" alt=\"\" width=\"300\" height=\"400\" srcset=\"https:\/\/chongsetbacgiang.com\/wp-content\/uploads\/2021\/02\/89461906_2655661684662244_4633984852973060096_n-1-300x400.jpg 300w, https:\/\/chongsetbacgiang.com\/wp-content\/uploads\/2021\/02\/89461906_2655661684662244_4633984852973060096_n-1-600x800.jpg 600w, https:\/\/chongsetbacgiang.com\/wp-content\/uploads\/2021\/02\/89461906_2655661684662244_4633984852973060096_n-1.jpg 720w\" sizes=\"(max-width: 300px) 100vw, 300px\" \/><\/a><\/p>\n<p data-selectable-paragraph=\"\"><a href=\"https:\/\/chongsettoanquoc.com\/wp-content\/uploads\/2019\/12\/84859103_2626308480930898_1655871864414666752_n.jpg\">\u00a0<\/a><a href=\"https:\/\/chongsettoanquoc.com\/wp-content\/uploads\/2019\/12\/90479417_2668173206744425_6719077993555165184_n.jpg\"><img loading=\"lazy\" class=\"alignnone wp-image-1814 lazy-loaded\" src=\"https:\/\/chongsettoanquoc.com\/wp-content\/uploads\/2019\/12\/90479417_2668173206744425_6719077993555165184_n.jpg\" alt=\"\" width=\"231\" height=\"307\" data-lazy-type=\"image\" data-src=\"https:\/\/chongsettoanquoc.com\/wp-content\/uploads\/2019\/12\/90479417_2668173206744425_6719077993555165184_n.jpg\" \/>\u00a0 \u00a0 \u00a0 \u00a0\u00a0<\/a><\/p>\n<p>Kim thu l\u00f4i c\u1ed5 \u0111i\u1ec3n ho\u1ea1t \u0111\u1ed9ng theo c\u01a1 ch\u1ebf \u0111\u1ea7u m\u0169i nh\u1ecdn c\u1ee7a Franklin. Theo \u0111\u00f3 n\u0103ng l\u01b0\u1ee3ng s\u00e9t s\u1ebd \u0111\u00e1nh v\u00e0o c\u00e1c \u0111\u1ea7u nh\u1ecdn cao n\u01a1i t\u1eadp trung nhi\u1ec1u t\u1eeb tr\u01b0\u1eddng. Sau \u0111\u00f3 \u0111i\u1ec7n n\u0103ng s\u1ebd \u0111\u01b0\u1ee3c truy\u1ec1n qua c\u00e1c thi\u1ebft b\u1ecb d\u1eabn. V\u00e0 \u0111\u01b0\u1ee3c ph\u00e2n t\u00e1n an to\u00e0n b\u1edfi b\u1ed9 ph\u1eadn ti\u1ebfp \u0111\u1ecba.<\/p>\n<p>C\u00e1c \u0111\u1ea7u kim thu s\u00e9t c\u1ed5 \u0111i\u1ec3n th\u01b0\u1eddng \u0111\u01b0\u1ee3c l\u00e0m b\u1eb1ng \u0111\u1ed3ng- ch\u1ea5t li\u1ec7u d\u1eabn \u0111i\u1ec7n t\u1ed1t. Ngo\u00e0i ra \u0111\u1ec3 ch\u1ed1ng han g\u1ec9, hi\u1ec7n nay, ng\u01b0\u1eddi ta c\u00f2n d\u00f9ng ch\u1ea5t li\u1ec7u kh\u00e1c nh\u01b0 m\u1ea1 k\u1ebdm hay inox,\u2026 Do v\u1eady b\u00e1o gi\u00e1 kim thu s\u00e9t c\u0169ng kh\u00e1c nhau theo v\u1eadt li\u1ec7u.<\/p>\n<p>Kim thu s\u00e9t c\u1ed5 \u0111i\u1ec3n c\u00f3 c\u1ea5u t\u1ea1o \u0111\u01a1n gi\u1ea3n. H\u00ecnh d\u00e1ng ban \u0111\u1ea7u ch\u1ec9 l\u00e0 m\u1ed9t thanh kim d\u00e0i kho\u1ea3ng 1m. B\u1edfi v\u1eady b\u00e1n k\u00ednh b\u1ea3o v\u1ec7 c\u1ee7a lo\u1ea1i kim n\u00e0y kh\u00e1 th\u1ea5p. Ch\u1ec9 xoay quanh v\u1ecb tr\u00ed l\u1eafp \u0111\u1eb7t. \u0110\u00f3 l\u00e0 l\u00fd do tr\u01b0\u1edbc kia \u0111\u1ec3 t\u0103ng t\u00ednh hi\u1ec7u qu\u1ea3, ng\u01b0\u1eddi ta th\u01b0\u1eddng ph\u1ea3i tr\u1ea3i \u0111\u1ec1u nhi\u1ec1u \u0111\u1ea7u kim thu l\u00f4i tr\u00ean m\u00e1i nh\u00e0.<\/p>\n<p>V\u1ec1 sau, s\u1ea3n ph\u1ea9m n\u00e0y \u0111\u00e3 c\u00f3 s\u1ef1 c\u1ea3i ti\u1ebfn. C\u00e1c h\u00e3ng s\u1ea3n xu\u1ea5t cho ra \u0111\u1eddi m\u1eabu kim thu s\u00e9t c\u1ed5 \u0111i\u1ec3n \u0111a \u0111i\u1ec3m. T\u1ee9c l\u00e0 ngo\u00e0i m\u1ed9t m\u0169i kim ch\u00ednh, xung quanh s\u1ebd thi\u1ebft k\u1ebf th\u00eam c\u00e1c m\u0169i kim mini, t\u1ecfa \u0111\u1ec1u d\u01b0\u1edbi th\u00e2n kim.<\/p>\n<p>V\u1edbi thi\u1ebft k\u1ebf \u0111\u01a1n gi\u1ea3n v\u00e0 hi\u1ec7u qu\u1ea3 s\u1eed d\u1ee5ng h\u1ea1n ch\u1ebf, b\u00e1o gi\u00e1 kim thu s\u00e9t c\u1ed5 \u0111i\u1ec3n th\u1ea5p h\u01a1n kim thu s\u00e9t hi\u1ec7n \u0111\u1ea1i. Tuy nhi\u00ean h\u1ec7 th\u1ed1ng d\u1eabn s\u00e9t v\u00e0 ti\u1ebfp \u0111\u1ecba kh\u00e1 ph\u1ee9c t\u1ea1p c\u00f3 th\u1ec3 \u0111\u1ed9n gi\u00e1 th\u00e0nh l\u1eafp \u0111\u1eb7t l\u00ean cao.<\/p>\n<p class=\"fe ff dc bk fg b fh fi fj fk fl fm fn fo fp fq fr\" data-selectable-paragraph=\"\">M\u1ed9t h\u1ec7 th\u1ed1ng ch\u1ed1ng s\u00e9t c\u1ed5 \u0111i\u1ec3n ho\u00e0n ch\u1ec9nh g\u1ed3m : kim thu s\u00e9t c\u1ed5 \u0111i\u1ec3n,d\u00e2y d\u1eabn s\u00e9t; h\u1ed9p ki\u1ec3m tra \u0111i\u1ec7n tr\u1edf v\u00e0 c\u1ecdc ti\u1ebfp \u0111\u1ecba ch\u1ed1ng s\u00e9t. Trong \u0111\u00f3, kim thu s\u00e9t \u0111\u01b0\u1ee3c bi\u1ebft \u0111\u1ebfn l\u00e0 b\u1ed9 ph\u1eadn quan tr\u1ecdng nh\u1ea5t, \u0111\u01b0\u1ee3c \u0111\u1eb7t t\u1ea1i v\u1ecb tr\u00ed cao nh\u1ea5t c\u1ee7a c\u00f4ng tr\u00ecnh.<\/p>\n<p id=\"4e6f\" class=\"fe ff dc bk fg b fh fi fj fk fl fm fn fo fp fq fr\" data-selectable-paragraph=\"\">Trong m\u1ed9t s\u1ed1 tr\u01b0\u1eddng h\u1ee3p, vi\u1ec7c l\u1eafp \u0111\u1eb7t kim ch\u1ed1ng s\u00e9t c\u00f2n tr\u1edf n\u00ean b\u1eaft bu\u1ed9c. \u0110\u00f3 l\u00e0 \u1edf nh\u1eefng n\u01a1i t\u1eadp trung \u0111\u00f4ng ng\u01b0\u1eddi: b\u1ec7nh vi\u1ec7n, tr\u01b0\u1eddng h\u1ecdc, ch\u1ee3, c\u01a1 s\u1edf l\u00e0m vi\u1ec7c. C\u0169ng c\u00f3 th\u1ec3 l\u00e0 c\u00e1c c\u00f4ng tr\u00ecnh c\u00f4ng c\u1ed9ng \u0111\u1eb7c bi\u1ec7t, c\u00e1c khu di t\u00edch, khu tham quan. V\u00e0 t\u1ea5t nhi\u00ean \u1edf khu v\u1ef1c th\u01b0\u1eddng xuy\u00ean x\u1ea3y ra s\u00e9t \u0111\u00e1nh th\u00ec vi\u1ec7c s\u1eed d\u1ee5ng v\u00e0 l\u1eafp \u0111\u1eb7t kim ch\u1ed1ng s\u00e9t l\u00e0 tuy\u1ec7t \u0111\u1ed1i kh\u00f4ng th\u1ec3 thi\u1ebfu.<\/p>\n<p id=\"4166\" class=\"fe ff dc bk fg b fh fi fj fk fl fm fn fo fp fq fr\" data-selectable-paragraph=\"\"><a title=\"m\u1ecdi th\u00f4ng tin chi ti\u1ebft vui l\u00f2ng li\u00ean h\u1ec7 v\u1edbi ch\u00fang t\u00f4i \u0111\u1ec3 \u0111\u01b0\u1ee3c h\u1ed5 tr\u1ee3\" href=\"https:\/\/chongsettoanquoc.com\/lien-he\/\"><strong class=\"fg fs\"><em class=\"hk\">M\u1ecdi th\u00f4ng tin chi ti\u1ebft xin vui l\u00f2ng li\u00ean l\u1ea1c v\u1edbi ch\u00fang t\u00f4i \u0111\u1ec3 nh\u1eadn h\u1ed7 tr\u1ee3.<\/em><\/strong><\/a><\/p>\n","protected":false},"excerpt":{"rendered":"<h4>KIM THU S\u00c9T VI\u1ec6T NAM<\/h4>\n<p>xu\u1ea5t s\u1ee9: Vi\u00eat Nam<\/p>\n<p><strong>Hotline:\u00a0<\/strong>0353.577.766<br \/>\n<strong>Email:<\/strong>\u00a0vnmax2@gmail.com<br \/>\n<strong>Website:<\/strong>\u00a0thicongchongset.com.vn<\/p>\n","protected":false},"featured_media":2017,"comment_status":"open","ping_status":"closed","template":"","meta":{"om_disable_all_campaigns":false,"_mi_skip_tracking":false},"aioseo_notices":[],"_links":{"self":[{"href":"https:\/\/chongsetbacgiang.com\/index.php?rest_route=\/wp\/v2\/product\/2014"}],"collection":[{"href":"https:\/\/chongsetbacgiang.com\/index.php?rest_route=\/wp\/v2\/product"}],"about":[{"href":"https:\/\/chongsetbacgiang.com\/index.php?rest_route=\/wp\/v2\/types\/product"}],"replies":[{"embeddable":true,"href":"https:\/\/chongsetbacgiang.com\/index.php?rest_route=%2Fwp%2Fv2%2Fcomments&post=2014"}],"wp:featuredmedia":[{"embeddable":true,"href":"https:\/\/chongsetbacgiang.com\/index.php?rest_route=\/wp\/v2\/media\/2017"}],"wp:attachment":[{"href":"https:\/\/chongsetbacgiang.com\/index.php?rest_route=%2Fwp%2Fv2%2Fmedia&parent=2014"}],"curies":[{"name":"wp","href":"https:\/\/api.w.org\/{rel}","templated":true}]}}