{"id":2011,"date":"2021-02-13T23:52:47","date_gmt":"2021-02-13T23:52:47","guid":{"rendered":"https:\/\/thicongchongset.com.vn\/?post_type=product&#038;p=2011"},"modified":"2023-04-28T02:23:17","modified_gmt":"2023-04-28T02:23:17","slug":"kim-thu-set-stormaster","status":"publish","type":"product","link":"https:\/\/chongsetbacgiang.com\/?product=kim-thu-set-stormaster","title":{"rendered":"KIM THU S\u00c9T STORMASTER"},"content":{"rendered":"<h2><strong>KIM THU S\u00c9T STORMASTER H\u00c3NG LPI<\/strong><\/h2>\n<p>Ph\u1ea1m vi s\u1ea3n ph\u1ea9m c\u1ee7a LPI \u0111\u01b0\u1ee3c thi\u1ebft k\u1ebf v\u00e0 s\u1ea3n xu\u1ea5t \u0111\u1ec3 \u0111\u00e1p \u1ee9ng\u00a0 tu\u00e2n th\u1ee7 c\u00e1c ti\u00eau chu\u1ea9n kim thu s\u00e9t\u00a0 qu\u1ed1c t\u1ebf. bao g\u1ed3m: UL, IEC, NF C 17-102 (2011), IEEE v\u00e0 AS \/ NZS 1768-2007.<\/p>\n<p>B\u1ea0N H\u00c3Y G\u1eccI : 0971.763.554.\u00a0 \u0110\u1ec2 NH\u1eacN B\u00c1O GI\u00c1 NGAY<\/p>\n<ul>\n<li>Stormaster ESE 15\u00a0 b\u00e1n k\u00ednh b\u1ea3o v\u1ec7 c\u1ea5p 3 l\u00e0 51 m\u00e9t<\/li>\n<li>Stormaster ESE 30, b\u00e1n k\u00ednh b\u1ea3o v\u1ec7 c\u1ea5p 3 l\u00e0 71 m\u00e9t<\/li>\n<li>Stormaster ESE 50, b\u00e1n k\u00ednh b\u1ea3o v\u1ec7 c\u1ea5p 3 l\u00e0 95 m\u00e9t<\/li>\n<li>Stormaster ESE 60, b\u00e1n k\u00ednh b\u1ea3o v\u1ec7 c\u1ea5p 3 l\u00e0 107 m\u00e9t<\/li>\n<li>B\u1ed9 \u0111\u1ebfm s\u00e9t LSR-2<\/li>\n<li>Catalogue\u00a0 kim thu s\u00e9t stomater<\/li>\n<li><a href=\"https:\/\/chongsettoanquoc.com\/wp-content\/uploads\/2017\/11\/ticgr1517888612.jpg\"><img loading=\"lazy\" class=\"wp-image-1330 aligncenter lazy-loaded\" src=\"https:\/\/chongsettoanquoc.com\/wp-content\/uploads\/2017\/11\/ticgr1517888612.jpg\" alt=\"\" width=\"479\" height=\"270\" data-lazy-type=\"image\" data-src=\"https:\/\/chongsettoanquoc.com\/wp-content\/uploads\/2017\/11\/ticgr1517888612.jpg\" \/><\/a><\/li>\n<li><\/li>\n<li><a href=\"https:\/\/chongsettoanquoc.com\/wp-content\/uploads\/2017\/11\/78801328_2563056490589431_5395690890532487168_n.jpg\"><img loading=\"lazy\" class=\"wp-image-1333 aligncenter lazy-loaded\" src=\"https:\/\/chongsettoanquoc.com\/wp-content\/uploads\/2017\/11\/78801328_2563056490589431_5395690890532487168_n.jpg\" alt=\"\" width=\"473\" height=\"631\" data-lazy-type=\"image\" data-src=\"https:\/\/chongsettoanquoc.com\/wp-content\/uploads\/2017\/11\/78801328_2563056490589431_5395690890532487168_n.jpg\" \/><\/a><\/li>\n<li><\/li>\n<li><\/li>\n<li><\/li>\n<\/ul>\n<h3><strong>NGUY\u00caN L\u00dd HO\u1ea0T \u0110\u1ed8NG<\/strong><\/h3>\n<div>S\u1eed d\u1ee5ng \u0111i\u1ec7n tr\u01b0\u1eddng t\u1ef1 nhi\u00ean xu\u1ea5t hi\u1ec7n gi\u1eefa kim thu s\u00e9t v\u00e0 \u0111\u00e1m m\u00e2y mang \u0111i\u1ec7n t\u00edch \u0111\u1ec3 t\u1ea1o ra m\u1ed9t d\u00f2ng ion ph\u00f3ng ng\u01b0\u1ee3c chi\u1ec1u v\u1edbi tia s\u00e9t v\u00e0o th\u1eddi \u0111i\u1ec3m th\u00edch h\u1ee3p. Ph\u01b0\u01a1ng ph\u00e1p n\u00e0y t\u1ea1o s\u1ef1 an to\u00e0n v\u00e0 hi\u1ec7u qu\u1ea3 \u0111\u1ec3 \u0111i\u1ec1u khi\u1ec3n thu n\u0103ng l\u01b0\u1ee3ng s\u00e9t v\u00e0o m\u1ed9t \u0111i\u1ec3m th\u00edch h\u1ee3p.<\/div>\n<div><\/div>\n<div>Khi \u0111i\u1ec7n tr\u01b0\u1eddng t\u1eadp trung xung quanh kim thu s\u00e9t Stormaster ESE \u0111\u1ebfn g\u1ea7n khu v\u1ef1c \u0111\u01b0\u1ee3c b\u1ea3o v\u1ec7 th\u00ec m\u1ee9c \u0111i\u1ec7n th\u1ebf c\u1ee7a n\u00f3 s\u1ebd t\u0103ng r\u1ea5t nhanh, \u0111i\u1ec1u n\u00e0y l\u00e0m sinh ra m\u1ed9t d\u00f2ng ion ph\u00f3ng ng\u01b0\u1ee3c t\u1eeb kim thu s\u00e9t l\u00ean. S\u1ef1 xu\u1ea5t hi\u1ec7n s\u1edbm c\u1ee7a d\u00f2ng ion t\u1ea1o th\u00e0nh \u0111\u01b0\u1eddng d\u1eabn n\u0103ng l\u01b0\u1ee3ng s\u00e9t v\u00e0o v\u1ecb tr\u00ed th\u00edch h\u1ee3p v\u00e0 kh\u1ea3 n\u0103ng b\u1ea3o v\u1ec7 khu v\u1ef1c ch\u1ed1ng s\u00e9t s\u1ebd t\u1ed1t h\u01a1n so v\u1edbi lo\u1ea1i kim thu s\u00e9t th\u00f4ng th\u01b0\u1eddng.<\/div>\n<div><\/div>\n<div>V\u1edbi vi\u1ec7c t\u1ea1o ra tia ti\u00ean \u0111\u1ea1o h\u01b0\u1edbng l\u00ean t\u1eeb \u0111\u1ec9nh kim s\u1edbm h\u01a1n c\u00e1c \u0111i\u1ec3m kh\u00e1c, kim thu Stormaster ESE tr\u1edf th\u00e0nh \u0111i\u1ec3m \u0111\u01b0\u1ee3c \u01b0u ti\u00ean cho vi\u1ec7c thu h\u00fat s\u00e9t trong khu v\u1ef1c \u0111\u01b0\u1ee3c b\u1ea3o v\u1ec7.<\/div>\n<div><\/div>\n<div><\/div>\n<p>&nbsp;<\/p>\n<p><a href=\"https:\/\/chongsettoanquoc.com\/wp-content\/uploads\/2017\/11\/Stormaster-V7-1.jpg\"><img loading=\"lazy\" class=\"aligncenter wp-image-1327 lazy-loaded\" src=\"https:\/\/chongsettoanquoc.com\/wp-content\/uploads\/2017\/11\/Stormaster-V7-1.jpg\" alt=\"\" width=\"800\" height=\"1035\" data-lazy-type=\"image\" data-src=\"https:\/\/chongsettoanquoc.com\/wp-content\/uploads\/2017\/11\/Stormaster-V7-1.jpg\" \/><\/a><a href=\"https:\/\/chongsettoanquoc.com\/wp-content\/uploads\/2017\/11\/Stormaster-V7.jpg\"><img loading=\"lazy\" class=\"aligncenter wp-image-1328 lazy-loaded\" src=\"https:\/\/chongsettoanquoc.com\/wp-content\/uploads\/2017\/11\/Stormaster-V7.jpg\" alt=\"\" width=\"800\" height=\"1035\" data-lazy-type=\"image\" data-src=\"https:\/\/chongsettoanquoc.com\/wp-content\/uploads\/2017\/11\/Stormaster-V7.jpg\" \/><\/a><\/p>\n<p>\u2022 \u0110\u01b0\u1ee3c ch\u1ebf t\u1ea1o b\u1eb1ng c\u00e1c v\u1eadt li\u1ec7u kh\u00f4ng b\u1ecb \u0103n m\u00f2n.<\/p>\n<p>\u2022 Kh\u00f4ng c\u1ea7n ngu\u1ed3n c\u1ea5p \u0111i\u1ec7n b\u00ean ngo\u00e0i.<\/p>\n<p>\u2022\u00a0\u0110\u01b0\u1ee3c s\u1eed d\u1ee5ng tr\u00ean 20 qu\u1ed1c gia v\u00e0 v\u00f9ng l\u00e3nh th\u1ed5.<\/p>\n<p>\u2022\u00a0V\u1eadt li\u1ec7u: Anodised Aluminium (Nh\u00f4m ch\u1ea5t l\u01b0\u1ee3ng cao).<\/p>\n<p>V\u1edbi b\u00e1n k\u00ednh b\u1ea3o v\u1ec7 l\u1edbn m\u00e0u s\u1eafc \u0111\u1eb9p\u00a0<strong>kim thu s\u00e9t stormaster<\/strong>\u00a0\u0111\u01b0\u1ee3c \u1ee9ng d\u1ee5ng ch\u1ee7 y\u1ebfu cho c\u00e1c c\u00f4ng tr\u00ecnh theo h\u01b0\u1edbng l\u00e2u \u0111\u00e0i t\u00e2n c\u1ed5 \u0111i\u1ec3n\u00a0 Nh\u00e0 x\u01b0\u1edfng s\u1ea3n xu\u1ea5t, s\u00e2n Golf, Khu vui ch\u01a1i gi\u1ea3i tr\u00ed c\u00f4ng c\u1ed9ng, Nh\u00e0 bi\u1ec7t th\u1ef1 s\u00e2n v\u01b0\u1eddn, \u2026<\/p>\n<h3><strong>H\u00ecnh \u1ea3nh thi c\u00f4ng kim thu s\u00e9t STORMASTER\u00a0<\/strong><\/h3>\n","protected":false},"excerpt":{"rendered":"<h4>KIM THU S\u00c9T STORMASTER<\/h4>\n<p>xu\u1ea5t s\u1ee9: \u00dac<\/p>\n<p><strong>Hotline:\u00a0<\/strong>0353.577.766<br \/>\n<strong>Email:<\/strong>\u00a0vnmax2@gmail.com<br \/>\n<strong>Website:<\/strong>\u00a0thicongchongset.com.vn<\/p>\n","protected":false},"featured_media":2012,"comment_status":"open","ping_status":"closed","template":"","meta":{"om_disable_all_campaigns":false,"_mi_skip_tracking":false},"aioseo_notices":[],"_links":{"self":[{"href":"https:\/\/chongsetbacgiang.com\/index.php?rest_route=\/wp\/v2\/product\/2011"}],"collection":[{"href":"https:\/\/chongsetbacgiang.com\/index.php?rest_route=\/wp\/v2\/product"}],"about":[{"href":"https:\/\/chongsetbacgiang.com\/index.php?rest_route=\/wp\/v2\/types\/product"}],"replies":[{"embeddable":true,"href":"https:\/\/chongsetbacgiang.com\/index.php?rest_route=%2Fwp%2Fv2%2Fcomments&post=2011"}],"wp:featuredmedia":[{"embeddable":true,"href":"https:\/\/chongsetbacgiang.com\/index.php?rest_route=\/wp\/v2\/media\/2012"}],"wp:attachment":[{"href":"https:\/\/chongsetbacgiang.com\/index.php?rest_route=%2Fwp%2Fv2%2Fmedia&parent=2011"}],"curies":[{"name":"wp","href":"https:\/\/api.w.org\/{rel}","templated":true}]}}