{"id":2009,"date":"2021-02-13T23:45:00","date_gmt":"2021-02-13T23:45:00","guid":{"rendered":"https:\/\/thicongchongset.com.vn\/?post_type=product&#038;p=2009"},"modified":"2023-12-06T13:08:03","modified_gmt":"2023-12-06T13:08:03","slug":"kim-thu-set-ingesco","status":"publish","type":"product","link":"https:\/\/chongsetbacgiang.com\/?product=kim-thu-set-ingesco","title":{"rendered":"KIM THU S\u00c9T INGESCO"},"content":{"rendered":"<div class=\"category_description\">\n<p><a title=\"KIM THU S\u00c9T INGESCO\" href=\"https:\/\/chongsettoanquoc.com\/wp-content\/uploads\/2019\/12\/giu1548650871.png\"><img loading=\"lazy\" class=\"wp-image-1344 size-full aligncenter lazy-loaded\" src=\"https:\/\/chongsettoanquoc.com\/wp-content\/uploads\/2019\/12\/giu1548650871.png\" alt=\"\" width=\"760\" height=\"545\" data-lazy-type=\"image\" data-src=\"https:\/\/chongsettoanquoc.com\/wp-content\/uploads\/2019\/12\/giu1548650871.png\" \/><\/a><\/p>\n<p>Chuy\u00ean cung c\u1ea5p c\u00e1c lo\u1ea1i kim thu s\u00e9t v\u1edbi nhi\u1ec1u c\u01b0\u1eddng \u0111\u1ed9 v\u00e0 kho\u1ea3ng c\u00e1ch, \u0111i\u1ec3n h\u00ecnh l\u00e0 nh\u1eefng m\u00e3 h\u00e0ng PDC 3.3, PDC 4.3, PDC 5.3,PDC-E45, CDR-1,\u2026<\/p>\n<h2><strong>KIM THU S\u00c9T PH\u00d3NG TIA TI\u00caN \u0110\u1ea0O TH\u1ebe H\u1ec6 M\u1edaI C\u1ee6A H\u00c3NG INGESCO T\u00c2Y BAN NHA<\/strong><\/h2>\n<p>Kim thu s\u00e9t INGESCO xu\u1ea5t hi\u1ec7n tr\u00ean th\u1ecb tr\u01b0\u1eddng t\u1eeb n\u0103m1984, l\u00e0 k\u1ebft qu\u1ea3 c\u1ee7a vi\u1ec7c nghi\u00ean c\u1ee9u \u0111\u01b0\u1ee3c ti\u1ebfn h\u1ea3nh b\u1edfi c\u00e1c chuy\u00ean gia chuy\u00ean ng\u00e0nh v\u00e0 th\u1ef1c hi\u1ec7n t\u1ea1i c\u00e1c ph\u00f2ng th\u00ed nghi\u1ec7m c\u1ee7a ch\u00ednh ph\u1ee7. T\u00ednh n\u0103ng \u0111\u1eb7c bi\u1ec7t c\u1ee7a kim thu s\u00e9t ingesco( INGESCO AIR TERMINAL) l\u00e0 t\u1ea1o m\u1ed9t l\u01b0\u1ee3ng \u0111i\u1ec7n t\u00edch c\u00f3 h\u01b0\u1edbng v\u00e0 c\u00f3 c\u01b0\u1eddng \u0111\u1ed9 m\u1ea1nh s\u1edbm h\u01a1n so v\u1edbi c\u00e1c h\u1ec7 th\u1ed1ng th\u00f4ng th\u01b0\u1eddng.<\/p>\n<h3><strong>KIM THU S\u00c9T INGESCO HO\u1ea0T \u0110\u1ed8NG NH\u01af TH\u1ebe N\u00c0O?<\/strong><\/h3>\n<p>Hi\u1ec7n t\u01b0\u1ee3ng t\u1ef1 nhi\u00ean khi c\u00e1c \u0111\u00e1m m\u00e2y mang \u0111i\u1ec7n t\u00edch t\u1edbi h\u00ecnh th\u00e0nh c\u00e1c \u0111\u01b0\u1eddng d\u1eabn s\u00e9t v\u1ec1 ph\u00eda m\u1eb7t \u0111\u1ea5t. \u0110\u1ea7u kim thu s\u00e9t ingesco t\u1ea1o n\u00ean m\u1ed9t s\u1ef1 sai bi\u1ec7t v\u1ec1 \u0111i\u1ec7n th\u1ebf gi\u1eefa \u0111\u1ea7u kim v\u00e0 \u0111\u00e1m m\u00e2y, t\u1eeb \u0111\u00f3 t\u1ea1o ra m\u1ed9t \u0111\u01b0\u1eddng d\u1eabn tia ti\u00ean \u0111\u1ea1o ph\u00e1t x\u1ea1 s\u1edbm t\u1eeb \u0111\u00e1m m\u00e2y v\u00e0 h\u01b0\u1edbng th\u1eb3ng tr\u1ef1c ti\u1ebfp v\u00e0 \u0111\u1ea7u kim ingesco m\u00e0 kh\u00f4ng \u0111\u00e1nh v\u00e0o c\u00e1c v\u00f9ng kh\u00e1c.<a href=\"https:\/\/chongsettoanquoc.com\/wp-content\/uploads\/2019\/12\/78454979_2563522567209490_8575854284749406208_n.jpg\"><img loading=\"lazy\" class=\"aligncenter wp-image-1345 size-full lazy-loaded\" src=\"https:\/\/chongsettoanquoc.com\/wp-content\/uploads\/2019\/12\/78454979_2563522567209490_8575854284749406208_n.jpg\" alt=\"\" width=\"720\" height=\"960\" data-lazy-type=\"image\" data-src=\"https:\/\/chongsettoanquoc.com\/wp-content\/uploads\/2019\/12\/78454979_2563522567209490_8575854284749406208_n.jpg\" \/><\/a><a href=\"https:\/\/chongsettoanquoc.com\/wp-content\/uploads\/2019\/12\/78170384_2563522547209492_7156908905329590272_n.jpg\"><img loading=\"lazy\" class=\"aligncenter wp-image-1346 size-full lazy-loaded\" src=\"https:\/\/chongsettoanquoc.com\/wp-content\/uploads\/2019\/12\/78170384_2563522547209492_7156908905329590272_n.jpg\" alt=\"\" width=\"720\" height=\"960\" data-lazy-type=\"image\" data-src=\"https:\/\/chongsettoanquoc.com\/wp-content\/uploads\/2019\/12\/78170384_2563522547209492_7156908905329590272_n.jpg\" \/><\/a><\/p>\n<\/div>\n<div class=\"category_description\">\n<h3><strong>M\u1ee8C \u0110\u1ed8 B\u1ea2O V\u1ec6 C\u1ee6A KIM THU S\u00c9T INGESCO<\/strong><\/h3>\n<p><strong>Kim thu s\u00e9t ingesco \u0111\u01b0\u1ee3c ki\u1ec3m \u0111\u1ecbnh, th\u1eed nghi\u1ec7m \u0111\u00e1nh gi\u00e1 theo c\u00e1c ti\u00eau chu\u1ea9n:<\/strong><\/p>\n<ul>\n<li><em>UNE 21.185<\/em><\/li>\n<li><em>UNE 21.186<\/em><\/li>\n<li><em>R.E.B.T<\/em><\/li>\n<li><em>NFC-17 102<\/em><\/li>\n<li><em>NF C-17 102 1024-1 CEI<\/em><\/li>\n<li><em>EN50.164<\/em><\/li>\n<li><em>EN62.305<\/em><\/li>\n<li><em>IEC 1312<\/em><\/li>\n<li><em>IEC 1083.1<\/em><\/li>\n<li><em>EN 50.164 -1(TEST N\/H)<\/em><\/li>\n<li><em>RP 58.01 AENOR 24\/01\/00<\/em><\/li>\n<\/ul>\n<h3><strong>CH\u1ea4T L\u01af\u1ee2NG KIM THU S\u00c9T \u0110\u01af\u1ee2C TH\u1ec2 HI\u1ec6N QUA:<\/strong><\/h3>\n<p>\u2013 100% hi\u1ec7u qu\u1ea3 trong vi\u1ec7c ph\u00f3ng \u0111i\u1ec7n t\u00edch d\u1eabn s\u00e9t.<\/p>\n<p>\u2013 Kim thu s\u00e9t kh\u00f4ng c\u00f3 thi\u1ebft b\u1ecb \u0111i\u1ec7n t\u1eed \u0111\u1ea3m b\u1ea3o tu\u1ed5i th\u1ecd l\u00e2u b\u1ec1n.<\/p>\n<p>\u2013 C\u00e1c \u0111\u1eb7c \u0111i\u1ec3m k\u1ef9 thu\u1eadt v\u1eabn \u0111\u01b0\u1ee3c duy tr\u00ec, kh\u00f4ng b\u1ecb \u1ea3nh h\u01b0\u1edfng sau m\u1ed7i l\u1ea7n s\u00e9t \u0111\u00e1nh.<\/p>\n<p>\u2013 Kh\u00f4ng c\u1ea7n ngu\u1ed3n cung c\u1ea5p ngo\u00e0i.<\/p>\n<p>\u2013 \u0110\u1ea3m b\u1ea3o ho\u1ea1t \u0111\u1ed9ng hi\u1ec7u qu\u1ea3 sau m\u1ed7i l\u1ea7n s\u00e9t \u0111\u00e1nh.<\/p>\n<p>\u2013 Kh\u00f4ng c\u1ea7n s\u1ef1 b\u1ea3o tr\u00ec \u0111\u1eb7c bi\u1ec7t n\u00e0o.<\/p>\n<h3><strong>TI\u00caU CHU\u1ea8N PH\u00c1P NF C 17 102 \u00a0V\u00d9NG B\u00c1N K\u00cdNH B\u1ea2O V\u1ec6<\/strong><\/h3>\n<ul>\n<li>B\u00e1n k\u00ednh b\u1ea3o v\u1ec7 c\u1ee7a kim thu s\u00e9t ph\u00e1t tia ti\u00ean \u0111\u1ea1o (E.S.E) ph\u1ee5 thu\u1ed9c v\u00e0o \u0111\u1ed9 cao<\/li>\n<li>(h) c\u1ee7a kim so v\u1edbi m\u1eb7t ph\u1eb3ng c\u1ea7n \u0111\u01b0\u1ee3c b\u1ea3o v\u1ec7.<\/li>\n<li>V\u1edbi h &gt; 5 : Rp = \u221ah(2D-h) + \u2206L(2D+ \u2206L)<\/li>\n<li>V\u1edbi h 5m d\u00f9ng ph\u01b0\u01a1ng ph\u00e1p<\/li>\n<\/ul>\n<\/div>\n<div class=\"browse-view\">\n<p><strong>Ingesco<\/strong><\/p>\n<div class=\"row\">\n<div class=\"product floatleft width100 \">\n<div class=\"spacer\">\n<div class=\"width30 floatleft center\"><a title=\"Ingesco PDC 2.1\" href=\"https:\/\/phuonglai.com\/thiet-bi-chong-set\/kim-thu-set\/ingesco-pdc-2-1-detail.html\" rel=\"vm-additional-images\"><img class=\"browseProductImage lazy-loaded\" src=\"https:\/\/phuonglai.com\/images\/stories\/virtuemart\/product\/resized\/pdc-2.1_180x180.jpg\" alt=\"H\u00ecnh \u1ea3nh th\u1ef1c t\u1ebf\" data-lazy-type=\"image\" data-src=\"https:\/\/phuonglai.com\/images\/stories\/virtuemart\/product\/resized\/pdc-2.1_180x180.jpg\" data-wp-editing=\"1\" \/><\/a><\/div>\n<div class=\"width30 floatleft center\"><span class=\"vote\">\u0110\u00e1nh gi\u00e1: 4\/5<br \/>\n<\/span><\/div>\n<div class=\"width70 floatleft\">\n<p><strong>Ingesco PDC 2.1: b\u00e1n k\u00ednh b\u1ea3o v\u1ec7 57m<\/strong><\/p>\n<\/div>\n<\/div>\n<\/div>\n<\/div>\n<div class=\"row\">\n<div class=\"product floatleft width100 \">\n<div class=\"spacer\">\n<div class=\"width30 floatleft center\"><a title=\"Ingesco PDC 3.1\" href=\"https:\/\/phuonglai.com\/thiet-bi-chong-set\/kim-thu-set\/ingesco-pdc-3-1-detail.html\" rel=\"vm-additional-images\"><img class=\"browseProductImage lazy-loaded\" src=\"https:\/\/phuonglai.com\/images\/stories\/virtuemart\/product\/resized\/pdc-3.1_180x180.png\" alt=\"H\u00ecnh \u1ea3nh th\u1ef1c t\u1ebf\" data-lazy-type=\"image\" data-src=\"https:\/\/phuonglai.com\/images\/stories\/virtuemart\/product\/resized\/pdc-3.1_180x180.png\" \/><\/a><span class=\"vote\"><br \/>\n<\/span><\/div>\n<div class=\"width70 floatleft\">\n<p><strong>Ingesco PDC 3.1: b\u00e1n k\u00ednh b\u1ea3o v\u1ec7 69m<\/strong><\/p>\n<div id=\"productPrice685\" class=\"product-price marginbottom12\"><\/div>\n<\/div>\n<\/div>\n<\/div>\n<\/div>\n<div class=\"row\">\n<div class=\"product floatleft width100 \">\n<div class=\"spacer\">\n<div class=\"width30 floatleft center\"><a title=\"Ingesco PDC 3.3\" href=\"https:\/\/phuonglai.com\/thiet-bi-chong-set\/kim-thu-set\/ingesco-pdc-3-3-detail.html\" rel=\"vm-additional-images\"><img class=\"browseProductImage lazy-loaded\" src=\"https:\/\/phuonglai.com\/images\/stories\/virtuemart\/product\/resized\/pdc-3.3_180x180.png\" alt=\"H\u00ecnh \u1ea3nh th\u1ef1c t\u1ebf\" data-lazy-type=\"image\" data-src=\"https:\/\/phuonglai.com\/images\/stories\/virtuemart\/product\/resized\/pdc-3.3_180x180.png\" \/><\/a><span class=\"vote\"><br \/>\n<\/span><\/div>\n<div class=\"width70 floatleft\">\n<p><strong>Ingesco PDC 3.3: b\u00e1n k\u00ednh b\u1ea3o v\u1ec7 75m<\/strong><\/p>\n<\/div>\n<\/div>\n<\/div>\n<\/div>\n<div class=\"row\">\n<div class=\"product floatleft width100 \">\n<div class=\"spacer\">\n<div class=\"width30 floatleft center\"><a title=\"Ingesco PDC 4.3\" href=\"https:\/\/phuonglai.com\/thiet-bi-chong-set\/kim-thu-set\/ingesco-pdc-4-3-detail.html\" rel=\"vm-additional-images\"><img class=\"browseProductImage lazy-loaded\" src=\"https:\/\/phuonglai.com\/images\/stories\/virtuemart\/product\/resized\/pdc-4.3_180x180.png\" alt=\"H\u00ecnh \u1ea3nh th\u1ef1c t\u1ebf\" data-lazy-type=\"image\" data-src=\"https:\/\/phuonglai.com\/images\/stories\/virtuemart\/product\/resized\/pdc-4.3_180x180.png\" \/><\/a><span class=\"vote\"><br \/>\n<\/span><\/div>\n<div class=\"width70 floatleft\">\n<p><strong>Ingesco PDC 4.3: b\u00e1n k\u00ednh b\u1ea3o v\u1ec7 85m<\/strong><\/p>\n<div id=\"productPrice687\" class=\"product-price marginbottom12\"><\/div>\n<\/div>\n<\/div>\n<\/div>\n<\/div>\n<div class=\"row\">\n<div class=\"product floatleft width100 \">\n<div class=\"spacer\">\n<div class=\"width30 floatleft center\"><a title=\"Ingesco PDC 5.3\" href=\"https:\/\/phuonglai.com\/thiet-bi-chong-set\/kim-thu-set\/ingesco-pdc-5-3-detail.html\" rel=\"vm-additional-images\"><img class=\"browseProductImage lazy-loaded\" src=\"https:\/\/phuonglai.com\/images\/stories\/virtuemart\/product\/resized\/pdc-5.3_180x180.png\" alt=\"H\u00ecnh \u1ea3nh th\u1ef1c t\u1ebf\" data-lazy-type=\"image\" data-src=\"https:\/\/phuonglai.com\/images\/stories\/virtuemart\/product\/resized\/pdc-5.3_180x180.png\" \/><\/a><span class=\"vote\"><br \/>\n<\/span><\/div>\n<div class=\"width70 floatleft\">\n<p><strong>Ingesco PDC 5.3: b\u00e1n k\u00ednh b\u1ea3o v\u1ec7 95m<\/strong><\/p>\n<\/div>\n<\/div>\n<\/div>\n<\/div>\n<div class=\"row\">\n<div class=\"product floatleft width100 \">\n<div class=\"spacer\">\n<div class=\"width30 floatleft center\"><a title=\"Ingesco PDC 5.3\" href=\"https:\/\/phuonglai.com\/thiet-bi-chong-set\/kim-thu-set\/ingesco-pdc-5-3-detail.html\" rel=\"vm-additional-images\"><img class=\"browseProductImage lazy-loaded\" src=\"https:\/\/phuonglai.com\/images\/stories\/virtuemart\/product\/resized\/pdc-5.3_180x180.png\" alt=\"H\u00ecnh \u1ea3nh th\u1ef1c t\u1ebf\" data-lazy-type=\"image\" data-src=\"https:\/\/phuonglai.com\/images\/stories\/virtuemart\/product\/resized\/pdc-5.3_180x180.png\" \/><\/a><\/div>\n<div class=\"width70 floatleft\">\n<p><strong>Ingesco PDC 6.3: b\u00e1n k\u00ednh b\u1ea3o v\u1ec7 114m<\/strong><\/p>\n<\/div>\n<\/div>\n<\/div>\n<\/div>\n<div class=\"row\">\n<div class=\"product floatleft width100 \">\n<div class=\"spacer\">\n<div class=\"width30 floatleft center\"><a title=\"Ingesco PDC-E15\" href=\"https:\/\/phuonglai.com\/thiet-bi-chong-set\/kim-thu-set\/ingesco-pdc-e-1-5-detail.html\" rel=\"vm-additional-images\"><img class=\"browseProductImage lazy-loaded\" src=\"https:\/\/phuonglai.com\/images\/stories\/virtuemart\/product\/resized\/pdc-e15_180x180.jpg\" alt=\"H\u00ecnh \u1ea3nh th\u1ef1c t\u1ebf\" data-lazy-type=\"image\" data-src=\"https:\/\/phuonglai.com\/images\/stories\/virtuemart\/product\/resized\/pdc-e15_180x180.jpg\" \/><\/a><span class=\"vote\"><br \/>\n<\/span><\/div>\n<div class=\"width70 floatleft\">\n<p><strong>Ingesco PDC-E15: b\u00e1n k\u00ednh b\u1ea3o v\u1ec7 75m<\/strong><\/p>\n<\/div>\n<\/div>\n<\/div>\n<\/div>\n<div class=\"row\">\n<div class=\"product floatleft width100 \">\n<div class=\"spacer\">\n<div class=\"width30 floatleft center\"><a title=\"Ingesco PDC-E30\" href=\"https:\/\/phuonglai.com\/thiet-bi-chong-set\/kim-thu-set\/ingesco-pdc-e-3-0-detail.html\" rel=\"vm-additional-images\"><img class=\"browseProductImage lazy-loaded\" src=\"https:\/\/phuonglai.com\/images\/stories\/virtuemart\/product\/resized\/pdc-e30_180x180.jpg\" alt=\"H\u00ecnh \u1ea3nh th\u1ef1c t\u1ebf\" data-lazy-type=\"image\" data-src=\"https:\/\/phuonglai.com\/images\/stories\/virtuemart\/product\/resized\/pdc-e30_180x180.jpg\" \/><\/a><span class=\"vote\"><br \/>\n<\/span><\/div>\n<div class=\"width70 floatleft\">\n<p><strong>Ingesco PDC-E30: b\u00e1n k\u00ednh b\u1ea3o v\u1ec7 80m<\/strong><\/p>\n<\/div>\n<\/div>\n<\/div>\n<\/div>\n<div class=\"row\">\n<div class=\"product floatleft width100 \">\n<div class=\"spacer\">\n<div class=\"width30 floatleft center\"><a title=\"Ingesco PDC-E45\" href=\"https:\/\/phuonglai.com\/thiet-bi-chong-set\/kim-thu-set\/ingesco-pdc-e-4-5-detail.html\" rel=\"vm-additional-images\"><img class=\"browseProductImage lazy-loaded\" src=\"https:\/\/phuonglai.com\/images\/stories\/virtuemart\/product\/resized\/pdc-e45_180x180.jpg\" alt=\"H\u00ecnh \u1ea3nh th\u1ef1c t\u1ebf\" data-lazy-type=\"image\" data-src=\"https:\/\/phuonglai.com\/images\/stories\/virtuemart\/product\/resized\/pdc-e45_180x180.jpg\" \/><\/a><span class=\"vote\"><br \/>\n<\/span><\/div>\n<div class=\"width70 floatleft\">\n<p><strong>Ingesco PDC-E45: b\u00e1n k\u00ednh b\u1ea3o v\u1ec7 105m<\/strong><\/p>\n<\/div>\n<\/div>\n<\/div>\n<\/div>\n<div class=\"row\">\n<div class=\"product floatleft width100 \">\n<div class=\"spacer\">\n<div class=\"width30 floatleft center\"><a title=\"Ingesco PDC-E60\" href=\"https:\/\/phuonglai.com\/thiet-bi-chong-set\/kim-thu-set\/ingesco-pdc-e-6-0-detail.html\" rel=\"vm-additional-images\"><img class=\"browseProductImage lazy-loaded\" src=\"https:\/\/phuonglai.com\/images\/stories\/virtuemart\/product\/resized\/pdc-e60_180x180.jpg\" alt=\"H\u00ecnh \u1ea3nh th\u1ef1c t\u1ebf\" data-lazy-type=\"image\" data-src=\"https:\/\/phuonglai.com\/images\/stories\/virtuemart\/product\/resized\/pdc-e60_180x180.jpg\" \/><\/a><span class=\"vote\"><br \/>\n<\/span><\/div>\n<div class=\"width70 floatleft\">\n<p><strong>Ingesco PDC-E60<\/strong><\/p>\n<\/div>\n<\/div>\n<\/div>\n<\/div>\n<div class=\"row\">\n<div class=\"product floatleft width100 \">\n<div class=\"spacer\">\n<div class=\"width30 floatleft center\"><a title=\"Ingesco CDR-1\" href=\"https:\/\/phuonglai.com\/thiet-bi-chong-set\/kim-thu-set\/ingesco-cdr-1-detail.html\" rel=\"vm-additional-images\"><img class=\"browseProductImage lazy-loaded\" src=\"https:\/\/phuonglai.com\/images\/stories\/virtuemart\/product\/resized\/cdr-1_180x180.jpg\" alt=\"H\u00ecnh \u1ea3nh th\u1ef1c t\u1ebf\" data-lazy-type=\"image\" data-src=\"https:\/\/phuonglai.com\/images\/stories\/virtuemart\/product\/resized\/cdr-1_180x180.jpg\" \/><\/a><\/div>\n<\/div>\n<\/div>\n<\/div>\n<\/div>\n","protected":false},"excerpt":{"rendered":"<h4>KIM THU S\u00c9T INGESCO<\/h4>\n<p>xu\u1ea5t s\u1ee9: T\u00e2y Ban Nha<\/p>\n<p><strong>Hotline:\u00a0<\/strong>0353.577.766<br \/>\n<strong>Email:<\/strong>\u00a0vnmax2@gmail.com<br \/>\n<strong>Website:<\/strong>\u00a0thicongchongset.com.vn<\/p>\n","protected":false},"featured_media":2010,"comment_status":"open","ping_status":"closed","template":"","meta":{"om_disable_all_campaigns":false,"_mi_skip_tracking":false},"aioseo_notices":[],"_links":{"self":[{"href":"https:\/\/chongsetbacgiang.com\/index.php?rest_route=\/wp\/v2\/product\/2009"}],"collection":[{"href":"https:\/\/chongsetbacgiang.com\/index.php?rest_route=\/wp\/v2\/product"}],"about":[{"href":"https:\/\/chongsetbacgiang.com\/index.php?rest_route=\/wp\/v2\/types\/product"}],"replies":[{"embeddable":true,"href":"https:\/\/chongsetbacgiang.com\/index.php?rest_route=%2Fwp%2Fv2%2Fcomments&post=2009"}],"wp:featuredmedia":[{"embeddable":true,"href":"https:\/\/chongsetbacgiang.com\/index.php?rest_route=\/wp\/v2\/media\/2010"}],"wp:attachment":[{"href":"https:\/\/chongsetbacgiang.com\/index.php?rest_route=%2Fwp%2Fv2%2Fmedia&parent=2009"}],"curies":[{"name":"wp","href":"https:\/\/api.w.org\/{rel}","templated":true}]}}