{"id":2007,"date":"2021-02-13T23:39:47","date_gmt":"2021-02-13T23:39:47","guid":{"rendered":"https:\/\/thicongchongset.com.vn\/?post_type=product&#038;p=2007"},"modified":"2023-12-06T13:09:15","modified_gmt":"2023-12-06T13:09:15","slug":"kim-thu-set-indelec","status":"publish","type":"product","link":"https:\/\/chongsetbacgiang.com\/?product=kim-thu-set-indelec","title":{"rendered":"KIM THU S\u00c9T INDELEC"},"content":{"rendered":"<p><strong>KIM THU S\u00c9T PREVECTON3. H\u00e3ng s\u1ea3n xu\u1ea5t Indelec-Ph\u00e1p<\/strong><\/p>\n<p>Kim thu s\u00e9t Prevecton3 S40K b\u00e1n k\u00ednh b\u1ea3o v\u1ec7 c\u1ea5p IV l\u00e0 84m<\/p>\n<p>Kim thu s\u00e9t Prevecton3 S50K b\u00e1n k\u00ednh b\u1ea3o v\u1ec7 c\u1ea5p IV l\u00e0 95m<\/p>\n<p>Kim thu s\u00e9t Prevecton3 S60K b\u00e1n k\u00ednh b\u1ea3o v\u1ec7 c\u1ea5p IV l\u00e0 107m<\/p>\n<p><a href=\"https:\/\/chongsettoanquoc.com\/wp-content\/uploads\/2020\/04\/brochure-prevectron-3-642754_1mg.jpg\"><img loading=\"lazy\" class=\"alignnone wp-image-1854 lazy-loaded\" src=\"https:\/\/chongsettoanquoc.com\/wp-content\/uploads\/2020\/04\/brochure-prevectron-3-642754_1mg.jpg\" alt=\"\" width=\"513\" height=\"246\" data-lazy-type=\"image\" data-src=\"https:\/\/chongsettoanquoc.com\/wp-content\/uploads\/2020\/04\/brochure-prevectron-3-642754_1mg.jpg\" \/><\/a><\/p>\n<p>&nbsp;<\/p>\n<h2>catalogue\u00a0\u00a0Prevectron 3 Brochure<\/h2>\n<p>Kim thu s\u00e9t PrimeR20 \u00a0b\u00e1n k\u00ednh b\u1ea3o v\u1ec7 c\u1ea5p IV l\u00e0 58m<\/p>\n<p>Kim thu s\u00e9t PrimeR45b\u00e1n k\u00ednh b\u1ea3o v\u1ec7 c\u1ea5p IV l\u00e0 89m<\/p>\n<p>Kim thu s\u00e9t PrimeR60 b\u00e1n k\u00ednh b\u1ea3o v\u1ec7 c\u1ea5p IV l\u00e0 107m<\/p>\n<p>B\u1ed9 \u0111\u1ebfm s\u00e9t P8001B<\/p>\n<p><a href=\"https:\/\/chongsettoanquoc.com\/wp-content\/uploads\/2020\/04\/eGkOdeql.jpg\"><img loading=\"lazy\" class=\"alignnone size-full wp-image-1855 lazy-loaded\" src=\"https:\/\/chongsettoanquoc.com\/wp-content\/uploads\/2020\/04\/eGkOdeql.jpg\" alt=\"\" width=\"481\" height=\"484\" data-lazy-type=\"image\" data-src=\"https:\/\/chongsettoanquoc.com\/wp-content\/uploads\/2020\/04\/eGkOdeql.jpg\" \/><\/a><\/p>\n<h2>catalogue\u00a0Primer Brochure ENG<\/h2>\n","protected":false},"excerpt":{"rendered":"<p><strong>KIM THU S\u00c9T PREVECTON3<\/strong><\/p>\n<p>xu\u1ea5t s\u1ee9: Indelec-Ph\u00e1p<\/p>\n<p><strong>Hotline:\u00a0<\/strong>0353.577.766<br \/>\n<strong>Email:<\/strong>\u00a0vnmax2@gmail.com<br \/>\n<strong>Website:<\/strong>\u00a0thicongchongset.com.vn<\/p>\n","protected":false},"featured_media":2008,"comment_status":"open","ping_status":"closed","template":"","meta":{"om_disable_all_campaigns":false,"_mi_skip_tracking":false},"aioseo_notices":[],"_links":{"self":[{"href":"https:\/\/chongsetbacgiang.com\/index.php?rest_route=\/wp\/v2\/product\/2007"}],"collection":[{"href":"https:\/\/chongsetbacgiang.com\/index.php?rest_route=\/wp\/v2\/product"}],"about":[{"href":"https:\/\/chongsetbacgiang.com\/index.php?rest_route=\/wp\/v2\/types\/product"}],"replies":[{"embeddable":true,"href":"https:\/\/chongsetbacgiang.com\/index.php?rest_route=%2Fwp%2Fv2%2Fcomments&post=2007"}],"wp:featuredmedia":[{"embeddable":true,"href":"https:\/\/chongsetbacgiang.com\/index.php?rest_route=\/wp\/v2\/media\/2008"}],"wp:attachment":[{"href":"https:\/\/chongsetbacgiang.com\/index.php?rest_route=%2Fwp%2Fv2%2Fmedia&parent=2007"}],"curies":[{"name":"wp","href":"https:\/\/api.w.org\/{rel}","templated":true}]}}