{"id":1917,"date":"2020-12-04T02:30:25","date_gmt":"2020-12-04T02:30:25","guid":{"rendered":"http:\/\/thicongchongset.com.vn\/?post_type=product&#038;p=1917"},"modified":"2024-10-08T10:14:16","modified_gmt":"2024-10-08T10:14:16","slug":"kim-thu-set-bakira-sao-chep","status":"publish","type":"product","link":"https:\/\/chongsetbacgiang.com\/?product=kim-thu-set-bakira-sao-chep","title":{"rendered":"Kim Thu S\u00e9t Bakiral"},"content":{"rendered":"<p>Kim thu s\u00e9t Bakiral ALFAS ESE \u0111\u01b0\u1ee3c h\u00e3ng Bakiral Th\u1ed5 Nh\u0129 K\u1ef3 nghi\u00ean c\u1ee9u v\u00e0 s\u1ea3n xu\u1ea5t \u00e1p d\u1ee5ng c\u00f4ng ngh\u1ec7 4.0 tr\u00ean n\u1ec1n t\u1ea3ng c\u00f4ng ngh\u1ec7 ch\u1ed1ng s\u00e9t ti\u00ean ti\u1ebfn hi\u1ec7n nay : c\u00f4ng ngh\u1ec7 ph\u00f3ng \u0111i\u1ec7n s\u1edbm ESE, \u0111\u1ea1t ti\u00eau chu\u1ea9n NFC17-102: 2011 c\u1ee7a Ph\u00e1p.<\/p>\n<p>&#8211; C\u00f3 \u0111\u1ea7y \u0111\u1ee7 CO, CQ<\/p>\n<p>&#8211; B\u1ea3o h\u00e0nh 3 n\u0103m. &#8211;<\/p>\n<p>Xu\u1ea5t x\u1ee9: h\u00e3ng Bakiral &#8211; Th\u1ed5 Nh\u0129 K\u1ef3 Bao g\u1ed3m c\u00e1c m\u00e3 s\u1ea3n ph\u1ea9m sau:<\/p>\n<p>ALFAS-ESE15 \u2013 b\u00e1n k\u00ednh b\u1ea3o v\u1ec7 64 m\u00e9t<\/p>\n<p>ALFAS-ESE30 \u2013 b\u00e1n k\u00ednh b\u1ea3o v\u1ec7 79 m\u00e9t<\/p>\n<p>ALFAS-ESE50 \u2013 b\u00e1n k\u00ednh b\u1ea3o v\u1ec7 97 m\u00e9t<\/p>\n<p>ALFAS-ESE60 \u2013 b\u00e1n k\u00ednh b\u1ea3o v\u1ec7 107 m\u00e9t<\/p>\n<p>ALFAS-ESE60-SJ \u2013 b\u00e1n k\u00ednh b\u1ea3o v\u1ec7 125 m\u00e9t<\/p>\n<p>ALFAS-ESE60-SM \u2013 b\u00e1n k\u00ednh b\u1ea3o v\u1ec7 145 m\u00e9t<\/p>\n<p>K\u00edch th\u01b0\u1edbc Kim Thu S\u00e9t BAKIRAL-ALFLAS \u0111\u1ec9nh kim d\u00e0i 270mm, \u0111\u01b0\u1eddng k\u00ednh \u0111\u1ec9nh kim 20mm.<\/p>\n<p>B\u1ea7u t\u1ea1o I on kim Thu S\u00e9t ALFAS 310m<\/p>\n<p>\u0111\u01b0\u1eddng k\u00ednh b\u1ea7u kim 190mm. Th\u00e2n kim 170mm, \u0111\u01b0\u1eddng k\u00ednh 20mm.<\/p>\n<p>T\u1ed5ng chi\u1ec1u d\u00e0i Kim Thu S\u00e9t c\u00f4ng ngh\u1ec7 m\u1edbi BAKIRAL-ALFAS d\u00e0i 650mm.<\/p>\n<p>Kim Thu S\u00e9t AL FLA S \u0111i k\u00e8m v\u1edbi kh\u1edbp nh\u1ef1a 54mm.<\/p>\n<p>C\u00f3 t\u00e1c d\u1ee5ng c\u00e1c \u0111i\u1ec7n gi\u1eefa kim thu s\u00e9t v\u1edbi k\u1ebft c\u1ea5u c\u00f4ng tr\u00ecnh.<\/p>\n<p>B\u00e1n k\u00ednh b\u1ea3o v\u1ec7 t\u1ed1i \u0111a : 64m<\/p>\n<p>M\u00e0u s\u1eafc: Tr\u1eafng.<\/p>\n<p>H\u00e3ng s\u1ea3n xu\u1ea5t: BAKIRAL.<\/p>\n<p>Xu\u1ea5t x\u1ee9: Th\u1ed5 Nh\u0129 K\u1ef3.<\/p>\n<p>Th\u1eddi gian b\u1ea3o h\u00e0nh: B\u1ea3o h\u00e0nh 36 th\u00e1ng.<\/p>\n<p>\u0110\u01b0\u1eddng k\u00ednh b\u1ea7u kim 190mm. Th\u00e2n kim 170mm, \u0111\u01b0\u1eddng k\u00ednh 20mm.<\/p>\n<p>Kim c\u00f3 3 m\u00e0u ch\u00ednh<\/p>\n<figure id=\"attachment_1635\" aria-describedby=\"caption-attachment-1635\" style=\"width: 400px\" class=\"wp-caption alignnone\"><img loading=\"lazy\" class=\"size-medium wp-image-1635\" src=\"https:\/\/thicongchongset.com.vn\/wp-content\/uploads\/2020\/10\/danh-gia-review-kim-thu-set-1-400x400.jpg\" alt=\"\" width=\"400\" height=\"400\" srcset=\"https:\/\/chongsetbacgiang.com\/wp-content\/uploads\/2020\/10\/danh-gia-review-kim-thu-set-1-400x400.jpg 400w, https:\/\/chongsetbacgiang.com\/wp-content\/uploads\/2020\/10\/danh-gia-review-kim-thu-set-1-600x600.jpg 600w, https:\/\/chongsetbacgiang.com\/wp-content\/uploads\/2020\/10\/danh-gia-review-kim-thu-set-1-100x100.jpg 100w, https:\/\/chongsetbacgiang.com\/wp-content\/uploads\/2020\/10\/danh-gia-review-kim-thu-set-1-800x800.jpg 800w, https:\/\/chongsetbacgiang.com\/wp-content\/uploads\/2020\/10\/danh-gia-review-kim-thu-set-1-280x280.jpg 280w, https:\/\/chongsetbacgiang.com\/wp-content\/uploads\/2020\/10\/danh-gia-review-kim-thu-set-1-768x768.jpg 768w, https:\/\/chongsetbacgiang.com\/wp-content\/uploads\/2020\/10\/danh-gia-review-kim-thu-set-1.jpg 1280w\" sizes=\"(max-width: 400px) 100vw, 400px\" \/><figcaption id=\"caption-attachment-1635\" class=\"wp-caption-text\">H\u00ecnh \u1ea3nh th\u1ef1c t\u1ebf kim thu s\u00e9t ch\u1ed1ng s\u00e9t<\/figcaption><\/figure>\n<figure id=\"attachment_1636\" aria-describedby=\"caption-attachment-1636\" style=\"width: 400px\" class=\"wp-caption alignnone\"><img loading=\"lazy\" class=\"size-medium wp-image-1636\" src=\"https:\/\/thicongchongset.com.vn\/wp-content\/uploads\/2020\/10\/danh-gia-review-kim-thu-set-7-1-400x400.jpg\" alt=\"\" width=\"400\" height=\"400\" srcset=\"https:\/\/chongsetbacgiang.com\/wp-content\/uploads\/2020\/10\/danh-gia-review-kim-thu-set-7-1-400x400.jpg 400w, https:\/\/chongsetbacgiang.com\/wp-content\/uploads\/2020\/10\/danh-gia-review-kim-thu-set-7-1-600x600.jpg 600w, https:\/\/chongsetbacgiang.com\/wp-content\/uploads\/2020\/10\/danh-gia-review-kim-thu-set-7-1-100x100.jpg 100w, https:\/\/chongsetbacgiang.com\/wp-content\/uploads\/2020\/10\/danh-gia-review-kim-thu-set-7-1-800x800.jpg 800w, https:\/\/chongsetbacgiang.com\/wp-content\/uploads\/2020\/10\/danh-gia-review-kim-thu-set-7-1-280x280.jpg 280w, https:\/\/chongsetbacgiang.com\/wp-content\/uploads\/2020\/10\/danh-gia-review-kim-thu-set-7-1-768x768.jpg 768w, https:\/\/chongsetbacgiang.com\/wp-content\/uploads\/2020\/10\/danh-gia-review-kim-thu-set-7-1.jpg 1280w\" sizes=\"(max-width: 400px) 100vw, 400px\" \/><figcaption id=\"caption-attachment-1636\" class=\"wp-caption-text\">H\u00ecnh \u1ea3nh th\u1ef1c t\u1ebf kim thu s\u00e9t ch\u1ed1ng s\u00e9t<\/figcaption><\/figure>\n","protected":false},"excerpt":{"rendered":"<p><span style=\"color: #555555; font-size: 14.4px;\">Kim Ch\u1ed1ng S\u00e9t ALFA S \u0111\u01b0\u1ee3c s\u1ea3n xu\u1ea5t b\u1edfi h\u00e3ng BAKIRAL ngu\u1ed3n g\u1ed1c t\u1eeb Th\u1ed5 Nh\u1ef9 K\u1ef3.<\/span>H\u1ec7 th\u1ed1ng Kim Thu S\u00e9t BAKIRAL\u00a0ESE 15 S\u1ea3n xu\u1ea5t theo c\u00f4ng ngh\u1ec7 ph\u00f3ng \u0111i\u1ec7n s\u1edbm ESE, \u0111\u1ea1t ti\u00eau chu\u1ea9n NFC 17-102: 2011 c\u1ee7a Ph\u00e1p.<\/p>\n<p>Kim Thu S\u00e9t Hi\u1ec7n \u0110\u1ea1i BAKIRAL v\u00e0o th\u1ecb tr\u01b0\u1eddng Vi\u1ec7t Nam v\u1edbi 03 d\u00f2ng s\u1ea3n ph\u1ea9m ch\u00ednh: Ch\u1ee5p m\u00e0u v\u00e0ng, Ch\u1ee5p m\u00e0u \u0111\u1ed3ng v\u00e0 Ch\u1ee5p m\u1ea1 Crom.<\/p>\n<p><img loading=\"lazy\" class=\"alignnone size-medium wp-image-1634\" src=\"https:\/\/thicongchongset.com.vn\/wp-content\/uploads\/2020\/10\/1737_3_chup_mau_cua_kim-400x400.jpg\" alt=\"\" width=\"400\" height=\"400\" srcset=\"https:\/\/chongsetbacgiang.com\/wp-content\/uploads\/2020\/10\/1737_3_chup_mau_cua_kim-400x400.jpg 400w, https:\/\/chongsetbacgiang.com\/wp-content\/uploads\/2020\/10\/1737_3_chup_mau_cua_kim-100x100.jpg 100w, https:\/\/chongsetbacgiang.com\/wp-content\/uploads\/2020\/10\/1737_3_chup_mau_cua_kim-280x280.jpg 280w, https:\/\/chongsetbacgiang.com\/wp-content\/uploads\/2020\/10\/1737_3_chup_mau_cua_kim-300x300.jpg 300w, https:\/\/chongsetbacgiang.com\/wp-content\/uploads\/2020\/10\/1737_3_chup_mau_cua_kim.jpg 600w\" sizes=\"(max-width: 400px) 100vw, 400px\" \/><\/p>\n<p><span style=\"color: #ff0000; font-size: 120%;\"><strong>Hotline: 0353577766\u00a0<\/strong><\/span><\/p>\n<p><span style=\"color: #ff0000; font-size: 120%;\"><strong>Hotline: 0354534566<\/strong><\/span><\/p>\n<p><span style=\"color: #ff0000;\">T\u01b0 v\u1ea5n mi\u1ec5n ph\u00ed 24\/7<\/span><\/p>\n","protected":false},"featured_media":1634,"comment_status":"open","ping_status":"closed","template":"","meta":{"om_disable_all_campaigns":false,"_mi_skip_tracking":false},"aioseo_notices":[],"_links":{"self":[{"href":"https:\/\/chongsetbacgiang.com\/index.php?rest_route=\/wp\/v2\/product\/1917"}],"collection":[{"href":"https:\/\/chongsetbacgiang.com\/index.php?rest_route=\/wp\/v2\/product"}],"about":[{"href":"https:\/\/chongsetbacgiang.com\/index.php?rest_route=\/wp\/v2\/types\/product"}],"replies":[{"embeddable":true,"href":"https:\/\/chongsetbacgiang.com\/index.php?rest_route=%2Fwp%2Fv2%2Fcomments&post=1917"}],"wp:featuredmedia":[{"embeddable":true,"href":"https:\/\/chongsetbacgiang.com\/index.php?rest_route=\/wp\/v2\/media\/1634"}],"wp:attachment":[{"href":"https:\/\/chongsetbacgiang.com\/index.php?rest_route=%2Fwp%2Fv2%2Fmedia&parent=1917"}],"curies":[{"name":"wp","href":"https:\/\/api.w.org\/{rel}","templated":true}]}}