{"id":1896,"date":"2020-12-01T14:03:35","date_gmt":"2020-12-01T14:03:35","guid":{"rendered":"http:\/\/thicongchongset.com.vn\/?post_type=product&#038;p=1896"},"modified":"2023-04-28T02:28:57","modified_gmt":"2023-04-28T02:28:57","slug":"thuoc-han-hoa-nhiet-goldweld-90g","status":"publish","type":"product","link":"https:\/\/chongsetbacgiang.com\/?product=thuoc-han-hoa-nhiet-goldweld-90g","title":{"rendered":"THU\u1ed0C H\u00c0N H\u00d3A NHI\u1ec6T GOLDWELD 90G"},"content":{"rendered":"<header id=\"ftwp-header\">\n<h3 id=\"ftwp-header-title\">M\u1ee4C L\u1ee4C<\/h3>\n<\/header>\n<ol id=\"ftwp-list\" class=\"ftwp-liststyle-decimal ftwp-effect-bounce-to-right ftwp-list-nest ftwp-strong-first ftwp-colexp ftwp-colexp-icon\">\n<li class=\"ftwp-item\"><span class=\"ftwp-text\">\u01afu \u0111i\u1ec3m v\u01b0\u1ee3t tr\u1ed9i<\/span><\/li>\n<li class=\"ftwp-item\"><span class=\"ftwp-text\">L\u01b0u \u00fd b\u1ea3o qu\u1ea3n thu\u1ed1c h\u00e0n h\u00f3a nhi\u1ec7t<\/span><\/li>\n<li class=\"ftwp-item\"><span class=\"ftwp-text\">Thu\u1ed1c h\u00e0n h\u00f3a nhi\u1ec7t GOLDWELD l\u00e0 g\u00ec?<\/span><\/li>\n<li class=\"ftwp-item\"><span class=\"ftwp-text\">H\u00e0n h\u00f3a nhi\u1ec7t l\u00e0 g\u00ec?<\/span><\/li>\n<li class=\"ftwp-item\"><span class=\"ftwp-text\">\u01afu \u0111i\u1ec3m c\u1ee7a h\u00e0n h\u00f3a nhi\u1ec7t l\u00e0 g\u00ec?<\/span><\/li>\n<li class=\"ftwp-item\"><span class=\"ftwp-text\">Li\u00ean h\u1ec7 ngay \u0111\u1ec3 \u0111\u01b0\u1ee3c t\u01b0 v\u1ea5n s\u1eed d\u1ee5ng khu\u00f4n v\u00e0 thu\u1ed1c h\u00e0n h\u00f3a nhi\u1ec7t GOLDWELD<\/span><\/li>\n<li class=\"ftwp-item ftwp-has-sub ftwp-expand\"><button class=\"ftwp-icon-expand\" type=\"button\"><\/button><span class=\"ftwp-text\">C\u00e1ch h\u00e0n h\u00f3a nhi\u1ec7t v\u1edbi khu\u00f4n v\u00e0 thu\u1ed1c h\u00e0n h\u00f3a nhi\u1ec7t n\u1ed1i c\u1ecdc Goldweld<\/span>\n<ol class=\"ftwp-sub\">\n<li class=\"ftwp-item\"><span class=\"ftwp-text\">Qu\u00e1 tr\u00ecnh h\u00e0n h\u00f3a nhi\u1ec7t v\u1edbi khu\u00f4n v\u00e0 thu\u1ed1c h\u00e0n GOLDWELD s\u1ebd di\u1ec5n ra<\/span><\/li>\n<\/ol>\n<\/li>\n<li class=\"ftwp-item\"><span class=\"ftwp-text\">Mua khu\u00f4n h\u00e0n h\u00f3a nhi\u1ec7t gi\u00e1 r\u1ebb\u00a0\u1edf \u0111\u00e2u t\u1ed1t?<\/span><\/li>\n<\/ol>\n<h2 id=\"uu-diem-vuot-troi\" class=\"ftwp-heading\">\u01afu \u0111i\u1ec3m v\u01b0\u1ee3t tr\u1ed9i<\/h2>\n<div id=\"attachment_238\" class=\"wp-caption aligncenter\">\n<p><a href=\"http:\/\/goldweld.vn\/\" rel=\"nofollow external noopener noreferrer\" data-wpel-link=\"external\"><img loading=\"lazy\" class=\"wp-image-238 lazyloaded\" src=\"https:\/\/www.chongset.vn\/wp-content\/uploads\/2020\/02\/Thuoc-han-hoa-nhiet-Goldweld-5-res.jpg\" sizes=\"(max-width: 600px) 100vw, 600px\" srcset=\"https:\/\/www.chongset.vn\/wp-content\/uploads\/2020\/02\/Thuoc-han-hoa-nhiet-Goldweld-5-res.jpg 900w, https:\/\/www.chongset.vn\/wp-content\/uploads\/2020\/02\/Thuoc-han-hoa-nhiet-Goldweld-5-res-300x200.jpg 300w, https:\/\/www.chongset.vn\/wp-content\/uploads\/2020\/02\/Thuoc-han-hoa-nhiet-Goldweld-5-res-768x512.jpg 768w, https:\/\/www.chongset.vn\/wp-content\/uploads\/2020\/02\/Thuoc-han-hoa-nhiet-Goldweld-5-res-500x333.jpg 500w, https:\/\/www.chongset.vn\/wp-content\/uploads\/2020\/02\/Thuoc-han-hoa-nhiet-Goldweld-5-res-100x67.jpg 100w, https:\/\/www.chongset.vn\/wp-content\/uploads\/2020\/02\/Thuoc-han-hoa-nhiet-Goldweld-5-res-600x400.jpg 600w\" alt=\"Thu\u1ed1c h\u00e0n h\u00f3a nhi\u1ec7t GOLDWELD 90g\" width=\"600\" height=\"400\" aria-describedby=\"caption-attachment-238\" data-lazy-srcset=\"https:\/\/www.chongset.vn\/wp-content\/uploads\/2020\/02\/Thuoc-han-hoa-nhiet-Goldweld-5-res.jpg 900w, https:\/\/www.chongset.vn\/wp-content\/uploads\/2020\/02\/Thuoc-han-hoa-nhiet-Goldweld-5-res-300x200.jpg 300w, https:\/\/www.chongset.vn\/wp-content\/uploads\/2020\/02\/Thuoc-han-hoa-nhiet-Goldweld-5-res-768x512.jpg 768w, https:\/\/www.chongset.vn\/wp-content\/uploads\/2020\/02\/Thuoc-han-hoa-nhiet-Goldweld-5-res-500x333.jpg 500w, https:\/\/www.chongset.vn\/wp-content\/uploads\/2020\/02\/Thuoc-han-hoa-nhiet-Goldweld-5-res-100x67.jpg 100w, https:\/\/www.chongset.vn\/wp-content\/uploads\/2020\/02\/Thuoc-han-hoa-nhiet-Goldweld-5-res-600x400.jpg 600w\" data-lazy-sizes=\"(max-width: 600px) 100vw, 600px\" data-lazy-src=\"https:\/\/www.chongset.vn\/wp-content\/uploads\/2020\/02\/Thuoc-han-hoa-nhiet-Goldweld-5-res.jpg\" data-was-processed=\"true\" \/><\/a><\/p>\n<p id=\"caption-attachment-238\" class=\"wp-caption-text\">THU\u1ed0C H\u00c0N H\u00d3A NHI\u1ec6T GOLDWELD 90G<\/p>\n<\/div>\n<ul>\n<li>Tr\u1ecdng l\u01b0\u1ee3ng: 90g<\/li>\n<li>D\u1ec5 s\u1eed d\u1ee5ng v\u1edbi nhi\u1ec1u lo\u1ea1i khu\u00f4n kh\u00e1c nhau, c\u00e1c khu\u00f4n c\u1ee7a h\u00e3ng kh\u00e1c nhau<\/li>\n<li>\u0110\u01b0\u1ee3c \u0111\u00f3ng th\u00e0nh t\u1eebng h\u1ed9p ph\u00f9 h\u1ee3p v\u1edbi t\u1eebng m\u1ed1i h\u00e0n r\u1ea5t d\u1ec5 thao t\u00e1c<\/li>\n<li>M\u1ed1i h\u00e0n truy\u1ec1n d\u1eabn s\u00e9t t\u1ed1t v\u00e0 kh\u00f4ng b\u1ecb gia t\u0103ng \u0111i\u1ec7n tr\u1edf theo th\u1eddi gian, kh\u00f4ng b\u1ecb \u0103n m\u00f2n, oxy h\u00f3a, \u2026<\/li>\n<li>Ti\u1ebft ki\u1ec7m chi ph\u00ed, \u00edt hao thu\u1ed1c khi h\u00e0n<\/li>\n<li>An to\u00e0n, thi c\u00f4ng \u0111\u01a1n gi\u1ea3n v\u00e0 nhanh ch\u00f3ng<\/li>\n<li>B\u1ea3o h\u00e0nh ch\u00ednh h\u00e3ng: 12 th\u00e1ng \u2013 H\u1ed7 tr\u1ee3 to\u00e0n qu\u1ed1c<\/li>\n<li>Th\u01b0\u01a1ng hi\u1ec7u: GOLDWELD VI\u1ec6T NAM<\/li>\n<li>Li\u00ean h\u1ec7 ngay \u0111\u1ec3 nh\u1eadn \u0111\u01b0\u1ee3c gi\u00e1 t\u1ed1t nh\u1ea5t: 0978.600.005<\/li>\n<\/ul>\n<blockquote><p>&gt;&gt;&gt; T\u1ea3i ngay Catalogue:\u00a0CATALOGUE GOLDWELD VIETNAM (click here)<\/p><\/blockquote>\n<h2 id=\"luu-y-bao-quan-thuoc-han-hoa-nhiet\" class=\"ftwp-heading\">L\u01b0u \u00fd b\u1ea3o qu\u1ea3n thu\u1ed1c h\u00e0n h\u00f3a nhi\u1ec7t<\/h2>\n<ul>\n<li>Lu\u00f4n \u0111\u1ec3 \u0111\u00f3ng k\u00edn trong h\u1ed9p c\u1ee7a nh\u00e0 s\u1ea3n xu\u1ea5t, h\u1ea1n ch\u1ebf m\u1edf ra m\u1edf v\u00e0o n\u1eafp h\u1ed9p thu\u1ed1c\u00a0<strong>h\u00e0n h\u00f3a nhi\u1ec7t GOLDWELD<\/strong><\/li>\n<li>\u0110\u1ec3 n\u01a1i kh\u00f4 r\u00e1o, tho\u00e1ng m\u00e1t \u0111\u1ec3 tr\u00e1nh l\u00e0m thu\u1ed1c h\u00e0n b\u1ecb \u1ea9m d\u1eabn \u0111\u1ebfn kh\u00f3 h\u00e0n<\/li>\n<li>V\u00ec l\u00e0 thu\u1ed1c h\u00e0n c\u00f3 b\u1ed9t m\u1ed3i b\u1eaft l\u1eeda d\u1ec5 ch\u00e1y n\u1ed5 n\u00ean c\u1ea7n tr\u00e1nh xa nh\u1eefng n\u01a1i nhi\u1ec7t \u0111\u1ed9 cao, l\u1eeda, \u0111i\u1ec7n\u2026.<\/li>\n<li>Trong qu\u00e1 tr\u00ecnh v\u1eadn chuy\u1ec3n n\u00ean v\u1eadn chuy\u1ec3n nh\u1eb9 nh\u00e0ng kh\u00f4ng n\u00ean va \u0111\u1eadp nhi\u1ec1u l\u00e0m thu\u1ed1c h\u00e0n, thu\u1ed1c m\u1ed3i b\u1ecb tr\u1ed9n l\u1eabn<\/li>\n<li>Khi s\u1eed d\u1ee5ng, d\u00f9ng \u0111\u1ebfn \u0111\u00e2u mang ra \u0111\u1ebfn \u0111\u00f3 c\u00f2n l\u1ea1i n\u00ean \u0111\u1ec3 trong n\u01a1i tho\u00e1ng m\u00e1t, kh\u00f4 r\u00e1o<\/li>\n<\/ul>\n<blockquote><p>&gt;&gt; Thu\u1ed1c h\u00e0n GOLDWELD s\u1eed d\u1ee5ng trong thi c\u00f4ng b\u00e3i ti\u1ebfp \u0111\u1ecba ch\u1ed1ng s\u00e9t:<\/p><\/blockquote>\n<h2 id=\"thuoc-han-hoa-nhiet-goldweld-la-gi\" class=\"ftwp-heading\"><strong>Thu\u1ed1c h\u00e0n h\u00f3a nhi\u1ec7t GOLDWELD l\u00e0 g\u00ec?<\/strong><\/h2>\n<blockquote class=\"classic-blockquote\"><p><em><strong>Thu\u1ed1c h\u00e0n h\u00f3a nhi\u1ec7t GOLDWELD<\/strong><\/em>\u00a0l\u00e0 v\u1eadt t\u01b0 ch\u1ed1ng s\u00e9t do Vi\u1ec7t Nam s\u1ea3n xu\u1ea5t d\u1ef1a tr\u00ean d\u00e2y truy\u1ec1n \u0111\u00f3ng g\u00f3i theo c\u00f4ng ngh\u1ec7 ti\u00ean ti\u1ebfn nh\u1ea5t t\u1eeb Nh\u1eadt B\u1ea3n.<\/p><\/blockquote>\n<p>Thu\u1ed1c h\u00e0n h\u00f3a nhi\u1ec7t GOLDWELD c\u00f3 nhi\u1ec1u ch\u1ee7ng lo\u1ea1i m\u1ed1i h\u00e0n t\u1eeb 45g, 65g, 90g, 115g, 150g, 200g, 250g,\u2026 T\u00f9y theo y\u00eau c\u1ea7u c\u1ee7a t\u1eebng m\u1ed1i h\u00e0n n\u00ean s\u1eed d\u1ee5ng tr\u1ecdng l\u01b0\u1ee3ng ph\u00f9 h\u1ee3p.<\/p>\n<h2 id=\"han-hoa-nhiet-la-gi\" class=\"ftwp-heading\"><strong>H\u00e0n h\u00f3a nhi\u1ec7t l\u00e0 g\u00ec?<\/strong><\/h2>\n<blockquote class=\"classic-blockquote\"><p><strong>H\u00e0n h\u00f3a nhi\u1ec7t<\/strong>\u00a0l\u00e0 ph\u01b0\u01a1ng ph\u00e1p \u1ee9ng d\u1ee5ng ph\u1ea3n \u1ee9ng nhi\u1ec7t nh\u00f4m, sinh nhi\u1ec7t l\u00e0m n\u00f3ng ch\u1ea3y kim lo\u1ea1i trong m\u1ed9t khu\u00f4n k\u00edn ch\u1ecbu nhi\u1ec7t.<\/p><\/blockquote>\n<p>Trong \u0111\u00f3 thu\u1ed1c h\u00e0n h\u00f3a nhi\u1ec7t GOLDWELD s\u1ebd n\u1ed5 trong m\u1ed9t khu\u00f4n h\u00e0n h\u1ecfa nhi\u1ec7t v\u00e0 \u0111\u01b0a nhi\u1ec7t \u0111\u1ed9 trong khu\u00f4n l\u00ean \u0111\u1ebfn g\u1ea7n 3000 \u0111\u1ed9 C. Qu\u00e1 tr\u00ecnh h\u00f3a nhi\u1ec7t n\u00e0y gi\u00fap h\u00e0n c\u00e1c v\u1eadt ki\u1ec7u nh\u01b0 \u0111\u1ed3ng, th\u00e9p, c\u1ecdc ti\u1ebfp \u0111\u1ecba, c\u1ecdc \u0111\u1ed3ng, c\u1ecdc ti\u1ebfp \u0111\u1ecba th\u00e9p m\u1ea1 \u0111\u1ed3ng,..<\/p>\n<p>Ph\u1ea3n \u1ee9ng h\u00e0n h\u00f3a nhi\u1ec7t s\u1ebd x\u1ea3y ra nh\u01b0 sau:<\/p>\n<p>2Al + 3CuO = 3Cu + AL2O3 + 4000 \u0111\u1ed9 F<\/p>\n<p>C\u00e1c kim lo\u1ea1i s\u1eaft, \u0111\u1ed3ng, nh\u00f4m b\u1ecb n\u00f3ng ch\u1ea3y tr\u1ed9n l\u1eabn th\u00e0nh 1 kh\u1ed1i n\u00f3ng ch\u1ea3y. H\u00e0n h\u00f3a nhi\u1ec7t gi\u00fap h\u00e0n c\u00e1c m\u1ed1i kim lo\u1ea1i kh\u00f4ng ph\u00e2n bi\u1ec7t ch\u1ea5t li\u1ec7u. C\u00e1c m\u1ed1i h\u00e0n h\u00f3a ph\u00e2n t\u1eed n\u00e0y s\u1ebd gi\u00fap d\u1eabn \u0111i\u1ec7n t\u1ed1t h\u01a1n, n\u00e2ng cao hi\u1ec7u qu\u1ea3 h\u1ec7 th\u1ed1ng ti\u1ebfp \u0111\u1ecba.<\/p>\n<h2 id=\"uu-diem-cua-han-hoa-nhiet-la-gi\" class=\"ftwp-heading\"><strong>\u01afu \u0111i\u1ec3m c\u1ee7a h\u00e0n h\u00f3a nhi\u1ec7t l\u00e0 g\u00ec?<\/strong><\/h2>\n<blockquote class=\"classic-blockquote\"><p>L\u01b0u \u00fd:\u00a0<strong>Thu\u1ed1c h\u00e0n h\u00f3a nhi\u1ec7t GOLDWELD<\/strong>\u00a0l\u00e0 \u0111i\u1ec1u ki\u1ec7n c\u1ea7n v\u00e0 \u0111\u1ee7 \u0111\u1ec3 c\u00f3 ph\u1ea3n \u1ee9ng h\u00e0n h\u00f3a nhi\u1ec7t t\u1ed1t nh\u1ea5t.<\/p><\/blockquote>\n<ul>\n<li>M\u1ed1i h\u00e0n h\u00f3a nhi\u1ec7t d\u1eabn \u0111i\u1ec7n, d\u1eabn s\u00e9t t\u1ed1t h\u01a1n m\u1ed1i h\u00e0n th\u00f4ng th\u01b0\u1eddng. Kh\u00f4ng b\u1ecb gia t\u0103ng \u0111i\u1ec7n tr\u1edf theo th\u1eddi gian.<\/li>\n<li>Li\u00ean k\u1ebft v\u0129nh c\u1eedu kh\u00f4ng c\u00f3 \u0111i\u1ec3m n\u1ed1i.<\/li>\n<li>B\u1ed9t m\u1ed3i nh\u1ea1y, d\u1ec5 b\u1eaft l\u1eeda, thao t\u00e1c nhanh ch\u00f3ng v\u00e0 an to\u00e0n s\u1eed d\u1ee5ng.<\/li>\n<li>H\u00e0n h\u00f3a nhi\u1ec7t l\u00e0 m\u1ed1i h\u00e0n d\u1ea1ng ph\u00e2n t\u1eed, kh\u00f4ng b\u1ecb \u0103n m\u00f2n, oxy h\u00f3a, \u0111\u1eb9p, b\u1ec1n v\u0129nh c\u1eedu.<\/li>\n<li>C\u00f3 th\u1ec3 li\u00ean k\u1ebft v\u1edbi b\u1ea5t k\u1ef3 ki\u1ec3u m\u1ed1i n\u00e0o (Ki\u1ec3u ch\u1eef T, U, song song)<\/li>\n<li>Ti\u1ebft ki\u1ec7m chi ph\u00ed \u0111\u00e1ng k\u1ec3 cho ng\u01b0\u1eddi s\u1eed d\u1ee5ng<\/li>\n<\/ul>\n<h2 id=\"lien-he-chongsetvn-ngay-de-duoc-tu-van-su-dung-han-hoa-nhiet-goldweld\" class=\"ftwp-heading\"><em><strong>Li\u00ean h\u1ec7 ngay \u0111\u1ec3 \u0111\u01b0\u1ee3c t\u01b0 v\u1ea5n s\u1eed d\u1ee5ng khu\u00f4n v\u00e0 thu\u1ed1c h\u00e0n h\u00f3a nhi\u1ec7t GOLDWELD<\/strong><\/em><\/h2>\n<ul>\n<li>\u0110\u1ecba ch\u1ec9 c\u1ee7a ch\u00fang t\u00f4i: KM 14, Qu\u1ed1c L\u1ed9 1A, Ng\u1ecdc H\u1ed3i, Thanh Tr\u00ec, H\u00e0 N\u1ed9i<\/li>\n<li>S\u1ed1 \u0111i\u1ec7n tho\u1ea1i: 0978 600 005<\/li>\n<li>\u0110\u1ecba ch\u1ec9 Email: lighttechjsc@gmail.com<\/li>\n<li>Video h\u01b0\u1edbng d\u1eabn c\u00e1c b\u01b0\u1edbc h\u00e0n h\u00f3a nhi\u1ec7t t\u1eeb<\/li>\n<\/ul>\n<div class=\"x-resp-embed\">\n<div class=\"rll-youtube-player\" data-src=\"https:\/\/www.youtube.com\/embed\/PZncn85GI6U\" data-id=\"PZncn85GI6U\" data-query=\"feature=oembed\">\n<div data-id=\"PZncn85GI6U\" data-query=\"feature=oembed\" data-src=\"https:\/\/www.youtube.com\/embed\/PZncn85GI6U\">\n<p><img loading=\"lazy\" class=\"lazyloaded\" src=\"https:\/\/i.ytimg.com\/vi\/PZncn85GI6U\/hqdefault.jpg\" alt=\"\" width=\"480\" height=\"360\" data-lazy-src=\"https:\/\/i.ytimg.com\/vi\/PZncn85GI6U\/hqdefault.jpg\" data-was-processed=\"true\" \/><\/p>\n<div class=\"play\"><\/div>\n<\/div>\n<\/div>\n<\/div>\n<blockquote><p>&gt;&gt; Xem th\u00eam:\u00a0B\u1ed9 \u0111\u00f4i ho\u00e0n h\u1ea3o: Thu\u1ed1c \u2013 Khu\u00f4n h\u00e0n h\u00f3a nhi\u1ec7t GOLDWELD<\/p><\/blockquote>\n<h2 id=\"huong-dan-han-hoa-nhiet-voi-khuon-han-hoa-nhiet-noi-coc-goldweld\" class=\"ftwp-heading ftwp-heading ftwp-heading\"><strong>C\u00e1ch h\u00e0n h\u00f3a nhi\u1ec7t v\u1edbi khu\u00f4n v\u00e0 thu\u1ed1c h\u00e0n h\u00f3a nhi\u1ec7t n\u1ed1i c\u1ecdc Goldweld<\/strong><\/h2>\n<p><strong>B\u01b0\u1edbc 1: L\u1ea5y khu\u00f4n v\u00e0 thu\u1ed1c h\u00e0n h\u00f3a nhi\u1ec7t n\u1ed1i c\u1ecdc Goldweld ra kh\u1ecfi h\u1ed9p ch\u1ee9a<\/strong><\/p>\n<p>\u0110\u1eebng qu\u00ean b\u1ecf l\u1edbp v\u1ecf b\u00ean ngo\u00e0i c\u1ee7a khu\u00f4n.<\/p>\n<p><strong>B\u01b0\u1edbc 2:\u00a0<\/strong>Kh\u00f2 n\u00f3ng khu\u00f4n h\u00e0n, d\u00e2y, c\u1ecdc.<\/p>\n<p><strong>B\u01b0\u1edbc 3:\u00a0<\/strong>V\u1ec7 sinh s\u1ea1ch khu\u00f4n v\u00e0 c\u00e1c v\u1eadt t\u01b0. Ch\u00fa \u00fd v\u1ec7 sinh s\u1ea1ch c\u1ea3 m\u1eb7t tr\u00ean v\u00e0 m\u1eb7t d\u01b0\u1edbi c\u1ee7a khu\u00f4n. Trong qu\u00e1 tr\u00ecnh n\u00e0y, \u0111\u1ec3 v\u1ec7 sinh khu\u00f4n b\u1ea1n c\u00f3 th\u1ec3 s\u1eed d\u1ee5ng c\u00e1c d\u1ee5ng c\u1ee5 \u0111i k\u00e8m trong b\u1ed9 ph\u1ee5 ki\u1ec7n c\u1ee7a Goldweld. Vi\u1ec7c c\u00f3 \u0111\u1ea7y \u0111\u1ee7 c\u00e1c d\u1ee5ng c\u1ee5 gi\u00fap vi\u1ec7c ho\u00e0n th\u00e0nh c\u00e1c b\u01b0\u1edbc nhanh, ti\u1ebft ki\u1ec7m th\u1eddi gian.<\/p>\n<p><strong>B\u01b0\u1edbc 4:\u00a0<\/strong>S\u1eafp x\u1ebfp c\u00e1c thi\u1ebft b\u1ecb c\u1ea7n h\u00e0n nh\u01b0: d\u00e2y c\u00e1p, c\u1ecdc,\u2026v\u00e0o \u0111\u00fang v\u1ecb tr\u00ed c\u1ee7a t\u1eebng lo\u1ea1i khu\u00f4n h\u00e0n.\u00a0 \u0110\u1eb7t khu\u00f4n h\u00e0n v\u00e0o tr\u1ecb tr\u00ed, s\u1eafp x\u1ebfp c\u00e1c v\u1eadt t\u01b0 v\u00e0o trong v\u00e0 tr\u00e1nh x\u00ea d\u1ecbch. D\u00f9ng tay k\u1eb9p \u0111\u1ec3 c\u1ed1 \u0111\u1ecbnh v\u1eadt t\u01b0 c\u1ea7n h\u00e0n<\/p>\n<p><strong>B\u01b0\u1edbc 5:\u00a0<\/strong>Khi \u0111\u00e3 \u0111\u1eb7t \u0111\u1ea7y \u0111\u1ee7 c\u00e1c v\u1eadt t\u01b0, \u0111\u1eb7t \u0111\u0129a nh\u00f4m xu\u1ed1ng \u0111\u00e1y khu\u00f4n h\u00e0n. Ti\u1ebfp \u0111\u1ebfn \u0111\u1ed5\u00a0<strong>thu\u1ed1c h\u00e0n h\u00f3a nhi\u1ec7t GoldWeld<\/strong>\u00a0v\u00e0o b\u00ean trong khu\u00f4n h\u00e0n theo \u0111\u1ecbnh m\u1ee9c. L\u01b0u \u00fd \u0111\u1ecdc k\u1ef9 h\u01b0\u1edbng d\u1eabn c\u1ee7a nh\u00e0 s\u1ea3n xu\u1ea5t \u0111\u1ec3 \u0111\u1ea3m b\u1ea3o thu\u1ed1c h\u00e0n \u0111\u01b0\u1ee3c cung c\u1ea5p \u0111\u00fang v\u00e0 \u0111\u1ee7. \u0110\u1ed5 thu\u1ed1c m\u1ed3i h\u00e0n n\u1eb1m \u1edf d\u01b0\u1edbi n\u1eafp \u0111\u1ecf c\u1ee7a m\u1ed7i l\u1ecd thu\u1ed1c. Cho thu\u1ed1c n\u1ed5 v\u00e0o trong khu\u00f4n h\u00e0n, d\u1eabn ra m\u00e9p khu\u00f4n \u0111\u1ec3 vi\u1ec7c b\u1eaft l\u1eeda d\u1ec5 d\u00e0ng h\u01a1n. Sau khi \u0111\u00e3 ho\u00e0n th\u00e0nh c\u00e1c b\u01b0\u1edbc tr\u00ean, \u0111\u00f3ng n\u1eafp khu\u00f4n h\u00e0n, d\u00f9ng s\u00fang b\u1eafn l\u1eeda \u0111\u1ec3 th\u1ef1c hi\u1ec7n qu\u00e1 tr\u00ecnh h\u00e0n h\u00f3a nhi\u1ec7t.<\/p>\n<p><strong>B\u01b0\u1edbc 6:<\/strong>\u00a0B\u1eafn l\u1eeda v\u00e0o khu\u00f4n h\u00e0n h\u00f3a nhi\u1ec7t GoldWeld<\/p>\n<h3 id=\"qua-trinh-han-hoa-nhiet-voi-khuon-va-thuoc-han-goldweld-se-dien-ra\" class=\"ftwp-heading\"><strong>Qu\u00e1 tr\u00ecnh h\u00e0n h\u00f3a nhi\u1ec7t v\u1edbi khu\u00f4n v\u00e0 thu\u1ed1c h\u00e0n GOLDWELD s\u1ebd di\u1ec5n ra<\/strong><\/h3>\n<p>Ph\u1ea3n \u1ee9ng nhi\u1ec7t nh\u00f4m khi\u1ebfn thu\u1ed1c h\u00e0n n\u00f3ng ch\u1ea3y v\u00e0 k\u1ebft d\u00ednh v\u1edbi c\u00e1p, c\u1ecdc t\u1ea1o m\u1ed1i h\u00e0n h\u00f3a nhi\u1ec7t. B\u1ea1n \u0111\u1ee3i v\u00e0i ph\u00fat \u0111\u1ec3 m\u1ed1i h\u00e0n ngu\u1ed9i b\u1edbt ch\u00fang ta ti\u1ebfn h\u00e0nh m\u1edf tay k\u1eb9p v\u00e0 khu\u00f4n h\u00e0n ra. Khi l\u1ea5y m\u1ed1i h\u00e0n ra, v\u1ec7 sinh s\u1ea1ch s\u1ebd v\u00e0 nghi\u1ec7m thu m\u1ed1i h\u00e0n h\u00f3a nhi\u1ec7t. Ch\u1edd khu\u00f4n ngu\u1ed9i v\u00e0 v\u1ec7 sinh khu\u00f4n h\u00e0n r\u1ed3i m\u1edbi ti\u1ebfp t\u1ee5c th\u1ef1c hi\u1ec7n qu\u00e1 tr\u00ecnh h\u00e0n ti\u1ebfp theo.<\/p>\n<h2 id=\"mua-khuon-han-hoa-nhiet-gia-re-o-dau-tot\" class=\"ftwp-heading ftwp-heading\">Mua khu\u00f4n h\u00e0n h\u00f3a nhi\u1ec7t gi\u00e1 r\u1ebb\u00a0\u1edf \u0111\u00e2u t\u1ed1t?<\/h2>\n<p>Hi\u1ec7n nay tr\u00ean th\u1ecb tr\u01b0\u1eddng c\u00f3 r\u1ea5t nhi\u1ec1u nh\u00e0 cung c\u1ea5p khu\u00f4n h\u00e0n h\u00f3a nhi\u1ec7t. V\u00ed d\u1ee5 nh\u01b0:<\/p>\n<ul>\n<li>Thu\u1ed1c h\u00e0n h\u00f3a nhi\u1ec7t Leewelds<\/li>\n<li>Thu\u1ed1c h\u00e0n h\u00f3a nhi\u1ec7t Kumwell<\/li>\n<li>Thu\u1ed1c h\u00e0n h\u00f3a nhi\u1ec7t Alpiweld<\/li>\n<li>Thu\u1ed1c h\u00e0n h\u00f3a nhi\u1ec7t Staticweld<\/li>\n<li>Thu\u1ed1c h\u00e0n h\u00f3a nhi\u1ec7t Cadweld<\/li>\n<li>Thu\u1ed1c h\u00e0n h\u00f3a nhi\u1ec7t Exoweld<\/li>\n<li>Thu\u1ed1c h\u00e0n h\u00f3a nhi\u1ec7t GOLDWELD<\/li>\n<\/ul>\n<p>Tuy nhi\u00ean lo\u1ea1i thu\u1ed1c h\u00e0n h\u00f3a nhi\u1ec7t n\u00e0o gi\u00e1 r\u1ebb v\u00e0 t\u1ed1t nh\u1ea5t? Tr\u00ean th\u1ef1c t\u1ebf, thu\u1ed1c h\u00e0n h\u00f3a nhi\u1ec7t gi\u00e1 r\u1ebb th\u01b0\u1eddng s\u1ebd kh\u00f4ng \u0111i k\u00e8m ch\u1ea5t l\u01b0\u1ee3ng t\u1ed1t. Th\u1ebf nh\u01b0ng v\u1edbi gi\u00e1 th\u00e0nh h\u1ee3p l\u00ed v\u00e0 ch\u1ea5t l\u01b0\u1ee3ng \u0111\u1ea3m b\u1ea3o an to\u00e0n, kh\u00f4ng th\u01b0\u01a1ng hi\u1ec7u n\u00e0o c\u00f3 th\u1ec3 so s\u00e1nh v\u1edbi GOLDWELD.<\/p>\n<p>Li\u00ean h\u1ec7 ngay v\u1edbi ch\u00fang t\u00f4i \u0111\u1ec3 \u0111\u01b0\u1ee3c t\u01b0 v\u1ea5n gi\u00e1 t\u1ed1t nh\u1ea5t: 0353577766<\/p>\n","protected":false},"excerpt":{"rendered":"<p>Tr\u1ecdng l\u01b0\u1ee3ng:\u00a090g<br \/>\n\u01afu \u0111i\u1ec3m:\u00a0Ti\u1ebft ki\u1ec7m, an to\u00e0n, d\u1ec5 s\u1eed d\u1ee5ng<br \/>\nB\u1ea3o h\u00e0nh:\u00a012 th\u00e1ng<br \/>\nTh\u01b0\u01a1ng hi\u1ec7u:\u00a0GOLDWELD VI\u1ec6T NAM<\/p>\n","protected":false},"featured_media":1897,"comment_status":"open","ping_status":"closed","template":"","meta":{"om_disable_all_campaigns":false,"_mi_skip_tracking":false},"aioseo_notices":[],"_links":{"self":[{"href":"https:\/\/chongsetbacgiang.com\/index.php?rest_route=\/wp\/v2\/product\/1896"}],"collection":[{"href":"https:\/\/chongsetbacgiang.com\/index.php?rest_route=\/wp\/v2\/product"}],"about":[{"href":"https:\/\/chongsetbacgiang.com\/index.php?rest_route=\/wp\/v2\/types\/product"}],"replies":[{"embeddable":true,"href":"https:\/\/chongsetbacgiang.com\/index.php?rest_route=%2Fwp%2Fv2%2Fcomments&post=1896"}],"wp:featuredmedia":[{"embeddable":true,"href":"https:\/\/chongsetbacgiang.com\/index.php?rest_route=\/wp\/v2\/media\/1897"}],"wp:attachment":[{"href":"https:\/\/chongsetbacgiang.com\/index.php?rest_route=%2Fwp%2Fv2%2Fmedia&parent=1896"}],"curies":[{"name":"wp","href":"https:\/\/api.w.org\/{rel}","templated":true}]}}