{"id":1764,"date":"2020-10-05T13:25:19","date_gmt":"2020-10-05T13:25:19","guid":{"rendered":"http:\/\/thicongchongset.com.vn\/?post_type=product&#038;p=1764"},"modified":"2023-04-28T02:29:41","modified_gmt":"2023-04-28T02:29:41","slug":"sung-han-hoa-nhiet","status":"publish","type":"product","link":"https:\/\/chongsetbacgiang.com\/?product=sung-han-hoa-nhiet","title":{"rendered":"S\u00fang h\u00e0n h\u00f3a nhi\u1ec7t"},"content":{"rendered":"<div class=\"html-content pdp-product-highlights\">\n<ul class=\"\">\n<li class=\"\" data-spm-anchor-id=\"a2o4n.pdp.product_detail.i0.3b7a2cc9dUNo06\">S\u00fang m\u1ed3i h\u00e0n ho\u00e1 nhi\u1ec7t:- L\u00e0 s\u00fang b\u1eafn l\u1eeda chuy\u00ean d\u1ee5ng c\u1ee7a ng\u00e0nh h\u00e0n h\u00f3a nhi\u1ec7t.- Ch\u1ec9 \u0111\u00e1nh l\u1eeda gi\u1ed1ng nh\u01b0 h\u1ed9p qu\u1eb9t b\u1eb1ng \u0111\u00e1 l\u1eeda (h\u1ed9p qu\u1eb9t c\u1ed5 truy\u1ec1n) nh\u01b0ng kh\u00f4ng c\u00f3 ga.- Trong thu\u1ed1c h\u00e0n c\u00f3 01 \u00edt thu\u1ed1c m\u1ed3i, thu\u1ed1c m\u1ed3i n\u00e0y b\u1eaft ch\u00e1y nh\u1edd v\u00e0o tia x\u1eb9t c\u1ee7a S\u00fang m\u1ed3i n\u00e0y.- Th\u00e2n b\u00ean ngo\u00e0i \u0111\u01b0\u1ee3c bao b\u1ecdc b\u1eb1ng s\u1eaft kh\u00f4ng gh\u1ec9.- D\u1ec5 d\u00e0ng thay \u0111\u00e1 l\u1eeda kh\u00e1c, m\u00f5i khi h\u1ebft \u0111\u00e1 l\u1eeda.- V\u1eadt li\u1ec7u: b\u1eb1ng Th\u00e9p s\u01a1n t\u0129nh \u0111i\u1ec7n. \u0110\u1ed9 b\u1ec1n cao.- D\u1ec5 s\u1eed d\u1ee5ng v\u00e0 thi c\u00f4ng v\u1edbi s\u00fang m\u1ed3i h\u00e0n ho\u00e1 nhi\u1ec7t n\u00e0y.<\/li>\n<\/ul>\n<\/div>\n<div class=\"pdp-mod-specification\">\n<h2 class=\"pdp-mod-section-title \">\u0110\u1eb7c t\u00ednh s\u1ea3n ph\u1ea9m S\u00fang h\u00e0n h\u00f3a nhi\u1ec7t<\/h2>\n<div class=\"pdp-general-features\">\n<ul class=\"specification-keys\">\n<li class=\"key-li\"><span class=\"key-title\">Th\u01b0\u01a1ng hi\u1ec7u<\/span>\n<div class=\"html-content key-value\">No Brand<\/div>\n<\/li>\n<li class=\"key-li\"><span class=\"key-title\">SKU<\/span>\n<div class=\"html-content key-value\">787134432_VNAMZ-2116796674<\/div>\n<\/li>\n<\/ul>\n<\/div>\n<\/div>\n<p><img loading=\"lazy\" class=\"alignnone size-full wp-image-1765\" src=\"https:\/\/thicongchongset.com.vn\/wp-content\/uploads\/2020\/10\/tai-xuong-5-1.jpg\" alt=\"\" width=\"225\" height=\"225\" srcset=\"https:\/\/chongsetbacgiang.com\/wp-content\/uploads\/2020\/10\/tai-xuong-5-1.jpg 225w, https:\/\/chongsetbacgiang.com\/wp-content\/uploads\/2020\/10\/tai-xuong-5-1-100x100.jpg 100w\" sizes=\"(max-width: 225px) 100vw, 225px\" \/><\/p>\n","protected":false},"excerpt":{"rendered":"<p><strong>Hotline:\u00a0<\/strong>0353.577.766<br \/>\n<strong>Email:<\/strong>\u00a0vnmax2@gmail.com<br \/>\n<strong>Website:<\/strong>\u00a0thicongchongset.com.vn<\/p>\n","protected":false},"featured_media":1765,"comment_status":"open","ping_status":"closed","template":"","meta":{"om_disable_all_campaigns":false,"_mi_skip_tracking":false},"aioseo_notices":[],"_links":{"self":[{"href":"https:\/\/chongsetbacgiang.com\/index.php?rest_route=\/wp\/v2\/product\/1764"}],"collection":[{"href":"https:\/\/chongsetbacgiang.com\/index.php?rest_route=\/wp\/v2\/product"}],"about":[{"href":"https:\/\/chongsetbacgiang.com\/index.php?rest_route=\/wp\/v2\/types\/product"}],"replies":[{"embeddable":true,"href":"https:\/\/chongsetbacgiang.com\/index.php?rest_route=%2Fwp%2Fv2%2Fcomments&post=1764"}],"wp:featuredmedia":[{"embeddable":true,"href":"https:\/\/chongsetbacgiang.com\/index.php?rest_route=\/wp\/v2\/media\/1765"}],"wp:attachment":[{"href":"https:\/\/chongsetbacgiang.com\/index.php?rest_route=%2Fwp%2Fv2%2Fmedia&parent=1764"}],"curies":[{"name":"wp","href":"https:\/\/api.w.org\/{rel}","templated":true}]}}