{"id":1724,"date":"2020-10-04T13:45:45","date_gmt":"2020-10-04T13:45:45","guid":{"rendered":"http:\/\/thicongchongset.com.vn\/?post_type=product&#038;p=1724"},"modified":"2021-03-21T12:51:43","modified_gmt":"2021-03-21T12:51:43","slug":"hoa-chat-lam-giam-dien-tro-dat-reslo-lpi","status":"publish","type":"product","link":"https:\/\/chongsetbacgiang.com\/?product=hoa-chat-lam-giam-dien-tro-dat-reslo-lpi","title":{"rendered":"H\u00f3a Ch\u1ea5t L\u00e0m Gi\u1ea3m \u0110i\u1ec7n Tr\u1edf \u0110\u1ea5t Reslo &#8211; LPI"},"content":{"rendered":"<h2><strong>H\u00f3a Ch\u1ea5t Gi\u1ea3m \u0110i\u1ec7n Tr\u1edf Reslo LPI L\u00e0 G\u00ec?<\/strong><\/h2>\n<p>H\u00f3a ch\u1ea5t gi\u1ea3m \u0111i\u1ec7n tr\u1edf Reslo\u00a0LPI\u00a0cung c\u1ea5p kh\u1ea3 n\u0103ng l\u00e0m gi\u1ea3m \u0111i\u1ec7n tr\u1edf\u00a0 su\u1ea5t c\u1ee7a \u0111\u1ea5t ngay c\u1ea3 \u0111\u1ed1i v\u1edbi c\u00e1c lo\u1ea1i \u0111\u1ea5t c\u00f3 \u0111\u1ed9 d\u1eabn \u0111i\u1ec7n trung t\u00ednh. B\u1ed9t gi\u1ea3m tr\u1edf Reslo bao g\u1ed3m c\u00e1c lo\u1ea1i h\u00f3a ch\u1ea5t \u0111\u01b0\u1ee3c ch\u1ecdn l\u1ecdc v\u1edbi h\u00e0m l\u01b0\u1ee3ng nh\u1ea5t \u0111\u1ecbnh c\u00f3 kh\u1ea3 n\u0103ng d\u1eabn \u0111i\u1ec7n t\u1ed1t. Khi\u00a0h\u00f3a ch\u1ea5t gi\u1ea3m \u0111i\u1ec7n tr\u1edf\u00a0Reslo \u0111\u01b0\u1ee3c tr\u1ed9n v\u1edbi n\u01b0\u1edbc v\u00e0 \u0111\u1ed5 v\u00e0o h\u1ec7 th\u1ed1ng ti\u1ebfp \u0111\u1ecba v\u00e0 v\u00f9ng \u0111\u1ea5t xung quang h\u00f3a ch\u1ea5t v\u00e0 n\u01b0\u1edbc s\u1ebd ph\u1ea3n \u1ee9ng v\u1edbi nhau th\u00e0nh\u00a0 m\u1ed9t kh\u1ed1i c\u1ee9ng trong h\u1ec7 th\u1ed1ng ti\u1ebfp \u0111\u1ecba.<\/p>\n<p><img loading=\"lazy\" class=\"alignnone size-medium wp-image-1725\" src=\"https:\/\/thicongchongset.com.vn\/wp-content\/uploads\/2020\/10\/anh-dai-dien_f5dca2a4bd984a639d4daca19a9229a6_master-545x400.jpg\" alt=\"\" width=\"545\" height=\"400\" srcset=\"https:\/\/chongsetbacgiang.com\/wp-content\/uploads\/2020\/10\/anh-dai-dien_f5dca2a4bd984a639d4daca19a9229a6_master-545x400.jpg 545w, https:\/\/chongsetbacgiang.com\/wp-content\/uploads\/2020\/10\/anh-dai-dien_f5dca2a4bd984a639d4daca19a9229a6_master.jpg 574w\" sizes=\"(max-width: 545px) 100vw, 545px\" \/><\/p>\n<h3><em><strong>C\u00f4ng D\u1ee5ng C\u1ee7a H\u00f3a Ch\u1ea5t Gi\u1ea3m \u0110i\u1ec7n Tr\u1edf Reslo LPI<\/strong><\/em><\/h3>\n<p>&#8211;\u00a0\u00a0\u00a0\u00a0\u00a0\u00a0\u00a0\u00a0 Gi\u00fap l\u00e0m\u00a0gi\u1ea3m \u0111i\u1ec7n tr\u1edf\u00a0 \u0111\u1ea5t\u00a0 v\u00e0 t\u0103ng c\u01b0\u1eddng kh\u1ea3 n\u0103ng truy\u1ec1n d\u1eabn \u0111i\u1ec7n t\u1ed1t trong \u0111\u1ea5t.<\/p>\n<p>&#8211;\u00a0\u00a0\u00a0\u00a0\u00a0\u00a0\u00a0\u00a0 H\u00f3a ch\u1ea5t gi\u1ea3m \u0111i\u1ec7n tr\u1edf LPI l\u00e0 h\u00f3a ch\u1ea5t cung c\u1ea5p ho\u00e1 ch\u1ea5t chuy\u00ean d\u1ee5ng c\u00f3 t\u00e1c d\u1ee5ng gi\u1ea3m \u0111i\u1ec7n tr\u1edf c\u1ee7a \u0111\u1ea5t v\u00e0 h\u1ec7 th\u1ed1ng \u0111\u1ea5t.V\u00e0 n\u00f3 ph\u00f9 h\u1ee3p v\u1edbi nh\u1eefng n\u01a1i c\u00f3 \u0111i\u1ec7n tr\u1edf su\u1ea5t c\u1ee7a \u0111\u1ea5t cao.<\/p>\n<p>&#8211;\u00a0\u00a0\u00a0\u00a0\u00a0\u00a0\u00a0\u00a0 D\u00f9ng trong h\u1ec7 th\u1ed1ng ch\u1ed1ng s\u00e9t tr\u1ef1c ti\u1ebfp, ch\u1ed1ng s\u00e9t lan truy\u1ec1n v\u00e0 ti\u1ebfp \u0111\u1ea5t an to\u00e0n.<\/p>\n<p>&#8211;\u00a0\u00a0\u00a0\u00a0\u00a0\u00a0\u00a0\u00a0 H\u00f3a ch\u1ea5t kh\u00f4ng b\u1ecb r\u1eeda tr\u00f4i do \u0111\u00f3 \u0111\u1ea3m b\u1ea3o \u0111\u01b0\u1ee3c s\u1ef1 l\u00e0m vi\u1ec7c li\u00ean t\u1ee5c c\u1ee7a h\u1ec7 th\u1ed1ng ti\u1ebfp \u0111\u1ecba.<\/p>\n<p>&nbsp;<\/p>\n","protected":false},"excerpt":{"rendered":"<p>H\u00f3a Ch\u1ea5t L\u00e0m Gi\u1ea3m \u0110i\u1ec7n Tr\u1edf \u0110\u1ea5t Reslo &#8211; LPI<\/p>\n<p>H\u00f3a ch\u1ea5t gi\u1ea3m \u0111i\u1ec7n tr\u1edf Reslo LPI cung c\u1ea5p kh\u1ea3 n\u0103ng l\u00e0m gi\u1ea3m \u0111i\u1ec7n tr\u1edf su\u1ea5t c\u1ee7a \u0111\u1ea5t ngay c\u1ea3 \u0111\u1ed1i v\u1edbi c\u00e1c lo\u1ea1i \u0111\u1ea5t c\u00f3 \u0111\u1ed9 d\u1eabn \u0111i\u1ec7n trung t\u00ednh. B\u1ed9 gi\u1ea3m tr\u1edf Reslo bao g\u1ed3m c\u00e1c lo\u1ea1i h\u00f3a ch\u1ea5t \u0111\u01b0\u1ee3c ch\u1ecdn l\u1ecdc v\u1edbi h\u00e0m l\u01b0\u1ee3ng nh\u1ea5t \u0111\u1ecbnh c\u00f3 kh\u1ea3 n\u0103ng d\u1eabn \u0111i\u1ec7n t\u1ed1t. Khi h\u00f3a ch\u1ea5t gi\u1ea3m \u0111i\u1ec7n tr\u1edf Reslo \u0111\u01b0\u1ee3c tr\u1ed9n v\u1edbi n\u01b0\u1edbc v\u00e0 \u0111\u1ed5 v\u00e0o h\u1ec7 th\u1ed1ng ti\u1ebfp \u0111\u1ecba v\u00e0 v\u00f9ng \u0111\u1ea5t xung quang h\u00f3a ch\u1ea5t v\u00e0 n\u01b0\u1edbc s\u1ebd ph\u1ea3n \u1ee9ng v\u1edbi nhau th\u00e0nh m\u1ed9t kh\u1ed1i c\u1ee9ng trong h\u1ec7 th\u1ed1ng ti\u1ebfp \u0111\u1ecba.<\/p>\n<p><strong>Hotline:\u00a0<\/strong>0353.577.766<br \/>\n<strong>Email:<\/strong>\u00a0vnmax2@gmail.com<br \/>\n<strong>Website:<\/strong>\u00a0thicongchongset.com.vn<\/p>\n","protected":false},"featured_media":1725,"comment_status":"open","ping_status":"closed","template":"","meta":{"om_disable_all_campaigns":false,"_mi_skip_tracking":false},"aioseo_notices":[],"_links":{"self":[{"href":"https:\/\/chongsetbacgiang.com\/index.php?rest_route=\/wp\/v2\/product\/1724"}],"collection":[{"href":"https:\/\/chongsetbacgiang.com\/index.php?rest_route=\/wp\/v2\/product"}],"about":[{"href":"https:\/\/chongsetbacgiang.com\/index.php?rest_route=\/wp\/v2\/types\/product"}],"replies":[{"embeddable":true,"href":"https:\/\/chongsetbacgiang.com\/index.php?rest_route=%2Fwp%2Fv2%2Fcomments&post=1724"}],"wp:featuredmedia":[{"embeddable":true,"href":"https:\/\/chongsetbacgiang.com\/index.php?rest_route=\/wp\/v2\/media\/1725"}],"wp:attachment":[{"href":"https:\/\/chongsetbacgiang.com\/index.php?rest_route=%2Fwp%2Fv2%2Fmedia&parent=1724"}],"curies":[{"name":"wp","href":"https:\/\/api.w.org\/{rel}","templated":true}]}}