{"id":1717,"date":"2020-10-04T12:45:54","date_gmt":"2020-10-04T12:45:54","guid":{"rendered":"http:\/\/thicongchongset.com.vn\/?post_type=product&#038;p=1717"},"modified":"2021-03-21T12:52:43","modified_gmt":"2021-03-21T12:52:43","slug":"hoa-chat-giam-dien-tro-dat-gem-25a","status":"publish","type":"product","link":"https:\/\/chongsetbacgiang.com\/?product=hoa-chat-giam-dien-tro-dat-gem-25a","title":{"rendered":"H\u00f3a Ch\u1ea5t Gi\u1ea3m \u0110i\u1ec7n Tr\u1edf \u0110\u1ea5t Gem 25a"},"content":{"rendered":"<h2 id=\"1\" style=\"text-align: justify;\"><span style=\"font-size: 18px;\"><span style=\"color: #682e7d;\"><strong>H\u00f3a Ch\u1ea5t Gi\u1ea3m \u0110i\u1ec7n Tr\u1edf \u0110\u1ea5t Gem 25a<\/strong><\/span><\/span><\/h2>\n<p><img loading=\"lazy\" class=\"alignnone wp-image-1720\" src=\"https:\/\/thicongchongset.com.vn\/wp-content\/uploads\/2020\/10\/14_43a03f89428d42f99ae74c2beddb6071_compact.jpg\" alt=\"\" width=\"174\" height=\"154\" \/><\/p>\n<p style=\"text-align: justify;\"><span style=\"font-size: 14px;\">Erico l\u00e0 c\u00f4ng ty s\u1ea3n xu\u1ea5t v\u1eadt li\u1ec7u, trang thi\u1ebft b\u1ecb ch\u1ed1ng s\u00e9t uy t\u00edn t\u1eeb Hoa K\u1ef3. Gem 25A hay h\u00f3a ch\u1ea5t gi\u1ea3m \u0111i\u1ec7n tr\u1edf \u0111\u1ea5t 25A c\u1ee7a nh\u00e0 s\u1ea3n xu\u1ea5t n\u00e0y \u0111\u01b0\u1ee3c \u01b0a chu\u1ed9ng v\u00e0 tin d\u00f9ng \u1edf kh\u1eafp c\u00e1c c\u00f4ng tr\u00ecnh l\u1edbn nh\u1ecf tr\u00ean \u0111\u1ecba b\u00e0n c\u1ea3 n\u01b0\u1edbc. V\u1edbi thi\u1ebft k\u1ebf quai c\u1ea7m ti\u1ec7n l\u1ee3i, tr\u1ecdng l\u01b0\u1ee3ng th\u1ea5p ch\u1ec9 11,34kg\/bao Erico 25A l\u00e0 m\u1ed9t trong nh\u1eefng m\u1eb7t h\u00e0ng ch\u1ee7 l\u1ef1c c\u1ee7a c\u00f4ng ty Quang H\u01b0ng<\/span><\/p>\n<h3 id=\"2\" style=\"text-align: justify;\"><em><span style=\"font-size: 16px;\"><span style=\"color: #682e7d;\"><strong>\u01afu \u0110i\u1ec3m C\u1ee7a\u00a0H\u00f3a Ch\u1ea5t Gi\u1ea3m \u0110i\u1ec7n Tr\u1edf \u0110\u1ea5t Gem 25a<\/strong><\/span><\/span><\/em><\/h3>\n<div style=\"text-align: justify;\"><span style=\"font-size: 14px;\">\u00a0 \u00a0 \u00a0 \u00a0 \u00a0 1. C\u00f3 hi\u1ec7u qu\u1ea3 cao<\/span><\/div>\n<div style=\"text-align: justify;\"><span style=\"font-size: 14px;\">&#8211; Gi\u1ea3m m\u1ea1nh \u0111i\u1ec7n tr\u1edf su\u1ea5t \u0111\u1ea5t<\/span><\/div>\n<div style=\"text-align: justify;\"><span style=\"font-size: 14px;\">&#8211; \u0110i\u1ec7n tr\u1edf su\u1ea5t \u0111\u00e3 gi\u1ea3m s\u1ebd \u0111\u01b0\u1ee3c duy tr\u00ec li\u00ean t\u1ee5c c\u00f9ng h\u1ec7 th\u1ed1ng<\/span><\/div>\n<div style=\"text-align: justify;\"><span style=\"font-size: 14px;\">&#8211; \u00c1p d\u1ee5ng cho m\u1ecdi lo\u1ea1i \u0111\u1ea5t d\u00f9 l\u00e0 kh\u00f4 c\u1eb1n nh\u1ea5t<\/span><\/div>\n<div style=\"text-align: justify;\"><span style=\"font-size: 14px;\">&#8211; Kh\u00f4ng t\u1ed1n nhi\u1ec1u di\u1ec7n t\u00edch s\u1eed d\u1ee5ng \u0111\u1ea5t<\/span><\/div>\n<div style=\"text-align: justify;\"><span style=\"font-size: 14px;\">\u00a0 \u00a0 \u00a0 \u00a0 \u00a0 2. D\u1ec5 s\u1eed d\u1ee5ng<\/span><\/div>\n<div style=\"text-align: justify;\"><span style=\"font-size: 14px;\">&#8211; Tr\u1ecdng l\u01b0\u1ee3ng nh\u1eb9 ch\u1ec9 11.3 kg\/bao<\/span><\/div>\n<div style=\"text-align: justify;\"><span style=\"font-size: 14px;\">&#8211; Kh\u00f4ng y\u00eau c\u1ea7u k\u1ef9 thu\u1eadt cao (ch\u1ec9 c\u1ea7n 1 ng\u01b0\u1eddi)<\/span><\/div>\n<div style=\"text-align: justify;\"><span style=\"font-size: 14px;\">\u00a0 \u00a0 \u00a0 \u00a0 \u00a0 3. B\u1ec1n v\u1eefng v\u00e0 an to\u00e0n<\/span><\/div>\n<div style=\"text-align: justify;\"><span style=\"font-size: 14px;\">&#8211; Kh\u00f4ng c\u1ea7n b\u1ed5 sung n\u01b0\u1edbc hay b\u1ea5t c\u1ee9 h\u00f3a ch\u1ea5t n\u00e0o \u0111\u1ecbnh k\u1ef3<\/span><\/div>\n<div style=\"text-align: justify;\"><span style=\"font-size: 14px;\">&#8211; Kh\u00f4ng \u0103n m\u00f2n kim lo\u1ea1i<\/span><\/div>\n<div style=\"text-align: justify;\"><span style=\"font-size: 14px;\">\u00a0 \u00a0 \u00a0 \u00a0 \u00a0 4. Th\u00e2n thi\u1ec7n v\u1edbi m\u00f4i tr\u01b0\u1eddng<\/span><\/div>\n<div style=\"text-align: justify;\"><span style=\"font-size: 14px;\">&#8211; Tu\u00e2n th\u1ee7 ti\u00eau chu\u1ea9n IEC\u00ae 62561-7<\/span><\/div>\n<div style=\"text-align: justify;\"><span style=\"font-size: 14px;\">&#8211; Kh\u00f4ng ph\u00e2n h\u1ee7y, h\u00f2a tan hay th\u1ea9m th\u1ea5u theo th\u1eddi gian\u00a0<\/span><\/div>\n<h3 id=\"3\" style=\"text-align: justify;\"><em><span style=\"font-size: 16px;\"><span style=\"color: #682e7d;\"><strong>T\u00ednh To\u00e1n Khi S\u1eed D\u1ee5ng H\u00f3a Ch\u1ea5t\u00a0Gi\u1ea3m \u0110i\u1ec7n Tr\u1edf \u0110\u1ea5t\u00a0Gem 25A Erico<\/strong><\/span><\/span><\/em><\/h3>\n<p style=\"text-align: center;\"><strong><span style=\"font-size: 14px;\"><span style=\"color: #682e7d;\">S\u1eed D\u1ee5ng H\u00f3a Ch\u1ea5t Gi\u1ea3m \u0110i\u1ec7n Tr\u1edf \u0110\u1ea5t Gem 25A Theo D\u00e2y<\/span><\/span><\/strong><\/p>\n<p style=\"text-align: center;\"><img loading=\"lazy\" class=\"alignnone size-full wp-image-1718\" src=\"https:\/\/thicongchongset.com.vn\/wp-content\/uploads\/2020\/10\/untitled-1_858f543329394b649e0cf7287b98d098_grande.jpg\" alt=\"\" width=\"600\" height=\"159\" \/><\/p>\n<p>&nbsp;<\/p>\n<div style=\"text-align: justify;\"><span style=\"font-size: 14px;\">B\u1ea3ng tr\u00ean cho ta bi\u1ebft k\u00edch th\u01b0\u1edbc (chi\u1ec1u d\u00e0i t\u1ed1i \u0111a) m\u1ed9t bao\u00a0h\u00f3a ch\u1ea5t gem\u00a0c\u00f3 th\u1ec3 \u0111\u1ea1t \u0111\u01b0\u1ee3c theo chi\u1ec1u r\u1ed9ng r\u00e3nh \u0111\u00e0o v\u00e0 \u0111\u1ed9 d\u00e0y c\u1ee7a l\u1edbp h\u00f3a ch\u1ea5t b\u00ean ngo\u00e0i c\u1ecdc. N\u00f3 c\u00f3 2 \u00fd ngh\u0129a th\u1ef1c t\u1ebf:<\/span><\/div>\n<div style=\"text-align: justify;\"><span style=\"font-size: 14px;\">&#8211; N\u1ebfu c\u1ed1 \u0111\u1ecbnh s\u1ed1 bao gem v\u00e0 \u0111\u1ed9 r\u1ed9ng r\u00e3nh \u0111\u00e0o th\u00ec ph\u1ea3i \u0111\u00e0o d\u00e0i bao nhi\u00eau \u0111\u1ec3 \u0111\u1ed9 d\u00e0y c\u1ee7a l\u1edbp ph\u1ee7 \u0111\u1ea1t \u0111\u00fang ti\u00eau chu\u1ea9n mong mu\u1ed1n<\/span><\/div>\n<div style=\"text-align: justify;\"><span style=\"font-size: 14px;\">&#8211; N\u1ebfu c\u1ed1 \u0111\u1ecbnh k\u00edch th\u01b0\u1edbc c\u1ee7a r\u00e3nh th\u00ec ph\u1ea3i \u0111\u1ed5 bao nhi\u00eau bao gem \u0111\u1ec3 \u0111\u1ed9 d\u00e0y c\u1ee7a l\u1edbp ph\u1ee7 \u0111\u1ea1t \u0111\u00fang ti\u00eau chu\u1ea9n mong mu\u1ed1n<\/span><\/div>\n<p style=\"text-align: center;\"><span style=\"font-size: 14px;\"><span style=\"color: #682e7d;\"><strong>S\u1eed D\u1ee5ng H\u00f3a Ch\u1ea5t Gi\u1ea3m \u0110i\u1ec7n Tr\u1edf \u0110\u1ea5t Gem 25A Theo C\u1ecdc<\/strong><\/span><\/span><\/p>\n<p style=\"text-align: center;\"><img loading=\"lazy\" class=\"alignnone size-full wp-image-1719\" src=\"https:\/\/thicongchongset.com.vn\/wp-content\/uploads\/2020\/10\/untitled-2_3719d5299c104193ace9d65fd3c166bd_grande.jpg\" alt=\"\" width=\"600\" height=\"159\" \/><\/p>\n<div style=\"text-align: justify;\"><span style=\"font-size: 14px;\">B\u1ea3ng tr\u00ean cho ch\u00fang ta bi\u1ebft l\u01b0\u1ee3ng t\u00fai gem c\u1ea7n d\u00f9ng \u0111\u1ec3 ng\u00e2m 1 c\u1ecdc ti\u1ebfp \u0111\u1ecba theo m\u1eadt \u0111\u1ed9 khuy\u00ean d\u00f9ng (63.5 lb\/ft3 hay1017 kg\/m3). \u00dd ngh\u0129a th\u1ef1c t\u1ebf:<\/span><\/div>\n<div style=\"text-align: justify;\"><span style=\"font-size: 14px;\">&#8211; N\u1ebfu c\u1ed1 \u0111\u1ecbnh k\u00edch th\u01b0\u1edbc h\u1ed1 (\u0111\u1ed9 r\u1ed9ng v\u00e0 \u0111\u1ed9 s\u00e2u) th\u00ec s\u1ebd t\u00ednh \u0111\u01b0\u1ee3c ph\u1ea3i \u0111\u1ed5 bao nhi\u00eau t\u00fai gem \u0111\u1ec3 \u0111\u1ed9 d\u00e0y c\u1ee7a l\u1edbp ph\u1ee7 \u0111\u1ea1t \u0111\u00fang ti\u00eau chu\u1ea9n<\/span><\/div>\n<div style=\"text-align: justify;\"><span style=\"font-size: 14px;\">&#8211; N\u1ebfu c\u1ed1 \u0111\u1ecbnh \u0111\u1ed9 r\u1ed9ng c\u1ee7a h\u1ed1 v\u00e0 s\u1ed1 t\u00fai gem th\u00ec s\u1ebd t\u00ednh \u0111\u01b0\u1ee3c ph\u1ea3i \u0111\u00e0o h\u1ed1 s\u00e2u bao nhi\u00eau \u0111\u1ec3 \u0111\u1ec3 \u0111\u1ed9 d\u00e0y c\u1ee7a l\u1edbp ph\u1ee7 \u0111\u1ea1t \u0111\u00fang ti\u00eau chu\u1ea9n\u00a0<\/span><\/div>\n","protected":false},"excerpt":{"rendered":"<p id=\"1\" style=\"text-align: justify;\"><span style=\"font-size: 18px;\"><span style=\"color: #682e7d;\">H\u00f3a Ch\u1ea5t Gi\u1ea3m \u0110i\u1ec7n Tr\u1edf \u0110\u1ea5t Gem 25a<\/span><\/span><\/p>\n<p>Erico l\u00e0 c\u00f4ng ty s\u1ea3n xu\u1ea5t v\u1eadt li\u1ec7u, trang thi\u1ebft b\u1ecb ch\u1ed1ng s\u00e9t uy t\u00edn t\u1eeb Hoa K\u1ef3. V\u1edbi thi\u1ebft k\u1ebf quai c\u1ea7m ti\u1ec7n l\u1ee3i, tr\u1ecdng l\u01b0\u1ee3ng th\u1ea5p ch\u1ec9 11,34kg\/bao<\/p>\n<p><strong>Hotline:\u00a0<\/strong>0353.577.766<br \/>\n<strong>Email:<\/strong>\u00a0vnmax2@gmail.com<br \/>\n<strong>Website:<\/strong>\u00a0thicongchongset.com.vn<\/p>\n","protected":false},"featured_media":1721,"comment_status":"open","ping_status":"closed","template":"","meta":{"om_disable_all_campaigns":false,"_mi_skip_tracking":false},"aioseo_notices":[],"_links":{"self":[{"href":"https:\/\/chongsetbacgiang.com\/index.php?rest_route=\/wp\/v2\/product\/1717"}],"collection":[{"href":"https:\/\/chongsetbacgiang.com\/index.php?rest_route=\/wp\/v2\/product"}],"about":[{"href":"https:\/\/chongsetbacgiang.com\/index.php?rest_route=\/wp\/v2\/types\/product"}],"replies":[{"embeddable":true,"href":"https:\/\/chongsetbacgiang.com\/index.php?rest_route=%2Fwp%2Fv2%2Fcomments&post=1717"}],"wp:featuredmedia":[{"embeddable":true,"href":"https:\/\/chongsetbacgiang.com\/index.php?rest_route=\/wp\/v2\/media\/1721"}],"wp:attachment":[{"href":"https:\/\/chongsetbacgiang.com\/index.php?rest_route=%2Fwp%2Fv2%2Fmedia&parent=1717"}],"curies":[{"name":"wp","href":"https:\/\/api.w.org\/{rel}","templated":true}]}}