{"id":1711,"date":"2020-10-04T12:09:28","date_gmt":"2020-10-04T12:09:28","guid":{"rendered":"http:\/\/thicongchongset.com.vn\/?post_type=product&#038;p=1711"},"modified":"2021-03-21T12:53:50","modified_gmt":"2021-03-21T12:53:50","slug":"bo-dem-set-lec-iv","status":"publish","type":"product","link":"https:\/\/chongsetbacgiang.com\/?product=bo-dem-set-lec-iv","title":{"rendered":"B\u1ed9 \u0110\u1ebfm S\u00e9t LEC IV"},"content":{"rendered":"<h2><img loading=\"lazy\" class=\"alignnone size-medium wp-image-1712\" src=\"https:\/\/thicongchongset.com.vn\/wp-content\/uploads\/2020\/10\/bo-dem-set-lec-iv_2ff8e4acb15e4f078c7142b306a788d3_master-524x400.jpg\" alt=\"\" width=\"524\" height=\"400\" srcset=\"https:\/\/chongsetbacgiang.com\/wp-content\/uploads\/2020\/10\/bo-dem-set-lec-iv_2ff8e4acb15e4f078c7142b306a788d3_master-524x400.jpg 524w, https:\/\/chongsetbacgiang.com\/wp-content\/uploads\/2020\/10\/bo-dem-set-lec-iv_2ff8e4acb15e4f078c7142b306a788d3_master.jpg 579w\" sizes=\"(max-width: 524px) 100vw, 524px\" \/><\/h2>\n<h2><strong>Th\u00f4ng S\u1ed1 K\u1ef9 Thu\u1eadt B\u1ed9 \u0110\u1ebfm S\u00e9t LEC IV<\/strong><\/h2>\n<table border=\"0\" cellspacing=\"1\" cellpadding=\"1\" align=\"center\">\n<tbody>\n<tr>\n<td>H\u00e3ng s\u1ea3n xu\u1ea5t:<\/td>\n<td>Erico<\/td>\n<\/tr>\n<tr>\n<td>M\u00e3 s\u1ea3n ph\u1ea9m:<\/td>\n<td>LEC IV<\/td>\n<\/tr>\n<tr>\n<td>\n<div>\u0110\u1ed9 nh\u1ea1y c\u01b0\u1eddng \u0111\u1ed9:<\/div>\n<\/td>\n<td>1500A 8\/20\u00b5s<\/td>\n<\/tr>\n<tr>\n<td>\n<div>Kho\u1ea3ng v\u1eadn h\u00e0nh<\/div>\n<\/td>\n<td>2kA ~ 100kA 8\/20\u00b5s<\/td>\n<\/tr>\n<tr>\n<td>Ki\u1ec3u \u0111\u1ebfm:<\/td>\n<td>6 s\u1ed1<\/td>\n<\/tr>\n<tr>\n<td>Xu\u1ea5t x\u1ee9:<\/td>\n<td>\u00dac<\/td>\n<\/tr>\n<tr>\n<td>K\u00edch th\u01b0\u1edbc:<\/td>\n<td>65x110x80mm<\/td>\n<\/tr>\n<tr>\n<td>Kh\u1ed1i l\u01b0\u1ee3ng:<\/td>\n<td><\/td>\n<\/tr>\n<tr>\n<td>M\u00e0u s\u1eafc:<\/td>\n<td><\/td>\n<\/tr>\n<tr>\n<td>C\u1ea5p b\u1ea3o v\u1ec7:<\/td>\n<td>IP 67 (IEC 529)<\/td>\n<\/tr>\n<tr>\n<td>Gi\u1edbi h\u1ea1n nhi\u1ec7t:<\/td>\n<td>-40\u00baC ~ 50\u00baC<\/td>\n<\/tr>\n<\/tbody>\n<\/table>\n<p><strong>B\u1ed9 \u0111\u1ebfm s\u00e9t LEC IV<\/strong>\u00a0\u0111\u01b0\u1ee3c s\u1ea3n xu\u1ea5t b\u1edfi t\u1eadp \u0111o\u00e0n Erico, c\u00f3 tr\u1ee5 s\u1edf t\u1ea1i M\u1ef9. \u0110\u00e2y l\u00e0 doanh nghi\u1ec7p h\u00e0ng \u0111\u1ea7u trong l\u0129nh v\u1ef1c ch\u1ed1ng s\u00e9t v\u1edbi h\u01a1n 100 n\u0103m l\u1ecbch s\u1eed. Ng\u00e0y nay, Erico \u0111\u00e3 c\u00f3 nh\u00e0 m\u00e1y s\u1ea3n xu\u1ea5t t\u1ea1i nhi\u1ec1u qu\u1ed1c gia tr\u00ean th\u1ec3 gi\u1edbi nh\u01b0: M\u1ef9, Mexico, Ph\u00e1p, Trung Qu\u1ed1c, \u00dac&#8230;<\/p>\n<p>LEC IV l\u00e0 thi\u1ebft b\u1ecb \u0111\u1ebfm s\u00e9t ki\u1ec3u m\u1edbi, c\u00f3 kh\u1ea3 n\u0103ng \u0111\u1ebfm s\u00e9t theo d\u1ea1ng c\u1ea3m bi\u1ebfn. T\u1ee9c l\u00e0, ch\u00fang c\u00f3 th\u1ec3 \u0111\u01b0\u1ee3c g\u1eafn \u1edf b\u1ea5t c\u1ee9 v\u1ecb tr\u00ed n\u00e0o tr\u00ean \u0111\u01b0\u1eddng d\u00e2y ti\u1ebfp \u0111\u1ecba, m\u00e0 kh\u00f4ng c\u1ea7n ph\u1ea3i \u0111\u1ec3 d\u00e2y tr\u1ea7n \u0111i qua nh\u01b0 c\u00e1c b\u1ed9 \u0111\u1ebfm s\u00e9t c\u0169. \u0110\u01b0\u1ee3c s\u1ea3n xu\u1ea5t t\u1eeb c\u00e1c v\u1eadt li\u1ec7u cao c\u1ea5p, LEC IV c\u00f3 \u0111\u1ed9 b\u1ec1n v\u1edbi nhi\u1ec7t v\u00e0 m\u00f4i tr\u01b0\u1eddng c\u1ef1c cao.<\/p>\n","protected":false},"excerpt":{"rendered":"<p>B\u1ed9 \u0110\u1ebfm S\u00e9t LEC IV<\/p>\n<p>xu\u1ea5t s\u1ee9: \u00dac<\/p>\n<p><strong>Hotline:\u00a0<\/strong>0353.577.766<br \/>\n<strong>Email:<\/strong>\u00a0vnmax2@gmail.com<br \/>\n<strong>Website:<\/strong>\u00a0thicongchongset.com.vn<\/p>\n","protected":false},"featured_media":1712,"comment_status":"open","ping_status":"closed","template":"","meta":{"om_disable_all_campaigns":false,"_mi_skip_tracking":false},"aioseo_notices":[],"_links":{"self":[{"href":"https:\/\/chongsetbacgiang.com\/index.php?rest_route=\/wp\/v2\/product\/1711"}],"collection":[{"href":"https:\/\/chongsetbacgiang.com\/index.php?rest_route=\/wp\/v2\/product"}],"about":[{"href":"https:\/\/chongsetbacgiang.com\/index.php?rest_route=\/wp\/v2\/types\/product"}],"replies":[{"embeddable":true,"href":"https:\/\/chongsetbacgiang.com\/index.php?rest_route=%2Fwp%2Fv2%2Fcomments&post=1711"}],"wp:featuredmedia":[{"embeddable":true,"href":"https:\/\/chongsetbacgiang.com\/index.php?rest_route=\/wp\/v2\/media\/1712"}],"wp:attachment":[{"href":"https:\/\/chongsetbacgiang.com\/index.php?rest_route=%2Fwp%2Fv2%2Fmedia&parent=1711"}],"curies":[{"name":"wp","href":"https:\/\/api.w.org\/{rel}","templated":true}]}}