{"id":1708,"date":"2020-10-04T12:03:39","date_gmt":"2020-10-04T12:03:39","guid":{"rendered":"http:\/\/thicongchongset.com.vn\/?post_type=product&#038;p=1708"},"modified":"2021-03-21T12:54:22","modified_gmt":"2021-03-21T12:54:22","slug":"bo-dem-set-ingesco-cdr-universal","status":"publish","type":"product","link":"https:\/\/chongsetbacgiang.com\/?product=bo-dem-set-ingesco-cdr-universal","title":{"rendered":"B\u1ed9 \u0110\u1ebfm S\u00e9t Ingesco CDR Universal"},"content":{"rendered":"<h2><img loading=\"lazy\" class=\"alignnone size-medium wp-image-1709\" src=\"https:\/\/thicongchongset.com.vn\/wp-content\/uploads\/2020\/10\/bo-dem-set-ingesco-universal_1b1f8670bf244efdbd026af2ca14f6d3_master-496x400.jpg\" alt=\"\" width=\"496\" height=\"400\" srcset=\"https:\/\/chongsetbacgiang.com\/wp-content\/uploads\/2020\/10\/bo-dem-set-ingesco-universal_1b1f8670bf244efdbd026af2ca14f6d3_master-496x400.jpg 496w, https:\/\/chongsetbacgiang.com\/wp-content\/uploads\/2020\/10\/bo-dem-set-ingesco-universal_1b1f8670bf244efdbd026af2ca14f6d3_master.jpg 585w\" sizes=\"(max-width: 496px) 100vw, 496px\" \/><\/h2>\n<h2><strong>\u0110\u00e1nh Gi\u00e1 B\u1ed9 \u0110\u1ebfm S\u00e9t Ingesco\u00a0CDR Universal<\/strong><\/h2>\n<p>CDR Universal l\u00e0 s\u1ea3n ph\u1ea9m thu\u1ed9c v\u1ec1 c\u00f4ng ty Ingesco, c\u00f3 tr\u1ee5 s\u1edf \u0111\u1eb7t t\u1ea1i T\u00e2y Ban Nha. \u0110\u00e2y l\u00e0 m\u1ed9t doanh nghi\u1ec7p uy t\u00edn, c\u00f3 th\u1eddi gian t\u1ed3n t\u1ea1i h\u01a1n 20 n\u0103m. Hi\u1ec7n t\u1ea1i, c\u00e1c thi\u1ebft b\u1ecb ch\u1ed1ng s\u00e9t c\u1ee7a Ingesco \u0111ang \u0111\u01b0\u1ee3c s\u1eed d\u1ee5ng t\u1ea1i h\u01a1n 50 qu\u1ed1c gia, h\u1ea5p thu h\u00e0ng t\u1ec9 tia s\u00e9t m\u1ed7i n\u0103m.<\/p>\n<p>Ingesco CDR Universal l\u00e0 b\u1ed9 \u0111\u1ebfm s\u00e9t ki\u1ec3u m\u1edbi, c\u00f3 kh\u1ea3 n\u0103ng \u0111\u1ebfm s\u00e9t c\u1ea3m bi\u1ebfn, thay v\u00ec tr\u1ef1c ti\u1ebfp nh\u01b0 c\u00e1c b\u1ed9 \u0111\u1ebfm s\u00e9t c\u0169. \u0110i\u1ec1u n\u00e0y gi\u00fap cho qu\u00e1 tr\u00ecnh thi c\u00f4ng tr\u1edf n\u00ean \u0111\u01a1n gi\u1ea3n v\u00e0 d\u1ec5 d\u00e0ng h\u01a1n. Trong nh\u1eefng \u0111i\u1ec1u ki\u1ec7n \u0111\u1eb7c th\u00f9, v\u1ecb tr\u00ed \u0111\u1eb7t b\u1ed9 \u0111\u1ebfm s\u00e9t c\u00f3 th\u1ec3 thay \u0111\u1ed5i m\u00e0 v\u1eabn \u0111\u1ea3m b\u1ea3o ho\u1ea1t \u0111\u1ed9ng hi\u1ec7u qu\u1ea3. \u0110\u00e2y l\u00e0 \u0111i\u1ec1u b\u1ea5t kh\u1ea3 thi v\u1edbi c\u00e1c b\u1ed9 \u0111\u1ebfm s\u00e9t ki\u1ec3u c\u0169.<\/p>\n<p>\u0110\u1ec3 ti\u1ec7n cho vi\u1ec7c quan s\u00e1t, b\u1ed9 \u0111\u1ebfm s\u00e9t th\u01b0\u1eddng \u0111\u01b0\u1ee3c l\u1eafp \u1edf kho\u1ea3ng ngang t\u1ea7m m\u1eaft ng\u01b0\u1eddi \u0111\u1ecdc (1.5m so v\u1edbi m\u1eb7t \u0111\u1ea5t). Thi\u1ebft b\u1ecb \u0111\u1ebfm s\u00e9t CDR Universal ho\u1ea1t \u0111\u1ed9ng t\u1ed1t h\u01a1n khi d\u00f9ng v\u1edbi kim thu s\u00e9t t\u1eeb Ingesco.<\/p>\n<h3><em><strong>Th\u00f4ng S\u1ed1 K\u1ef9 Thu\u1eadt B\u1ed9 \u0110\u1ebfm S\u00e9t Ingesco CDR Universal<\/strong><\/em><\/h3>\n<table border=\"0\" cellspacing=\"1\" cellpadding=\"1\" align=\"center\">\n<tbody>\n<tr>\n<td>H\u00e3ng s\u1ea3n xu\u1ea5t:<\/td>\n<td>CDR<\/td>\n<\/tr>\n<tr>\n<td>B\u1ed9 s\u1ea3n ph\u1ea9m:<\/td>\n<td>Universal<\/td>\n<\/tr>\n<tr>\n<td>M\u00e3 s\u1ea3n ph\u1ea9m:<\/td>\n<td><\/td>\n<\/tr>\n<tr>\n<td>\n<div>\u0110\u1ed9 nh\u1ea1y c\u01b0\u1eddng \u0111\u1ed9:<\/div>\n<\/td>\n<td>8\/20\u00b5s<\/td>\n<\/tr>\n<tr>\n<td>\n<div>Kho\u1ea3ng v\u1eadn h\u00e0nh<\/div>\n<\/td>\n<td>1kA\u00a08\/20\u00b5s\u00a0\u00a0~ 100kA 10\/350\u00b5s<\/td>\n<\/tr>\n<tr>\n<td>Ki\u1ec3u \u0111\u1ebfm:<\/td>\n<td>3 s\u1ed1<\/td>\n<\/tr>\n<tr>\n<td>Xu\u1ea5t x\u1ee9:<\/td>\n<td>T\u00e2y Ban Nha<\/td>\n<\/tr>\n<tr>\n<td>K\u00edch th\u01b0\u1edbc:<\/td>\n<td>101 x 109 x 42 mm<\/td>\n<\/tr>\n<tr>\n<td>Kh\u1ed1i l\u01b0\u1ee3ng:<\/td>\n<td>490 gr<\/td>\n<\/tr>\n<tr>\n<td>C\u1ea5p b\u1ea3o v\u1ec7:<\/td>\n<td>IP 65<\/td>\n<\/tr>\n<tr>\n<td>Gi\u1edbi h\u1ea1n nhi\u1ec7t:<\/td>\n<td>-20\u00baC ~ 65\u00baC<\/td>\n<\/tr>\n<\/tbody>\n<\/table>\n","protected":false},"excerpt":{"rendered":"<p>B\u1ed9 \u0110\u1ebfm S\u00e9t Ingesco\u00a0CDR Universal<\/p>\n<p>xu\u1ea5t s\u1ee9: T\u00e2y Ban Nha<\/p>\n<p><strong>Hotline:\u00a0<\/strong>0353.577.766<br \/>\n<strong>Email:<\/strong>\u00a0vnmax2@gmail.com<br \/>\n<strong>Website:<\/strong>\u00a0thicongchongset.com.vn<\/p>\n","protected":false},"featured_media":1710,"comment_status":"open","ping_status":"closed","template":"","meta":{"om_disable_all_campaigns":false,"_mi_skip_tracking":false},"aioseo_notices":[],"_links":{"self":[{"href":"https:\/\/chongsetbacgiang.com\/index.php?rest_route=\/wp\/v2\/product\/1708"}],"collection":[{"href":"https:\/\/chongsetbacgiang.com\/index.php?rest_route=\/wp\/v2\/product"}],"about":[{"href":"https:\/\/chongsetbacgiang.com\/index.php?rest_route=\/wp\/v2\/types\/product"}],"replies":[{"embeddable":true,"href":"https:\/\/chongsetbacgiang.com\/index.php?rest_route=%2Fwp%2Fv2%2Fcomments&post=1708"}],"wp:featuredmedia":[{"embeddable":true,"href":"https:\/\/chongsetbacgiang.com\/index.php?rest_route=\/wp\/v2\/media\/1710"}],"wp:attachment":[{"href":"https:\/\/chongsetbacgiang.com\/index.php?rest_route=%2Fwp%2Fv2%2Fmedia&parent=1708"}],"curies":[{"name":"wp","href":"https:\/\/api.w.org\/{rel}","templated":true}]}}