{"id":1700,"date":"2020-10-04T11:43:54","date_gmt":"2020-10-04T11:43:54","guid":{"rendered":"http:\/\/thicongchongset.com.vn\/?post_type=product&#038;p=1700"},"modified":"2021-03-21T12:55:30","modified_gmt":"2021-03-21T12:55:30","slug":"bo-dem-set-cdi-250-cirprotec","status":"publish","type":"product","link":"https:\/\/chongsetbacgiang.com\/?product=bo-dem-set-cdi-250-cirprotec","title":{"rendered":"B\u1ed9 \u0110\u1ebfm S\u00e9t CDI 250 (Cirprotec)"},"content":{"rendered":"<p><img loading=\"lazy\" class=\"alignnone size-medium wp-image-1701\" src=\"https:\/\/thicongchongset.com.vn\/wp-content\/uploads\/2020\/10\/bo-dem-set-cdi-250_746310a7288347998c298fb1feadaf9f_master-512x400.jpg\" alt=\"\" width=\"512\" height=\"400\" srcset=\"https:\/\/chongsetbacgiang.com\/wp-content\/uploads\/2020\/10\/bo-dem-set-cdi-250_746310a7288347998c298fb1feadaf9f_master-512x400.jpg 512w, https:\/\/chongsetbacgiang.com\/wp-content\/uploads\/2020\/10\/bo-dem-set-cdi-250_746310a7288347998c298fb1feadaf9f_master.jpg 589w\" sizes=\"(max-width: 512px) 100vw, 512px\" \/><\/p>\n<p><strong>Th\u00f4ng S\u1ed1 K\u1ef9 Thu\u1eadt B\u1ed9 \u0110\u1ebfm S\u00e9t\u00a0CDI 250<\/strong><\/p>\n<table style=\"width: 65.0289%; height: 327px;\" border=\"0\" cellspacing=\"1\" cellpadding=\"1\" align=\"center\">\n<tbody>\n<tr style=\"height: 42px;\">\n<td style=\"width: 32.6389%; height: 42px;\">H\u00e3ng s\u1ea3n xu\u1ea5t:<\/td>\n<td style=\"width: 65.625%; height: 42px;\">Cirprotec<\/td>\n<\/tr>\n<tr style=\"height: 21px;\">\n<td style=\"width: 32.6389%; height: 21px;\">B\u1ed9 s\u1ea3n ph\u1ea9m:<\/td>\n<td style=\"width: 65.625%; height: 21px;\">CDI<\/td>\n<\/tr>\n<tr style=\"height: 31px;\">\n<td style=\"width: 32.6389%; height: 31px;\">M\u00e3 s\u1ea3n ph\u1ea9m:<\/td>\n<td style=\"width: 65.625%; height: 31px;\">250<\/td>\n<\/tr>\n<tr style=\"height: 42px;\">\n<td style=\"width: 32.6389%; height: 42px;\">\n<div>Kho\u1ea3ng v\u1eadn h\u00e0nh<\/div>\n<\/td>\n<td style=\"width: 65.625%; height: 42px;\">250A\/ 800A\/ 1500A\/ 2000A\u00a0~ 100kA<\/td>\n<\/tr>\n<tr style=\"height: 21px;\">\n<td style=\"width: 32.6389%; height: 21px;\">Ki\u1ec3u \u0111\u1ebfm:<\/td>\n<td style=\"width: 65.625%; height: 21px;\">4 s\u1ed1<\/td>\n<\/tr>\n<tr style=\"height: 21px;\">\n<td style=\"width: 32.6389%; height: 21px;\">Xu\u1ea5t x\u1ee9:<\/td>\n<td style=\"width: 65.625%; height: 21px;\">T\u00e2y Ban Nha<\/td>\n<\/tr>\n<tr style=\"height: 21px;\">\n<td style=\"width: 32.6389%; height: 21px;\">K\u00edch th\u01b0\u1edbc:<\/td>\n<td style=\"width: 65.625%; height: 21px;\">70 x 85 x 70 mm<\/td>\n<\/tr>\n<tr style=\"height: 21px;\">\n<td style=\"width: 32.6389%; height: 21px;\">Kh\u1ed1i l\u01b0\u1ee3ng:<\/td>\n<td style=\"width: 65.625%; height: 21px;\">90 gr<\/td>\n<\/tr>\n<tr style=\"height: 21px;\">\n<td style=\"width: 32.6389%; height: 21px;\">M\u00e0u s\u1eafc:<\/td>\n<td style=\"width: 65.625%; height: 21px;\">Tr\u1eafng<\/td>\n<\/tr>\n<tr style=\"height: 21px;\">\n<td style=\"width: 32.6389%; height: 21px;\">C\u1ea5p b\u1ea3o v\u1ec7:<\/td>\n<td style=\"width: 65.625%; height: 21px;\">IP 66<\/td>\n<\/tr>\n<tr style=\"height: 42px;\">\n<td style=\"width: 32.6389%; height: 42px;\">Gi\u1edbi h\u1ea1n nhi\u1ec7t:<\/td>\n<td style=\"width: 65.625%; height: 42px;\">-5\u00baC ~ 50\u00baC<\/td>\n<\/tr>\n<\/tbody>\n<\/table>\n<p><img loading=\"lazy\" class=\"alignnone size-full wp-image-1702\" src=\"https:\/\/thicongchongset.com.vn\/wp-content\/uploads\/2020\/10\/bo-dem-set-cdi-250-thuc-te_8b434adbaf8f4b7c96f1c680ca61182f_compact.jpg\" alt=\"\" width=\"160\" height=\"114\" \/> <img loading=\"lazy\" class=\"alignnone size-medium wp-image-1703\" src=\"https:\/\/thicongchongset.com.vn\/wp-content\/uploads\/2020\/10\/unbox-bo-dem-set-cdi-250_d3d2bcacb40248a783c91a8242be8c45_master.jpg\" alt=\"\" width=\"600\" height=\"335\" \/><\/p>\n<p>Tr\u00ean th\u1ef1c t\u1ebf, nh\u1eefng thi\u1ebft b\u1ecb d\u00f9ng \u0111\u1ec3 \u0111\u1ebfm s\u00e9t \u0111\u01b0\u1ee3c xem nh\u01b0 nh\u1eefng tr\u1ee3 th\u1ee7 \u0111\u1eafc l\u1ef1c cho nh\u1eefng nh\u00e0 kh\u00ed t\u01b0\u1ee3ng th\u1ee7y v\u0103n \u0111\u1ec3 c\u00f3 th\u1ec3 \u0111\u1ebfm v\u00e0 ki\u1ec3m so\u00e1t s\u1ed1 l\u01b0\u1ee3ng s\u00e9t \u0111\u00e1nh v\u00e0o c\u1ed9t thu s\u00e9t. \u0110\u00e2y c\u0169ng l\u00e0 m\u1ed9t b\u01b0\u1edbc quan tr\u1ecdng trong vi\u1ec7c d\u1ef1 b\u00e1o v\u00e0 \u0111\u1ecbnh h\u01b0\u1edbng h\u01b0\u1edbng \u0111i c\u1ee7a nh\u1eefng c\u01a1n b\u00e3o l\u1edbn, nh\u1eefng lu\u1ed3ng \u0111i\u1ec7n nguy hi\u1ec3m v\u00e0 h\u1ea1n ch\u1ebf t\u1ed1i \u0111a nh\u1eefng thi\u1ec7t h\u1ea1i c\u00f3 th\u1ec3 x\u1ea3y ra \u1ea3nh h\u01b0\u1edfng t\u1edbi \u0111\u1eddi s\u1ed1ng c\u1ee7a ng\u01b0\u1eddi d\u00e2n.<\/p>\n<p>B\u1ed9 \u0111\u1ebfm s\u00e9t CDI 250 l\u00e0 s\u1ea3n ph\u1ea9m c\u1ee7a t\u1eadp \u0111o\u00e0n Cirprotec, m\u1ed9t trong nh\u1eefng doanh nghi\u1ec7p ch\u1ed1ng s\u00e9t l\u1edbn nh\u1ea5t t\u1ea1i T\u00e2y Ban Nha. Thi\u1ebft b\u1ecb c\u00f3 kho\u1ea3ng v\u1eadn h\u00e0nh r\u1ed9ng, nh\u1ecf g\u1ecdn, v\u00e0 d\u1ec5 d\u00e0ng l\u1eafp \u0111\u1eb7t.<\/p>\n<p>C\u00f4ng ty Ch\u00fang t\u00f4i l\u00e0 \u0111\u1ed1i t\u00e1c quan tr\u1ecdng c\u1ee7a Cirprotec t\u1ea1i Vi\u1ec7t Nam. Ch\u00fang t\u00f4i nh\u1eadn cung c\u1ea5p m\u1ecdi thi\u1ebft b\u1ecb ch\u1ed1ng s\u00e9t Cirprotec nh\u01b0: kim thu s\u00e9t, b\u1ed9 \u0111\u1ebfm s\u00e9t, thi\u1ebft b\u1ecb ch\u1ed1ng s\u00e9t lan truy\u1ec1n, t\u1ee7 c\u1eaft l\u1ecdc s\u00e9t&#8230; Ch\u00fang t\u00f4i c\u00f3 \u0111\u1ed9i ng\u0169 k\u1ef9 thu\u1eadt vi\u00ean c\u00f3 chuy\u00ean m\u00f4n cao, s\u1eb5n s\u00e0ng t\u01b0 v\u1ea5n, l\u1eafp \u0111\u1eb7t v\u00e0 h\u01b0\u1edbng d\u1eabn cho nh\u1eefng kh\u00e1ch h\u00e0ng c\u00e1ch th\u1ee9c v\u1eadn h\u00e0nh v\u00e0 s\u1eed d\u1ee5ng b\u1ed9 s\u1ea3n ph\u1ea9m m\u1ed9t c\u00e1ch hi\u1ec7u qu\u1ea3 nh\u1ea5t.<\/p>\n","protected":false},"excerpt":{"rendered":"<p>B\u1ed9 \u0110\u1ebfm S\u00e9t\u00a0CDI 250<\/p>\n<p>xu\u1ea5t s\u1ee9: T\u00e2y Ban Nha<\/p>\n<p><strong>Hotline:\u00a0<\/strong>0353.577.766<br \/>\n<strong>Email:<\/strong>\u00a0vnmax2@gmail.com<br \/>\n<strong>Website:<\/strong>\u00a0thicongchongset.com.vn<\/p>\n","protected":false},"featured_media":1702,"comment_status":"open","ping_status":"closed","template":"","meta":{"om_disable_all_campaigns":false,"_mi_skip_tracking":false},"aioseo_notices":[],"_links":{"self":[{"href":"https:\/\/chongsetbacgiang.com\/index.php?rest_route=\/wp\/v2\/product\/1700"}],"collection":[{"href":"https:\/\/chongsetbacgiang.com\/index.php?rest_route=\/wp\/v2\/product"}],"about":[{"href":"https:\/\/chongsetbacgiang.com\/index.php?rest_route=\/wp\/v2\/types\/product"}],"replies":[{"embeddable":true,"href":"https:\/\/chongsetbacgiang.com\/index.php?rest_route=%2Fwp%2Fv2%2Fcomments&post=1700"}],"wp:featuredmedia":[{"embeddable":true,"href":"https:\/\/chongsetbacgiang.com\/index.php?rest_route=\/wp\/v2\/media\/1702"}],"wp:attachment":[{"href":"https:\/\/chongsetbacgiang.com\/index.php?rest_route=%2Fwp%2Fv2%2Fmedia&parent=1700"}],"curies":[{"name":"wp","href":"https:\/\/api.w.org\/{rel}","templated":true}]}}