{"id":1696,"date":"2020-10-04T09:33:15","date_gmt":"2020-10-04T09:33:15","guid":{"rendered":"http:\/\/thicongchongset.com.vn\/?post_type=product&#038;p=1696"},"modified":"2023-04-28T02:30:12","modified_gmt":"2023-04-28T02:30:12","slug":"coc-tiep-dia-ma-kem-nhung-nong","status":"publish","type":"product","link":"https:\/\/chongsetbacgiang.com\/?product=coc-tiep-dia-ma-kem-nhung-nong","title":{"rendered":"C\u1ecdc Ti\u1ebfp \u0110\u1ecba M\u1ea1 K\u1ebdm Nh\u00fang N\u00f3ng"},"content":{"rendered":"<h2><strong>C\u1ecdc Ti\u1ebfp \u0110\u1ecba M\u1ea1 K\u1ebdm Nh\u00fang N\u00f3ng L\u00e0 G\u00ec?<\/strong><\/h2>\n<p>V\u1ec1 b\u1ea3n ch\u1ea5t, ch\u00fang l\u00e0 c\u00e1c thanh th\u00e9p \u0111\u1ee7 ti\u00eau chu\u1ea9n, \u0111\u01b0\u1ee3c m\u1ea1 k\u1ebdm b\u00ean ngo\u00e0i, nh\u1eb1m t\u0103ng \u0111\u1ed9 b\u1ec1n v\u00e0 kh\u1ea3 n\u0103ng ch\u1ed1ng l\u1ea1i oxy h\u00f3a. Hi\u1ec7n c\u00f3 2 ph\u01b0\u01a1ng ph\u00e1p m\u1ea1 k\u1ebdm ph\u1ed5 bi\u1ebfn l\u00e0: m\u1ea1 nh\u00fang n\u00f3ng v\u00e0 m\u1ea1 \u0111i\u1ec7n ph\u00e2n. Trong \u0111\u00f3, m\u1ea1 nh\u00fang n\u00f3ng cho ch\u1ea5t l\u01b0\u1ee3ng cao h\u01a1n (l\u1edbp k\u1ebdm ph\u1ee7 b\u00ean ngo\u00e0i d\u1ea7y h\u01a1n) v\u00e0 \u0111\u01b0\u1ee3c s\u1eed d\u1ee5ng nhi\u1ec1u h\u01a1n trong ch\u1ed1ng s\u00e9t.<\/p>\n<p>\u01afu \u0111i\u1ec3m c\u1ee7a\u00a0<strong>c\u1ecdc ch\u1ed1ng s\u00e9t m\u1ea1 k\u1ebdm<\/strong>\u00a0so v\u1edbi c\u00e1c ch\u1ea5t li\u1ec7u kh\u00e1c l\u00e0 gi\u00e1 th\u00e0nh si\u00eau r\u1ebb v\u00e0 \u0111\u1ed9 b\u1ec1n kh\u1ee7ng khi\u1ebfp. Ch\u00fang th\u01b0\u1eddng \u0111\u01b0\u1ee3c s\u1eed d\u1ee5ng trong c\u00e1c c\u00f4ng tr\u00ecnh l\u1edbn, \u0111\u1eb7c bi\u1ec7t l\u00e0 m\u00f4i tr\u01b0\u1eddng \u0111\u1eb7c th\u00f9, nhi\u1ec1u h\u00f3a ch\u1ea5t. V\u00ed d\u1ee5 nh\u01b0: b\u1ec7nh vi\u1ec7n, x\u00ed nghi\u1ec7p, tr\u1ea1m n\u0103ng l\u01b0\u1ee3ng&#8230; Tu\u1ed5i th\u1ecd c\u1ee7a s\u1ea3n ph\u1ea9m cao, gi\u00fap cho qu\u00e1 tr\u00ecnh b\u1ea3o tr\u00ec, b\u1ea3o d\u01b0\u1ee1ng h\u1ec7 th\u1ed1ng tr\u1edf n\u00ean \u0111\u01a1n gi\u1ea3n h\u01a1n nhi\u1ec1u.<\/p>\n<p><img loading=\"lazy\" class=\"alignnone size-medium wp-image-1697\" src=\"https:\/\/thicongchongset.com.vn\/wp-content\/uploads\/2020\/10\/coc-tiep-dia-thep-ma-kem-l63x63x6-v63x63x6-l63x63x5-v63x63x5-l60x50x5-v50x50x5-lap-la-thep-ma-kem-40x4-40x5-50x5-1-400x400.jpg\" alt=\"\" width=\"400\" height=\"400\" srcset=\"https:\/\/chongsetbacgiang.com\/wp-content\/uploads\/2020\/10\/coc-tiep-dia-thep-ma-kem-l63x63x6-v63x63x6-l63x63x5-v63x63x5-l60x50x5-v50x50x5-lap-la-thep-ma-kem-40x4-40x5-50x5-1-400x400.jpg 400w, https:\/\/chongsetbacgiang.com\/wp-content\/uploads\/2020\/10\/coc-tiep-dia-thep-ma-kem-l63x63x6-v63x63x6-l63x63x5-v63x63x5-l60x50x5-v50x50x5-lap-la-thep-ma-kem-40x4-40x5-50x5-1-100x100.jpg 100w, https:\/\/chongsetbacgiang.com\/wp-content\/uploads\/2020\/10\/coc-tiep-dia-thep-ma-kem-l63x63x6-v63x63x6-l63x63x5-v63x63x5-l60x50x5-v50x50x5-lap-la-thep-ma-kem-40x4-40x5-50x5-1-280x280.jpg 280w, https:\/\/chongsetbacgiang.com\/wp-content\/uploads\/2020\/10\/coc-tiep-dia-thep-ma-kem-l63x63x6-v63x63x6-l63x63x5-v63x63x5-l60x50x5-v50x50x5-lap-la-thep-ma-kem-40x4-40x5-50x5-1-300x300.jpg 300w, https:\/\/chongsetbacgiang.com\/wp-content\/uploads\/2020\/10\/coc-tiep-dia-thep-ma-kem-l63x63x6-v63x63x6-l63x63x5-v63x63x5-l60x50x5-v50x50x5-lap-la-thep-ma-kem-40x4-40x5-50x5-1.jpg 458w\" sizes=\"(max-width: 400px) 100vw, 400px\" \/><\/p>\n<h3><em><strong>Quy C\u00e1ch C\u1ecdc Ti\u1ebfp \u0110\u1ecba M\u1ea1 K\u1ebdm Nh\u00fang N\u00f3ng<\/strong><\/em><\/h3>\n<p>C\u1ecdc ti\u1ebfp \u0111\u1ecba th\u00e9p m\u1ea1 k\u1ebdm c\u00f3 2 h\u00ecnh th\u00e1i th\u00f4ng d\u1ee5ng: tr\u00f2n\u00a0\u0111\u1eb7c ho\u1eb7c ch\u1eef V\u00a0(ch\u1eef L)<\/p>\n<table border=\"0\">\n<tbody>\n<tr>\n<td><strong>STT<\/strong><\/td>\n<td><strong>M\u00e3 S\u1ea3n Ph\u1ea9m<\/strong><\/td>\n<td><strong>T\u00ean S\u1ea3n Ph\u1ea9m<\/strong><\/td>\n<td><strong>Lo\u1ea1i<\/strong><\/td>\n<td><strong>Th\u00f4ng S\u1ed1<\/strong><\/td>\n<td><strong>Chi\u1ec1u D\u00e0i<\/strong><\/td>\n<\/tr>\n<tr>\n<td>1<\/td>\n<td>QH-MK63625<\/td>\n<td>C\u1ecdc ti\u1ebfp \u0111\u1ecba l63x63x6x2500<\/td>\n<td>v(l)<\/td>\n<td>63x63x6<\/td>\n<td>2.5m<\/td>\n<\/tr>\n<tr>\n<td>2<\/td>\n<td>QH-MK636524<\/td>\n<td>C\u1ecdc ti\u1ebfp \u0111\u1ecba l63x63x5x2400<\/td>\n<td>v(l)<\/td>\n<td>63x63x5<\/td>\n<td>2.4m<\/td>\n<\/tr>\n<tr>\n<td>3<\/td>\n<td>QH-CMK1424<\/td>\n<td>C\u1ecdc ti\u1ebfp \u0111\u1ecba m\u1ea1 k\u1ebdm D14x2400<\/td>\n<td>Tr\u00f2n<\/td>\n<td>14<\/td>\n<td>2.4m<\/td>\n<\/tr>\n<tr>\n<td>4<\/td>\n<td>QH-CMK1630<\/td>\n<td>C\u1ecdc ti\u1ebfp \u0111\u1ecba m\u1ea1 k\u1ebdm D16x3000<\/td>\n<td>Tr\u00f2n<\/td>\n<td>16<\/td>\n<td>3.0m<\/td>\n<\/tr>\n<tr>\n<td>5<\/td>\n<td>QH-CMK1830<\/td>\n<td>C\u1ecdc ti\u1ebfp \u0111\u1ecba m\u1ea1 k\u1ebdm D18x3000<\/td>\n<td>Tr\u00f2n<\/td>\n<td>18<\/td>\n<td>3.0m<\/td>\n<\/tr>\n<tr>\n<td>6<\/td>\n<td>QH-CMK2024<\/td>\n<td>C\u1ecdc ti\u1ebfp \u0111\u1ecba m\u1ea1 k\u1ebdm D20x2400<\/td>\n<td>Tr\u00f2n<\/td>\n<td>20<\/td>\n<td>2.4m<\/td>\n<\/tr>\n<\/tbody>\n<\/table>\n<p>Ch\u00fa \u00fd:<\/p>\n<p>C\u1ecdc tr\u00f2n s\u1ebd \u0111\u01b0\u1ee3c v\u00f3t nh\u1ecdn 1 \u0111\u1ea7u, \u0111\u1ea7u c\u00f2n l\u1ea1i c\u00f3 2 quy c\u00e1ch: \u0111\u1ec3 b\u1eb1ng ho\u1eb7c ti\u1ec7n ren<\/p>\n<p>C\u1ecdc v c\u00f3 2 quy c\u00e1ch: \u0111\u1ea7u v\u00f3t v\u00e0 \u0111\u1ea7u b\u1eb1ng.<\/p>\n<p>\u0110\u1ec3 bi\u1ebft c\u00e1ch \u0111\u1eb7t m\u00e3 v\u00e0 xem c\u00e1c s\u1ea3n ph\u1ea9m kh\u00e1c, vui l\u00f2ng truy c\u1eadp\u00a0Catalogue\u00a0c\u1ecdc n\u1ed1i \u0111\u1ea5t th\u00e9p m\u1ea1 k\u1ebdm nh\u00fang n\u00f3ng<\/p>\n<p>Th\u00e9p V c\u00f3 di\u1ec7n t\u00edch ti\u1ebfp x\u00fac l\u1edbn h\u01a1n, cho hi\u1ec7u qu\u1ea3 thu s\u00e9t cao h\u01a1n h\u1eb3n. Nh\u01b0ng b\u00f9 l\u1ea1i, c\u1ecdc tr\u00f2n c\u00f3 chi ph\u00ed th\u1ea5p h\u01a1n, l\u1ea1i d\u1ec5 thi c\u00f4ng v\u00e0 v\u1eadn chuy\u1ec3n h\u01a1n nhi\u1ec1u. Trong nhi\u1ec1u tr\u01b0\u1eddng h\u1ee3p, c\u1ecdc tr\u00f2n c\u00f3 th\u1ec3 \u0111\u00f3ng b\u1eb1ng tay, nh\u01b0ng th\u00e9p V th\u00ec 99% ph\u1ea3i d\u00f9ng m\u00e1y \u0111\u1ec3 \u0111\u00f3ng.<\/p>\n<p><img loading=\"lazy\" class=\"alignnone size-full wp-image-1698\" src=\"https:\/\/thicongchongset.com.vn\/wp-content\/uploads\/2020\/10\/images-2.jpg\" alt=\"\" width=\"318\" height=\"159\" \/><\/p>\n<h3><em><strong>C\u1ecdc Ti\u1ebfp \u0110\u1ecba M\u1ea1 K\u1ebdm\u00a0<\/strong><\/em><\/h3>\n<p>Ch\u1ed1ng s\u00e9t Quang H\u01b0ng l\u00e0 \u0111\u01a1n v\u1ecb ti\u00ean phong trong vi\u1ec7c cung c\u1ea5p c\u00e1c s\u1ea3n ph\u1ea9m\u00a0<strong>th\u00e9p v m\u1ea1 k\u1ebdm ch\u1ed1ng s\u00e9t<\/strong>. Ch\u00fang t\u00f4i l\u00e0 \u0111\u1ed1i t\u00e1c c\u1ee7a r\u1ea5t nhi\u1ec1u \u0111\u01a1n v\u1ecb s\u1ea3n xu\u1ea5t l\u1edbn trong ng\u00e0nh nh\u01b0:<\/p>\n<p>Th\u00e9p v m\u1ea1 k\u1ebdm H\u00f2a Ph\u00e1t<br \/>\nTh\u00e9p v m\u1ea1 k\u1ebdm Hoa Sen<br \/>\nTh\u00e9p v An Kh\u00e1nh<br \/>\nTh\u00e9p v Th\u00e1i Nguy\u00ean<br \/>\nTh\u00e9p v \u0110a H\u1ed9i<\/p>\n<p>Khi mua c\u1ecdc th\u00e9p t\u1ea1i www.thicongchongset.com.vn, qu\u00fd kh\u00e1ch s\u1ebd nh\u1eadn \u0111\u1ea7y \u0111\u1ee7 gi\u1ea5y t\u1edd, ch\u1ee9ng ch\u1ec9 xu\u1ea5t x\u01b0\u1edfng c\u00f3 d\u1ea5u c\u1ee7a nh\u00e0 s\u1ea3n xu\u1ea5t t\u01b0\u01a1ng \u1ee9ng. V\u1edbi ri\u00eang c\u00e1c s\u1ea3n ph\u1ea9m th\u00e9p \u0110a H\u1ed9i, qu\u00fd kh\u00e1ch s\u1ebd nh\u1eadn ch\u1ee9ng ch\u1ec9 cho quy tr\u00ecnh m\u1ea1 k\u1ebdm ASTM<\/p>\n<p>\u0110\u1ed1i v\u1edbi c\u00e1c \u0111\u01a1n h\u00e0ng l\u1edbn, ch\u00fang t\u00f4i cung c\u1ea5p d\u1ecbch v\u1ee5 gia c\u00f4ng, th\u00eam <strong>c\u1edd ti\u1ebfp \u0111\u1ecba (c\u1ecdc ti\u1ebfp \u0111\u1ecba c\u00f3 r\u00e2u)<\/strong>\u00a0cho l\u00f4 h\u00e0ng th\u00e9p. \u0110\u00e2y l\u00e0 quy c\u00e1ch c\u1ecdc ti\u1ebfp \u0111\u1ecba th\u00f4ng d\u1ee5ng cho c\u00e1c c\u00f4ng tr\u00ecnh c\u1ed9t \u0111\u00e8n chi\u1ebfu s\u00e1ng.<\/p>\n<p>&#8212;&#8212;&#8211;<\/p>\n","protected":false},"excerpt":{"rendered":"<p>C\u1ecdc ti\u1ebfp \u0111\u1ecba m\u1ea1 k\u1ebdm nh\u00fang n\u00f3ng l\u00e0 thi\u1ebft b\u1ecb ti\u1ebfp \u0111\u1ecba hi\u1ec7u qu\u1ea3 m\u00e0 kinh t\u1ebf trong thi c\u00f4ng ch\u1ed1ng s\u00e9t.<\/p>\n<p><strong>Hotline:\u00a0<\/strong>0353.577.766<br \/>\n<strong>Email:<\/strong>\u00a0vnmax2@gmail.com<br \/>\n<strong>Website:<\/strong>\u00a0thicongchongset.com.vn<\/p>\n","protected":false},"featured_media":1699,"comment_status":"open","ping_status":"closed","template":"","meta":{"om_disable_all_campaigns":false,"_mi_skip_tracking":false},"aioseo_notices":[],"_links":{"self":[{"href":"https:\/\/chongsetbacgiang.com\/index.php?rest_route=\/wp\/v2\/product\/1696"}],"collection":[{"href":"https:\/\/chongsetbacgiang.com\/index.php?rest_route=\/wp\/v2\/product"}],"about":[{"href":"https:\/\/chongsetbacgiang.com\/index.php?rest_route=\/wp\/v2\/types\/product"}],"replies":[{"embeddable":true,"href":"https:\/\/chongsetbacgiang.com\/index.php?rest_route=%2Fwp%2Fv2%2Fcomments&post=1696"}],"wp:featuredmedia":[{"embeddable":true,"href":"https:\/\/chongsetbacgiang.com\/index.php?rest_route=\/wp\/v2\/media\/1699"}],"wp:attachment":[{"href":"https:\/\/chongsetbacgiang.com\/index.php?rest_route=%2Fwp%2Fv2%2Fmedia&parent=1696"}],"curies":[{"name":"wp","href":"https:\/\/api.w.org\/{rel}","templated":true}]}}