{"id":1688,"date":"2020-10-04T09:10:18","date_gmt":"2020-10-04T09:10:18","guid":{"rendered":"http:\/\/thicongchongset.com.vn\/?post_type=product&#038;p=1688"},"modified":"2023-04-28T02:24:04","modified_gmt":"2023-04-28T02:24:04","slug":"coc-tiep-dia-ma-dong-an-do","status":"publish","type":"product","link":"https:\/\/chongsetbacgiang.com\/?product=coc-tiep-dia-ma-dong-an-do","title":{"rendered":"C\u1ecdc Ti\u1ebfp \u0110\u1ecba M\u1ea1 \u0110\u1ed3ng \u1ea4n \u0110\u1ed9"},"content":{"rendered":"<h2><strong>\u0110\u1eb7c \u0110i\u1ec3m C\u1ecdc Ti\u1ebfp \u0110\u1ecba M\u1ea1 \u0110\u1ed3ng<\/strong><\/h2>\n<p>C\u1ecdc n\u1ed1i \u0111\u1ea5t n\u00e0y c\u00f3 l\u00f5i l\u00e0m b\u1eb1ng th\u00e9p c\u1ee9ng, b\u00ean ngo\u00e0i \u0111\u01b0\u1ee3c m\u1ea1 m\u1ed9t l\u1edbp \u0111\u1ed3ng m\u1ecfng \u0111\u1ec3 t\u0103ng hi\u1ec7u qu\u1ea3 truy\u1ec1n s\u00e9t. Ch\u1ea5t l\u01b0\u1ee3ng c\u1ee7a s\u1ea3n ph\u1ea9m ph\u1ee5 thu\u1ed9c v\u00e0o ch\u1ea5t l\u01b0\u1ee3ng c\u1ee7a l\u00f5i th\u00e9p v\u00e0 \u0111\u1ed9 d\u00e0y c\u1ee7a l\u1edbp m\u1ea1 \u0111\u1ed3ng.<\/p>\n<p><img loading=\"lazy\" class=\"alignnone wp-image-1689\" style=\"color: #333333; font-size: 14.4px;\" src=\"https:\/\/thicongchongset.com.vn\/wp-content\/uploads\/2020\/10\/91394716_2669170739978005_2726810393325338624_n-300x400.jpg\" alt=\"\" width=\"338\" height=\"451\" srcset=\"https:\/\/chongsetbacgiang.com\/wp-content\/uploads\/2020\/10\/91394716_2669170739978005_2726810393325338624_n-300x400.jpg 300w, https:\/\/chongsetbacgiang.com\/wp-content\/uploads\/2020\/10\/91394716_2669170739978005_2726810393325338624_n-600x800.jpg 600w, https:\/\/chongsetbacgiang.com\/wp-content\/uploads\/2020\/10\/91394716_2669170739978005_2726810393325338624_n.jpg 720w\" sizes=\"(max-width: 338px) 100vw, 338px\" \/><\/p>\n<p>Hi\u1ec7n nay, c\u1ecdc \u0111\u1ed3ng nguy\u00ean ch\u1ea5t \u0111ang l\u00e0 v\u1eadt t\u01b0 truy\u1ec1n s\u00e9t nhanh nh\u1ea5t. Nh\u01b0ng gi\u00e1 th\u00e0nh l\u1ea1i r\u1ea5t cao. C\u00e1c lo\u1ea1i\u00a0c\u1ecdc th\u00e9p m\u1ea1 \u0111\u1ed3ng v\u1eeba v\u1eb7n x\u1eed l\u00fd \u0111\u01b0\u1ee3c nh\u01b0\u1ee3c \u0111i\u1ec3m n\u00e0y, nh\u01b0ng v\u1eabn \u0111\u1ea3m b\u1ea3o \u0111\u01b0\u1ee3c \u0111i\u1ec7n tr\u1edf su\u1ea5t \u0111\u1ea5t ti\u00eau chu\u1ea9n.<\/p>\n<p>C\u1ecdc m\u1ea1 \u0111\u1ed3ng ph\u00f9 h\u1ee3p v\u1edbi\u00a0nhi\u1ec1u d\u1ea1ng quy m\u00f4 c\u00f4ng tr\u00ecnh.\u00a0Nh\u01b0ng th\u1ef1c t\u1ebf cho th\u1ea5y, nhi\u1ec1u nh\u1ea5t l\u00e0 trong\u00a0c\u00e1c h\u1ec7 th\u1ed1ng ch\u1ed1ng s\u00e9t nh\u00e0 \u1edf d\u00e2n d\u1ee5ng. M\u1ed7i m\u1ed9t c\u00f4ng tr\u00ecnh nh\u00e0 \u1edf\u00a0th\u01b0\u1eddng c\u1ea7n t\u1eeb 3-5 c\u1ecdc, t\u00f9y v\u00e0o t\u00ednh ch\u1ea5t th\u1ef1c t\u1ebf c\u1ee7a \u0111\u1ea5t.<\/p>\n<p>&nbsp;<\/p>\n<h3><em><strong>C\u1ecdc Ti\u1ebfp \u0110\u1ecba M\u1ea1 \u0110\u1ed3ng\u00a0<\/strong><\/em><\/h3>\n<p>V\u1edbi h\u01a1n 10 n\u0103m trong l\u0129nh v\u1ef1c ch\u1ed1ng s\u00e9t, ch\u00fang t\u00f4i lu\u00f4n c\u00f3 s\u1eb5n h\u00e0ng v\u00e0 gi\u1eef \u0111\u01b0\u1ee3c m\u1ee9c gi\u00e1 b\u00e1n \u1ed5n \u0111\u1ecbnh. C\u00e1c s\u1ea3n ph\u1ea9m \u0111\u1ec1u \u0111\u01b0\u1ee3c ki\u1ec3m tra k\u1ef9 l\u01b0\u1ee1ng t\u1eeb ch\u1ea5t l\u01b0\u1ee3ng l\u00f5i th\u00e9p cho t\u1edbi \u0111\u1ed9 d\u00e0y l\u1edbp m\u1ea1.<\/p>\n<p>\u0110\u1ed1i v\u1edbi c\u00e1c s\u1ea3n ph\u1ea9m nh\u1eadp kh\u1ea9u, ch\u00fang t\u00f4i cung c\u1ea5p \u0111\u1ea7y \u0111\u1ee7 gi\u1ea5y t\u1edd CO, CQ. \u0110\u1ed1i v\u1edbi c\u00e1c \u0111\u01a1n h\u00e0ng l\u1edbn, ch\u00fang t\u00f4i c\u00f3 th\u1ec3 cung c\u1ea5p phi\u1ebfu ki\u1ec3m nghi\u1ec7m th\u00e0nh ph\u1ea7n v\u00e0 \u0111o h\u00e0m l\u01b0\u1ee3ng \u0111\u1ed3ng tr\u00ean c\u1ecdc (phi\u1ebfu do Quatest c\u1ea5p).<\/p>\n<p>Kh\u00f4ng ch\u1ec9 s\u1edf h\u1eefu s\u1ea3n ph\u1ea9m ch\u1ea5t l\u01b0\u1ee3ng, ch\u00fang t\u00f4i c\u00f2n cung c\u1ea5p d\u1ecbch v\u1ee5 t\u01b0 v\u1ea5n mi\u1ec5n ph\u00ed t\u1edbi kh\u00e1ch h\u00e0ng. To\u00e0n b\u1ed9 t\u01b0 v\u1ea5n vi\u00ean \u0111\u1ec1u \u0111\u01b0\u1ee3c \u0111\u00e0o t\u1ea1o b\u00e0i b\u1ea3n, c\u00f3 th\u1eddi gian th\u1ef1c t\u1ebf t\u1ea1i c\u00f4ng tr\u00ecnh; h\u1ee9a h\u1eb9n l\u00e0 nh\u00e0 \u0111\u1ed3ng h\u00e0nh t\u1ed1t nh\u1ea5t c\u1ee7a qu\u00fd kh\u00e1ch. V\u1edbi ri\u00eang h\u1ec7 th\u1ed1ng ch\u1ed1ng s\u00e9t nh\u00e0 d\u00e2n \u1edf, ch\u00fang t\u00f4i c\u00f2n cung c\u1ea5p d\u1ecbch v\u1ee5 kh\u1ea3o s\u00e1t v\u00e0 thi c\u00f4ng tr\u1ecdn g\u00f3i.<\/p>\n<p>&nbsp;<\/p>\n<h2><strong>Quy C\u00e1ch C\u1ecdc Ti\u1ebfp \u0110\u1ecba M\u1ea1 \u0110\u1ed3ng<\/strong><\/h2>\n<p>Tr\u00ean th\u1ecb tr\u01b0\u1eddng hi\u1ec7n nay c\u00f3 r\u1ea5t nhi\u1ec1u lo\u1ea1i\u00a0c\u1ecdc ti\u1ebfp \u0111\u1ecba th\u00e9p m\u1ea1 \u0111\u1ed3ng kh\u00e1c nhau, \u0111a d\u1ea1ng v\u1ec1 xu\u1ea5t x\u1ee9, quy c\u00e1ch v\u00e0 c\u1ea3 ch\u1ea5t l\u01b0\u1ee3ng. \u1ede Quang H\u01b0ng, ch\u00fang t\u00f4i chia ch\u00fang th\u00e0nh ba nh\u00f3m nh\u01b0 sau:<\/p>\n<h3><em><strong>C\u1ecdc Ti\u1ebfp \u0110\u1ecba \u1ea4n \u0110\u1ed9<\/strong><\/em><\/h3>\n<p>\u0110\u00e2y l\u00e0 lo\u1ea1i c\u1ecdc \u0111\u01b0\u1ee3c nhi\u1ec1u ng\u01b0\u1eddi t\u00ecm mua nh\u1ea5t. Gi\u00e1 c\u1ecdc ti\u1ebfp \u0111\u1ecba m\u1ea1 \u0111\u1ed3ng t\u1eeb \u1ea4n h\u01a1i cao h\u01a1n so v\u1edbi c\u1ecdc trong n\u01b0\u1edbc, nh\u01b0ng \u0111\u01b0\u1ee3c \u0111\u00e1nh gi\u00e1 l\u00e0 hi\u1ec7u qu\u1ea3 h\u01a1n nhi\u1ec1u.<\/p>\n<table border=\"0\">\n<tbody>\n<tr>\n<td>Th\u01b0\u01a1ng hi\u1ec7u<\/td>\n<td>T\u00ean S\u1ea3n Ph\u1ea9m<\/td>\n<td>\u0110\u01b0\u1eddng K\u00ednh<\/td>\n<td>Chi\u1ec1u D\u00e0i<\/td>\n<\/tr>\n<tr>\n<td>Ramratna<\/td>\n<td>C\u1ecdc ti\u1ebfp \u0111\u1ecba Ramratna D14<\/td>\n<td>14.2mm<\/td>\n<td>2.4m<\/td>\n<\/tr>\n<tr>\n<td>Ramratna<\/td>\n<td>C\u1ecdc ti\u1ebfp \u0111\u1ecba Ramratna D16<\/td>\n<td>16.0mm<\/td>\n<td>2.4m<\/td>\n<\/tr>\n<tr>\n<td>Axis<\/td>\n<td>C\u1ecdc ti\u1ebfp \u0111\u1ecba Axis D14<\/td>\n<td>14.2mm<\/td>\n<td>2.4m<\/td>\n<\/tr>\n<tr>\n<td>Axis<\/td>\n<td>C\u1ecdc ti\u1ebfp \u0111\u1ecba Axis D16<\/td>\n<td>16.0mm<\/td>\n<td>2.4m<\/td>\n<\/tr>\n<\/tbody>\n<\/table>\n<p>Catalogue c\u1ecdc ti\u1ebfp \u0111\u1ecba \u1ea4n \u0110\u1ed9<\/p>\n<p>&nbsp;<\/p>\n<h3><em><strong>C\u1ecdc Ti\u1ebfp \u0110\u1ecba Th\u00e9p M\u1ea1 \u0110\u1ed3ng Vi\u1ec7t Nam<\/strong><\/em><\/h3>\n<p>C\u1ecdc Vi\u1ec7t l\u00e0 s\u1ea3n ph\u1ea9m c\u00f3 gi\u00e1 th\u00e0nh th\u1ea5p nh\u1ea5t, nh\u01b0ng l\u1ea1i th\u01b0\u1eddng \u0111\u01b0\u1ee3c s\u1eed d\u1ee5ng trong c\u00e1c c\u00f4ng tr\u00ecnh l\u1edbn. S\u1ed1 l\u01b0\u1ee3ng trung b\u00ecnh c\u1ee7a m\u1ed9t \u0111\u01a1n h\u00e0ng r\u01a1i v\u00e0o kho\u1ea3ng 50-70 c\u1ecdc.\u00a0Qu\u00fd kh\u00e1ch ch\u00fa \u00fd: d\u01b0\u1edbi \u0111\u00e2y ch\u1ec9 l\u00e0 nh\u1eefng quy c\u00e1ch th\u00f4ng d\u1ee5ng nh\u1ea5t.<\/p>\n<table border=\"0\">\n<tbody>\n<tr>\n<td>M\u00e3 S\u1ea3n Ph\u1ea9m<\/td>\n<td>T\u00ean S\u1ea3n Ph\u1ea9m<\/td>\n<td>Ch\u1ea5t Li\u1ec7u<\/td>\n<td>\u0110\u01b0\u1eddng K\u00ednh<\/td>\n<td>Chi\u1ec1u D\u00e0i<\/td>\n<\/tr>\n<tr>\n<td>QH-CMD 1424<\/td>\n<td>C\u1ecdc ti\u1ebfp \u0111\u1ecba m\u1ea1 \u0111\u1ed3ng D14<\/td>\n<td>Th\u00e9p m\u1ea1 \u0111\u1ed3ng<\/td>\n<td>14mm<\/td>\n<td>2.4m<\/td>\n<\/tr>\n<tr>\n<td>QH-CMD 1624<\/td>\n<td>C\u1ecdc ti\u1ebfp \u0111\u1ecba m\u1ea1 \u0111\u1ed3ng D16<\/td>\n<td>Th\u00e9p m\u1ea1 \u0111\u1ed3ng<\/td>\n<td>16mm<\/td>\n<td>2.4m<\/td>\n<\/tr>\n<tr>\n<td>QH-CMD 1824<\/td>\n<td>C\u1ecdc ti\u1ebfp \u0111\u1ecba m\u1ea1 \u0111\u1ed3ng D18<\/td>\n<td>Th\u00e9p m\u1ea1 \u0111\u1ed3ng<\/td>\n<td>18mm<\/td>\n<td>2.4m<\/td>\n<\/tr>\n<tr>\n<td>QH-CMD 2024<\/td>\n<td>C\u1ecdc ti\u1ebfp \u0111\u1ecba m\u1ea1 \u0111\u1ed3ng D20<\/td>\n<td>Th\u00e9p m\u1ea1 \u0111\u1ed3ng<\/td>\n<td>20mm<\/td>\n<td>2.4m<\/td>\n<\/tr>\n<tr>\n<td>QH-CMD 2224<\/td>\n<td>C\u1ecdc ti\u1ebfp \u0111\u1ecba m\u1ea1 \u0111\u1ed3ng D22<\/td>\n<td>Th\u00e9p m\u1ea1 \u0111\u1ed3ng<\/td>\n<td>22mm<\/td>\n<td>2.4m<\/td>\n<\/tr>\n<tr>\n<td>QH-CMD 2524<\/td>\n<td>C\u1ecdc ti\u1ebfp \u0111\u1ecba m\u1ea1 \u0111\u1ed3ng D25<\/td>\n<td>Th\u00e9p m\u1ea1 \u0111\u1ed3ng<\/td>\n<td>25mm<\/td>\n<td>2.4m<\/td>\n<\/tr>\n<\/tbody>\n<\/table>\n<p>Chi\u1ec1u d\u00e0i c\u1ee7a c\u1ecdc dao \u0111\u1ed9ng trong kho\u1ea3ng 1.0 \u0111\u1ebfn 6.0m. Chi ti\u1ebft vui l\u00f2ng xem\u00a0Catalogue<\/p>\n<p>&nbsp;<\/p>\n<h3><em><strong>C\u1ecdc Ti\u1ebfp \u0110\u1ecba Nh\u1eadp Kh\u1ea9u Kh\u00e1c<\/strong><\/em><\/h3>\n<p>B\u00ean c\u1ea1nh c\u00e1c s\u1ea3n ph\u1ea9m t\u1eeb \u1ea4n \u0110\u1ed9, Ch\u00fang t\u00f4i c\u00f2n cung c\u1ea5p c\u00e1c s\u1ea3n ph\u1ea9m t\u1eeb nhi\u1ec1u qu\u1ed1c gia kh\u00e1c nh\u01b0: Trung Qu\u1ed1c, M\u1ef9, \u00dac, Th\u1ed5 Nh\u0129 K\u1ef3&#8230;<\/p>\n<p>Trong s\u1ed1 \u0111\u00f3, c\u1ecdc Sunlight l\u00e0 s\u1ea3n ph\u1ea9m th\u1ebf m\u1ea1nh c\u1ee7a ch\u00fang t\u00f4i v\u1edbi l\u1edbp m\u1ea1 \u0111\u1ed3ng si\u00eau d\u1ea7y, cao nh\u1ea5t l\u00ean t\u1edbi 0.254mm (TCVN y\u00eau c\u1ea7u 0.075mm). Ngo\u00e0i ra, c\u00f2n c\u00f3 c\u1ecdc Erico t\u1eeb M\u1ef9 v\u1edbi ti\u00eau chu\u1ea9n UL.<\/p>\n<table border=\"0\">\n<tbody>\n<tr>\n<td>M\u00c3 S\u1ea2N PH\u1ea8M<\/td>\n<td>\u0110\u01af\u1edcNG K\u00cdNH<\/td>\n<td>\u0110\u1ed8 D\u00c0Y L\u1edaP M\u1ea0<\/td>\n<td>CHI\u1ec0U D\u00c0I<\/td>\n<td>TR\u1eccNG L\u01af\u1ee2NG G\u1ea6N \u0110\u00daNG<\/td>\n<\/tr>\n<tr>\n<td>SRB1425H005<\/td>\n<td>14.2mm<\/td>\n<td>0.050mm<\/td>\n<td>2.4\/2.5m<\/td>\n<td>3.12kg<\/td>\n<\/tr>\n<tr>\n<td>SRB1425H025<\/td>\n<td>14.2mm<\/td>\n<td>0.254mm<\/td>\n<td>2.4\/2.5m<\/td>\n<td>3.13kg<\/td>\n<\/tr>\n<tr>\n<td>SRB1625H005<\/td>\n<td>16.0mm<\/td>\n<td>0.050mm<\/td>\n<td>2.4\/2.5m<\/td>\n<td>3.95kg<\/td>\n<\/tr>\n<tr>\n<td>SRB1625H025<\/td>\n<td>16.0mm<\/td>\n<td>0.254mm<\/td>\n<td>2.4\/2.5m<\/td>\n<td>3.97kg<\/td>\n<\/tr>\n<tr>\n<td>SRB1725H005<\/td>\n<td>17.2mm<\/td>\n<td>0.050mm<\/td>\n<td>2.5m<\/td>\n<td>4.56kg<\/td>\n<\/tr>\n<tr>\n<td>SRB1725H025<\/td>\n<td>17.2mm<\/td>\n<td>0.254mm<\/td>\n<td>2.5m<\/td>\n<td>4.57kg<\/td>\n<\/tr>\n<tr>\n<td>SRB1730H025<\/td>\n<td>17.2mm<\/td>\n<td>0.254mm<\/td>\n<td>3.0m<\/td>\n<td>5.49kg<\/td>\n<\/tr>\n<tr>\n<td>SRB2025H025<\/td>\n<td>20.0mm<\/td>\n<td>0.254mm<\/td>\n<td>2.5m<\/td>\n<td>6.20kg<\/td>\n<\/tr>\n<tr>\n<td>SRB2030H025<\/td>\n<td>20.0mm<\/td>\n<td>0.254mm<\/td>\n<td>3.0m<\/td>\n<td>7.44kg<\/td>\n<\/tr>\n<tr>\n<td>SRB2525H025<\/td>\n<td>25.0mm<\/td>\n<td>0.254mm<\/td>\n<td>2.5m<\/td>\n<td>9.67kg<\/td>\n<\/tr>\n<\/tbody>\n<\/table>\n","protected":false},"excerpt":{"rendered":"<p>C\u1ecdc ti\u1ebfp \u0111\u1ecba m\u1ea1n\u0111\u1ed3ng\u00a0 D14,D16,D18,D20,D22,D25<\/p>\n<p>Su\u1ea5t s\u1ee9: \u1ea4n \u0110\u1ed9, Vi\u1ec7t Nam&#8230;<\/p>\n<p>C\u1ecdc ti\u1ebfp \u0111\u1ecba m\u1ea1 \u0111\u1ed3ng l\u00e0 thi\u1ebft b\u1ecb ch\u1ed1ng s\u00e9t th\u00f4ng d\u1ee5ng nh\u1ea5t hi\u1ec7n nay. S\u1ea3n ph\u1ea9m l\u00e0 s\u1ef1 k\u1ebft h\u1ee3p gi\u1eefa t\u00ednh b\u1ec1n ch\u1eafc c\u1ee7a th\u00e9p v\u00e0 s\u1ef1 d\u1eabn \u0111i\u1ec7n tuy\u1ec7t v\u1eddi c\u1ee7a \u0111\u1ed3ng<\/p>\n<p><strong>Hotline:\u00a0<\/strong>0353.577.766<br \/>\n<strong>Email:<\/strong>\u00a0vnmax2@gmail.com<br \/>\n<strong>Website:<\/strong>\u00a0thicongchongset.com.vn<\/p>\n","protected":false},"featured_media":1690,"comment_status":"open","ping_status":"closed","template":"","meta":{"om_disable_all_campaigns":false,"_mi_skip_tracking":false},"aioseo_notices":[],"_links":{"self":[{"href":"https:\/\/chongsetbacgiang.com\/index.php?rest_route=\/wp\/v2\/product\/1688"}],"collection":[{"href":"https:\/\/chongsetbacgiang.com\/index.php?rest_route=\/wp\/v2\/product"}],"about":[{"href":"https:\/\/chongsetbacgiang.com\/index.php?rest_route=\/wp\/v2\/types\/product"}],"replies":[{"embeddable":true,"href":"https:\/\/chongsetbacgiang.com\/index.php?rest_route=%2Fwp%2Fv2%2Fcomments&post=1688"}],"wp:featuredmedia":[{"embeddable":true,"href":"https:\/\/chongsetbacgiang.com\/index.php?rest_route=\/wp\/v2\/media\/1690"}],"wp:attachment":[{"href":"https:\/\/chongsetbacgiang.com\/index.php?rest_route=%2Fwp%2Fv2%2Fmedia&parent=1688"}],"curies":[{"name":"wp","href":"https:\/\/api.w.org\/{rel}","templated":true}]}}