{"id":1675,"date":"2020-10-04T08:23:04","date_gmt":"2020-10-04T08:23:04","guid":{"rendered":"http:\/\/thicongchongset.com.vn\/?post_type=product&#038;p=1675"},"modified":"2021-03-21T12:59:52","modified_gmt":"2021-03-21T12:59:52","slug":"thiet-bi-cat-set-otowa","status":"publish","type":"product","link":"https:\/\/chongsetbacgiang.com\/?product=thiet-bi-cat-set-otowa","title":{"rendered":"THI\u1ebeT B\u1eca C\u1eaeT S\u00c9T OTOWA"},"content":{"rendered":"<p>S\u00e9t \u0111\u00e1nh lan truy\u1ec1n tuy kh\u00f4ng g\u00e2y ra nh\u1eefng thi\u1ec7t h\u1ea1i l\u1edbn v\u1ec1 t\u00ednh m\u1ea1ng nh\u01b0ng lu\u00f4n ti\u1ec1m \u1ea9n nguy h\u1ea1i h\u1ecfng h\u00f3c t\u00e0i s\u1ea3n. \u0110\u1ea7u t\u01b0 m\u1ed9t h\u1ec7 th\u1ed1ng ch\u1ed1ng s\u00e9t lan truy\u1ec1n v\u1edbi thi\u1ebft b\u1ecb c\u1eaft s\u00e9t OTOWA h\u00e0ng \u0111\u1ea7u Nh\u1eadt B\u1ea3n l\u00e0 s\u1ef1 l\u1ef1a ch\u1ecdn an to\u00e0n nh\u1ea5t cho c\u00f4ng tr\u00ecnh c\u1ee7a b\u1ea1n!<\/p>\n<h2>Xu\u1ea5t x\u1ee9<\/h2>\n<p>Thi\u1ebft b\u1ecb c\u1eaft s\u00e9t OTOWA \u0111\u01b0\u1ee3c ch\u1ebf t\u1ea1o v\u00e0 s\u1ea3n xu\u1ea5t b\u1edfi OTOWA ELECTRIC CO.,LTD. V\u1edbi b\u1ec1 d\u00e0y h\u01a1n 70 n\u0103m kinh nghi\u1ec7m nghi\u00ean c\u1ee9u s\u1ea3n ph\u1ea9m v\u1ec1 s\u00e9t. OTOWA lu\u00f4n t\u1ef1 h\u00e0o v\u1edbi s\u1ee9 m\u1ec7nh b\u1ea3o v\u1ec7 an to\u00e0n c\u00e1c thi\u1ebft b\u1ecb \u0111i\u1ec7n kh\u1ecfi nguy h\u1ea1i c\u1ee7a s\u00e9t.<\/p>\n<div id=\"attachment_1768\" class=\"wp-caption alignnone\">\n<p><a href=\"https:\/\/chongsettoanquoc.com\/wp-content\/uploads\/2020\/02\/chong-set-lan-truyen-otowa-6.1.jpg\"><img loading=\"lazy\" class=\"size-large wp-image-1768 lazy-loaded\" src=\"https:\/\/chongsettoanquoc.com\/wp-content\/uploads\/2020\/02\/chong-set-lan-truyen-otowa-6.1-1024x720.jpg\" alt=\"Kh\u00f3a \u0111\u00e0o t\u1ea1o k\u1ef9 thu\u1eadt chuy\u00ean s\u00e2u v\u1ec1 s\u1ea3n ph\u1ea9m c\u1eaft s\u00e9t OTOWA Nh\u1eadt B\u1ea3n\" width=\"1024\" height=\"720\" aria-describedby=\"caption-attachment-1768\" data-lazy-type=\"image\" data-src=\"https:\/\/chongsettoanquoc.com\/wp-content\/uploads\/2020\/02\/chong-set-lan-truyen-otowa-6.1-1024x720.jpg\" \/><\/a><\/p>\n<p id=\"caption-attachment-1768\" class=\"wp-caption-text\">Kh\u00f3a \u0111\u00e0o t\u1ea1o k\u1ef9 thu\u1eadt chuy\u00ean s\u00e2u v\u1ec1 s\u1ea3n ph\u1ea9m c\u1eaft s\u00e9t OTOWA Nh\u1eadt B\u1ea3n<\/p>\n<\/div>\n<p>S\u1ea3n ph\u1ea9m \u0111\u01b0\u1ee3c ph\u00e2n ph\u1ed1i ch\u00ednh h\u00e3ng b\u1edfi www.thicongchongset.com.vn B\u00ean c\u1ea1nh \u0111\u00f3, ch\u00fang t\u00f4i s\u1edf h\u1eefu \u0111\u1ed9i ng\u0169 thi c\u00f4ng l\u1eafp \u0111\u1eb7t s\u1ea3n ph\u1ea9m v\u1edbi chuy\u00ean m\u00f4n v\u1eefng v\u00e0ng. T\u1ea5t c\u1ea3 \u0111\u1ec1u \u0111\u00e3 tr\u1ea3i qua kh\u00f3a \u0111\u00e0o t\u1ea1o k\u1ef9 thu\u1eadt v\u1ec1 s\u1ea3n ph\u1ea9m. Nh\u1edd \u0111\u00f3 c\u00f3 th\u1ec3 gi\u1ea3m thi\u1ec3u t\u1ed1i \u0111a nh\u1eefng sai s\u00f3t kh\u00f4ng \u0111\u00e3 c\u00f3. Mang \u0111\u1ebfn cho c\u00f4ng tr\u00ecnh c\u1ee7a b\u1ea1n m\u1ed9t h\u1ec7 th\u1ed1ng ch\u1ed1ng s\u00e9t lan truy\u1ec1n to\u00e0n di\u1ec7n.<\/p>\n<h2>Ph\u00e2n lo\u1ea1i thi\u1ebft b\u1ecb<\/h2>\n<p>\u0110\u1ec3 b\u1ea3o v\u1ec7 to\u00e0n di\u1ec7n c\u00f4ng tr\u00ecnh c\u1ee7a b\u1ea1n kh\u1ecfi nguy c\u01a1 s\u00e9t \u0111\u00e1nh lan truy\u1ec1n. S\u1ea3n ph\u1ea9m \u0111\u01b0\u1ee3c chia l\u00e0m 2 lo\u1ea1i ch\u00ednh:<\/p>\n<ul>\n<li>C\u1eaft s\u00e9t d\u00e0nh cho \u0111\u01b0\u1eddng ngu\u1ed3n<\/li>\n<li>C\u1eaft s\u00e9t d\u00e0nh cho \u0111\u01b0\u1eddng t\u00edn hi\u1ec7u<\/li>\n<\/ul>\n<h3>Thi\u1ebft b\u1ecb c\u1eaft s\u00e9t d\u00e0nh cho \u0111\u01b0\u1eddng ngu\u1ed3n<\/h3>\n<p>\u0110\u01b0\u1ee3c s\u1ea3n xu\u1ea5t \u0111\u1ec3 b\u1ea3o v\u1ec7 t\u1ee7 \u0111i\u1ec7n t\u1ed5ng c\u1ee7a m\u1ed9t h\u1ec7 th\u1ed1ng nh\u01b0: t\u1ee7 \u0111i\u1ec7n t\u1ed5ng chung c\u01b0, x\u00ed nghi\u1ec7p,\u2026 Thi\u1ebft b\u1ecb s\u1ebd \u0111\u01b0\u1ee3c b\u1ed1 tr\u00ed l\u1eafp \u0111\u1eb7t sau aptomat trong t\u1ee7 t\u1ed5ng. Ngo\u00e0i ra, s\u1ea3n ph\u1ea9m c\u00f3 ph\u00e2n lo\u1ea1i c\u1eaft s\u00e9t m\u1ed9t pha v\u00e0 c\u1eaft s\u00e9t ba pha. R\u1ea5t ph\u00f9 h\u1ee3p v\u1edbi m\u1ea1ng l\u01b0\u1edbi \u0111i\u1ec7n t\u1ea1i Vi\u1ec7t Nam.<\/p>\n<ol>\n<li>Thi\u1ebft b\u1ecb c\u1eaft s\u00e9t cho \u0111\u01b0\u1eddng ngu\u1ed3n<br \/>\nLD-PS2550S<br \/>\n\u1ee8ng d\u1ee5ng cho t\u1ee7 t\u1ed5ng c\u1ea5p 1 xung tr\u1ef1c ti\u1ebfp 10\/350\u00b5S v\u00e0<br \/>\nxung lan truy\u1ec1n 8\/20\u00b5S<br \/>\nOTOWA Power line SPD LD-PS2550S\u00a0\u00a0<strong>5.700.000<\/strong>\u00a0\u0111<\/li>\n<li>Thi\u1ebft b\u1ecb c\u1eaft s\u00e9t cho \u0111\u01b0\u1eddng ngu\u1ed3n<br \/>\nLD-PNP25100S (N-PE)<br \/>\n\u1ee8ng d\u1ee5ng cho t\u1ee7 t\u1ed5ng c\u1ea5p 1 xung tr\u1ef1c ti\u1ebfp 10\/350\u00b5S v\u00e0<br \/>\nxung lan truy\u1ec1n 8\/20\u00b5S<br \/>\nOTOWA Power line SPD LD-PNP25100S (N-PE)\u00a0<strong>5.900.000<\/strong>\u00a0\u0111<\/li>\n<li>Thi\u1ebft b\u1ecb c\u1eaft s\u00e9t cho \u0111\u01b0\u1eddng ngu\u1ed3n<br \/>\nLS-N2720S (1 pha 2 c\u1ef1c)<br \/>\n\u1ee8ng d\u1ee5ng cho t\u1ee7 t\u1ed5ng c\u1ea5p 2<br \/>\nxung lan truy\u1ec1n 8\/20\u00b5S<br \/>\nOTOWA Power line SPD LS-N2720S for TN system\u00a0\u00a03.300.000 \u0111<\/li>\n<li>Thi\u1ebft b\u1ecb c\u1eaft s\u00e9t cho \u0111\u01b0\u1eddng ngu\u1ed3n<br \/>\nLS-T2720S (3 pha 4 c\u1ef1c)<br \/>\n\u1ee8ng d\u1ee5ng cho t\u1ee7 t\u1ed5ng c\u1ea5p 2<br \/>\nxung lan truy\u1ec1n 8\/20\u00b5S<br \/>\nOTOWA Power line SPD LS-T2720S for TT system\u00a07.900.000\u00a0 \u0111<\/li>\n<li>Thi\u1ebft b\u1ecb c\u1eaft s\u00e9t cho \u0111\u01b0\u1eddng ngu\u1ed3n<br \/>\nLS-T3820S (3 pha 4 c\u1ef1c)<br \/>\n\u1ee8ng d\u1ee5ng cho t\u1ee7 t\u1ed5ng c\u1ea5p 2<br \/>\nxung lan truy\u1ec1n 8\/20\u00b5S<br \/>\nOTOWA Power line SPD LS-T3820S for TT system\u00a0\u00a08.900.000 \u0111<\/li>\n<li>Thi\u1ebft b\u1ecb c\u1eaft s\u00e9t cho \u0111\u01b0\u1eddng ngu\u1ed3n<br \/>\nLS-YPV6012S (\u0111i\u1ec7n D.C)<br \/>\n\u1ee8ng d\u1ee5ng cho t\u1ee7 t\u1ed5ng c\u1ea5p 2<br \/>\nxung lan truy\u1ec1n 8\/20\u00b5 S<br \/>\nOTOWA Power line SPD LS-YPV6012S<br \/>\nfor Photovoltaic system\u00a0\u00a04.900.000 \u0111<\/li>\n<li>Thi\u1ebft b\u1ecb c\u1eaft s\u00e9t cho \u0111\u01b0\u1eddng ngu\u1ed3n<br \/>\nLS-YPV10012S (\u0111i\u1ec7n D.C)<br \/>\n\u1ee8ng d\u1ee5ng cho t\u1ee7 t\u1ed5ng c\u1ea5p 2<br \/>\nxung lan truy\u1ec1n 8\/20\u00b5S<br \/>\nOTOWA Power line SPD LS-YPV10012S<br \/>\nfor Photovoltaic system\u00a04.700.000 \u0111<\/li>\n<\/ol>\n<p><strong>Thi\u1ebft b\u1ecb c\u1eaft s\u00e9t d\u00e0nh cho \u0111\u01b0\u1eddng t\u00edn hi\u1ec7u\u00a0<\/strong><\/p>\n<p>B\u1ea3o v\u1ec7 c\u00e1c thi\u1ebft b\u1ecb \u0111\u01b0\u1eddng t\u00edn hi\u1ec7u nh\u01b0: \u0111i\u1ec7n tho\u1ea1i b\u00e0n, wifi, camera. V\u1edbi m\u1ee9c gi\u00e1 h\u1ee3p l\u00ed, \u0111\u1ed9i ng\u0169 thi c\u00f4ng chuy\u00ean nghi\u1ec7p, ch\u00fang t\u00f4i cam k\u1ebft s\u1ef1 an to\u00e0n cho c\u00f4ng tr\u00ecnh c\u1ee7a b\u1ea1n tr\u01b0\u1edbc nh\u1eefng nguy h\u1ea1i c\u1ee7a s\u00e9t.<\/p>\n<ol>\n<li>Thi\u1ebft b\u1ecb c\u1eaft s\u00e9t cho \u0111\u01b0\u1eddng t\u00edn hi\u1ec7u<br \/>\nSL-RM30S<br \/>\n\u1ee8ng d\u1ee5ng cho \u0111\u01b0\u1eddng t\u00edn hi\u1ec7u<br \/>\nxung lan truy\u1ec1n 8\/20\u00b5S v\u00e0 1,2\/50\u00b5S<br \/>\nOTOWA SPD SL-RM30S for Control power\u00a02.900.000 \u0111<\/li>\n<li>Thi\u1ebft b\u1ecb c\u1eaft s\u00e9t cho \u0111\u01b0\u1eddng t\u00edn hi\u1ec7u<br \/>\nSL-RM60S<br \/>\n\u1ee8ng d\u1ee5ng cho \u0111\u01b0\u1eddng t\u00edn hi\u1ec7u<br \/>\nxung lan truy\u1ec1n 8\/20\u00b5S v\u00e0 1,2\/50\u00b5S<br \/>\nOTOWA SPD SL-RM60S for Control power\u00a0\u00a02.900.000 \u0111<\/li>\n<li>Thi\u1ebft b\u1ecb c\u1eaft s\u00e9t cho \u0111\u01b0\u1eddng t\u00edn hi\u1ec7u<br \/>\nSL-SPM180<br \/>\n\u1ee8ng d\u1ee5ng cho \u0111\u01b0\u1eddng t\u00edn hi\u1ec7u<br \/>\nxung lan truy\u1ec1n 8\/20\u00b5S v\u00e0 1,2\/50\u00b5S<br \/>\nOTOWA Signal line SPD SL-SPM180\u00a0\u00a02.400.000\u00a0 \u0111<\/li>\n<li>Thi\u1ebft b\u1ecb c\u1eaft s\u00e9t cho \u0111\u01b0\u1eddng t\u00edn hi\u1ec7u SR-VTRS5<br \/>\n\u1ee8ng d\u1ee5ng cho \u0111\u01b0\u1eddng t\u00edn hi\u1ec7u xung lan truy\u1ec1n 8\/20\u03bcS v\u00e0<br \/>\n1,2\/50\u03bcS<br \/>\nOTOWA Signal line SPD SR-VTRS5\u00a0\u00a04.500.000 \u0111<\/li>\n<li>Thi\u1ebft b\u1ecb c\u1eaft s\u00e9t cho \u0111\u01b0\u1eddng t\u00edn hi\u1ec7u<br \/>\nSPU-RL180<br \/>\n\u1ee8ng d\u1ee5ng cho \u0111\u01b0\u1eddng t\u00edn hi\u1ec7u<br \/>\nxung lan truy\u1ec1n 8\/20\u00b5S v\u00e0 1,2\/50\u00b5S<br \/>\nOTOWA Signal line SPD SPU-RL180\u00a0\u00a01.600.000 \u0111<\/li>\n<li>Thi\u1ebft b\u1ecb c\u1eaft s\u00e9t cho \u0111\u01b0\u1eddng t\u00edn hi\u1ec7u<br \/>\nSPU-EF<br \/>\n\u1ee8ng d\u1ee5ng cho \u0111\u01b0\u1eddng t\u00edn hi\u1ec7u<br \/>\nxung lan truy\u1ec1n 8\/20\u00b5S v\u00e0 1,2\/50\u00b5S<br \/>\nOTOWA Earthing Frame SPU-EF\u00a0\u00a01.400.000 \u0111<\/li>\n<li>Thi\u1ebft b\u1ecb c\u1eaft s\u00e9t cho \u0111\u01b0\u1eddng t\u00edn hi\u1ec7u<br \/>\nOLA-PT1000<br \/>\n\u1ee8ng d\u1ee5ng cho \u0111\u01b0\u1eddng t\u00edn hi\u1ec7u<br \/>\nxung lan truy\u1ec1n 8\/20\u00b5S v\u00e0 1,2\/50\u00b5S<br \/>\nOTOWA Isolation Type Surge protector OLA-PT1000\u00a02.900.000 \u0111<\/li>\n<li>Thi\u1ebft b\u1ecb c\u1eaft s\u00e9t cho \u0111\u01b0\u1eddng t\u00edn hi\u1ec7u<br \/>\nOLA-CLDRJ48<br \/>\n\u1ee8ng d\u1ee5ng cho \u0111\u01b0\u1eddng t\u00edn hi\u1ec7u<br \/>\nxung lan truy\u1ec1n 8\/20\u00b5S v\u00e0 1,2\/50\u00b5s<br \/>\nOTOWA SPD OLA-CLDRJ48\u00a02.400.000 \u0111<\/li>\n<li>Thi\u1ebft b\u1ecb c\u1eaft s\u00e9t cho \u0111\u01b0\u1eddng t\u00edn hi\u1ec7u<br \/>\nCS-BNCJJ75-T230HD<br \/>\n\u1ee8ng d\u1ee5ng cho \u0111\u01b0\u1eddng t\u00edn hi\u1ec7u<br \/>\nxung lan truy\u1ec1n 8\/20\u00b5S v\u00e0 1,2\/50\u00b5S<br \/>\nOTOWA SPD for Coaxial connection<br \/>\nCS-BNCJJ75-T230HD\u00a0\u00a02.400.000 \u0111<\/li>\n<\/ol>\n<p>Th\u00f4ng tin chi ti\u1ebft v\u00e0 t\u01b0 v\u1ea5n mua h\u00e0ng vui l\u00f2ng li\u00ean h\u1ec7:\u00a0<strong>0353577766<\/strong><\/p>\n<p><a href=\"https:\/\/chongsettoanquoc.com\/wp-content\/uploads\/2020\/02\/43fe276e06f3feada7e2.jpg\"><img loading=\"lazy\" class=\"alignnone wp-image-1771 lazy-loaded\" src=\"https:\/\/chongsettoanquoc.com\/wp-content\/uploads\/2020\/02\/43fe276e06f3feada7e2-768x1024.jpg\" alt=\"\" width=\"410\" height=\"547\" data-lazy-type=\"image\" data-src=\"https:\/\/chongsettoanquoc.com\/wp-content\/uploads\/2020\/02\/43fe276e06f3feada7e2-768x1024.jpg\" \/><\/a><\/p>\n","protected":false},"excerpt":{"rendered":"<div class=\"product_meta\"><span class=\"posted_in\">\u00a0<a href=\"https:\/\/chongsettoanquoc.com\/cat-loc-set-1-3-pha\/\" rel=\"tag\">C\u1eaeT L\u1eccC S\u00c9T 1-3 PHA<\/a><\/span><\/div>\n<div class=\"woocommerce-product-details__short-description\">\n<p>Th\u01b0\u01a1ng hi\u1ec7u: OTOWA<\/p>\n<p>Xu\u1ea5t x\u1ee9: Nh\u1eadt B\u1ea3n<\/p>\n<p>Ti\u00eau chu\u1ea9n: EN 61643-11\/IEC 61643-11<\/p>\n<p>Kinh nghi\u1ec7m h\u01a1n 70 nghi\u00ean c\u1ee9u v\u1ec1 s\u00e9t<\/p>\n<p><strong>Hotline:\u00a0<\/strong>0353.577.766<br \/>\n<strong>Email:<\/strong>\u00a0vnmax2@gmail.com<br \/>\n<strong>Website:<\/strong>\u00a0thicongchongset.com.vn<\/p>\n<\/div>\n","protected":false},"featured_media":1676,"comment_status":"open","ping_status":"closed","template":"","meta":{"om_disable_all_campaigns":false,"_mi_skip_tracking":false},"aioseo_notices":[],"_links":{"self":[{"href":"https:\/\/chongsetbacgiang.com\/index.php?rest_route=\/wp\/v2\/product\/1675"}],"collection":[{"href":"https:\/\/chongsetbacgiang.com\/index.php?rest_route=\/wp\/v2\/product"}],"about":[{"href":"https:\/\/chongsetbacgiang.com\/index.php?rest_route=\/wp\/v2\/types\/product"}],"replies":[{"embeddable":true,"href":"https:\/\/chongsetbacgiang.com\/index.php?rest_route=%2Fwp%2Fv2%2Fcomments&post=1675"}],"wp:featuredmedia":[{"embeddable":true,"href":"https:\/\/chongsetbacgiang.com\/index.php?rest_route=\/wp\/v2\/media\/1676"}],"wp:attachment":[{"href":"https:\/\/chongsetbacgiang.com\/index.php?rest_route=%2Fwp%2Fv2%2Fmedia&parent=1675"}],"curies":[{"name":"wp","href":"https:\/\/api.w.org\/{rel}","templated":true}]}}