{"id":1652,"date":"2020-10-04T03:29:09","date_gmt":"2020-10-04T03:29:09","guid":{"rendered":"http:\/\/thicongchongset.com.vn\/?post_type=product&#038;p=1652"},"modified":"2023-04-28T02:26:16","modified_gmt":"2023-04-28T02:26:16","slug":"sung-moi-han","status":"publish","type":"product","link":"https:\/\/chongsetbacgiang.com\/?product=sung-moi-han","title":{"rendered":"Tay k\u1eb9p khu\u00f4n h\u00e0n h\u00f3a nhi\u1ec7t GREENWELD"},"content":{"rendered":"<p>Tay k\u1eb9p khu\u00f4n h\u00e0n h\u00f3a nhi\u1ec7t GREENWELD<\/p>\n<p>C\u00f4ng ty ch\u00fang t\u00f4i hi\u1ec7n cung c\u1ea5p \u0111\u1ea7y \u0111\u1ee7 c\u00e1c ch\u1ee7ng lo\u1ea1i v\u1eadt t\u01b0 h\u00e0n ti\u1ebfp \u0111\u1ecba, h\u00e0n h\u00f3a nhi\u1ec7t v\u00e0 c\u00e1c ph\u1ee5 ki\u1ec7n cho khu\u00f4n h\u00e0n h\u00f3a nhi\u1ec7t<\/p>\n<p>Tay k\u1eb9p khu\u00f4n h\u00e0n h\u00f3a nhi\u1ec7t GREENWELD &#8211; Vi\u1ec7t Nam: l\u00e0 ph\u1ee5 ki\u1ec7n kh\u00f4ng th\u1ec3 thi\u1ebfu c\u1ee7a khu\u00f4n h\u00e0n, d\u00f9ng \u0111\u1ec3 \u0111\u1ecbnh v\u1ecb, gi\u1eef c\u1ed1 \u0111\u1ecbnh, ch\u1eafc ch\u1eafn khu\u00f4n h\u00e0n h\u00f3a nhi\u1ec7t trong qu\u00e1 tr\u00ecnh thi c\u00f4ng h\u00e0n h\u00f3a nhi\u1ec7t<\/p>\n<p>\u01afu \u0111i\u1ec3m: Tay k\u1eb9p \u0111\u01b0\u1ee3c l\u00e0m b\u1eb1ng lo\u1ea1i th\u00e9p \u0111\u1eb7c bi\u1ec7t, b\u1ec1n v\u00e0 \u00edt b\u1ecb han r\u1ec9, tay c\u1ea7m nh\u1eb9, d\u1ec5 s\u1eed d\u1ee5ng v\u00e0 thi c\u00f4ng, chi ph\u00ed r\u1ebb, m\u1ed9t tay k\u1eb9p c\u00f3 th\u1ec3 d\u00f9ng l\u00e2u d\u00e0i \u00edt b\u1ecb h\u1ecfng h\u00f3c<\/p>\n<p><strong>Tay k\u1eb9p khu\u00f4n h\u00e0n GREENWELD<\/strong><\/p>\n<p><strong>Th\u01b0\u01a1ng hi\u1ec7u:<\/strong>\u00a0GREENWELD<\/p>\n<p><strong>Ki\u1ec3u:<\/strong>\u00a0HCC<\/p>\n<p><strong>\u1ee8ng d\u1ee5ng:<\/strong>\u00a0D\u00f9ng \u0111\u1ec3 k\u1eb9p khu\u00f4n, gi\u1eef c\u1ed1 \u0111\u1ecbnh khu\u00f4n h\u00e0n v\u00e0 v\u1eadt li\u1ec7u h\u00e0n trong qu\u00e1 tr\u00ecnh h\u00e0n.<\/p>\n<p><strong>\u0110\u1eb7c \u0111i\u1ec3m:<\/strong><\/p>\n<ul>\n<li>Ph\u00e2n lo\u1ea1i \u0111a d\u1ea1ng, ph\u00f9 h\u1ee3p v\u1edbi t\u1eebng lo\u1ea1i khu\u00f4n GREENWELD<\/li>\n<li>Gi\u1eef khu\u00f4n ch\u1eb7t, c\u1ed1 \u0111\u1ecbnh trong qu\u00e1 tr\u00ecnh h\u00e0n<\/li>\n<li>D\u1ec5 c\u1ea7m v\u00e0 d\u1ec5 s\u1eed d\u1ee5ng<\/li>\n<li>\u0110\u1ed9 b\u1ec1n cao<\/li>\n<\/ul>\n<p><strong>Tr\u1ecdng l\u01b0\u1ee3ng:<\/strong>\u00a0 \u00a0 \u00a0 1,2 kg<\/p>\n<p><strong>S\u1ed1 l\u01b0\u1ee3ng:<\/strong>\u00a0 \u00a0 \u00a0 \u00a0 \u00a0 \u00a0 1 khu\u00f4n\/ h\u1ed9p<\/p>\n<p><strong>\u0110\u00f3ng g\u00f3i:<\/strong>\u00a0 \u00a0 \u00a0 \u00a0 \u00a0 \u00a0 220 x 110 x 100 (mm)<\/p>\n<p><strong>Xu\u1ea5t x\u1ee9:<\/strong>\u00a0 \u00a0 \u00a0 \u00a0 \u00a0 \u00a0 \u00a0 Vi\u1ec7t Nam<\/p>\n<p><strong>Gi\u00e1 c\u1ea3:<\/strong>\u00a0 \u00a0 \u00a0 \u00a0 \u00a0 \u00a0 \u00a0 \u00a0 \u00a0C\u1ea1nh tranh, h\u1ee3p l\u00fd<\/p>\n<p><strong>H\u1ed7 tr\u1ee3:<\/strong>\u00a0 \u00a0 \u00a0 \u00a0 \u00a0 \u00a0 \u00a0 \u00a0 \u00a0Giao h\u00e0ng nhanh t\u1eadn n\u01a1i, \u0111\u1ed5i tr\u1ea3 mi\u1ec5n ph\u00ed n\u1ebfu s\u1ea3n ph\u1ea9m l\u1ed7i k\u1ef9 thu\u1eadt t\u1eeb nh\u00e0 S\u1ea3n xu\u1ea5t.<\/p>\n","protected":false},"excerpt":{"rendered":"<h4><strong>Hotline:\u00a0<\/strong>0353.577.766<br \/>\n<strong>Email:<\/strong>\u00a0vnmax2@gmail.com<br \/>\n<strong>Website:<\/strong>\u00a0thicongchongset.com.vn<\/h4>\n","protected":false},"featured_media":1655,"comment_status":"open","ping_status":"closed","template":"","meta":{"om_disable_all_campaigns":false,"_mi_skip_tracking":false},"aioseo_notices":[],"_links":{"self":[{"href":"https:\/\/chongsetbacgiang.com\/index.php?rest_route=\/wp\/v2\/product\/1652"}],"collection":[{"href":"https:\/\/chongsetbacgiang.com\/index.php?rest_route=\/wp\/v2\/product"}],"about":[{"href":"https:\/\/chongsetbacgiang.com\/index.php?rest_route=\/wp\/v2\/types\/product"}],"replies":[{"embeddable":true,"href":"https:\/\/chongsetbacgiang.com\/index.php?rest_route=%2Fwp%2Fv2%2Fcomments&post=1652"}],"wp:featuredmedia":[{"embeddable":true,"href":"https:\/\/chongsetbacgiang.com\/index.php?rest_route=\/wp\/v2\/media\/1655"}],"wp:attachment":[{"href":"https:\/\/chongsetbacgiang.com\/index.php?rest_route=%2Fwp%2Fv2%2Fmedia&parent=1652"}],"curies":[{"name":"wp","href":"https:\/\/api.w.org\/{rel}","templated":true}]}}