{"id":1648,"date":"2020-10-04T03:24:39","date_gmt":"2020-10-04T03:24:39","guid":{"rendered":"http:\/\/thicongchongset.com.vn\/?post_type=product&#038;p=1648"},"modified":"2023-04-28T02:27:14","modified_gmt":"2023-04-28T02:27:14","slug":"thuoc-han-hoa-nhiet-goldweld","status":"publish","type":"product","link":"https:\/\/chongsetbacgiang.com\/?product=thuoc-han-hoa-nhiet-goldweld","title":{"rendered":"Thu\u1ed1c h\u00e0n h\u00f3a nhi\u1ec7t goldweld"},"content":{"rendered":"<div class=\"kP-bM3\">M\u00d4 T\u1ea2 S\u1ea2N PH\u1ea8M<\/div>\n<div class=\"_2aZyWI\">\n<div class=\"_2u0jt9\">D\u00f9ng cho h\u1ec7 th\u1ed1ng ti\u1ebfp \u0111\u1ecba an to\u00e0n \u0111i\u1ec7n, ch\u1ed1ng s\u00e9t. H\u00e0n n\u1ed1i c\u1ecdc \u0111\u1ed3ng\/th\u00e9p &#8211; c\u1ecdc \u0111\u1ed3ng\/th\u00e9p, c\u1ecdc \u0111\u1ed3ng\/th\u00e9p &#8211; c\u00e1p \u0111\u1ed3ng ho\u1eb7c c\u00e1p \u0111\u1ed3ng &#8211; c\u00e1p \u0111\u1ed3ng. Ho\u1eb7c c\u1ecdc th\u00e9p, th\u00e9p nh\u00fang k\u1ebdm&#8230;. \u01afu \u0111i\u1ec3m: \u0110a d\u1ea1ng ch\u1ee7ng lo\u1ea1i m\u1ed1i h\u00e0n t\u1eeb 45g, 65g, 90g, 115g, 150g, 200g, 250g D\u1ec5 s\u1eed d\u1ee5ng v\u1edbi nhi\u1ec1u lo\u1ea1i khu\u00f4n kh\u00e1c nhau, c\u00e1c khu\u00f4n c\u1ee7a h\u00e3ng kh\u00e1c nhau \u0110\u01b0\u1ee3c \u0111\u00f3ng th\u00e0nh t\u1eebng h\u1ed9p ph\u00f9 h\u1ee3p v\u1edbi t\u1eebng m\u1ed1i h\u00e0n r\u1ea5t d\u1ec5 thao t\u00e1c M\u1ed1i h\u00e0n truy\u1ec1n d\u1eabn s\u00e9t t\u1ed1t v\u00e0 kh\u00f4ng b\u1ecb gia t\u0103ng \u0111i\u1ec7n tr\u1edf theo th\u1eddi gian M\u1ed1i h\u00e0n \u0111\u1eb9p, kh\u00f4ng b\u1ecb \u0103n m\u00f2n, oxy h\u00f3a, b\u1ec1n v\u0129nh c\u1eedu Ch\u1ea5t l\u01b0\u1ee3ng m\u1ed1i h\u00e0n t\u1ed1t. Ti\u1ebft ki\u1ec7m chi ph\u00ed, \u00edt hao thu\u1ed1c khi h\u00e0n An to\u00e0n, thi c\u00f4ng \u0111\u01a1n gi\u1ea3n v\u00e0 nhanh Thu\u1ed1c h\u00e0n h\u00f3a nhi\u1ec7t Goldweld do Vi\u1ec7t Nam s\u1ea3n xu\u1ea5t d\u1ef1a tr\u00ean d\u00e2y truy\u1ec1n \u0111\u00f3ng g\u00f3i theo c\u00f4ng ngh\u1ec7 ti\u1ebfn ti\u1ebfn c\u1ee7a th\u1ebf gi\u1edbi.<\/div>\n<div><img loading=\"lazy\" class=\"alignnone size-medium wp-image-1650\" src=\"https:\/\/thicongchongset.com.vn\/wp-content\/uploads\/2020\/10\/unnamed-1-400x400.jpg\" alt=\"\" width=\"400\" height=\"400\" srcset=\"https:\/\/chongsetbacgiang.com\/wp-content\/uploads\/2020\/10\/unnamed-1-400x400.jpg 400w, https:\/\/chongsetbacgiang.com\/wp-content\/uploads\/2020\/10\/unnamed-1-100x100.jpg 100w, https:\/\/chongsetbacgiang.com\/wp-content\/uploads\/2020\/10\/unnamed-1-280x280.jpg 280w, https:\/\/chongsetbacgiang.com\/wp-content\/uploads\/2020\/10\/unnamed-1-300x300.jpg 300w, https:\/\/chongsetbacgiang.com\/wp-content\/uploads\/2020\/10\/unnamed-1.jpg 512w\" sizes=\"(max-width: 400px) 100vw, 400px\" \/><\/div>\n<\/div>\n<p><img loading=\"lazy\" class=\"alignnone size-medium wp-image-1651\" src=\"https:\/\/thicongchongset.com.vn\/wp-content\/uploads\/2020\/10\/7ac91ec8e2f015a673cdaf4029d565e1-499x400.jpg\" alt=\"\" width=\"499\" height=\"400\" srcset=\"https:\/\/chongsetbacgiang.com\/wp-content\/uploads\/2020\/10\/7ac91ec8e2f015a673cdaf4029d565e1-499x400.jpg 499w, https:\/\/chongsetbacgiang.com\/wp-content\/uploads\/2020\/10\/7ac91ec8e2f015a673cdaf4029d565e1-800x641.jpg 800w, https:\/\/chongsetbacgiang.com\/wp-content\/uploads\/2020\/10\/7ac91ec8e2f015a673cdaf4029d565e1-999x800.jpg 999w, https:\/\/chongsetbacgiang.com\/wp-content\/uploads\/2020\/10\/7ac91ec8e2f015a673cdaf4029d565e1-768x615.jpg 768w, https:\/\/chongsetbacgiang.com\/wp-content\/uploads\/2020\/10\/7ac91ec8e2f015a673cdaf4029d565e1.jpg 1136w\" sizes=\"(max-width: 499px) 100vw, 499px\" \/><\/p>\n<p>Thu\u1ed1c h\u00e0n h\u00f3a nhi\u1ec7t Goldweld<\/p>\n<p>Thu\u1ed1c h\u00e0n h\u00f3a nhi\u1ec7t cho h\u1ec7 th\u1ed1ng ti\u1ebfp \u0111\u1ecba, thu\u1ed1c h\u00e0n h\u00f3a nhi\u1ec7t cho h\u1ec7 th\u1ed1ng ch\u1ed1ng s\u00e9t, thu\u1ed1c h\u00e0n h\u00f3a nhi\u1ec7t c\u1ecdc \u0111\u1ed3ng v\u1edbi c\u00e1p \u0111\u1ed3ng, thu\u1ed1c h\u00e0n h\u00f3a nhi\u1ec7t c\u1ecdc th\u00e9p m\u1ea1 \u0111\u1ed3ng v\u1edbi c\u00e1p \u0111\u1ed3ng, thu\u1ed1c h\u00e0n h\u00f3a nhi\u1ec7t c\u00e1p \u0111\u1ed3ng v\u1edbi c\u00e1p \u0111\u1ed3ng.<\/p>\n<p>Thu\u1ed1c h\u00e0n h\u00f3a nhi\u1ec7t cho h\u1ec7 th\u1ed1ng ti\u1ebfp \u0111\u1ecba, thu\u1ed1c h\u00e0n h\u00f3a nhi\u1ec7t cho h\u1ec7 th\u1ed1ng ch\u1ed1ng s\u00e9t, thu\u1ed1c h\u00e0n h\u00f3a nhi\u1ec7t c\u1ecdc \u0111\u1ed3ng v\u1edbi c\u00e1p \u0111\u1ed3ng, thu\u1ed1c h\u00e0n h\u00f3a nhi\u1ec7t c\u1ecdc th\u00e9p m\u1ea1 \u0111\u1ed3ng v\u1edbi c\u00e1p \u0111\u1ed3ng, thu\u1ed1c h\u00e0n h\u00f3a nhi\u1ec7t c\u00e1p \u0111\u1ed3ng v\u1edbi c\u00e1p \u0111\u1ed3ng.<\/p>\n<p>\u0110\u1eb7c t\u00ednh thu\u1ed1c h\u00e0n h\u00f3a nhi\u1ec7t GoldWeld:<\/p>\n<p>+ Cho ph\u00e9p h\u00e0n \u0111\u1ed3ng \u2013 \u0111\u1ed3ng, \u0111\u1ed3ng \u2013 th\u00e9p t\u1ea1o n\u00ean c\u00e1c m\u1ed1i n\u1ed1i c\u00f3 ch\u1ea5t l\u01b0\u1ee3ng si\u00eau b\u1ec1n.<\/p>\n<p>+ T\u1ea3i d\u00f2ng s\u00e9t v\u00e0 d\u00f2ng s\u1ef1 c\u1ed1 cao h\u01a1n b\u1ea3n th\u00e2n d\u00e2y d\u1eabn do m\u1ed1i n\u1ed1i c\u00f3 ti\u1ebft di\u1ec7n l\u1edbn h\u01a1n.<\/p>\n<p>+ M\u1ed1i h\u00e0n kh\u00f4ng b\u1ecb gia t\u0103ng \u0111i\u1ec7n tr\u1edf theo th\u1eddi gian.<\/p>\n<p>+ Kh\u00f4ng b\u1ecb \u00f4xy h\u00f3a, kh\u00f4ng b\u1ecb \u0103n m\u00f2n.<\/p>\n<p>+ Nhi\u1ec7t \u0111\u1ed9 h\u00e0n l\u1edbn h\u01a1n 2000 \u0111\u00f4\u0323 C<\/p>\n<p>Thu\u1ed1c h\u00e0n GoldWeld \u0111\u01b0\u1ee3c \u0111\u00f3ng th\u00e0nh c\u00e1c l\u1ecd to nh\u1ecf kh\u00e1c nhau ph\u00f9 h\u1ee3p v\u1edbi k\u00edch th\u01b0\u1edbc m\u1ed1i h\u00e0n c\u0169ng nh\u01b0 lo\u1ea1i m\u1ed1i h\u00e0n kh\u00e1c nhau:<br \/>\n+ Thu\u1ed1c h\u00e0n h\u00f3a nhi\u1ec7t GoldWeld l\u1ecd 45g<br \/>\n+ Thu\u1ed1c h\u00e0n h\u00f3a nhi\u1ec7t GoldWeld l\u1ecd 65g<br \/>\n+ Thu\u1ed1c h\u00e0n h\u00f3a nhi\u1ec7t GoldWeld l\u1ecd 90g<br \/>\n+ Thu\u1ed1c h\u00e0n h\u00f3a nhi\u1ec7t GoldWeld l\u1ecd 115g<br \/>\n+ Thu\u1ed1c h\u00e0n h\u00f3a nhi\u1ec7t GoldWeld l\u1ecd 150g<br \/>\n+ Thu\u1ed1c h\u00e0n h\u00f3a nhi\u1ec7t GoldWeld l\u1ecd 200g<\/p>\n","protected":false},"excerpt":{"rendered":"<div>\n<h4><strong>Hotline:\u00a0<\/strong>0353.577.766<br \/>\n<strong>Email:<\/strong>\u00a0vnmax2@gmail.com<br \/>\n<strong>Website:<\/strong> thicongchongset.com.vn<\/h4>\n<\/div>\n","protected":false},"featured_media":1649,"comment_status":"open","ping_status":"closed","template":"","meta":{"om_disable_all_campaigns":false,"_mi_skip_tracking":false},"aioseo_notices":[],"_links":{"self":[{"href":"https:\/\/chongsetbacgiang.com\/index.php?rest_route=\/wp\/v2\/product\/1648"}],"collection":[{"href":"https:\/\/chongsetbacgiang.com\/index.php?rest_route=\/wp\/v2\/product"}],"about":[{"href":"https:\/\/chongsetbacgiang.com\/index.php?rest_route=\/wp\/v2\/types\/product"}],"replies":[{"embeddable":true,"href":"https:\/\/chongsetbacgiang.com\/index.php?rest_route=%2Fwp%2Fv2%2Fcomments&post=1648"}],"wp:featuredmedia":[{"embeddable":true,"href":"https:\/\/chongsetbacgiang.com\/index.php?rest_route=\/wp\/v2\/media\/1649"}],"wp:attachment":[{"href":"https:\/\/chongsetbacgiang.com\/index.php?rest_route=%2Fwp%2Fv2%2Fmedia&parent=1648"}],"curies":[{"name":"wp","href":"https:\/\/api.w.org\/{rel}","templated":true}]}}