{"id":1641,"date":"2020-10-04T02:58:41","date_gmt":"2020-10-04T02:58:41","guid":{"rendered":"http:\/\/thicongchongset.com.vn\/?post_type=product&#038;p=1641"},"modified":"2023-04-28T02:26:55","modified_gmt":"2023-04-28T02:26:55","slug":"khuon-han-hoa-nhiet","status":"publish","type":"product","link":"https:\/\/chongsetbacgiang.com\/?product=khuon-han-hoa-nhiet","title":{"rendered":"Khu\u00f4n h\u00e0n h\u00f3a nhi\u1ec7t"},"content":{"rendered":"<div class=\"title-bl\"><\/div>\n<div class=\"description-content\">\n<div class=\"description-productdetail\">\n<hr \/>\n<h2 style=\"text-align: justify;\"><span style=\"color: #682e7d;\"><strong>C\u00e1c Lo\u1ea1i Khu\u00f4n H\u00e0n H\u00f3a Nhi\u1ec7t\u00a0\u00a0<\/strong><\/span><\/h2>\n<p><img loading=\"lazy\" class=\"alignnone size-full wp-image-1647\" src=\"https:\/\/thicongchongset.com.vn\/wp-content\/uploads\/2020\/10\/tai-xuong-2-1.jpg\" alt=\"\" width=\"225\" height=\"225\" srcset=\"https:\/\/chongsetbacgiang.com\/wp-content\/uploads\/2020\/10\/tai-xuong-2-1.jpg 225w, https:\/\/chongsetbacgiang.com\/wp-content\/uploads\/2020\/10\/tai-xuong-2-1-100x100.jpg 100w\" sizes=\"(max-width: 225px) 100vw, 225px\" \/><\/p>\n<p style=\"text-align: justify;\">&#8211; Khu\u00f4n h\u00e0n h\u00f3a nhi\u1ec7t , h\u00e0n n\u1ed1i th\u1eb3ng<br \/>\n&#8211; Khu\u00f4n h\u00e0n h\u00f3a nhi\u1ec7t ki\u1ec3u h\u00e0n ch\u1eef T: H\u00e0n d\u00e2y c\u00e1p \u0111\u1ed3ng v\u1edbi \u0111\u1ea7u c\u1ecdc ti\u1ebfp \u0111\u1ecba phi 14 ho\u1eb7c 16<br \/>\n&#8211; Khu\u00f4n h\u00e0n h\u00f3a nhi\u1ec7t : 4 ng\u00e3: H\u00e0n d\u00e2y v\u1edbi d\u00e2y<br \/>\n&#8211; Khu\u00f4n h\u00e0n h\u00f3a nhi\u1ec7t, 5 ng\u00e3: 4 ng\u00e3 d\u00e2y v\u1edbi 1 ng\u00e3 \u0111\u1ea7u c\u1ecdc ti\u1ebfp \u0111\u1ecba phi 14 ho\u1eb7c 16<br \/>\n&#8211; \u00a0B\u00ean c\u1ea1nh c\u00e1c lo\u1ea1i khu\u00f4n h\u00e0ng h\u00f3a nhi\u1ec7t \u0111\u00e3 n\u00eau tr\u00ean ch\u00fang t\u00f4i c\u00f3 nh\u1eadn \u0111\u1eb7t h\u00e0ng theo y\u00eau c\u1ea7u c\u1ee7a kh\u00e1ch h\u00e0ng.<br \/>\n&#8211; Khu\u00f4n h\u00e0n h\u00f3a nhi\u1ec7t m\u00e0 ch\u00fang t\u00f4i cung c\u1ea5p c\u00f3 xu\u1ea5t s\u1ee9\u00a0 Vi\u1ec7t Nam &#8211; Erico &#8211; \u00dac\/USA<br \/>\n&#8211; \u0110\u1eb7t bi\u1ec7t ch\u00fang t\u00f4i c\u00f3 nh\u1eadn gia c\u00f4ng m\u1ed1i h\u00e0n h\u00f3a nhi\u1ec7t<\/p>\n<p style=\"font-weight: 400;\"><strong>C\u00e1c ki\u1ec3u h\u00e0n h\u00f3a nhi\u1ec7t ph\u1ed5 th\u00f4ng :<\/strong><\/p>\n<p><img loading=\"lazy\" class=\"alignnone size-full wp-image-1646\" style=\"font-size: 14.4px;\" src=\"https:\/\/thicongchongset.com.vn\/wp-content\/uploads\/2020\/10\/tai-xuong.jpg\" alt=\"\" width=\"198\" height=\"254\" \/><img loading=\"lazy\" class=\"alignnone size-medium wp-image-1644\" style=\"font-size: 14.4px;\" src=\"https:\/\/thicongchongset.com.vn\/wp-content\/uploads\/2020\/10\/tai-xuong-1.jpg\" alt=\"\" width=\"257\" height=\"196\" \/><\/p>\n<p style=\"font-weight: 400;\">H\u00e0n d\u00e2y c\u00e1p \u0111<span style=\"font-size: 14.4px;\">\u1ed3ng tr<\/span><span style=\"font-size: 14.4px;\">\u1ea7n v\u1edbi c\u00e1p \u0111\u1ed3ng tr\u1ea7n<\/span><\/p>\n<p style=\"font-weight: 400;\">H\u00e0n d\u00e2y c\u00e1p \u0111\u1ed3ng tr\u1ea7n v\u1edbi c\u1ecdc ti\u1ebfp \u0111\u1ecba.<\/p>\n<p style=\"font-weight: 400;\">H\u00e0n l\u1eadp l\u00e0 ti\u1ebfp \u0111\u1ecba (b\u0103ng \u0111\u1ed3ng) v\u1edbi c\u1ecdc ti\u1ebf<\/p>\n<p style=\"font-weight: 400;\">p \u0111\u1ecba.<\/p>\n<p style=\"font-weight: 400;\">&#8211; H\u00e0n n\u1ed1i d\u00e2y c\u00e1p v\u1edbi d\u00e2y c\u00e1p : M50mm2, M70mm2, M95mm2, M120mm2, M240mm2, \u2026<\/p>\n<p style=\"font-weight: 400;\">&#8211; H\u00e0n n\u1ed1i d\u00e2y c\u00e1p \u0111\u1ed3ng v\u1edbi c\u1ecdc ti\u1ebfp \u0111\u1ecba Fi-14,16,<span style=\"font-size: 14.4px;\">18&#8230;<\/span><\/p>\n<p style=\"font-weight: 400;\">&#8211; H\u00e0n n\u1ed1i\u00a0b\u0103ng \u0111\u1ed3ng ti\u1ebfp \u0111\u1ecba\u00a0c\u00e1c k\u00edch th\u01b0\u1edbc : 25x3mm, 30x3mm&#8230; v\u1edbi c\u1ecdc ti\u1ebfp \u0111\u1ecba Fi-14,16,18,&#8230;<\/p>\n<p style=\"font-weight: 400;\"><strong>&#8211;\u00a0H\u00e3ng\u00a0Goldweld<\/strong>\u00a0.\u00a0<strong>Xu\u1ea5t x\u1ee9: Vi\u1ec7t Nam<\/strong><\/p>\n<p style=\"font-weight: 400;\">&#8211; Ch\u00fang t\u00f4i nh\u1eadn thi c\u00f4ng tr\u1ef1c ti\u1ebfp c\u00e1c m\u1ed1i h\u00e0n h\u00f3a nhi\u1ec7t. Gi\u00fap Qu\u00fd kh\u00e1ch h\u00e0ng n\u1ebfu c\u00f3 nhu c\u1ea7u h\u00e0n \u00edt kh\u00f4ng ph\u1ea3i mua khu\u00f4n h\u00e0n. Tr\u00e1nh l\u00e3ng ph\u00ed.<\/p>\n<p style=\"font-weight: 400;\"><strong>&#8211; M\u1ecdi chi ti\u1ebft xin vui l\u00f2ng li\u00ean h\u1ec7 : Hotl<\/strong><strong style=\"font-size: 14.4px;\">ine : 0353577766 \/0354534566 &#8211; Mr. Tr\u1ecdng \u0111\u1ec3 nh\u1eadn \u0111\u01b0\u1ee3c t\u01b0 v\u1ea5n t\u1ed1t nh\u1ea5t!<\/strong><\/p>\n<p>\u00a0<img loading=\"lazy\" class=\"alignnone size-medium wp-image-1645\" style=\"font-size: 14.4px;\" src=\"https:\/\/thicongchongset.com.vn\/wp-content\/uploads\/2020\/10\/unnamed-300x400.jpg\" alt=\"\" width=\"300\" height=\"400\" srcset=\"https:\/\/chongsetbacgiang.com\/wp-content\/uploads\/2020\/10\/unnamed-300x400.jpg 300w, https:\/\/chongsetbacgiang.com\/wp-content\/uploads\/2020\/10\/unnamed.jpg 384w\" sizes=\"(max-width: 300px) 100vw, 300px\" \/><\/p>\n<\/div>\n<\/div>\n","protected":false},"excerpt":{"rendered":"<div class=\"title-bl\">\n<h2>M\u00f4 t\u1ea3<\/h2>\n<\/div>\n<div class=\"description-content\">\n<div class=\"description-productdetail\">\n<p style=\"text-align: justify;\">Khu\u00f4n h\u00e0n h\u00f3a nhi\u1ec7t c\u00f9ng s\u00fang, tay k\u1eb9p l\u00e0 thi\u1ebft b\u1ecb c\u1ea7n thi\u1ebft trong c\u00f4ng t\u00e1c h\u00e0n h\u00f3a nhi\u1ec7t<\/p>\n<h2 style=\"text-align: justify;\"><span style=\"color: #682e7d;\"><strong>Khu\u00f4n H\u00e0n H\u00f3a Nhi\u1ec7t D\u00f9ng \u0110\u1ec3 L\u00e0m G\u00ec?<\/strong><\/span><\/h2>\n<p style=\"text-align: justify;\">\u00a0 \u00a0 \u00a0 \u00a0 \u00a0 D\u00f9ng \u0111\u1ec3 h\u00e0n c\u00e1c m\u1ed1i h\u00e0n gi\u1eefa c\u00e1p \u0111\u1ed3ng tr\u1ea7nv\u00e0 c\u1ecdc ti\u1ebfp \u0111\u1ecba, gi\u1eefa c\u00e1c m\u1ed1i n\u1ed1i c\u1ee7a d\u00e2y c\u00e1p \u0111\u1ed3ng tr\u1ea7n, h\u00e0n h\u00f3a nhi\u1ec7t gi\u1eefa d\u00e2y \u0111\u1ed3ng, ho\u1eb7c thanh \u0111\u1ed3ng \u2013 Thanh La \u2013 (Bus Bar) v\u1edbi k\u1ebft c\u1ea5u th\u00e9p c\u00f4ng tr\u00ecnh\u2026<\/p>\n<\/div>\n<\/div>\n","protected":false},"featured_media":1642,"comment_status":"open","ping_status":"closed","template":"","meta":{"om_disable_all_campaigns":false,"_mi_skip_tracking":false},"aioseo_notices":[],"_links":{"self":[{"href":"https:\/\/chongsetbacgiang.com\/index.php?rest_route=\/wp\/v2\/product\/1641"}],"collection":[{"href":"https:\/\/chongsetbacgiang.com\/index.php?rest_route=\/wp\/v2\/product"}],"about":[{"href":"https:\/\/chongsetbacgiang.com\/index.php?rest_route=\/wp\/v2\/types\/product"}],"replies":[{"embeddable":true,"href":"https:\/\/chongsetbacgiang.com\/index.php?rest_route=%2Fwp%2Fv2%2Fcomments&post=1641"}],"wp:featuredmedia":[{"embeddable":true,"href":"https:\/\/chongsetbacgiang.com\/index.php?rest_route=\/wp\/v2\/media\/1642"}],"wp:attachment":[{"href":"https:\/\/chongsetbacgiang.com\/index.php?rest_route=%2Fwp%2Fv2%2Fmedia&parent=1641"}],"curies":[{"name":"wp","href":"https:\/\/api.w.org\/{rel}","templated":true}]}}