{"id":62,"date":"2015-11-19T10:40:52","date_gmt":"2015-11-19T10:40:52","guid":{"rendered":"http:\/\/flatsome.dev\/cart\/"},"modified":"2015-11-19T10:40:52","modified_gmt":"2015-11-19T10:40:52","slug":"cart","status":"publish","type":"page","link":"https:\/\/chongsetbacgiang.com\/?page_id=62","title":{"rendered":"Cart"},"content":{"rendered":"<div class=\"woocommerce\"><div class=\"woocommerce-notices-wrapper\">\n\t\t\t<div class=\"woocommerce-message message-wrapper\" role=\"alert\">\n\t\t\t<div class=\"message-container container success-color medium-text-center\">\n\t\t\t\t<i class=\"icon-checkmark\"><\/i>\t\t\t\t<a href=\"https:\/\/chongsetbacgiang.com\/?page_id=63\" tabindex=\"1\" class=\"button wc-forward\">Ti\u1ebfp t\u1ee5c xem s\u1ea3n ph\u1ea9m<\/a> &ldquo;C\u1eaeT L\u1eccC S\u00c9T MERSEN&rdquo; \u0111\u00e3 \u0111\u01b0\u1ee3c th\u00eam v\u00e0o gi\u1ecf h\u00e0ng.\t\t\t\t\t\t\t<\/div>\n\t\t<\/div>\n\t\t<\/div><div class=\"woocommerce row row-large row-divided\">\n<div class=\"col large-7 pb-0 cart-auto-refresh\">\n\n\n<form class=\"woocommerce-cart-form\" action=\"https:\/\/chongsetbacgiang.com\/?page_id=62\" method=\"post\">\n<div class=\"cart-wrapper sm-touch-scroll\">\n\n\t\n\t<table class=\"shop_table shop_table_responsive cart woocommerce-cart-form__contents\" cellspacing=\"0\">\n\t\t<thead>\n\t\t\t<tr>\n\t\t\t\t<th class=\"product-name\" colspan=\"3\">S\u1ea3n ph\u1ea9m<\/th>\n\t\t\t\t<th class=\"product-price\">Gi\u00e1<\/th>\n\t\t\t\t<th class=\"product-quantity\">S\u1ed1 l\u01b0\u1ee3ng<\/th>\n\t\t\t\t<th class=\"product-subtotal\">T\u1ea1m t\u00ednh<\/th>\n\t\t\t<\/tr>\n\t\t<\/thead>\n\t\t<tbody>\n\t\t\t\n\t\t\t\t\t\t\t\t<tr class=\"woocommerce-cart-form__cart-item cart_item\">\n\n\t\t\t\t\t\t<td class=\"product-remove\">\n\t\t\t\t\t\t\t<a href=\"https:\/\/chongsetbacgiang.com\/?page_id=62&#038;remove_item=7437d136770f5b35194cb46c1653efaa&#038;_wpnonce=af9779aef2\" class=\"remove\" aria-label=\"X\u00f3a s\u1ea3n ph\u1ea9m n\u00e0y\" data-product_id=\"1648\" data-product_sku=\"\">&times;<\/a>\t\t\t\t\t\t<\/td>\n\n\t\t\t\t\t\t<td class=\"product-thumbnail\">\n\t\t\t\t\t\t<a href=\"https:\/\/chongsetbacgiang.com\/?product=thuoc-han-hoa-nhiet-goldweld\"><img width=\"600\" height=\"600\" src=\"https:\/\/chongsetbacgiang.com\/wp-content\/uploads\/2020\/10\/1e82b76042f676ec14057c3a8dc6d728-600x600.jpg\" class=\"attachment-woocommerce_thumbnail size-woocommerce_thumbnail\" alt=\"\" loading=\"lazy\" srcset=\"https:\/\/chongsetbacgiang.com\/wp-content\/uploads\/2020\/10\/1e82b76042f676ec14057c3a8dc6d728-600x600.jpg 600w, https:\/\/chongsetbacgiang.com\/wp-content\/uploads\/2020\/10\/1e82b76042f676ec14057c3a8dc6d728-100x100.jpg 100w, https:\/\/chongsetbacgiang.com\/wp-content\/uploads\/2020\/10\/1e82b76042f676ec14057c3a8dc6d728-800x800.jpg 800w, https:\/\/chongsetbacgiang.com\/wp-content\/uploads\/2020\/10\/1e82b76042f676ec14057c3a8dc6d728-400x400.jpg 400w, https:\/\/chongsetbacgiang.com\/wp-content\/uploads\/2020\/10\/1e82b76042f676ec14057c3a8dc6d728-280x280.jpg 280w, https:\/\/chongsetbacgiang.com\/wp-content\/uploads\/2020\/10\/1e82b76042f676ec14057c3a8dc6d728-768x768.jpg 768w, https:\/\/chongsetbacgiang.com\/wp-content\/uploads\/2020\/10\/1e82b76042f676ec14057c3a8dc6d728.jpg 1024w\" sizes=\"(max-width: 600px) 100vw, 600px\" \/><\/a>\t\t\t\t\t\t<\/td>\n\n\t\t\t\t\t\t<td class=\"product-name\" data-title=\"S\u1ea3n ph\u1ea9m\">\n\t\t\t\t\t\t<a href=\"https:\/\/chongsetbacgiang.com\/?product=thuoc-han-hoa-nhiet-goldweld\">Thu\u1ed1c h\u00e0n h\u00f3a nhi\u1ec7t goldweld<\/a>\t\t\t\t\t\t\t<div class=\"show-for-small mobile-product-price\">\n\t\t\t\t\t\t\t\t<span class=\"mobile-product-price__qty\">1 x <\/span>\n\t\t\t\t\t\t\t\t<span class=\"woocommerce-Price-amount amount\"><bdi>85,000<span class=\"woocommerce-Price-currencySymbol\">&#8363;<\/span><\/bdi><\/span>\t\t\t\t\t\t\t<\/div>\n\t\t\t\t\t\t<\/td>\n\n\t\t\t\t\t\t<td class=\"product-price\" data-title=\"Gi\u00e1\">\n\t\t\t\t\t\t\t<span class=\"woocommerce-Price-amount amount\"><bdi>85,000<span class=\"woocommerce-Price-currencySymbol\">&#8363;<\/span><\/bdi><\/span>\t\t\t\t\t\t<\/td>\n\n\t\t\t\t\t\t<td class=\"product-quantity\" data-title=\"S\u1ed1 l\u01b0\u1ee3ng\">\n\t\t\t\t\t\t\t<div class=\"quantity buttons_added\">\n\t\t<input type=\"button\" value=\"-\" class=\"minus button is-form\">\t\t\t\t<label class=\"screen-reader-text\" for=\"quantity_6a039616b6f35\">Thu\u1ed1c h\u00e0n h\u00f3a nhi\u1ec7t goldweld s\u1ed1 l\u01b0\u1ee3ng<\/label>\n\t\t<input\n\t\t\ttype=\"number\"\n\t\t\tid=\"quantity_6a039616b6f35\"\n\t\t\tclass=\"input-text qty text\"\n\t\t\tstep=\"1\"\n\t\t\tmin=\"0\"\n\t\t\tmax=\"\"\n\t\t\tname=\"cart[7437d136770f5b35194cb46c1653efaa][qty]\"\n\t\t\tvalue=\"1\"\n\t\t\ttitle=\"SL\"\n\t\t\tsize=\"4\"\n\t\t\tplaceholder=\"\"\n\t\t\tinputmode=\"numeric\" \/>\n\t\t\t\t<input type=\"button\" value=\"+\" class=\"plus button is-form\">\t<\/div>\n\t\t\t\t\t\t\t<\/td>\n\n\t\t\t\t\t\t<td class=\"product-subtotal\" data-title=\"T\u1ea1m t\u00ednh\">\n\t\t\t\t\t\t\t<span class=\"woocommerce-Price-amount amount\"><bdi>85,000<span class=\"woocommerce-Price-currencySymbol\">&#8363;<\/span><\/bdi><\/span>\t\t\t\t\t\t<\/td>\n\t\t\t\t\t<\/tr>\n\t\t\t\t\t\t\t\t\t\t<tr class=\"woocommerce-cart-form__cart-item cart_item\">\n\n\t\t\t\t\t\t<td class=\"product-remove\">\n\t\t\t\t\t\t\t<a href=\"https:\/\/chongsetbacgiang.com\/?page_id=62&#038;remove_item=08e6bea8e90ba87af3c9554d94db6579&#038;_wpnonce=af9779aef2\" class=\"remove\" aria-label=\"X\u00f3a s\u1ea3n ph\u1ea9m n\u00e0y\" data-product_id=\"1677\" data-product_sku=\"\">&times;<\/a>\t\t\t\t\t\t<\/td>\n\n\t\t\t\t\t\t<td class=\"product-thumbnail\">\n\t\t\t\t\t\t<a href=\"https:\/\/chongsetbacgiang.com\/?product=cat-loc-set-mersen\"><img width=\"600\" height=\"600\" src=\"https:\/\/chongsetbacgiang.com\/wp-content\/uploads\/2020\/10\/66dfcc30-4b4c-11e7-92e6-6dfd9d2b3611-600x600.jpg\" class=\"attachment-woocommerce_thumbnail size-woocommerce_thumbnail\" alt=\"\" loading=\"lazy\" srcset=\"https:\/\/chongsetbacgiang.com\/wp-content\/uploads\/2020\/10\/66dfcc30-4b4c-11e7-92e6-6dfd9d2b3611-600x600.jpg 600w, https:\/\/chongsetbacgiang.com\/wp-content\/uploads\/2020\/10\/66dfcc30-4b4c-11e7-92e6-6dfd9d2b3611-100x100.jpg 100w, https:\/\/chongsetbacgiang.com\/wp-content\/uploads\/2020\/10\/66dfcc30-4b4c-11e7-92e6-6dfd9d2b3611-280x280.jpg 280w\" sizes=\"(max-width: 600px) 100vw, 600px\" \/><\/a>\t\t\t\t\t\t<\/td>\n\n\t\t\t\t\t\t<td class=\"product-name\" data-title=\"S\u1ea3n ph\u1ea9m\">\n\t\t\t\t\t\t<a href=\"https:\/\/chongsetbacgiang.com\/?product=cat-loc-set-mersen\">C\u1eaeT L\u1eccC S\u00c9T MERSEN<\/a>\t\t\t\t\t\t\t<div class=\"show-for-small mobile-product-price\">\n\t\t\t\t\t\t\t\t<span class=\"mobile-product-price__qty\">1 x <\/span>\n\t\t\t\t\t\t\t\t<span class=\"woocommerce-Price-amount amount\"><bdi>1,850,000<span class=\"woocommerce-Price-currencySymbol\">&#8363;<\/span><\/bdi><\/span>\t\t\t\t\t\t\t<\/div>\n\t\t\t\t\t\t<\/td>\n\n\t\t\t\t\t\t<td class=\"product-price\" data-title=\"Gi\u00e1\">\n\t\t\t\t\t\t\t<span class=\"woocommerce-Price-amount amount\"><bdi>1,850,000<span class=\"woocommerce-Price-currencySymbol\">&#8363;<\/span><\/bdi><\/span>\t\t\t\t\t\t<\/td>\n\n\t\t\t\t\t\t<td class=\"product-quantity\" data-title=\"S\u1ed1 l\u01b0\u1ee3ng\">\n\t\t\t\t\t\t\t<div class=\"quantity buttons_added\">\n\t\t<input type=\"button\" value=\"-\" class=\"minus button is-form\">\t\t\t\t<label class=\"screen-reader-text\" for=\"quantity_6a039616b764e\">C\u1eaeT L\u1eccC S\u00c9T MERSEN s\u1ed1 l\u01b0\u1ee3ng<\/label>\n\t\t<input\n\t\t\ttype=\"number\"\n\t\t\tid=\"quantity_6a039616b764e\"\n\t\t\tclass=\"input-text qty text\"\n\t\t\tstep=\"1\"\n\t\t\tmin=\"0\"\n\t\t\tmax=\"\"\n\t\t\tname=\"cart[08e6bea8e90ba87af3c9554d94db6579][qty]\"\n\t\t\tvalue=\"1\"\n\t\t\ttitle=\"SL\"\n\t\t\tsize=\"4\"\n\t\t\tplaceholder=\"\"\n\t\t\tinputmode=\"numeric\" \/>\n\t\t\t\t<input type=\"button\" value=\"+\" class=\"plus button is-form\">\t<\/div>\n\t\t\t\t\t\t\t<\/td>\n\n\t\t\t\t\t\t<td class=\"product-subtotal\" data-title=\"T\u1ea1m t\u00ednh\">\n\t\t\t\t\t\t\t<span class=\"woocommerce-Price-amount amount\"><bdi>1,850,000<span class=\"woocommerce-Price-currencySymbol\">&#8363;<\/span><\/bdi><\/span>\t\t\t\t\t\t<\/td>\n\t\t\t\t\t<\/tr>\n\t\t\t\t\t\n\t\t\t\n\t\t\t<tr>\n\t\t\t\t<td colspan=\"6\" class=\"actions clear\">\n\n\t\t\t\t\t\n<div class=\"continue-shopping pull-left text-left\">\n\t<a class=\"button-continue-shopping button primary is-outline\"  href=\"https:\/\/chongsetbacgiang.com\/?page_id=63\">\n\t\t&#8592;&nbsp;Ti\u1ebfp t\u1ee5c xem s\u1ea3n ph\u1ea9m\t<\/a>\n<\/div>\n\n\t\t\t\t\t<button type=\"submit\" class=\"button primary mt-0 pull-left small\" name=\"update_cart\" value=\"C\u1eadp nh\u1eadt gi\u1ecf h\u00e0ng\">C\u1eadp nh\u1eadt gi\u1ecf h\u00e0ng<\/button>\n\n\t\t\t\t\t<input type=\"hidden\" id=\"woocommerce-cart-nonce\" name=\"woocommerce-cart-nonce\" value=\"af9779aef2\" \/><input type=\"hidden\" name=\"_wp_http_referer\" value=\"\/index.php?rest_route=%2Fwp%2Fv2%2Fpages%2F62\" \/>\t\t\t\t<\/td>\n\t\t\t<\/tr>\n\n\t\t\t\t\t<\/tbody>\n\t<\/table>\n\t<\/div>\n<\/form>\n<\/div>\n\n\n<div class=\"cart-collaterals large-5 col pb-0\">\n\t<div class=\"is-sticky-column\"><div class=\"is-sticky-column__inner\">\n\t<div class=\"cart-sidebar col-inner \">\n\t\t<div class=\"cart_totals \">\n\n\t          <table cellspacing=\"0\">\n          <thead>\n              <tr>\n                  <th class=\"product-name\" colspan=\"2\" style=\"border-width:3px;\">C\u1ed9ng gi\u1ecf h\u00e0ng<\/th>\n              <\/tr>\n          <\/thead>\n          <\/table>\n  \n\t<h2>C\u1ed9ng gi\u1ecf h\u00e0ng<\/h2>\n\n\t<table cellspacing=\"0\" class=\"shop_table shop_table_responsive\">\n\n\t\t<tr class=\"cart-subtotal\">\n\t\t\t<th>T\u1ea1m t\u00ednh<\/th>\n\t\t\t<td data-title=\"T\u1ea1m t\u00ednh\"><span class=\"woocommerce-Price-amount amount\"><bdi>1,935,000<span class=\"woocommerce-Price-currencySymbol\">&#8363;<\/span><\/bdi><\/span><\/td>\n\t\t<\/tr>\n\n\t\t\n\t\t\n\t\t\n\t\t\n\t\t\n\t\t<tr class=\"order-total\">\n\t\t\t<th>T\u1ed5ng<\/th>\n\t\t\t<td data-title=\"T\u1ed5ng\"><strong><span class=\"woocommerce-Price-amount amount\"><bdi>1,935,000<span class=\"woocommerce-Price-currencySymbol\">&#8363;<\/span><\/bdi><\/span><\/strong> <\/td>\n\t\t<\/tr>\n\n\t\t\n\t<\/table>\n\n\t<div class=\"wc-proceed-to-checkout\">\n\t\t\n<a href=\"https:\/\/chongsetbacgiang.com\/?page_id=61\" class=\"checkout-button button alt wc-forward\">\n\tTi\u1ebfn h\u00e0nh thanh to\u00e1n<\/a>\n\t<\/div>\n\n\t\n<\/div>\n\t\t\t\t<form class=\"checkout_coupon mb-0\" method=\"post\">\n\t\t\t<div class=\"coupon\">\n\t\t\t\t<h3 class=\"widget-title\"><i class=\"icon-tag\" ><\/i> Phi\u1ebfu \u01b0u \u0111\u00e3i<\/h3><input type=\"text\" name=\"coupon_code\" class=\"input-text\" id=\"coupon_code\" value=\"\" placeholder=\"M\u00e3 \u01b0u \u0111\u00e3i\" \/> <input type=\"submit\" class=\"is-form expand\" name=\"apply_coupon\" value=\"\u00c1p d\u1ee5ng\" \/>\n\t\t\t\t\t\t\t<\/div>\n\t\t<\/form>\n\t\t\t\t<div class=\"cart-sidebar-content relative\"><\/div>\t<\/div>\n\n\t<\/div><\/div><\/div>\n<\/div>\n\n<div class=\"cart-footer-content after-cart-content relative\"><\/div><\/div>\n","protected":false},"excerpt":{"rendered":"","protected":false},"author":1,"featured_media":0,"parent":0,"menu_order":0,"comment_status":"closed","ping_status":"closed","template":"","meta":{"om_disable_all_campaigns":false,"_mi_skip_tracking":false},"aioseo_notices":[],"amp_enabled":true,"_links":{"self":[{"href":"https:\/\/chongsetbacgiang.com\/index.php?rest_route=\/wp\/v2\/pages\/62"}],"collection":[{"href":"https:\/\/chongsetbacgiang.com\/index.php?rest_route=\/wp\/v2\/pages"}],"about":[{"href":"https:\/\/chongsetbacgiang.com\/index.php?rest_route=\/wp\/v2\/types\/page"}],"author":[{"embeddable":true,"href":"https:\/\/chongsetbacgiang.com\/index.php?rest_route=\/wp\/v2\/users\/1"}],"replies":[{"embeddable":true,"href":"https:\/\/chongsetbacgiang.com\/index.php?rest_route=%2Fwp%2Fv2%2Fcomments&post=62"}],"version-history":[{"count":0,"href":"https:\/\/chongsetbacgiang.com\/index.php?rest_route=\/wp\/v2\/pages\/62\/revisions"}],"wp:attachment":[{"href":"https:\/\/chongsetbacgiang.com\/index.php?rest_route=%2Fwp%2Fv2%2Fmedia&parent=62"}],"curies":[{"name":"wp","href":"https:\/\/api.w.org\/{rel}","templated":true}]}}