{"id":1112,"date":"2018-06-18T07:56:49","date_gmt":"2018-06-18T07:56:49","guid":{"rendered":"http:\/\/thicongchongset.com.vn\/?page_id=1112"},"modified":"2021-09-03T02:11:12","modified_gmt":"2021-09-03T02:11:12","slug":"lien-he-2","status":"publish","type":"page","link":"https:\/\/chongsetbacgiang.com\/?page_id=1112","title":{"rendered":"LI\u00caN H\u1ec6"},"content":{"rendered":"\t<section class=\"section\" id=\"section_933436191\">\n\t\t<div class=\"bg section-bg fill bg-fill  bg-loaded\" >\n\n\t\t\t\n\t\t\t\n\t\t\t\n\n\t\t<\/div>\n\n\t\t<div class=\"section-content relative\">\n\t\t\t\n<div class=\"row\"  id=\"row-2102460503\">\n\n\t<div id=\"col-31252256\" class=\"col medium-6 small-12 large-6\"  >\n\t\t<div class=\"col-inner\"  >\n\t\t\t\n\t\t\t\n<p style=\"text-align: left;\"><span style=\"font-size: 120%; font-family: arial, helvetica, sans-serif; color: #0000ff;\"><strong>C\u00d4NG TY TNHH TH\u01af\u01a0NG M\u1ea0I C\u01a0 KH\u00cd<\/strong><\/span><\/p>\n<p style=\"text-align: left;\"><span style=\"font-size: 120%; font-family: arial, helvetica, sans-serif; color: #0000ff;\"><strong>V\u00c0 X\u00c2Y L\u1eaeP CH\u1ed0NG S\u00c9T VI\u1ec6T NAM<\/strong><\/span><\/p>\n<h3><span style=\"font-size: 100%; color: #282828;\">\u0110\u1ecba ch\u1ec9:<\/span><\/h3>\n<p><span style=\"color: #282828;\">C\u1ee5m c\u00f4ng nghi\u1ec7p \u0110\u1ea1i Gi\u00e1p, \u0110\u1ea1i L\u00e2m, L\u1ea1ng Giang, B\u1eafc Giang<\/span><\/p>\n<h3><span style=\"color: #282828;\">V\u0103n ph\u00f2ng H\u00e0 N\u1ed9i:<\/span><\/h3>\n<p><span style=\"color: #282828;\">A2604, t\u00f2a nh\u00e0 Osaka, ng\u00f5 48, Ng\u1ecdc H\u1ed3i, Ho\u00e0ng Li\u1ec7t, Ho\u00e0ng Mai, H\u00e0 N\u1ed9i<\/span><\/p>\n<h3><span style=\"font-size: 100%; color: #282828;\">S\u1ed1 \u0111i\u1ec7n tho\u1ea1i:<\/span><\/h3>\n<p><span style=\"color: #282828;\">0353.577.766<\/span><\/p>\n<p><span style=\"color: #282828;\">03545.345.66<\/span><\/p>\n<h3><span style=\"font-size: 100%; color: #282828;\">K\u1ebft n\u1ed1i:<\/span><\/h3>\n<p>website: www.chongsetvietnam.com<\/p>\n<p>\u00a0 \u00a0 \u00a0 \u00a0 \u00a0 \u00a0 \u00a0 www.thicongchongset.com.vn<\/p>\n<p><span style=\"color: #282828;\">Email: <a style=\"color: #282828;\" href=\"mailto:vnmax2@gmail.com\">vnmax2@gmail.com<\/a><\/span><\/p>\n<div class=\"social-icons follow-icons full-width text-left\">\u00a0<\/div>\n\t\t<\/div>\n\t\t\t<\/div>\n\n\t\n\n\t<div id=\"col-25103379\" class=\"col medium-6 small-12 large-6\"  >\n\t\t<div class=\"col-inner\"  >\n\t\t\t\n\t\t\t\n<div role=\"form\" class=\"wpcf7\" id=\"wpcf7-f10-o1\" lang=\"en-US\" dir=\"ltr\">\n<div class=\"screen-reader-response\"><p role=\"status\" aria-live=\"polite\" aria-atomic=\"true\"><\/p> <ul><\/ul><\/div>\n<form action=\"\/index.php?rest_route=%2Fwp%2Fv2%2Fpages%2F1112#wpcf7-f10-o1\" method=\"post\" class=\"wpcf7-form init\" novalidate=\"novalidate\" data-status=\"init\">\n<div style=\"display: none;\">\n<input type=\"hidden\" name=\"_wpcf7\" value=\"10\" \/>\n<input type=\"hidden\" name=\"_wpcf7_version\" value=\"5.3.2\" \/>\n<input type=\"hidden\" name=\"_wpcf7_locale\" value=\"en_US\" \/>\n<input type=\"hidden\" name=\"_wpcf7_unit_tag\" value=\"wpcf7-f10-o1\" \/>\n<input type=\"hidden\" name=\"_wpcf7_container_post\" value=\"0\" \/>\n<input type=\"hidden\" name=\"_wpcf7_posted_data_hash\" value=\"\" \/>\n<\/div>\n<p><label> T\u00ean c\u1ee7a b\u1ea1n<br \/>\n<span class=\"wpcf7-form-control-wrap your-name\"><input type=\"text\" name=\"your-name\" value=\"\" size=\"40\" class=\"wpcf7-form-control wpcf7-text wpcf7-validates-as-required\" aria-required=\"true\" aria-invalid=\"false\" \/><\/span><br \/>\n     <\/label><br \/>\n<label> Email c\u1ee7a b\u1ea1n<br \/>\n    <span class=\"wpcf7-form-control-wrap your-email\"><input type=\"email\" name=\"your-email\" value=\"\" size=\"40\" class=\"wpcf7-form-control wpcf7-text wpcf7-email wpcf7-validates-as-required wpcf7-validates-as-email\" aria-required=\"true\" aria-invalid=\"false\" \/><\/span> <\/label><br \/>\n<label> S\u1ed1 \u0111i\u1ec7n tho\u1ea1i<br \/>\n<span class=\"wpcf7-form-control-wrap number-178\"><input type=\"number\" name=\"number-178\" value=\"\" class=\"wpcf7-form-control wpcf7-number wpcf7-validates-as-number\" aria-invalid=\"false\" \/><\/span><br \/>\n     <\/label><br \/>\n<label> N\u1ed9i dung y\u00eau c\u1ea7u d\u1ef1 \u00e1n<br \/>\n    <span class=\"wpcf7-form-control-wrap your-message\"><textarea name=\"your-message\" cols=\"40\" rows=\"10\" class=\"wpcf7-form-control wpcf7-textarea\" aria-invalid=\"false\"><\/textarea><\/span> <\/label><br \/>\n<input type=\"submit\" value=\"\u0110\u0103ng k\u00fd b\u00e1o gi\u00e1\" class=\"wpcf7-form-control wpcf7-submit\" \/><\/p>\n<p style=\"display: none !important;\"><label>&#916;<textarea name=\"_wpcf7_ak_hp_textarea\" cols=\"45\" rows=\"8\" maxlength=\"100\"><\/textarea><\/label><input type=\"hidden\" id=\"ak_js_1\" name=\"_wpcf7_ak_js\" value=\"111\"\/><script>document.getElementById( \"ak_js_1\" ).setAttribute( \"value\", ( new Date() ).getTime() );<\/script><\/p><div class=\"wpcf7-response-output\" aria-hidden=\"true\"><\/div><\/form><\/div>\n\t\t<\/div>\n\t\t\t<\/div>\n\n\t\n<\/div>\n\t\t<\/div>\n\n\t\t\n<style>\n#section_933436191 {\n  padding-top: 30px;\n  padding-bottom: 30px;\n}\n<\/style>\n\t<\/section>\n\t\n\t<section class=\"section\" id=\"section_181440053\">\n\t\t<div class=\"bg section-bg fill bg-fill  bg-loaded\" >\n\n\t\t\t\n\t\t\t\n\t\t\t\n\n\t\t<\/div>\n\n\t\t<div class=\"section-content relative\">\n\t\t\t\n<div class=\"row\"  id=\"row-1059514206\">\n\n\t<div id=\"col-846574002\" class=\"col small-12 large-12\"  >\n\t\t<div class=\"col-inner\"  >\n\t\t\t\n\t\t\t\n<p><iframe style=\"border: 0;\" tabindex=\"0\" src=\"https:\/\/www.google.com\/maps\/embed?pb=!1m18!1m12!1m3!1d3717.440187880654!2d106.2867002136529!3d21.293616084062485!2m3!1f0!2f0!3f0!3m2!1i1024!2i768!4f13.1!3m3!1m2!1s0x31356ef9ea98d8a3%3A0xe0d81cdf2ef45dab!2zSFRYIE7DtG5nIE5naGnhu4dwIMSQ4bqhaSBHacOhcA!5e0!3m2!1svi!2s!4v1600654049974!5m2!1svi!2s\" width=\"100%\" height=\"450\" frameborder=\"0\" allowfullscreen=\"allowfullscreen\" aria-hidden=\"false\"><\/iframe><\/p>\n\t\t<\/div>\n\t\t\t<\/div>\n\n\t\n<\/div>\n\t\t<\/div>\n\n\t\t\n<style>\n#section_181440053 {\n  padding-top: 30px;\n  padding-bottom: 30px;\n}\n<\/style>\n\t<\/section>\n\t\n","protected":false},"excerpt":{"rendered":"","protected":false},"author":1,"featured_media":0,"parent":0,"menu_order":0,"comment_status":"closed","ping_status":"closed","template":"","meta":{"om_disable_all_campaigns":false,"_mi_skip_tracking":false},"aioseo_notices":[],"amp_enabled":true,"_links":{"self":[{"href":"https:\/\/chongsetbacgiang.com\/index.php?rest_route=\/wp\/v2\/pages\/1112"}],"collection":[{"href":"https:\/\/chongsetbacgiang.com\/index.php?rest_route=\/wp\/v2\/pages"}],"about":[{"href":"https:\/\/chongsetbacgiang.com\/index.php?rest_route=\/wp\/v2\/types\/page"}],"author":[{"embeddable":true,"href":"https:\/\/chongsetbacgiang.com\/index.php?rest_route=\/wp\/v2\/users\/1"}],"replies":[{"embeddable":true,"href":"https:\/\/chongsetbacgiang.com\/index.php?rest_route=%2Fwp%2Fv2%2Fcomments&post=1112"}],"version-history":[{"count":11,"href":"https:\/\/chongsetbacgiang.com\/index.php?rest_route=\/wp\/v2\/pages\/1112\/revisions"}],"predecessor-version":[{"id":2531,"href":"https:\/\/chongsetbacgiang.com\/index.php?rest_route=\/wp\/v2\/pages\/1112\/revisions\/2531"}],"wp:attachment":[{"href":"https:\/\/chongsetbacgiang.com\/index.php?rest_route=%2Fwp%2Fv2%2Fmedia&parent=1112"}],"curies":[{"name":"wp","href":"https:\/\/api.w.org\/{rel}","templated":true}]}}