{"id":1108,"date":"2018-06-18T07:55:54","date_gmt":"2018-06-18T07:55:54","guid":{"rendered":"http:\/\/thicongchongset.com.vn\/?page_id=1108"},"modified":"2023-03-15T12:55:06","modified_gmt":"2023-03-15T12:55:06","slug":"tuyen-dung","status":"publish","type":"page","link":"https:\/\/chongsetbacgiang.com\/?page_id=1108","title":{"rendered":"KI\u1ec2M \u0110\u1ecaNH CH\u1ed0NG S\u00c9T"},"content":{"rendered":"<p style=\"text-align: center;\"><strong><span style=\"font-size: 25.92px; color: #333333;\">\u0110O \u0110I\u1ec6N TR\u1ede V\u00c0 C\u1ea4P GI\u1ea4Y KI\u1ec2M \u0110\u1ecaNH CH\u1ed0NG S\u00c9T<\/span><\/strong><\/p>\n<div class=\"entry-content single-page\">\n<article class=\"column span-8\">\n<div class=\"story\">\n<p><strong>\u00a0 \u00a0C\u00e1m \u01a1n qu\u00fd kh\u00e1ch s\u1eed d\u1ee5ng d\u1ecbch v\u1ee5 c\u1ea5p gi\u1ea5y ki\u1ec3m \u0111\u1ecbnh ch\u1ed1ng s\u00e9t v\u00e0 \u0111o \u0111i\u1ec7n tr\u1edf c\u1ee7a Ch\u1ed1ng S\u00e9t Vi\u1ec7t Nam. Ch\u00fang t\u00f4i l\u00e0 m\u1ed9t \u0111\u01a1n v\u1ecb chuy\u00ean nghi\u1ec7p v\u1edbi nhi\u1ec1u n\u0103m kinh nghi\u1ec7m trong l\u0129nh v\u1ef1c cung c\u1ea5p d\u1ecbch v\u1ee5 l\u1eafp \u0111\u1eb7t h\u1ec7 th\u1ed1ng ch\u1ed1ng s\u00e9t v\u00e0 \u0111o \u0111i\u1ec7n tr\u1edf.<\/strong><\/p>\n<p><strong>H\u1ec7 th\u1ed1ng ch\u1ed1ng s\u00e9t l\u00e0 m\u1ed9t v\u1ea5n \u0111\u1ec1 quan tr\u1ecdng v\u00e0 c\u1ea7n thi\u1ebft \u0111\u1ed1i v\u1edbi t\u00e0i s\u1ea3n v\u00e0 cu\u1ed9c s\u1ed1ng c\u1ee7a ch\u00fang ta. N\u00f3 c\u00f3 th\u1ec3 g\u00e2y ra nhi\u1ec1u nguy hi\u1ec3m v\u1ec1 t\u00e0i s\u1ea3n v\u00e0 t\u00ednh m\u1ea1ng, do \u0111\u00f3 vi\u1ec7c ki\u1ec3m \u0111\u1ecbnh ch\u1ed1ng s\u00e9t l\u00e0 r\u1ea5t quan tr\u1ecdng.<\/strong><\/p>\n<p><strong>D\u1ecbch v\u1ee5 c\u1ee7a ch\u00fang t\u00f4i s\u1ebd gi\u00fap qu\u00fd kh\u00e1ch \u0111\u1ea3m b\u1ea3o an to\u00e0n cho t\u00e0i s\u1ea3n v\u00e0 cu\u1ed9c s\u1ed1ng c\u1ee7a m\u00ecnh b\u1eb1ng c\u00e1ch ki\u1ec3m tra v\u00e0 x\u00e1c nh\u1eadn r\u1eb1ng c\u00e1c thi\u1ebft b\u1ecb ch\u1ed1ng s\u00e9t \u0111\u1ea3m b\u1ea3o t\u00ednh an to\u00e0n v\u00e0 hi\u1ec7u qu\u1ea3. Ch\u00fang t\u00f4i s\u1ebd cung c\u1ea5p cho qu\u00fd kh\u00e1ch m\u1ed9t gi\u1ea5y ch\u1ee9ng nh\u1eadn ki\u1ec3m \u0111\u1ecbnh ch\u1ed1ng s\u00e9t \u0111\u1ea3m b\u1ea3o r\u1eb1ng t\u1ea5t c\u1ea3 c\u00e1c thi\u1ebft b\u1ecb \u0111\u00e3 \u0111\u01b0\u1ee3c ki\u1ec3m tra v\u00e0 \u0111\u1ea1t ti\u00eau chu\u1ea9n y\u00eau c\u1ea7u c\u1ee7a b\u1ed9 x\u00e2y d\u1ef1ng.<\/strong><\/p>\n<p><strong>V\u1edbi \u0111\u1ed9i ng\u0169 k\u1ef9 thu\u1eadt vi\u00ean chuy\u00ean nghi\u1ec7p v\u00e0 trang thi\u1ebft b\u1ecb hi\u1ec7n \u0111\u1ea1i, ch\u00fang t\u00f4i cam k\u1ebft d\u1ecbch v\u1ee5 \u0111\u1ea1t ti\u00eau chu\u1ea9n tuy\u1ec7t \u0111\u1ed1i, gi\u00e1 c\u1ea3 h\u1ee3p l\u00fd nh\u1ea5t th\u1ecb tr\u01b0\u1eddng. H\u00e3y s\u1eed d\u1ee5ng d\u1ecbch v\u1ee5 ki\u1ec3m \u0111\u1ecbnh ch\u1ed1ng s\u00e9t v\u00e0 \u0111o \u0111i\u1ec7n tr\u1edf c\u1ee7a Ch\u1ed1ng S\u00e9t Vi\u1ec7t Nam \u0111\u1ec3 \u0111\u01b0\u1ee3c y\u00ean t\u00e2m tuy\u1ec7t \u0111\u1ed1i.<\/strong><\/p>\n<h2><span id=\"Do_Dien_Tro_Va_Cap_Giay_Kiem_Dinh_Chong_Set\"><strong>\u0110o \u0110i\u1ec7n Tr\u1edf V\u00e0 C\u1ea5p Gi\u1ea5y Ki\u1ec3m \u0110\u1ecbnh Ch\u1ed1ng S\u00e9t<\/strong><\/span><\/h2>\n<p>Hi\u1ec7n t\u1ea1i tr\u00ean th\u1ecb tr\u01b0\u1eddng vi\u1ec7t nam quy \u0111\u1ecbnh \u0111o \u0111i\u1ec7n tr\u1edf ch\u1ed1ng s\u00e9t l\u00e0 b\u1eaft bu\u1ed9c theo ti\u00eau chu\u1ea9n\u00a0<strong><em>ch\u1ed1ng s\u00e9t TCVN 9385:2012\u00a0<\/em><\/strong>c\u1ee7a b\u1ed9 x\u00e2y d\u1ef1ng. V\u1eady chi ph\u00ed d\u1ecbch v\u1ee5 \u0111o \u0111i\u1ec7n tr\u1edf ch\u1ed1ng s\u00e9t v\u00e0 c\u1ea5p\u00a0<strong>ki\u1ec3m \u0111\u1ecbnh ch\u1ed1ng s\u00e9t<\/strong>\u00a0h\u00e0ng gi\u00e1 n\u0103m l\u00e0\u00a0<strong>850.000 vnd\/ b\u1ed9<\/strong>\u00a0c\u00f3 hi\u1ec7u l\u1ef1c\u00a0<strong>12 th\u00e1ng<\/strong>.<\/p>\n<p><img loading=\"lazy\" class=\"alignnone wp-image-2891 aligncenter\" src=\"https:\/\/thicongchongset.com.vn\/wp-content\/uploads\/2023\/03\/326281858_574454451407393_4011099682986726255_n-300x400.jpg\" sizes=\"(max-width: 300px) 100vw, 300px\" srcset=\"https:\/\/thicongchongset.com.vn\/wp-content\/uploads\/2023\/03\/326281858_574454451407393_4011099682986726255_n-300x400.jpg 300w, https:\/\/thicongchongset.com.vn\/wp-content\/uploads\/2023\/03\/326281858_574454451407393_4011099682986726255_n-600x800.jpg 600w, https:\/\/thicongchongset.com.vn\/wp-content\/uploads\/2023\/03\/326281858_574454451407393_4011099682986726255_n.jpg 719w\" alt=\"\" width=\"375\" height=\"500\" \/><\/p>\n<p><strong>C\u00d4NG TY TNHH TH\u01af\u01a0NG M\u1ea0I C\u01a0 KH\u00cd V\u00c0 X\u00c2Y L\u1eaeP CH\u1ed0NG S\u00c9T VI\u1ec6T NAM,<\/strong>\u00a0chuy\u00ean cung c\u1ea5p v\u1eadt t\u01b0 ch\u1ed1ng s\u00e9t v\u00e0 thi c\u00f4ng ch\u1ed1ng s\u00e9t, c\u1ea5p ki\u1ec3m \u0111\u1ecbnh ch\u1ed1ng s\u00e9t cho t\u1ea5t c\u1ea3 c\u00e1c c\u00f4ng tr\u00ecnh x\u00e2y d\u1ef1ng. Ngo\u00e0i ra ch\u00fang t\u00f4i c\u00f2n cung c\u1ea5p d\u1ecbch v\u1ee5:<\/p>\n<p>C\u1ea5p h\u1ed3 s\u01a1 theo d\u00f5i h\u1ec7 th\u1ed1ng ch\u1ed1ng s\u00e9t<\/p>\n<p>Cho thu\u00ea m\u00e1y \u0111o \u0111i\u1ec7n tr\u1edf<\/p>\n<p>\u0110o \u0111i\u1ec7n tr\u1edf v\u00e0 c\u1ea5p gi\u1ea5y ki\u1ec3m \u0111\u1ecbnh ch\u1ed1ng s\u00e9t theo ti\u00eau chu\u1ea9n<em>\u00a0<strong>B\u1ed8 X\u00c2Y D\u1ef0NG<\/strong><\/em><\/p>\n<figure id=\"attachment_1523\" class=\"wp-caption aligncenter\" aria-describedby=\"caption-attachment-1523\">\u00a0<img loading=\"lazy\" class=\"alignnone wp-image-2892\" src=\"https:\/\/thicongchongset.com.vn\/wp-content\/uploads\/2023\/03\/328950496_632857691978751_9210742946296776813_n-533x400.jpg\" sizes=\"(max-width: 533px) 100vw, 533px\" srcset=\"https:\/\/thicongchongset.com.vn\/wp-content\/uploads\/2023\/03\/328950496_632857691978751_9210742946296776813_n-533x400.jpg 533w, https:\/\/thicongchongset.com.vn\/wp-content\/uploads\/2023\/03\/328950496_632857691978751_9210742946296776813_n-768x576.jpg 768w, https:\/\/thicongchongset.com.vn\/wp-content\/uploads\/2023\/03\/328950496_632857691978751_9210742946296776813_n-800x600.jpg 800w, https:\/\/thicongchongset.com.vn\/wp-content\/uploads\/2023\/03\/328950496_632857691978751_9210742946296776813_n.jpg 960w\" alt=\"\" width=\"443\" height=\"332\" \/><figcaption id=\"caption-attachment-1523\" class=\"wp-caption-text\"><em>C\u1ea5p ki\u1ec3m \u0111\u1ecbnh ch\u1ed1ng s\u00e9t v\u00e0 \u0111o \u0111i\u1ec7n tr\u1edf gi\u00e1 r\u1ebb uy t\u00edn<\/em><\/figcaption><\/figure>\n<p><strong><em>\u00a0<\/em><\/strong><\/p>\n<h2><span id=\"Tai_sao_phai_do_dien_tro_chong_set\"><strong>T\u1ea1i sao ph\u1ea3i \u0111o \u0111i\u1ec7n tr\u1edf ch\u1ed1ng s\u00e9t ?<\/strong><\/span><\/h2>\n<p>\u0110o \u0111i\u1ec7n tr\u1edf khi thi c\u00f4ng c\u00f4ng tr\u00ecnh ch\u1ed1ng s\u00e9t s\u1ebd cho ch\u00fang ta bi\u1ebft \u0111\u01b0\u1ee3c r\u1eb1ng h\u1ec7 th\u1ed1ng\u00a0<a href=\"https:\/\/thicongchongset.com.vn\/\"><strong>thi c\u00f4ng ch\u1ed1ng s\u00e9t<\/strong><\/a>\u00a0c\u1ee7a ch\u00fang ta c\u00f3 hi\u1ec7u qu\u1ea3 hay kh\u00f4ng. Theo<strong><em>\u00a0ti\u00eau\u00a0chu\u1ea9n ch\u1ed1ng s\u00e9t\u00a0TCVN 9385:2012<\/em><\/strong><\/p>\n<p>Hi\u1ec7n nay m\u1ed9t s\u1ed1 c\u00f4ng tr\u00ecnh trong x\u00e2y d\u1ef1ng b\u1eaft bu\u1ed9c ph\u1ea3i c\u00f3 gi\u1ea5y ti\u00eau chu\u1ea9n \u0111o \u0111i\u1ec7n tr\u1edf ch\u1ed1ng s\u00e9t \u0111\u1ec3 khi c\u01a1 quan Ph\u00f2ng Ch\u00e1y Ch\u1eefa Ch\u00e1y ki\u1ec3m tra kh\u00f4ng b\u1ecb x\u1eed ph\u1ea1t theo lu\u1eadt PCCC . Quy \u0111\u1ecbnh l\u1eafp \u0111\u1eb7t ch\u1ed1ng s\u00e9t \u0111\u01b0\u1ee3c quy \u0111\u1ecbnh chi ti\u1ebft t\u1ea1i ngh\u1ecb \u0111\u1ecbnh 79\/2014.<\/p>\n<p>Li\u00ean h\u1ec7 ngay\u00a0<a href=\"https:\/\/thicongchongset.com.vn\/\">Ch\u1ed1ng S\u00e9t Vi\u1ec7t Nam<\/a>\u00a0\u0111\u1ec3 \u0111\u01b0\u1ee3c t\u01b0 v\u1ea5n c\u1ea5p ki\u1ec3m \u0111\u1ecbnh ch\u1ed1ng s\u00e9t v\u00e0 nh\u1eadn\u00a0<strong>b\u00e1o gi\u00e1 ki\u1ec3m \u0111\u1ecbnh ch\u1ed1ng s\u00e9t<\/strong>\u00a0t\u1ed1t nh\u1ea5t.\u00a0<strong>Hotline: 03535.777.66<\/strong><\/p>\n<h3><span id=\"_Tieu_chuan_do_dien_tro\"><strong>* Ti\u00eau chu\u1ea9n \u0111o \u0111i\u1ec7n tr\u1edf:<\/strong><\/span><\/h3>\n<p>\u0110i\u1ec7n tr\u1edf h\u1ec7 ti\u1ebfp \u0111\u1ecba ch\u1ed1ng s\u00e9t tr\u1ef1c ti\u1ebfp l\u00e0 &lt; 10 \u03a9, \u0111\u01b0\u1ee3c \u00e1p d\u1ee5ng theo\u00a0 TCVN9385-2012<\/p>\n<p>\u0110i\u1ec7n tr\u1edf ti\u1ebfp \u0111\u1ecba an to\u00e0n \u0111i\u1ec7n, ti\u1ebfp \u0111\u1ecba ch\u1ed1ng s\u00e9t lan truy\u1ec1n &lt; 4 \u03a9,\u00a0\u0111\u01b0\u1ee3c \u00e1p d\u1ee5ng theo TCVN4756-1989<\/p>\n<p>\u0110i\u1ec7n tr\u1edf ti\u1ebfp \u0111\u1ecba an to\u00e0n \u0111i\u1ec7n nh\u1eb9\u00a0 &lt; 1 \u03a9<\/p>\n<p>\u0110i\u1ec7n tr\u1edf m\u1ed9t s\u1ed1 c\u00f4ng tr\u00ecnh \u0111\u1eb7c bi\u1ec7t (m\u00e1y m\u00f3c y t\u1ebf, nh\u00e0 m\u00e1y th\u1ee7y \u0111i\u1ec7n vv) c\u00f3 th\u1ec3 y\u00eau c\u1ea7u v\u1ec1&lt;\u00a0 0.5\u03a9<\/p>\n<h2><span id=\"Cac_buoc_cap_giaykiem_dinh_he_thong_chong_set\"><strong>C\u00e1c b\u01b0\u1edbc c\u1ea5p gi\u1ea5y\u00a0ki\u1ec3m \u0111\u1ecbnh h\u1ec7 th\u1ed1ng ch\u1ed1ng s\u00e9t<\/strong><\/span><\/h2>\n<p><strong>B\u01b0\u1edbc 1:\u00a0Ki\u1ec3m tra h\u1ed3 s\u01a1 k\u1ef9 thu\u1eadt h\u1ec7 th\u1ed1ng<\/strong><\/p>\n<p>Ki\u1ec3m tra ti\u00eau chu\u1ea9n h\u1ed3 s\u01a1 thi\u1ebft k\u1ebf l\u1eafp \u0111\u1eb7t h\u1ec7 th\u1ed1ng ch\u1ed1ng s\u00e9t, \u0111\u00e1nh gi\u00e1 kh\u1ea3 n\u0103ng\u00a0v\u00e0 ph\u1ea1m vi b\u1ea3o v\u1ec7 c\u1ee7a h\u1ec7 th\u1ed1ng thu s\u00e9t.\u00a0Xem x\u00e9t c\u00e1c k\u1ebft qu\u1ea3 ki\u1ec3m tra \u0111o s\u00e9t\u00a0l\u1ea7n tr\u01b0\u1edbc \u0111\u1ec3 tham kh\u1ea3o di\u1ec5n bi\u1ebfn\u00a0trong qu\u00e1 tr\u00ecnh ki\u1ec3m \u0111\u1ecbnh h\u1ec7 th\u1ed1ng ch\u1ed1ng s\u00e9t m\u1edbi v\u00e0\u00a0h\u1ec7 th\u1ed1ng n\u1ed1i \u0111\u1ea5t b\u1ea3o v\u1ec7.<\/p>\n<p><strong>B\u01b0\u1edbc 2:\u00a0Ki\u1ec3m tra th\u1ef1c t\u1ebf h\u1ec7 th\u1ed1ng thu s\u00e9t<\/strong><\/p>\n<p>S\u00e9t to\u00e0n c\u1ea7u xem x\u00e9t s\u1ef1 ph\u00f9 h\u1ee3p gi\u1eefa th\u1ef1c t\u1ebf h\u1ec7 th\u1ed1ng thu s\u00e9t\u00a0v\u00e0 h\u1ed3 s\u01a1 l\u1eafp \u0111\u1eb7t ki\u1ec3m tra d\u00e2y tho\u00e1t s\u00e9t c\u1ee7a c\u00f4ng tr\u00ecnh bao g\u1ed3m:\u00a0\u00a0c\u1ecdc n\u1ed1i \u0111\u1ea5t, kim thu s\u00e9t, b\u1ed9 \u0111\u1ebfm s\u00e9t, c\u00e1c m\u1ed1i h\u00e0n h\u00f3a nhi\u1ec7t, c\u00e1c thi\u1ebft b\u1ecb ch\u1ed1ng s\u1ed1c \u0111i\u1ec7n SPD, thi\u1ebft b\u1ecb c\u1eaft l\u1ecdc s\u00e9t. Ki\u1ec3m tra c\u00e1c kho\u1ea3ng c\u00e1ch an to\u00e0n kim thu s\u00e9t d\u00e2y d\u1eabn s\u00e9t\u00a0trong \u0111\u1ea5t v\u00e0 \u0111\u00e1nh gi\u00e1 c\u00e1c t\u00e1c \u0111\u1ed9ng c\u1ee7a h\u1ec7 th\u1ed1ng ch\u1ed1ng s\u00e9t \u0111\u1ed1i v\u1edbi c\u00e1c c\u00f4ng tr\u00ecnh li\u00ean quan \u0111\u00e3 \u0111\u1ee7 tu\u00e2n chu\u1ea9n ch\u01b0a.<\/p>\n<p><strong>B\u01b0\u1edbc 3:\u00a0\u0110o \u0111i\u1ec7n tr\u1edf to\u00e0n\u00a0h\u1ec7 th\u1ed1ng ch\u1ed1ng s\u00e9t<\/strong><\/p>\n<p>Ki\u1ec3m tra \u0111i\u1ec7n \u00e1p \u0111\u1ec3 \u0111\u1ea3m b\u1ea3o kh\u00f4ng t\u1ed3n t\u1ea1i \u0111i\u1ec7n th\u1ebf d\u01b0 tr\u00ean h\u1ec7 th\u1ed1ng\u00a0n\u1ed1i \u0111\u1ea5t, l\u1eafp \u0111\u1eb7t thi\u1ebft b\u1ecb \u0111o ch\u1ed1ng\u00a0s\u00e9t, ng\u1eaft s\u00e9t\u00a0\u00a0theo s\u01a1 \u0111\u1ed3 ti\u00eau chu\u1ea9n\u00a0h\u01b0\u1edbng d\u1eabn c\u1ee7a nh\u00e0 s\u1ea3n xu\u1ea5t. Gi\u00e1 tr\u1ecb \u0111i\u1ec7n tr\u1edf n\u1ed1i \u0111\u1ea5t \u0111o \u0111\u01b0\u1ee3c t\u1ea1i c\u00f4ng tr\u00ecnh\u00a0l\u00e0 gi\u00e1 tr\u1ecb trung b\u00ecnh c\u1ee7a c\u00e1c k\u1ebft qu\u1ea3 \u0111o t\u1ea1i c\u00e1c v\u1ecb tr\u00ed thu s\u00e9t\u00a0kh\u00e1c nhau, H\u1ec7 s\u1ed1 ph\u1ee5 K ph\u1ee5 thu\u1ed9c v\u00e0o \u0111\u1ed9 kh\u00f4ng \u0111\u1ea3m b\u1ea3o \u0111o c\u1ee7a ph\u01b0\u01a1ng ph\u00e1p \u0111o (K = 1,3) Tr\u1ecb s\u1ed1 \u0111i\u1ec7n tr\u1edf ti\u1ebfp \u0111\u1ea5t \u0111\u00e1nh gi\u00e1: R \u0111\u00e1nh gi\u00e1 = K x R \u0111o.<\/p>\n<p>H\u1ec7 s\u1ed1 K v\u00e0 tr\u1ecb s\u1ed1 \u0111\u00e1nh n\u00eau tr\u00ean ch\u1ec9 \u00e1p d\u1ee5ng cho c\u00e1c c\u00f4ng tr\u00ecnh ti\u00eau chu\u1ea9n. T\u00f9y theo \u0111\u1eb7c \u0111i\u1ec3m c\u1ee7a h\u1ec7 th\u1ed1ng ch\u1ed1ng s\u00e9t v\u00e0 t\u1ea7m quan tr\u1ecdng c\u1ee7a c\u00f4ng tr\u00ecnh theo t\u1eebng khu v\u1ef1c\u00a0c\u1ea7n b\u1ea3o v\u1ec7 m\u00e0 c\u00e1c gi\u00e1 tr\u1ecb tr\u00ean c\u00f3 th\u1ec3\u00a0thay \u0111\u1ed5i cho h\u1ee3p l\u00fd.<\/p>\n<p>Sau khi s\u00e9t to\u00e0n c\u1ea7u ki\u1ec3m tra \u0111\u00e1nh gi\u00e1 h\u1ec7 th\u1ed1ng ch\u1ed1ng s\u00e9t \u0111\u1ea1t ti\u00eau chu\u1ea9n \u0111\u1ec3 c\u1ea5p ki\u1ec3m \u0111\u1ecbnh ch\u00f4ng s\u00e9t theo tu\u1ea9n c\u1ee7a PCCC<strong><em>\u00a0ch\u1ed1ng s\u00e9t TCVN 9385:2012. C<\/em><\/strong>h\u00fang t\u00f4i ti\u1ebfn h\u00e0nh b\u00e1o gi\u00e1 ki\u1ec3m \u0111\u1ecbnh h\u1ec7 th\u1ed1ng ch\u1ed1ng s\u00e9t cho qu\u00fd kh\u00e1ch h\u00e0ng.<\/p>\n<\/div>\n<div class=\"story\">\n<p><strong>C\u00d4NG TY TNHH TH\u01af\u01a0NG M\u1ea0I C\u01a0 KH\u00cd V\u00c0 X\u00c2Y L\u1eaeP CH\u1ed0NG S\u00c9T VI\u1ec6T NAM<\/strong>, l\u00e0 \u0111\u01a1n v\u1ecb cung c\u1ea5p v\u1eadt t\u01b0 thi c\u00f4ng ch\u1ed1ng s\u00e9t\u00a0<strong>ki\u1ec3m \u0111\u1ecbnh ch\u1ed1ng s\u00e9t<\/strong>\u00a0h\u00e0ng \u0111\u1ea7u trong l\u0129nh v\u1ef1c ch\u1ed1ng s\u00e9t \u1edf Vi\u1ec7t Nam v\u1edbi \u0111\u1ea7y \u0111\u1ee7 c\u00e1c m\u1eb7t h\u00e0ng ph\u00e1p l\u00fd li\u00ean quan \u0111\u1ebfn h\u1ec7 th\u1ed1ng ch\u1ed1ng s\u00e9t. H\u00e3y li\u00ean h\u1ec7 ngay v\u1edbi ch\u00fang t\u00f4i \u0111\u1ec3 nh\u1eadn \u0111\u01b0\u1ee3c \u01b0u \u0111\u00e3i v\u00e0 t\u01b0 v\u1ea5n chi ti\u1ebft mi\u1ec5n ph\u00ed.<\/p>\n<h2><span id=\"Hay_lien_he_voi_chung_toi_de_duoc_tu_van_bao_gia_tot_nhat\"><strong>H\u00e3y li\u00ean h\u1ec7 v\u1edbi ch\u00fang t\u00f4i \u0111\u1ec3 \u0111\u01b0\u1ee3c t\u01b0 v\u1ea5n b\u00e1o gi\u00e1 t\u1ed1t nh\u1ea5t:<\/strong><\/span><\/h2>\n<p><strong>C\u00d4NG TY TNHH TH\u01af\u01a0NG M\u1ea0I C\u01a0 KH\u00cd\u00a0<\/strong><strong>V\u00c0 X\u00c2Y L\u1eaeP CH\u1ed0NG S\u00c9T VI\u1ec6T NAM<\/strong><\/p>\n<p><strong>\u0110\u1ecba ch\u1ec9:<\/strong>\u00a0C\u1ee5m c\u00f4ng nghi\u1ec7p \u0110\u1ea1i L\u00e2m, \u0110\u1ed9i 2 \u0110\u1ea1i Gi\u00e1p, \u0110\u1ea1i L\u00e2m, L\u1ea1ng Giang, B\u1eafc Giang<\/p>\n<p><strong>\u0110\u1ecba ch\u1ec9 VPGD<\/strong>: A2604, t\u00f2a nh\u00e0 Osaka, ng\u00f5 48, Ng\u1ecdc H\u1ed3i, Ho\u00e0ng Li\u1ec7t, Ho\u00e0ng Mai, H\u00e0 N\u1ed9i<br \/>\n<strong>Hotline:<\/strong>\u00a0<a href=\"tel:0353577766\">0353.577.766 \u2013 0855 30 10 30<\/a><br \/>\n<strong>Email:<\/strong>\u00a0<a href=\"mailto:vnmax2@gmail.com\">vnmax2@gmail.com<\/a><br \/>\n<strong>Website:\u00a0<\/strong><a href=\"http:\/\/www.vattuchongset.com.vn\/\">www.vattuchongset.com.vn \u2013<\/a><a href=\"http:\/\/www.thicongchongset.com.vn\/\">www.thicongchongset.com.vn<\/a><\/p>\n<\/div>\n<\/article>\n<\/div>\n","protected":false},"excerpt":{"rendered":"<p>\u0110O \u0110I\u1ec6N TR\u1ede V\u00c0 C\u1ea4P GI\u1ea4Y KI\u1ec2M \u0110\u1ecaNH CH\u1ed0NG S\u00c9T \u00a0 \u00a0C\u00e1m \u01a1n qu\u00fd kh\u00e1ch s\u1eed d\u1ee5ng d\u1ecbch v\u1ee5 c\u1ea5p gi\u1ea5y ki\u1ec3m \u0111\u1ecbnh ch\u1ed1ng s\u00e9t v\u00e0 \u0111o \u0111i\u1ec7n tr\u1edf c\u1ee7a Ch\u1ed1ng S\u00e9t Vi\u1ec7t Nam. Ch\u00fang t\u00f4i l\u00e0 m\u1ed9t \u0111\u01a1n v\u1ecb chuy\u00ean nghi\u1ec7p v\u1edbi nhi\u1ec1u n\u0103m kinh nghi\u1ec7m trong l\u0129nh v\u1ef1c cung c\u1ea5p d\u1ecbch v\u1ee5 l\u1eafp [&#8230;]\n","protected":false},"author":1,"featured_media":0,"parent":0,"menu_order":0,"comment_status":"closed","ping_status":"closed","template":"page-right-sidebar.php","meta":{"om_disable_all_campaigns":false,"_mi_skip_tracking":false},"aioseo_notices":[],"amp_enabled":false,"_links":{"self":[{"href":"https:\/\/chongsetbacgiang.com\/index.php?rest_route=\/wp\/v2\/pages\/1108"}],"collection":[{"href":"https:\/\/chongsetbacgiang.com\/index.php?rest_route=\/wp\/v2\/pages"}],"about":[{"href":"https:\/\/chongsetbacgiang.com\/index.php?rest_route=\/wp\/v2\/types\/page"}],"author":[{"embeddable":true,"href":"https:\/\/chongsetbacgiang.com\/index.php?rest_route=\/wp\/v2\/users\/1"}],"replies":[{"embeddable":true,"href":"https:\/\/chongsetbacgiang.com\/index.php?rest_route=%2Fwp%2Fv2%2Fcomments&post=1108"}],"version-history":[{"count":8,"href":"https:\/\/chongsetbacgiang.com\/index.php?rest_route=\/wp\/v2\/pages\/1108\/revisions"}],"predecessor-version":[{"id":2789,"href":"https:\/\/chongsetbacgiang.com\/index.php?rest_route=\/wp\/v2\/pages\/1108\/revisions\/2789"}],"wp:attachment":[{"href":"https:\/\/chongsetbacgiang.com\/index.php?rest_route=%2Fwp%2Fv2%2Fmedia&parent=1108"}],"curies":[{"name":"wp","href":"https:\/\/api.w.org\/{rel}","templated":true}]}}