{"id":1106,"date":"2018-06-18T07:53:36","date_gmt":"2018-06-18T07:53:36","guid":{"rendered":"http:\/\/thicongchongset.com.vn\/?page_id=1106"},"modified":"2023-12-12T14:14:42","modified_gmt":"2023-12-12T14:14:42","slug":"gioi-thieu","status":"publish","type":"page","link":"https:\/\/chongsetbacgiang.com\/?page_id=1106","title":{"rendered":"GI\u1edaI THI\u1ec6U"},"content":{"rendered":"<h3 style=\"text-align: center;\"><strong>C\u00d4NG TY TNHH TH\u01af\u01a0NG M\u1ea0I C\u01a0 KH\u00cd V\u00c0 X\u00c2Y L\u1eaeP CH\u1ed0NG S\u00c9T VI\u1ec6T NAM<\/strong><\/h3>\n<p><img loading=\"lazy\" class=\"wp-image-2502 aligncenter\" src=\"https:\/\/thicongchongset.com.vn\/wp-content\/uploads\/2021\/08\/tia-set-1.png\" alt=\"\" width=\"1000\" height=\"571\" \/><\/p>\n<p><img loading=\"lazy\" class=\"alignnonewp-image-2939\" src=\"https:\/\/chongsetbacgiang.com\/wp-content\/uploads\/2023\/12\/vua-sua-xong-3-1-3-1-1.png\" alt=\"\" width=\"174\" height=\"110\" \/>\u00a0<img loading=\"lazy\" class=\"alignnone wp-image-2119\" src=\"https:\/\/thicongchongset.com.vn\/wp-content\/uploads\/2021\/02\/IMG_0827-1-5-800x354.png\" sizes=\"(max-width: 226px) 100vw, 226px\" srcset=\"https:\/\/thicongchongset.com.vn\/wp-content\/uploads\/2021\/02\/IMG_0827-1-5-800x354.png 800w, https:\/\/thicongchongset.com.vn\/wp-content\/uploads\/2021\/02\/IMG_0827-1-5-768x340.png 768w, https:\/\/thicongchongset.com.vn\/wp-content\/uploads\/2021\/02\/IMG_0827-1-5.png 976w\" alt=\"\" width=\"206\" height=\"91\" \/> <img loading=\"lazy\" class=\"alignnonewp-image-2796\" src=\"https:\/\/chongsetbacgiang.com\/wp-content\/uploads\/2023\/06\/Du-an-moi-3-2-3-4.png\" alt=\"\" width=\"198\" height=\"87\" \/><img loading=\"lazy\" class=\"alignnonewp-image-2949\" src=\"https:\/\/chongsetbacgiang.com\/wp-content\/uploads\/2023\/12\/Du-an-moi-8-3-1-3.png\" alt=\"\" width=\"194\" height=\"99\" \/><\/p>\n<h3>website:<\/h3>\n<p>www.thicongchongset.com.vn<\/p>\n<p>www.vattuchongset.com.vn<\/p>\n<p>www.lapdatchongset.com<\/p>\n<p>www.chongsetvietnam.com<\/p>\n<p>www.chongsetbacgiang.com<\/p>\n<h1 style=\"text-align: center;\"><strong>GI\u1edaI THI\u1ec6U<\/strong><\/h1>\n<p>C\u00f4ng Ty TNHH Th\u01b0\u01a1ng m\u1ea1i C\u01a1 Kh\u00ed V\u00e0 X\u00e2y L\u1eafp Ch\u1ed1ng S\u00e9t Vi\u1ec7t Nam l\u00e0 \u0111\u01a1n v\u1ecb chuy\u00ean thi\u1ebft k\u1ebf thi c\u00f4ng v\u1ec1 m\u1ea3ng c\u01a1 kh\u00ed x\u00e2y d\u1ef1ng\u00a0 chuy\u00ean nghi\u1ec7p uy t\u00edn h\u00e0ng \u0111\u1ea7u t\u1ea1i mi\u1ec1n b\u1eafc, v\u1edbi ph\u01b0\u01a1ng ch\u00e2m: \u201cs\u1ef1 h\u00e0i l\u00f2ng c\u1ee7a qu\u00fd kh\u00e1ch l\u00e0 ni\u1ec1m h\u1ea1nh ph\u00fac v\u00e0 \u0111\u1ed9ng l\u1ef1c cho ch\u00fang t\u00f4i ph\u1ea5n \u0111\u1ea5u\u201d .\u0110\u1ebfn v\u1edbi c\u00f4ng ty ch\u00fang t\u00f4i, b\u1ea1n s\u1ebd c\u1ea3m th\u1ea5y th\u1eadt s\u1ef1 h\u00e0i l\u00f2ng khi \u0111\u01b0\u1ee3c ph\u1ee5c v\u1ee5 b\u1edfi \u0111\u1ed9i ng\u0169 Ki\u1ebfn tr\u00fac s\u01b0 gi\u00e0u kinh nghi\u1ec7m trong l\u0129nh v\u1ef1c t\u01b0 v\u1ea5n thi\u1ebft k\u1ebf thi c\u00f4ng c\u01a1 kh\u00ed x\u00e2y \u0111\u1ef1ng \u0111\u1eb7c bi\u1ec7t l\u00e0 m\u1ea3ng thi c\u00f4ng ch\u1ed1ng s\u00e9t.<\/p>\n<h3 class=\"w-iconbox-title\">\u0110\u1ed9i ng\u0169 thi c\u00f4ng chuy\u00ean nghi\u1ec7p<\/h3>\n<div class=\"w-iconbox-text\">C\u00f4ng Ty TNHH Th\u01b0\u01a1ng m\u1ea1i C\u01a1 Kh\u00ed V\u00e0 X\u00e2y L\u1eafp Ch\u1ed1ng S\u00e9t Vi\u1ec7t Nam v\u1edbi s\u1ef1 c\u1ed1ng hi\u1ebfn c\u1ee7a to\u00e0n th\u1ec3 t\u1eadp th\u1ec3 \u0111\u1ed9i ng\u0169 Ki\u1ebfn tr\u00fac s\u01b0 v\u00e0 k\u1ef9 s\u01b0 chuy\u00ean nghi\u1ec7p v\u00f4 c\u00f9ng n\u0103ng \u0111\u1ed9ng v\u00e0 s\u00e1ng t\u1ea1o . Ch\u00fang t\u00f4i kh\u00f4ng ch\u1ec9 thi\u1ebft k\u1ebf v\u00e0 thi c\u00f4ng nh\u00e0 h\u00e0ng c\u1ee7a b\u1ea1n m\u00e0 ch\u00fang t\u00f4i c\u00f2n t\u01b0 v\u1ea5n cho b\u1ea1n nh\u1eefng ki\u1ebfn th\u1ee9c chuy\u00ean nghi\u1ec7p nh\u1ea5t cho c\u00f4ng tr\u00ecnh c\u1ee7a b\u1ea1n tr\u1edf n\u00ean l\u00f4i cu\u1ed1n v\u00e0 thu h\u00fat h\u01a1n r\u1ea5t nhi\u1ec1u v\u1edbi ki\u1ebfn th\u1ee9c chuy\u00ean m\u00f4n c\u1ee7a ch\u00fang t\u00f4i.<\/div>\n<div class=\"w-iconbox-text\">\n<h3 class=\"w-iconbox-title\">Thi\u1ebft k\u1ebf s\u00e1ng t\u1ea1o<\/h3>\n<div class=\"w-iconbox-text\">C\u00f4ng Ty TNHH Th\u01b0\u01a1ng m\u1ea1i C\u01a1 Kh\u00ed V\u00e0 X\u00e2y L\u1eafp Ch\u1ed1ng S\u00e9t Vi\u1ec7t Nam s\u1edf h\u1eefu 100% nh\u1eefng chuy\u00ean gia t\u01b0 v\u1ea5n thi\u1ebft k\u1ebf nh\u00e0 h\u00e0ng v\u00f4 c\u00f9ng tr\u1ebb tu\u1ed5i \u0111\u1ea7y n\u0103ng \u0111\u1ed9ng v\u00e0 s\u00e1ng t\u1ea1o. Ch\u00fang t\u00f4i lu\u00f4n t\u1ef1 h\u00e0o l\u00e0 \u0111\u01a1n v\u1ecb tr\u1ebb ti\u00ean phong trong l\u0129nh v\u1ef1c thi\u1ebft k\u1ebf v\u00e0 thi c\u00f4ng m\u1ea3ng c\u01a1 kh\u00ed x\u00e2y d\u1ef1ng v\u1edbi nh\u1eefng phong c\u00e1ch thi\u1ebft k\u1ebf \u0111\u1eb7c bi\u1ec7t \u1ea5n t\u01b0\u1ee3ng v\u00e0 m\u1edbi m\u1ebb<\/div>\n<div class=\"w-iconbox-text\">\n<h3 class=\"w-iconbox-title\">Gi\u00e1 c\u1ea3 v\u00f4 c\u00f9ng h\u1ee3p l\u00fd<\/h3>\n<div class=\"w-iconbox-text\">Kh\u00f4ng ch\u1ec9 mang \u0111\u1ebfn cho b\u1ea1n nh\u1eefng c\u00f4ng tr\u00ecnh \u0111\u1eb9p nhanh ch\u00f3ng m\u00e0 ch\u00fang t\u00f4i c\u00f2n gi\u00fap b\u1ea1n ti\u1ebft ki\u1ec7m m\u1ed9t kho\u1ea3n chi ph\u00ed kh\u00e1 l\u1edbn \u0111\u1ebfn t\u1eeb t\u01b0 v\u1ea5n thi\u1ebft k\u1ebf, thi c\u00f4ng. \u0110\u1ebfn v\u1edbi ch\u00fang t\u00f4i , b\u1ea1n s\u1ebd nh\u1eadn \u0111\u01b0\u1ee3c nh\u1eefng \u01b0u \u0111\u00e3i v\u00f4 c\u00f9ng h\u1ea5p d\u1eabn khi b\u1ea1n s\u1eed d\u1ee5ng d\u1ecbch v\u1ee5 c\u1ee7a ch\u00fang t\u00f4i v\u1edbi b\u00e1o gi\u00e1 thi\u1ebft n\u1ed9i th\u1ea5t nh\u00e0 h\u00e0ng c\u1ef1c \u1ea5n t\u01b0\u1ee3ng<\/div>\n<div class=\"w-iconbox-text\">\n<h3 class=\"w-iconbox-title\">Ho\u00e0n th\u00e0nh c\u00f4ng tr\u00ecnh v\u01b0\u1ee3t ti\u1ebfn \u0111\u1ed9<\/h3>\n<div class=\"w-iconbox-text\">Ch\u00fang t\u00f4i lu\u00f4n lu\u00f4n c\u1ed1 g\u1eafng ho\u00e0n th\u00e0nh d\u1ef1 \u00e1n m\u1ed9t c\u00e1ch nhanh nh\u1ea5t , chuy\u00ean nghi\u1ec7p nh\u1ea5t v\u00e0 ti\u1ebft ki\u1ec7m chi ph\u00ed \u201d th\u1eddi gian\u201d cho b\u1ea1n . V\u1edbi \u0111\u1ed9i ng\u0169 ki\u1ebfn tr\u00fac s\u01b0 thi\u1ebft k\u1ebf v\u00e0 k\u1ef9 s\u01b0 thi c\u00f4ng n\u1ed9i th\u1ea5t nh\u00e0 h\u00e0ng chuy\u00ean nghi\u1ec7p, ch\u00fang t\u00f4i cam k\u1ebft ti\u1ebfn \u0111\u1ed9 ho\u00e0n th\u00e0nh v\u01b0\u1ee3t qua ch\u1ec9 ti\u00eau \u0111\u1ec1 ra.<\/div>\n<div class=\"w-iconbox-text\">\n<h3><strong>C\u00e1c b\u01b0\u1edbc thi\u1ebft k\u1ebf thi c\u00f4ng ch\u1ed1ng s\u00e9t\u00a0 theo y\u00eau c\u1ea7u chuy\u00ean nghi\u1ec7p<\/strong><\/h3>\n<p>\u2013 Ti\u1ec1m hi\u1ec3u \u00a0nhu c\u1ea7u, \u00fd t\u01b0\u1edfng \u00a0kh\u00e1ch h\u00e0ng v\u00e0 kh\u1ea3o s\u00e1t m\u1eb7t b\u1eb1ng \u0111\u1ec3 b\u1ed1 tr\u00ed thi\u1ebft k\u1ebf\u00a0 v\u00e0 thi c\u00f4ng.<\/p>\n<p>\u2013 V\u1ebd b\u1ea3n v\u1ebd 2D v\u00e0 tr\u00ecnh b\u00e0y b\u1ea3n v\u1ebd k\u1ef9 thu\u1eadt<\/p>\n<p>\u2013 L\u00ean ng\u00e2n s\u00e1ch d\u1ef1 to\u00e1n v\u00e0 \u00a0d\u1ef1 tr\u00f9 chi ph\u00ed thi\u1ebft k\u1ebf v\u00e0 thi c\u00f4ng c\u00f4ng tr\u00ecnh<\/p>\n<p>\u2013 \u00a0V\u1ebd ph\u1ed1i c\u1ea3nh 3D, m\u1eb7t c\u1eaft 3D d\u1ef1 \u00e1n v\u00e0 tr\u00ecnh\u00a0 ch\u1ee7 d\u1ef1 \u00e1n ph\u00ea duy\u1ec7t<\/p>\n<p>\u2013 Duy\u1ec7t m\u1eabu v\u00e0 k\u00fd k\u1ebft h\u1ee3p \u0111\u1ed3ng.<\/p>\n<p>\u2013\u00a0\u00a0Thi\u1ebft k\u1ebf thi c\u00f4ng ch\u1ed1ng s\u00e9t theo y\u00eau c\u1ea7u\u00a0\u00a0nh\u1eefng b\u1ea3n v\u1ebd chi ti\u1ebft<\/p>\n<p>\u2013 Thi c\u00f4ng theo b\u1ea3n v\u1ebd thi\u1ebft k\u1ebf c\u1ee7a ch\u1ee7 \u0111\u1ea7u t\u01b0 v\u00e0 b\u00e1m s\u00e1t \u0111\u01a1n v\u1ecb thi\u1ebft k\u1ebf<\/p>\n<p><strong>C\u00d4NG TY TNHH TH\u01af\u01a0NG M\u1ea0I C\u01a0 KH\u00cd V\u00c0 X\u00c2Y L\u1eaeP CH\u1ed0NG S\u00c9T VI\u1ec6T NAM<\/strong><br \/><strong>\u0110\u1ecba ch\u1ec9:<\/strong>\u00a0C\u1ee5m c\u00f4ng nghi\u1ec7p \u0110\u1ea1i L\u00e2m, \u0110\u1ed9i 2 \u0110\u1ea1i Gi\u00e1p, \u0110\u1ea1i L\u00e2m, L\u1ea1ng Giang, B\u1eafc Giang<\/p>\n<p><strong>VPGD:<\/strong>\u00a0A2604, t\u00f2a nh\u00e0 Osaka, ng\u00f5 48, Ng\u1ecdc H\u1ed3i, Ho\u00e0ng Li\u1ec7t, Ho\u00e0ng Mai, H\u00e0 N\u1ed9i<\/p>\n<p><strong>M\u00e3 s\u1ed1 thu\u1ebf:<\/strong>\u00a0<strong>2400917034<\/strong><\/p>\n<p><strong>T\u01b0 v\u1ea5n mi\u1ec5n ph\u00ed 24\/7:<\/strong><\/p>\n<p><strong>Hotline:\u00a0<\/strong>0353.577.766 \u2013 03545.345.66<br \/><strong>Email:<\/strong>\u00a0vnmax2@gmail.com<br \/><strong>Website:<\/strong>\u00a0www.thicongchongset.com.vn<\/p>\n<\/div>\n<\/div>\n<\/div>\n<\/div>\n<div class=\"w-iconbox-text\">\n<div class=\"w-iconbox-text\">\n<div class=\"w-iconbox-text\">\n<div class=\"w-iconbox-text\">\n<p>\u00a0<\/p>\n<\/div>\n<\/div>\n<\/div>\n<\/div>\n","protected":false},"excerpt":{"rendered":"<p>C\u00d4NG TY TNHH TH\u01af\u01a0NG M\u1ea0I C\u01a0 KH\u00cd V\u00c0 X\u00c2Y L\u1eaeP CH\u1ed0NG S\u00c9T VI\u1ec6T NAM \u00a0 website: www.thicongchongset.com.vn www.vattuchongset.com.vn www.lapdatchongset.com www.chongsetvietnam.com www.chongsetbacgiang.com GI\u1edaI THI\u1ec6U C\u00f4ng Ty TNHH Th\u01b0\u01a1ng m\u1ea1i C\u01a1 Kh\u00ed V\u00e0 X\u00e2y L\u1eafp Ch\u1ed1ng S\u00e9t Vi\u1ec7t Nam l\u00e0 \u0111\u01a1n v\u1ecb chuy\u00ean thi\u1ebft k\u1ebf thi c\u00f4ng v\u1ec1 m\u1ea3ng c\u01a1 kh\u00ed x\u00e2y d\u1ef1ng\u00a0 chuy\u00ean nghi\u1ec7p uy t\u00edn [&#8230;]\n","protected":false},"author":1,"featured_media":0,"parent":0,"menu_order":0,"comment_status":"closed","ping_status":"closed","template":"","meta":{"om_disable_all_campaigns":false,"_mi_skip_tracking":false},"aioseo_notices":[],"amp_enabled":true,"_links":{"self":[{"href":"https:\/\/chongsetbacgiang.com\/index.php?rest_route=\/wp\/v2\/pages\/1106"}],"collection":[{"href":"https:\/\/chongsetbacgiang.com\/index.php?rest_route=\/wp\/v2\/pages"}],"about":[{"href":"https:\/\/chongsetbacgiang.com\/index.php?rest_route=\/wp\/v2\/types\/page"}],"author":[{"embeddable":true,"href":"https:\/\/chongsetbacgiang.com\/index.php?rest_route=\/wp\/v2\/users\/1"}],"replies":[{"embeddable":true,"href":"https:\/\/chongsetbacgiang.com\/index.php?rest_route=%2Fwp%2Fv2%2Fcomments&post=1106"}],"version-history":[{"count":15,"href":"https:\/\/chongsetbacgiang.com\/index.php?rest_route=\/wp\/v2\/pages\/1106\/revisions"}],"predecessor-version":[{"id":2951,"href":"https:\/\/chongsetbacgiang.com\/index.php?rest_route=\/wp\/v2\/pages\/1106\/revisions\/2951"}],"wp:attachment":[{"href":"https:\/\/chongsetbacgiang.com\/index.php?rest_route=%2Fwp%2Fv2%2Fmedia&parent=1106"}],"curies":[{"name":"wp","href":"https:\/\/api.w.org\/{rel}","templated":true}]}}